{"id":9292,"date":"2019-12-13T07:46:19","date_gmt":"2019-12-13T07:46:19","guid":{"rendered":"http:\/\/nordwind.info\/?page_id=9292"},"modified":"2019-12-13T08:46:24","modified_gmt":"2019-12-13T08:46:24","slug":"die-templer","status":"publish","type":"page","link":"https:\/\/nordwind.info\/?page_id=9292","title":{"rendered":"Die Templer"},"content":{"rendered":"<p><a href=\"http:\/\/nordwind.info\/wp-content\/uploads\/2019\/12\/150px-Cross-Pattee-red.jpg\"><img loading=\"lazy\" decoding=\"async\" class=\"alignright size-full wp-image-9293\" src=\"http:\/\/nordwind.info\/wp-content\/uploads\/2019\/12\/150px-Cross-Pattee-red.jpg\" alt=\"\" width=\"150\" height=\"150\" srcset=\"https:\/\/nordwind.info\/wp-content\/uploads\/2019\/12\/150px-Cross-Pattee-red.jpg 150w, https:\/\/nordwind.info\/wp-content\/uploads\/2019\/12\/150px-Cross-Pattee-red-146x146.jpg 146w, https:\/\/nordwind.info\/wp-content\/uploads\/2019\/12\/150px-Cross-Pattee-red-109x109.jpg 109w, https:\/\/nordwind.info\/wp-content\/uploads\/2019\/12\/150px-Cross-Pattee-red-100x100.jpg 100w\" sizes=\"auto, (max-width: 150px) 100vw, 150px\" \/><\/a><\/p>\n<p style=\"text-align: justify;\">\n<p>Der Templerorden war ein geistlicher Ritterorden, deren Mitglieder als Templer, Tempelritter oder Tempelherren bezeichnet wurden.<span class=\"Apple-converted-space\">\u00a0<\/span><\/p>\n<p>Dieser Ritterorden war der erste Orden, der die Ideale des adligen Rittertums mit denen des M\u00f6nchstum vereinte, zweier St\u00e4nde die bis dahin streng getrennt waren. In diesem Sinne war er der erste Ritterorden und w\u00e4hrend der Kreuzz\u00fcge eine milit\u00e4rische Eliteeinheit. Auf Druck des franz\u00f6sischen K\u00f6nigs Philipp IV. wurde der Orden nach etwa 200 Jahren seit seiner Gr\u00fcndung aufgel\u00f6st.<sup><span class=\"Apple-converted-space\">\u00a0<\/span><\/sup><\/p>\n<p>Diese Serie besch\u00e4ftigt sich mit seinen R\u00e4tseln rund um die Geschichte der Templelritter; L\u00f6sungen zu den Fragen lassen sich leicht recherchieren.<\/p>\n<p>&nbsp;<\/p>\n<p><b>Zum R\u00e4tsel:<\/b><\/p>\n<p>Im welchen Jahr wurde der Templorden gegr\u00fcndet?<\/p>\n","protected":false},"excerpt":{"rendered":"<p>Der Templerorden war ein geistlicher Ritterorden, deren Mitglieder als Templer, Tempelritter oder Tempelherren bezeichnet wurden.\u00a0 Dieser Ritterorden war der erste Orden, der die Ideale des adligen Rittertums mit denen des M\u00f6nchstum vereinte, zweier St\u00e4nde die bis dahin streng getrennt waren. &hellip; <a href=\"https:\/\/nordwind.info\/?page_id=9292\">Weiterlesen <span class=\"meta-nav\">&rarr;<\/span><\/a><\/p>\n","protected":false},"author":1,"featured_media":0,"parent":1603,"menu_order":0,"comment_status":"closed","ping_status":"closed","template":"","meta":{"footnotes":""},"class_list":["post-9292","page","type-page","status-publish","hentry"],"_links":{"self":[{"href":"https:\/\/nordwind.info\/index.php?rest_route=\/wp\/v2\/pages\/9292","targetHints":{"allow":["GET"]}}],"collection":[{"href":"https:\/\/nordwind.info\/index.php?rest_route=\/wp\/v2\/pages"}],"about":[{"href":"https:\/\/nordwind.info\/index.php?rest_route=\/wp\/v2\/types\/page"}],"author":[{"embeddable":true,"href":"https:\/\/nordwind.info\/index.php?rest_route=\/wp\/v2\/users\/1"}],"replies":[{"embeddable":true,"href":"https:\/\/nordwind.info\/index.php?rest_route=%2Fwp%2Fv2%2Fcomments&post=9292"}],"version-history":[{"count":1,"href":"https:\/\/nordwind.info\/index.php?rest_route=\/wp\/v2\/pages\/9292\/revisions"}],"predecessor-version":[{"id":9294,"href":"https:\/\/nordwind.info\/index.php?rest_route=\/wp\/v2\/pages\/9292\/revisions\/9294"}],"up":[{"embeddable":true,"href":"https:\/\/nordwind.info\/index.php?rest_route=\/wp\/v2\/pages\/1603"}],"wp:attachment":[{"href":"https:\/\/nordwind.info\/index.php?rest_route=%2Fwp%2Fv2%2Fmedia&parent=9292"}],"curies":[{"name":"wp","href":"https:\/\/api.w.org\/{rel}","templated":true}]}}