{"id":9189,"date":"2019-12-08T04:31:28","date_gmt":"2019-12-08T04:31:28","guid":{"rendered":"http:\/\/nordwind.info\/?page_id=9189"},"modified":"2025-03-18T06:11:45","modified_gmt":"2025-03-18T06:11:45","slug":"nienburg-weser-gueterbahnhof","status":"publish","type":"page","link":"https:\/\/nordwind.info\/?page_id=9189","title":{"rendered":"Nienburg (Weser), Agl G\u00fcterabfertigung"},"content":{"rendered":"<p>.<\/p>\n<p><a href=\"http:\/\/nordwind.info\/wp-content\/uploads\/2019\/12\/1280-Nienburg-Ladegleise.jpg\"><img loading=\"lazy\" decoding=\"async\" class=\"aligncenter size-large wp-image-9190\" src=\"http:\/\/nordwind.info\/wp-content\/uploads\/2019\/12\/1280-Nienburg-Ladegleise-1024x910.jpg\" alt=\"\" width=\"640\" height=\"569\" srcset=\"https:\/\/nordwind.info\/wp-content\/uploads\/2019\/12\/1280-Nienburg-Ladegleise-1024x910.jpg 1024w, https:\/\/nordwind.info\/wp-content\/uploads\/2019\/12\/1280-Nienburg-Ladegleise-300x266.jpg 300w, https:\/\/nordwind.info\/wp-content\/uploads\/2019\/12\/1280-Nienburg-Ladegleise-768x682.jpg 768w, https:\/\/nordwind.info\/wp-content\/uploads\/2019\/12\/1280-Nienburg-Ladegleise.jpg 1280w\" sizes=\"auto, (max-width: 640px) 100vw, 640px\" \/><\/a><\/p>\n<p>Lageplan Nienburg Nord mit den G\u00fctergleisen<\/p>\n<p><a href=\"http:\/\/nordwind.info\/wp-content\/uploads\/2019\/12\/1000Ga-Nienburg-1.jpg\"><img loading=\"lazy\" decoding=\"async\" class=\"aligncenter size-full wp-image-9191\" src=\"http:\/\/nordwind.info\/wp-content\/uploads\/2019\/12\/1000Ga-Nienburg-1.jpg\" alt=\"\" width=\"1000\" height=\"680\" srcset=\"https:\/\/nordwind.info\/wp-content\/uploads\/2019\/12\/1000Ga-Nienburg-1.jpg 1000w, https:\/\/nordwind.info\/wp-content\/uploads\/2019\/12\/1000Ga-Nienburg-1-300x204.jpg 300w, https:\/\/nordwind.info\/wp-content\/uploads\/2019\/12\/1000Ga-Nienburg-1-768x522.jpg 768w\" sizes=\"auto, (max-width: 1000px) 100vw, 1000px\" \/><\/a><\/p>\n<p>G\u00fcterabfertigung Nienburg &#8211; Stra\u00dfenseite<\/p>\n<p><a href=\"http:\/\/nordwind.info\/wp-content\/uploads\/2019\/12\/1000Ga-Nienburg-2.jpg\"><img loading=\"lazy\" decoding=\"async\" class=\"aligncenter size-full wp-image-9192\" src=\"http:\/\/nordwind.info\/wp-content\/uploads\/2019\/12\/1000Ga-Nienburg-2.jpg\" alt=\"\" width=\"1000\" height=\"680\" srcset=\"https:\/\/nordwind.info\/wp-content\/uploads\/2019\/12\/1000Ga-Nienburg-2.jpg 1000w, https:\/\/nordwind.info\/wp-content\/uploads\/2019\/12\/1000Ga-Nienburg-2-300x204.jpg 300w, https:\/\/nordwind.info\/wp-content\/uploads\/2019\/12\/1000Ga-Nienburg-2-768x522.jpg 768w\" sizes=\"auto, (max-width: 1000px) 100vw, 1000px\" \/><\/a><\/p>\n<p>G\u00fcterabfertigung Nienburg &#8211; Parkplatzseite<\/p>\n<p><a href=\"http:\/\/nordwind.info\/wp-content\/uploads\/2019\/12\/1000Ga-Nienburg-3.jpg\"><img loading=\"lazy\" decoding=\"async\" class=\"aligncenter size-full wp-image-9193\" src=\"http:\/\/nordwind.info\/wp-content\/uploads\/2019\/12\/1000Ga-Nienburg-3.jpg\" alt=\"\" width=\"1000\" height=\"680\" srcset=\"https:\/\/nordwind.info\/wp-content\/uploads\/2019\/12\/1000Ga-Nienburg-3.jpg 1000w, https:\/\/nordwind.info\/wp-content\/uploads\/2019\/12\/1000Ga-Nienburg-3-300x204.jpg 300w, https:\/\/nordwind.info\/wp-content\/uploads\/2019\/12\/1000Ga-Nienburg-3-768x522.jpg 768w\" sizes=\"auto, (max-width: 1000px) 100vw, 1000px\" \/><\/a><\/p>\n<p>G\u00fcterabfertigung Nienburg &#8211; Gleisseite<\/p>\n<p><a href=\"http:\/\/nordwind.info\/wp-content\/uploads\/2019\/12\/e89c632528038b6f8e8a94b160a00a1c.jpg\"><img loading=\"lazy\" decoding=\"async\" class=\"aligncenter size-large wp-image-9194\" src=\"http:\/\/nordwind.info\/wp-content\/uploads\/2019\/12\/e89c632528038b6f8e8a94b160a00a1c-1024x576.jpg\" alt=\"\" width=\"640\" height=\"360\" srcset=\"https:\/\/nordwind.info\/wp-content\/uploads\/2019\/12\/e89c632528038b6f8e8a94b160a00a1c-1024x576.jpg 1024w, https:\/\/nordwind.info\/wp-content\/uploads\/2019\/12\/e89c632528038b6f8e8a94b160a00a1c-300x169.jpg 300w, https:\/\/nordwind.info\/wp-content\/uploads\/2019\/12\/e89c632528038b6f8e8a94b160a00a1c-768x432.jpg 768w, https:\/\/nordwind.info\/wp-content\/uploads\/2019\/12\/e89c632528038b6f8e8a94b160a00a1c.jpg 1280w\" sizes=\"auto, (max-width: 640px) 100vw, 640px\" \/><\/a><\/p>\n<p>Fragmente der Ladestra\u00dfe 2014<\/p>\n<p><a href=\"http:\/\/nordwind.info\/wp-content\/uploads\/2019\/12\/efc3128b1af3411a7fac5debe97a85d6-2.jpg\"><img loading=\"lazy\" decoding=\"async\" class=\"aligncenter size-large wp-image-9195\" src=\"http:\/\/nordwind.info\/wp-content\/uploads\/2019\/12\/efc3128b1af3411a7fac5debe97a85d6-2-1024x575.jpg\" alt=\"\" width=\"640\" height=\"359\" srcset=\"https:\/\/nordwind.info\/wp-content\/uploads\/2019\/12\/efc3128b1af3411a7fac5debe97a85d6-2-1024x575.jpg 1024w, https:\/\/nordwind.info\/wp-content\/uploads\/2019\/12\/efc3128b1af3411a7fac5debe97a85d6-2-300x169.jpg 300w, https:\/\/nordwind.info\/wp-content\/uploads\/2019\/12\/efc3128b1af3411a7fac5debe97a85d6-2-768x431.jpg 768w, https:\/\/nordwind.info\/wp-content\/uploads\/2019\/12\/efc3128b1af3411a7fac5debe97a85d6-2.jpg 1280w\" sizes=\"auto, (max-width: 640px) 100vw, 640px\" \/><\/a><\/p>\n<p>Gleiswaage<\/p>\n<p><a href=\"http:\/\/nordwind.info\/wp-content\/uploads\/2019\/12\/32f54e2f3291d3ae0a3b4be2f033cc69.jpg\"><img loading=\"lazy\" decoding=\"async\" class=\"aligncenter size-large wp-image-9196\" src=\"http:\/\/nordwind.info\/wp-content\/uploads\/2019\/12\/32f54e2f3291d3ae0a3b4be2f033cc69-1024x574.jpg\" alt=\"\" width=\"640\" height=\"359\" srcset=\"https:\/\/nordwind.info\/wp-content\/uploads\/2019\/12\/32f54e2f3291d3ae0a3b4be2f033cc69-1024x574.jpg 1024w, https:\/\/nordwind.info\/wp-content\/uploads\/2019\/12\/32f54e2f3291d3ae0a3b4be2f033cc69-300x168.jpg 300w, https:\/\/nordwind.info\/wp-content\/uploads\/2019\/12\/32f54e2f3291d3ae0a3b4be2f033cc69-768x431.jpg 768w, https:\/\/nordwind.info\/wp-content\/uploads\/2019\/12\/32f54e2f3291d3ae0a3b4be2f033cc69.jpg 1280w\" sizes=\"auto, (max-width: 640px) 100vw, 640px\" \/><\/a><\/p>\n<p>Waagehaus<\/p>\n<p><a href=\"http:\/\/nordwind.info\/wp-content\/uploads\/2019\/12\/Gleiswaage.jpg\"><img loading=\"lazy\" decoding=\"async\" class=\"aligncenter size-large wp-image-9197\" src=\"http:\/\/nordwind.info\/wp-content\/uploads\/2019\/12\/Gleiswaage-1024x577.jpg\" alt=\"\" width=\"640\" height=\"361\" srcset=\"https:\/\/nordwind.info\/wp-content\/uploads\/2019\/12\/Gleiswaage-1024x577.jpg 1024w, https:\/\/nordwind.info\/wp-content\/uploads\/2019\/12\/Gleiswaage-300x169.jpg 300w, https:\/\/nordwind.info\/wp-content\/uploads\/2019\/12\/Gleiswaage-768x433.jpg 768w, https:\/\/nordwind.info\/wp-content\/uploads\/2019\/12\/Gleiswaage.jpg 1280w\" sizes=\"auto, (max-width: 640px) 100vw, 640px\" \/><\/a><\/p>\n<p>Waage &#8211; Inneneinrichtung<\/p>\n<p><a href=\"http:\/\/nordwind.info\/wp-content\/uploads\/2019\/12\/Ackerschnacker.jpg\"><img loading=\"lazy\" decoding=\"async\" class=\"aligncenter size-large wp-image-9198\" src=\"http:\/\/nordwind.info\/wp-content\/uploads\/2019\/12\/Ackerschnacker-1024x574.jpg\" alt=\"\" width=\"640\" height=\"359\" srcset=\"https:\/\/nordwind.info\/wp-content\/uploads\/2019\/12\/Ackerschnacker-1024x574.jpg 1024w, https:\/\/nordwind.info\/wp-content\/uploads\/2019\/12\/Ackerschnacker-300x168.jpg 300w, https:\/\/nordwind.info\/wp-content\/uploads\/2019\/12\/Ackerschnacker-768x431.jpg 768w, https:\/\/nordwind.info\/wp-content\/uploads\/2019\/12\/Ackerschnacker.jpg 1280w\" sizes=\"auto, (max-width: 640px) 100vw, 640px\" \/><\/a><\/p>\n<p>Betriebsfernsprecher<\/p>\n<ul>\n<li>&gt;&gt;&gt;<\/li>\n<li>&lt;&lt;&lt; <a href=\"https:\/\/nordwind.info\/?page_id=13656\">Bf Nienburg (Weser)<\/a><\/li>\n<\/ul>\n<p><a href=\"http:\/\/nordwind.info\/wp-content\/uploads\/2018\/03\/sh2schluss.gif\"><img loading=\"lazy\" decoding=\"async\" class=\"aligncenter size-full wp-image-2750\" src=\"http:\/\/nordwind.info\/wp-content\/uploads\/2018\/03\/sh2schluss.gif\" alt=\"\" width=\"45\" height=\"66\" \/><\/a><\/p>\n<p><a href=\"#\">Nach oben<\/a><\/p>\n","protected":false},"excerpt":{"rendered":"<p>. Lageplan Nienburg Nord mit den G\u00fctergleisen G\u00fcterabfertigung Nienburg &#8211; Stra\u00dfenseite G\u00fcterabfertigung Nienburg &#8211; Parkplatzseite G\u00fcterabfertigung Nienburg &#8211; Gleisseite Fragmente der Ladestra\u00dfe 2014 Gleiswaage Waagehaus Waage &#8211; Inneneinrichtung Betriebsfernsprecher &gt;&gt;&gt; &lt;&lt;&lt; Bf Nienburg (Weser) Nach oben<\/p>\n","protected":false},"author":1,"featured_media":0,"parent":14039,"menu_order":0,"comment_status":"closed","ping_status":"closed","template":"","meta":{"footnotes":""},"class_list":["post-9189","page","type-page","status-publish","hentry"],"_links":{"self":[{"href":"https:\/\/nordwind.info\/index.php?rest_route=\/wp\/v2\/pages\/9189","targetHints":{"allow":["GET"]}}],"collection":[{"href":"https:\/\/nordwind.info\/index.php?rest_route=\/wp\/v2\/pages"}],"about":[{"href":"https:\/\/nordwind.info\/index.php?rest_route=\/wp\/v2\/types\/page"}],"author":[{"embeddable":true,"href":"https:\/\/nordwind.info\/index.php?rest_route=\/wp\/v2\/users\/1"}],"replies":[{"embeddable":true,"href":"https:\/\/nordwind.info\/index.php?rest_route=%2Fwp%2Fv2%2Fcomments&post=9189"}],"version-history":[{"count":9,"href":"https:\/\/nordwind.info\/index.php?rest_route=\/wp\/v2\/pages\/9189\/revisions"}],"predecessor-version":[{"id":14045,"href":"https:\/\/nordwind.info\/index.php?rest_route=\/wp\/v2\/pages\/9189\/revisions\/14045"}],"up":[{"embeddable":true,"href":"https:\/\/nordwind.info\/index.php?rest_route=\/wp\/v2\/pages\/14039"}],"wp:attachment":[{"href":"https:\/\/nordwind.info\/index.php?rest_route=%2Fwp%2Fv2%2Fmedia&parent=9189"}],"curies":[{"name":"wp","href":"https:\/\/api.w.org\/{rel}","templated":true}]}}