

{"id":9183,"date":"2019-12-08T04:07:47","date_gmt":"2019-12-08T04:07:47","guid":{"rendered":"http:\/\/nordwind.info\/?page_id=9183"},"modified":"2025-03-18T07:05:40","modified_gmt":"2025-03-18T07:05:40","slug":"9183-2","status":"publish","type":"page","link":"https:\/\/nordwind.info\/?page_id=9183","title":{"rendered":"Benzen, Agl Munitionsanstalt Beetenbr\u00fcck"},"content":{"rendered":"<ul>\n<li>Objektname: Munitionsanstalt\u00a0Walsrode-Beetenbr\u00fcck<\/li>\n<li>Ortslage\/LK: Beetenbr\u00fcck, Walsrode, Heidekreis, NI<\/li>\n<li>Nutzungen: \u00a0 \u00a01939 &#8211; heute\n<ul>\n<li style=\"list-style-type: none;\">\n<ul>\n<li style=\"list-style-type: none;\">\n<ul>\n<li style=\"list-style-type: none;\">\n<ul>\n<li>Wehrmacht (1939 &#8211; 1945)<\/li>\n<li>Britische Armee (1945 &#8211; 1960)<\/li>\n<li>Bundeswehr ab 01.Juli 1960<\/li>\n<\/ul>\n<\/li>\n<\/ul>\n<\/li>\n<\/ul>\n<\/li>\n<\/ul>\n<\/li>\n<li>Ausr\u00fcstung: div. Geb\u00e4ude, Bunkeranlagen\n<ul>\n<li style=\"list-style-type: none;\">\n<ul>\n<li style=\"list-style-type: none;\">\n<ul>\n<li style=\"list-style-type: none;\">\n<ul>\n<li>Gleisanschlu\u00df<\/li>\n<\/ul>\n<\/li>\n<\/ul>\n<\/li>\n<\/ul>\n<\/li>\n<\/ul>\n<\/li>\n<li>Ist-Zustand: Eigentum der Bundeswehr<\/li>\n<li>Recherchen: \u00a02015\u00a0 \u00a0 \u00a0 \u00a0 \u00a0 \u00a0 \u00a0Exkursion:<\/li>\n<li>Fundstellen:\u00a0<a href=\"http:\/\/www.wz-net.de\/wz_10_109461424-21-_Wir-sind-hier-wie-der-Aldi-fuer-die-Truppe.html\" target=\"_blank\" rel=\"noopener noreferrer\">Walsroder Zeitung<\/a><\/li>\n<li>Google-Maps<\/li>\n<\/ul>\n<p><strong>Lage<\/strong><\/p>\n\n\n\t\t\t\t<div id=\"map_ol3js_1\" class=\"map undefined\" data-map_name=\"undefined\" data-map=\"map_ol3js_1\" style=\"width:100%; max-width:100%; height:450px; display:block; overflow:hidden;border:thin solid;\" >\n\t\t\t\t  <div id=\"map_ol3js_1_popup\" class=\"ol-popup\" >\n\t\t\t\t\t<a href=\"#\" id=\"map_ol3js_1_popup-closer\" class=\"ol-popup-closer\"><\/a>\n\t\t\t\t\t<div id=\"map_ol3js_1_popup-content\" ><\/div>\n\t\t\t\t  <\/div>\n\t\t\t\t<\/div>\n\t\t\t\n\n\t\t\t\t<script type=\"text\/javascript\">\n\t\t\t\t\ttranslations['openlayer'] = \"open layer\";\n\t\t\t\t\ttranslations['openlayerAtStartup'] = \"open layer at startup\";\n\t\t\t\t\ttranslations['generateLink'] = \"Der Link zur Karte mit ausgew\u00e4hlten Overlays und angezeigtem Ausschnitt\";\n\t\t\t\t\ttranslations['shortDescription'] = \"Kurzbeschreibung\";\n\t\t\t\t\ttranslations['generatedShortCode'] = \"to get a text control link paste this code in your wordpress editor\";\n\t\t\t\t\ttranslations['closeLayer'] = \"close layer\";\n\t\t\t\t\ttranslations['cantGenerateLink'] = \"put this string in the existing map short code to control this map\";\n\t\t\t  <\/script>\n\n\n\t\t\t  <script type=\"text\/javascript\">\n\t\t\t  vectorM['map_ol3js_1'] = [];\n\t        \n        var raster = getTileLayer(\"\",\"NoKey\");\t\t\t\n\n\t\t\t  var map_ol3js_1 = new ol.Map({\n\t\t\t\tinteractions: ol.interaction.defaults.defaults({mouseWheelZoom:false}),\n\t\t\t\tlayers: [raster],\n\t\t\t\ttarget: \"map_ol3js_1\",\n\t\t\t\tview: new ol.View({\n\t\t\t\t  center: ol.proj.transform([9.5807,52.8176], \"EPSG:4326\", \"EPSG:3857\"),\n\t\t\t\t  zoom: 13.684428506309304\n\t\t\t\t})\n\t\t\t  });\n\t\t\t  osm_addMarkerLayer(map_ol3js_1,9.5807,52.8176,\"https:\/\/nordwind.info\/wp-content\/plugins\/osm\/icons\/mic_red_pinother_02.png\",-16,-41,\"<p><\/p>\") ; \naddControls2Map(map_ol3js_1,0,0,3,0,5,6,7,0,1);\nosm_addPopupClickhandler(map_ol3js_1,  \"map_ol3js_1\"); \nosm_addMouseHover(map_ol3js_1); <\/script>\n<p>Kartenauszug OSM<\/p>\n<p><a href=\"http:\/\/nordwind.info\/wp-content\/uploads\/2019\/12\/Walsrode-Beetenbrueck.jpg\"><img loading=\"lazy\" decoding=\"async\" class=\"aligncenter size-large wp-image-9184\" src=\"http:\/\/nordwind.info\/wp-content\/uploads\/2019\/12\/Walsrode-Beetenbrueck-1024x821.jpg\" alt=\"\" width=\"640\" height=\"513\" srcset=\"https:\/\/nordwind.info\/wp-content\/uploads\/2019\/12\/Walsrode-Beetenbrueck-1024x821.jpg 1024w, https:\/\/nordwind.info\/wp-content\/uploads\/2019\/12\/Walsrode-Beetenbrueck-300x241.jpg 300w, https:\/\/nordwind.info\/wp-content\/uploads\/2019\/12\/Walsrode-Beetenbrueck-768x616.jpg 768w, https:\/\/nordwind.info\/wp-content\/uploads\/2019\/12\/Walsrode-Beetenbrueck-1536x1232.jpg 1536w, https:\/\/nordwind.info\/wp-content\/uploads\/2019\/12\/Walsrode-Beetenbrueck.jpg 1900w\" sizes=\"auto, (max-width: 640px) 100vw, 640px\" \/><\/a><\/p>\n<p>Kartenauszug TK 1:25.000 (Reichsamt f\u00fcr Landesaufnahme 1945(46)<\/p>\n<p><a href=\"http:\/\/nordwind.info\/wp-content\/uploads\/2025\/03\/Benzen-Agl-Bundeswehr-scaled.jpeg\"><img loading=\"lazy\" decoding=\"async\" class=\"aligncenter size-large wp-image-13940\" src=\"http:\/\/nordwind.info\/wp-content\/uploads\/2025\/03\/Benzen-Agl-Bundeswehr-1024x768.jpeg\" alt=\"\" width=\"640\" height=\"480\" srcset=\"https:\/\/nordwind.info\/wp-content\/uploads\/2025\/03\/Benzen-Agl-Bundeswehr-1024x768.jpeg 1024w, https:\/\/nordwind.info\/wp-content\/uploads\/2025\/03\/Benzen-Agl-Bundeswehr-300x225.jpeg 300w, https:\/\/nordwind.info\/wp-content\/uploads\/2025\/03\/Benzen-Agl-Bundeswehr-768x576.jpeg 768w, https:\/\/nordwind.info\/wp-content\/uploads\/2025\/03\/Benzen-Agl-Bundeswehr-1536x1152.jpeg 1536w, https:\/\/nordwind.info\/wp-content\/uploads\/2025\/03\/Benzen-Agl-Bundeswehr-2048x1536.jpeg 2048w\" sizes=\"auto, (max-width: 640px) 100vw, 640px\" \/><\/a><\/p>\n<p>Eisenbahnbr\u00fccke<\/p>\n<ul>\n<li>&gt;&gt;&gt; Bf Vorwalsrode<\/li>\n<li>&lt;&lt;&lt; <a href=\"https:\/\/nordwind.info\/?page_id=13669\">Bf Hollige<\/a><\/li>\n<\/ul>\n<p><a href=\"http:\/\/nordwind.info\/wp-content\/uploads\/2018\/03\/sh2schluss.gif\"><img loading=\"lazy\" decoding=\"async\" class=\"size-full wp-image-2750 aligncenter\" src=\"http:\/\/nordwind.info\/wp-content\/uploads\/2018\/03\/sh2schluss.gif\" alt=\"\" width=\"45\" height=\"66\" \/><\/a><\/p>\n<p><a href=\"#\">Nach oben<\/a><\/p>\n","protected":false},"excerpt":{"rendered":"<p>Objektname: Munitionsanstalt\u00a0Walsrode-Beetenbr\u00fcck Ortslage\/LK: Beetenbr\u00fcck, Walsrode, Heidekreis, NI Nutzungen: \u00a0 \u00a01939 &#8211; heute Wehrmacht (1939 &#8211; 1945) Britische Armee (1945 &#8211; 1960) Bundeswehr ab 01.Juli 1960 Ausr\u00fcstung: div. Geb\u00e4ude, Bunkeranlagen Gleisanschlu\u00df Ist-Zustand: Eigentum der Bundeswehr Recherchen: \u00a02015\u00a0 \u00a0 \u00a0 \u00a0 \u00a0 &hellip; <a href=\"https:\/\/nordwind.info\/?page_id=9183\">Weiterlesen <span class=\"meta-nav\">&rarr;<\/span><\/a><\/p>\n","protected":false},"author":1,"featured_media":0,"parent":14039,"menu_order":0,"comment_status":"closed","ping_status":"closed","template":"","meta":{"footnotes":""},"class_list":["post-9183","page","type-page","status-publish","hentry"],"_links":{"self":[{"href":"https:\/\/nordwind.info\/index.php?rest_route=\/wp\/v2\/pages\/9183","targetHints":{"allow":["GET"]}}],"collection":[{"href":"https:\/\/nordwind.info\/index.php?rest_route=\/wp\/v2\/pages"}],"about":[{"href":"https:\/\/nordwind.info\/index.php?rest_route=\/wp\/v2\/types\/page"}],"author":[{"embeddable":true,"href":"https:\/\/nordwind.info\/index.php?rest_route=\/wp\/v2\/users\/1"}],"replies":[{"embeddable":true,"href":"https:\/\/nordwind.info\/index.php?rest_route=%2Fwp%2Fv2%2Fcomments&post=9183"}],"version-history":[{"count":12,"href":"https:\/\/nordwind.info\/index.php?rest_route=\/wp\/v2\/pages\/9183\/revisions"}],"predecessor-version":[{"id":14051,"href":"https:\/\/nordwind.info\/index.php?rest_route=\/wp\/v2\/pages\/9183\/revisions\/14051"}],"up":[{"embeddable":true,"href":"https:\/\/nordwind.info\/index.php?rest_route=\/wp\/v2\/pages\/14039"}],"wp:attachment":[{"href":"https:\/\/nordwind.info\/index.php?rest_route=%2Fwp%2Fv2%2Fmedia&parent=9183"}],"curies":[{"name":"wp","href":"https:\/\/api.w.org\/{rel}","templated":true}]}}