{"id":81,"date":"2017-08-10T17:20:15","date_gmt":"2017-08-10T17:20:15","guid":{"rendered":"http:\/\/nordwind.info\/?page_id=81"},"modified":"2018-06-15T04:22:11","modified_gmt":"2018-06-15T04:22:11","slug":"beteten-von-grundstuecken-gebaeude","status":"publish","type":"page","link":"https:\/\/nordwind.info\/?page_id=81","title":{"rendered":"Befriedetes Besitztum"},"content":{"rendered":"<p style=\"text-align: justify;\"><a href=\"http:\/\/nordwind.info\/wp-content\/uploads\/2017\/09\/Raketenstellung_Rehburg-011.jpg\"><img loading=\"lazy\" decoding=\"async\" class=\"alignright size-medium wp-image-1114\" src=\"http:\/\/nordwind.info\/wp-content\/uploads\/2017\/09\/Raketenstellung_Rehburg-011-300x201.jpg\" alt=\"\" width=\"300\" height=\"201\" srcset=\"https:\/\/nordwind.info\/wp-content\/uploads\/2017\/09\/Raketenstellung_Rehburg-011-300x201.jpg 300w, https:\/\/nordwind.info\/wp-content\/uploads\/2017\/09\/Raketenstellung_Rehburg-011.jpg 640w\" sizes=\"auto, (max-width: 300px) 100vw, 300px\" \/><\/a>Alte Fabrikanlagen, verlassenes Milit\u00e4r-gel\u00e4nde oder auch nur einfache Geb\u00e4ude-ruinen haben ihre besonderen Reize. Auf dem ersten Blick k\u00f6nnte man meinen, dass diese Anlagen aufgegeben und zug\u00e4nglich w\u00e4ren, aber der Schein tr\u00fcgt, denn abgez\u00e4untes Gel\u00e4nde oder Geb\u00e4ude bzw. Geb\u00e4udefragmente ist Privateigentum oder auch befriedetes Besitztum.<\/p>\n<p style=\"text-align: justify;\">Der Ausdruck des befriedeten Besitztum findet im Strafrecht seine Anwendung. Nach dem \u00a7 123 Absatz 1 des Strafgesetzbuches (StGB) begeht derjenige einen Hausfriedensbruch, wer unter anderem in das befriedete Besitztum eines anderen widerrechtlich eindringt oder wer, wenn er ohne Befugnis darin verweilt, auf die Aufforderung des Berechtigten sich nicht entfernt. Befriedetes Besitztum meint dabei ein in \u00e4u\u00dferlich erkennbarer Weise gegen Betreten durch zusammenh\u00e4ngende (nicht notwendigerweise l\u00fcckenlose) Schutzwehren gesichertes bebautes oder unbebautes Grundst\u00fcck.<\/p>\n<p style=\"text-align: justify;\">Wer solche Anlagen ohne ausdr\u00fcckliche Genehmigung des Eigent\u00fcmers betritt, begeht den klassischen Hausfriedensbruch. Wird bei einer solchen Tatausf\u00fchrung auch noch ein Messer mit sich gef\u00fchrt, z\u00e4hlt dies als bewaffnet und der Straftatbestand des bewaffneten Hausfriedensbruchs ist erf\u00fcllt. Wird beim Betreten oder w\u00e4hrend des Aufenthaltens des Privatgrundes etwas kaputtgemacht, kommt der Straftatbestand der Sachbesch\u00e4digung hinzu. Und wird auch noch etwas entwendet, was man f\u00fcr sich als Souvenir behalten m\u00f6chte kommt hier noch der Diebstahl hinzu.<\/p>\n<p style=\"text-align: justify;\">Es ist eindeutig, dass Geocaching an solchen Orten nichts zu suchen hat &#8211; Caches werden hier auch nicht genehmigt. M\u00f6chte man sich trotzdem solche Lost Place einmal ansehen, mu\u00df man sich um eine Genehmigung des Eigent\u00fcmers bem\u00fchen. Fragen kostet nichts und oft stehen die Chancen f\u00fcr eine Genehmigung gar nicht so schlecht. In der Genehmigung ist das Verhalten auf dem Gel\u00e4nde, sowie die Haftungsausschl\u00fcsse bei Unf\u00e4llen geregelt.<\/p>\n<p style=\"text-align: justify;\">Oft gibt es bei verlassenen Geb\u00e4uden oder ehemalige Milit\u00e4ranlagen \u00f6rtliche Interessen-vereine oder Dokumentationsstellen, die f\u00fcr die \u00d6ffentlichkeit F\u00fchrungen anbieten. Hier lohnt sich schon vorab eine Recherche im Internet.<\/p>\n<p>&nbsp;<\/p>\n<ul>\n<li>Rottenplaces: \u00a0 \u00a0 <a href=\"http:\/\/www.rottenplaces.de\/main\/wie-verhalte-ich-mich-in-einem-lost-place\/\" target=\"_blank\" rel=\"noopener\">Betreten von Lost Place<\/a><\/li>\n<li>Strafrechtsblog: <a href=\"https:\/\/www.strafrechtsblogger.de\/der-begriff-des-befriedeten-besitztums-im-rahmen-eines-hausfriedensbruchs\/2013\/01\/\" target=\"_blank\" rel=\"noopener\">Befriedetes Besitztum<\/a><\/li>\n<li>Juraforum: \u00a0 \u00a0 \u00a0 \u00a0\u00a0<a href=\"http:\/\/www.juraforum.de\/lexikon\/befriedetes-besitztum\" target=\"_blank\" rel=\"noopener\">Befriedetes Besitztum<\/a><\/li>\n<\/ul>\n<p><a href=\"#\">Nach oben<\/a><\/p>\n","protected":false},"excerpt":{"rendered":"<p>Alte Fabrikanlagen, verlassenes Milit\u00e4r-gel\u00e4nde oder auch nur einfache Geb\u00e4ude-ruinen haben ihre besonderen Reize. Auf dem ersten Blick k\u00f6nnte man meinen, dass diese Anlagen aufgegeben und zug\u00e4nglich w\u00e4ren, aber der Schein tr\u00fcgt, denn abgez\u00e4untes Gel\u00e4nde oder Geb\u00e4ude bzw. Geb\u00e4udefragmente ist Privateigentum &hellip; <a href=\"https:\/\/nordwind.info\/?page_id=81\">Weiterlesen <span class=\"meta-nav\">&rarr;<\/span><\/a><\/p>\n","protected":false},"author":1,"featured_media":0,"parent":6,"menu_order":1,"comment_status":"closed","ping_status":"closed","template":"","meta":{"footnotes":""},"class_list":["post-81","page","type-page","status-publish","hentry"],"_links":{"self":[{"href":"https:\/\/nordwind.info\/index.php?rest_route=\/wp\/v2\/pages\/81","targetHints":{"allow":["GET"]}}],"collection":[{"href":"https:\/\/nordwind.info\/index.php?rest_route=\/wp\/v2\/pages"}],"about":[{"href":"https:\/\/nordwind.info\/index.php?rest_route=\/wp\/v2\/types\/page"}],"author":[{"embeddable":true,"href":"https:\/\/nordwind.info\/index.php?rest_route=\/wp\/v2\/users\/1"}],"replies":[{"embeddable":true,"href":"https:\/\/nordwind.info\/index.php?rest_route=%2Fwp%2Fv2%2Fcomments&post=81"}],"version-history":[{"count":33,"href":"https:\/\/nordwind.info\/index.php?rest_route=\/wp\/v2\/pages\/81\/revisions"}],"predecessor-version":[{"id":3874,"href":"https:\/\/nordwind.info\/index.php?rest_route=\/wp\/v2\/pages\/81\/revisions\/3874"}],"up":[{"embeddable":true,"href":"https:\/\/nordwind.info\/index.php?rest_route=\/wp\/v2\/pages\/6"}],"wp:attachment":[{"href":"https:\/\/nordwind.info\/index.php?rest_route=%2Fwp%2Fv2%2Fmedia&parent=81"}],"curies":[{"name":"wp","href":"https:\/\/api.w.org\/{rel}","templated":true}]}}