{"id":8,"date":"2017-08-09T13:29:38","date_gmt":"2017-08-09T13:29:38","guid":{"rendered":"http:\/\/nordwind.info\/?page_id=8"},"modified":"2020-06-09T05:18:13","modified_gmt":"2020-06-09T05:18:13","slug":"egca-fuer-biltema-angel-caches","status":"publish","type":"page","link":"https:\/\/nordwind.info\/?page_id=8","title":{"rendered":"eGCA f\u00fcr Biltema-\/Angel-Caches"},"content":{"rendered":"<p style=\"text-align: justify;\"><a href=\"http:\/\/nordwind.info\/wp-content\/uploads\/2017\/08\/Biltema.jpg\"><img loading=\"lazy\" decoding=\"async\" class=\"alignright size-medium wp-image-12\" src=\"http:\/\/nordwind.info\/wp-content\/uploads\/2017\/08\/Biltema-225x300.jpg\" alt=\"\" width=\"225\" height=\"300\" srcset=\"https:\/\/nordwind.info\/wp-content\/uploads\/2017\/08\/Biltema-225x300.jpg 225w, https:\/\/nordwind.info\/wp-content\/uploads\/2017\/08\/Biltema-768x1024.jpg 768w, https:\/\/nordwind.info\/wp-content\/uploads\/2017\/08\/Biltema.jpg 1224w\" sizes=\"auto, (max-width: 225px) 100vw, 225px\" \/><\/a>Bemerkenswert sind die immer \u00f6fter aufkommenden Biltema- oder Angel-Caches, die sich in 5-10 Metern H\u00f6he auf B\u00e4umen oder an Laternen befinden und sich nur mit Hilfe einer langen Angelrute oder Teleskopstange bergen lassen. Die Schwierigkeit besteht nicht nur, den Cache zu bergen, sondern ihn auch wieder an die urspr\u00fcngliche Stelle zur\u00fcck-zuh\u00e4ngen. Die Angel-Caches kennzeichnen sich dadurch, dass sie meistens eine D5\/T2-Wertung oder h\u00f6her haben. Wie man seine eigene Ausr\u00fcstung f\u00fcr diese Art von Caches erweitert, wollen wir Euch in dieser kleinen Anleitung zum Bau eines Biltema-Tools zeigen. Viel Spa\u00df beim Nachbau!<\/p>\n<p style=\"text-align: justify;\"><strong>Fieberglasrute \/ Fieberglasmast<\/strong><\/p>\n<p style=\"text-align: justify;\"><a href=\"http:\/\/nordwind.info\/wp-content\/uploads\/2017\/08\/Biltema06.jpg\"><img loading=\"lazy\" decoding=\"async\" class=\"alignleft size-medium wp-image-18\" src=\"http:\/\/nordwind.info\/wp-content\/uploads\/2017\/08\/Biltema06-125x300.jpg\" alt=\"\" width=\"125\" height=\"300\" srcset=\"https:\/\/nordwind.info\/wp-content\/uploads\/2017\/08\/Biltema06-125x300.jpg 125w, https:\/\/nordwind.info\/wp-content\/uploads\/2017\/08\/Biltema06-426x1024.jpg 426w, https:\/\/nordwind.info\/wp-content\/uploads\/2017\/08\/Biltema06.jpg 666w\" sizes=\"auto, (max-width: 125px) 100vw, 125px\" \/><\/a>Unser Biltema-Tool entstand aus einer vorhandenen Angelrute a la \u201cWerkzeugkiste\u201d von 6,30 Metern L\u00e4nge, die wir f\u00fcr unsere Zwecke umgebaut haben. Solche Angelruten sind mit einer L\u00e4nge von bis zu 8,00 Metern einigerma\u00dfen g\u00fcnstig im Anglerzubeh\u00f6r erh\u00e4ltlich. F\u00fcr Caches bis zu 8 Metern H\u00f6he war das Bergen kein Problem, in gr\u00f6\u00dferer H\u00f6he geht es nur mit Leiterunterst\u00fctzung, und dar\u00fcber bleibt nur der\u00a0no Found-Eintrag im Logbuch.<\/p>\n<p style=\"text-align: justify;\">L\u00e4ngere Angelruten gibt es nat\u00fcrlich auch, aber die bestehen aus Kohlefaser und sind f\u00fcr unsere Zwecke zu teuer. Schiebestangen aus Aluminium sind zu schwer und unhandlich.\u00a0G\u00fcnstiger sind die Schiebemasten aus Fieberglas, die in unterschiedlichen L\u00e4ngen (bis zu 15 Meter!) f\u00fcr den Amateurfunk (<a href=\"http:\/\/www.wimo.com\/mast-glasfaser_d.html\" target=\"_blank\" rel=\"noopener noreferrer\">WiMo<\/a>,\u00a0<a href=\"http:\/\/www.dx-wire.de\/gfk-masten\/\" target=\"_blank\" rel=\"noopener noreferrer\">DX-Wire<\/a>) angeboten werden.<\/p>\n<p style=\"text-align: justify;\">Die angebotenen Schiebemasten aus dem Amateurfunk unterscheiden sich in der L\u00e4nge von 10 bis 12 Metern, sowie \u00a0den Packma\u00dfen von ca. 68 cm bis \u00a0134 cm und liegen z. Zt. zwischen 60 &#8211; 100 Euro. F\u00fcr den Einsatz beim Geocaching mu\u00df die Rutenspitze durch etwas \u201cHeimarbeit\u201d modifiziert werden.<\/p>\n<p style=\"text-align: justify;\"><strong>Rutenaufsatz<\/strong><\/p>\n<p style=\"text-align: justify;\">Da die Rutenspitze zu wackelig ist, wird der\u00a0Rutenboden ge\u00f6ffnet und die beiden obersten Rutensegmente herausgenommen. Dies ist ausreichend, sollte allerdings die jetzige Spitze immer noch zu flexibel sein, ist das Segment mit einer S\u00e4ge zu k\u00fcrzen (S\u00e4gestelle mit Tape umwickeln). Wir haben das Segment so gek\u00fcrzt, dass sich eine M6 Gewindestange, umwickelt mit 1-2 Lagen Tape-Band gerade noch so hineinschieben l\u00e4\u00dft. Auf diesen\u00a0Spitzenaufsatz wird\u00a0dann\u00a0der\u00a0Haken aufgeschraubt.<\/p>\n<p style=\"text-align: justify;\"><a href=\"http:\/\/nordwind.info\/wp-content\/uploads\/2017\/08\/Biltema01.jpg\"><img loading=\"lazy\" decoding=\"async\" class=\"size-medium wp-image-16 alignleft\" src=\"http:\/\/nordwind.info\/wp-content\/uploads\/2017\/08\/Biltema01-300x225.jpg\" alt=\"\" width=\"300\" height=\"225\" srcset=\"https:\/\/nordwind.info\/wp-content\/uploads\/2017\/08\/Biltema01-300x225.jpg 300w, https:\/\/nordwind.info\/wp-content\/uploads\/2017\/08\/Biltema01-768x576.jpg 768w, https:\/\/nordwind.info\/wp-content\/uploads\/2017\/08\/Biltema01-1024x768.jpg 1024w, https:\/\/nordwind.info\/wp-content\/uploads\/2017\/08\/Biltema01.jpg 1632w\" sizes=\"auto, (max-width: 300px) 100vw, 300px\" \/><\/a>Auf die Gewindestange (4,00 cm) wird auf etwa 1,00 cm eine M6 Schraubenmutter aufgedreht. Das lange Gewindeteil und die\u00a0aufzunehmende Fiberglash\u00fclse werden ges\u00e4ubert, mit Tapeband umwickelt (es soll stramm in der H\u00fclse liegen), mit einem \u201cSuperkleber\u201d eingestrichen und die Teile zusammengef\u00fcgt (einschieben der Gewindestange in die Fiberglash\u00fclse bis zur Schraubenmutter).<\/p>\n<p style=\"text-align: justify;\">Zum Schlu\u00df kommen zur Verst\u00e4rkung der Verbindung Schraubenverbinder\/Rohr noch einige Lagen Tapeband.\u00a0Ideal ist auch die Schrumpfschlauchtechnik: Der Schlauch wird auf die zu verbundenen Stellen geschoben, mit einem Feuerzeug erhitzt und h\u00e4lt beide Teile fest zusammen.<\/p>\n<p style=\"text-align: justify;\"><strong>Hakenkonstruktionen<\/strong><\/p>\n<p style=\"text-align: justify;\"><a href=\"http:\/\/nordwind.info\/wp-content\/uploads\/2017\/08\/Biltema05.jpg\"><img loading=\"lazy\" decoding=\"async\" class=\"alignright size-medium wp-image-17\" src=\"http:\/\/nordwind.info\/wp-content\/uploads\/2017\/08\/Biltema05-300x203.jpg\" alt=\"\" width=\"300\" height=\"203\" srcset=\"https:\/\/nordwind.info\/wp-content\/uploads\/2017\/08\/Biltema05-300x203.jpg 300w, https:\/\/nordwind.info\/wp-content\/uploads\/2017\/08\/Biltema05-768x520.jpg 768w, https:\/\/nordwind.info\/wp-content\/uploads\/2017\/08\/Biltema05-1024x693.jpg 1024w, https:\/\/nordwind.info\/wp-content\/uploads\/2017\/08\/Biltema05.jpg 1529w\" sizes=\"auto, (max-width: 300px) 100vw, 300px\" \/><\/a>Bei den Haken sind der Phantasie keine Grenzen gesetzt. Vom Kleiderb\u00fcgelhaken bis hin zur selbst gebogenen Kreation ist alles erlaubt, was zum Bergen funktioniert. Die Befestigung erfolgt durch den M6 Schraubverbinder, der fest auf der Rutenspitze sitzen sollte (s. Fotostrecke). Bew\u00e4hrt hat sich bei uns ein Hakenaufsatz aus zwei Zeltheringen.<\/p>\n<p style=\"text-align: justify;\"><a href=\"http:\/\/nordwind.info\/wp-content\/uploads\/2017\/08\/Hakenaufsatz.jpg\"><img loading=\"lazy\" decoding=\"async\" class=\"alignleft size-medium wp-image-19\" src=\"http:\/\/nordwind.info\/wp-content\/uploads\/2017\/08\/Hakenaufsatz-300x210.jpg\" alt=\"\" width=\"300\" height=\"210\" srcset=\"https:\/\/nordwind.info\/wp-content\/uploads\/2017\/08\/Hakenaufsatz-300x210.jpg 300w, https:\/\/nordwind.info\/wp-content\/uploads\/2017\/08\/Hakenaufsatz-768x536.jpg 768w, https:\/\/nordwind.info\/wp-content\/uploads\/2017\/08\/Hakenaufsatz-1024x715.jpg 1024w, https:\/\/nordwind.info\/wp-content\/uploads\/2017\/08\/Hakenaufsatz.jpg 1280w\" sizes=\"auto, (max-width: 300px) 100vw, 300px\" \/><\/a>Die Hakenseiten der Heringe werden zu \u00d6sen gebogen und auf eine Gewindestange\u00a0von etwa 3,00 cm mit Unterlegscheiben und Schraubenmuttern zusammengeschraubt. Die Heringe werden jeweils auf 11,00 cm gek\u00fcrzt und etwa in der H\u00e4lfte auf 40 Grad leicht angebogen. Es sieht etwas wuchtig aus, aber Ihr habt in gro\u00dfer H\u00f6he gute Rangierm\u00f6glichkeiten.<\/p>\n<p style=\"text-align: justify;\"><a href=\"http:\/\/nordwind.info\/wp-content\/uploads\/2017\/08\/16c2404ce5dd563860341f318f43f41e.jpg\"><img loading=\"lazy\" decoding=\"async\" class=\"alignright size-medium wp-image-15\" src=\"http:\/\/nordwind.info\/wp-content\/uploads\/2017\/08\/16c2404ce5dd563860341f318f43f41e-300x225.jpg\" alt=\"\" width=\"300\" height=\"225\" srcset=\"https:\/\/nordwind.info\/wp-content\/uploads\/2017\/08\/16c2404ce5dd563860341f318f43f41e-300x225.jpg 300w, https:\/\/nordwind.info\/wp-content\/uploads\/2017\/08\/16c2404ce5dd563860341f318f43f41e-768x576.jpg 768w, https:\/\/nordwind.info\/wp-content\/uploads\/2017\/08\/16c2404ce5dd563860341f318f43f41e-1024x768.jpg 1024w, https:\/\/nordwind.info\/wp-content\/uploads\/2017\/08\/16c2404ce5dd563860341f318f43f41e.jpg 1600w\" sizes=\"auto, (max-width: 300px) 100vw, 300px\" \/><\/a>Vereinzelt trafen wir auf Petlinge, die sich in 6-8 Meten H\u00f6he an Laternenmasten befanden. Das Bergen ist kein Problem, da der Magnet des Caches\u00a0auch auf dem Hakenaufsatz haftet. Das Zur\u00fccklegen erfolgt dann durch\u00a0das vorsichtige Hochschieben am Mast. Idealer ist hier ein Rutenaufsatz aus einen St\u00fcck PVC-Rohr mit Rohrabschlu\u00df und\u00a0aufgeschnittener Seite f\u00fcr den Magneten.<\/p>\n<p style=\"text-align: justify;\">Diesen Tip bekamen wir w\u00e4hrend eines Biltema-Ausfluges von <a href=\"http:\/\/nordwind.info\/%3Ctd%3E%3Ca%20href=%22https:\/\/www.geocaching.com\/geocache\/GC4R2Z9_boba-tour-43%22%20target=%22_blank%22%3E%20%3Cimg%20src=%22http:\/\/nordwind.info\/wp-content\/uploads\/2016\/12\/BoBa-Tour-Banner-01.png%22%20border=%220%22%3E%3C\/a%3E%3C\/td%3E\" target=\"_blank\" rel=\"noopener noreferrer\">Babbelnase<\/a> \u2013 an dieser Stelle unseren Dank. Mit diesem Aufatz kann der Cache dann einfach wieder an die ordnungsgem\u00e4\u00dfe Stelle \u2013 ganz im Sinne des Owners \u2013 zur\u00fcckgelegt werden.<\/p>\n<p style=\"text-align: justify;\"><strong>Praxistipps<\/strong><\/p>\n<p style=\"text-align: justify;\">Achtet darauf, dass Ihr beim Ausschieben der Rute\/des Mastes die Elemente fest miteienander verbindet. Sollten die Elemente nicht fest herausgezogen sein, kommt Euch durch das Eigengewicht der ganze Segen auf halben Wege zur\u00fcck, knallt gegen den Rutenboden und bricht ihn\u00a0durch. Ist dies einmal passiert, kann man sich dadurch helfen, dass man das Rutenunterteil mit Tape \/ Panzerband fest umwickelt.<\/p>\n<p style=\"text-align: justify;\">Beim Bergen und Zur\u00fcckh\u00e4ngen der Caches entwickelt im Laufe der Zeit Jeder f\u00fcr sich selbst die eigene Technik. Vielleicht an dieser Stelle noch den Hinweis, das Wetter etwas im Auge zu behalten. Wenn es windig ist, erschwert sich der Einsatz bei dieser Cacheart um ein vielfaches und man sollte sich \u00fcberlegen, tas\u00e4chlich auf &#8222;besseres Wetter&#8220; zu warten.<\/p>\n<p><strong>Fahrradhalterung<\/strong><\/p>\n<p style=\"text-align: justify;\"><a href=\"http:\/\/nordwind.info\/wp-content\/uploads\/2018\/09\/Fahrrad.jpg\"><img loading=\"lazy\" decoding=\"async\" class=\"alignleft size-medium wp-image-4040\" src=\"http:\/\/nordwind.info\/wp-content\/uploads\/2018\/09\/Fahrrad-300x270.jpg\" alt=\"\" width=\"300\" height=\"270\" srcset=\"https:\/\/nordwind.info\/wp-content\/uploads\/2018\/09\/Fahrrad-300x270.jpg 300w, https:\/\/nordwind.info\/wp-content\/uploads\/2018\/09\/Fahrrad-768x691.jpg 768w, https:\/\/nordwind.info\/wp-content\/uploads\/2018\/09\/Fahrrad-1024x922.jpg 1024w, https:\/\/nordwind.info\/wp-content\/uploads\/2018\/09\/Fahrrad.jpg 1029w\" sizes=\"auto, (max-width: 300px) 100vw, 300px\" \/><\/a>Bei zahlreichen Trails mit versteckten Angelcaches ist die Benutzung von Kraftfahrzeugen nicht gestattet. Hier geht es dann nur zu Fu\u00df oder besser mit dem Fahrrad weiter.<\/p>\n<p style=\"text-align: justify;\">Um nun das Biltema-Dingsda vern\u00fcnftig am Fahrrad zu verstauen, besuchte ich mal den Baumarkt meines Vertrauens. F\u00fcr etwa 15,00 Euro Kleinteile und 1,5 Std. Heimarbeit entstand hierf\u00fcr eine kleine Halterung. Siehe hierzu das Foto unten.<\/p>\n<p style=\"text-align: justify;\">Die zwei kleinen Rohrschellen werden an geeigneter Stelle des Fahraddrahmens befestigt. Zum Durchmesserausgleich wickelt Ihr hier einige Lagen mit Gummistreifen an den betreffenden Stellen. In dem PVC-Rohr bohrt ihr unten zwei L\u00f6cher, steckt eine lange Schraube oder eine Gewindestange quer durch das Rohr und schraubt es jeweils von beiden Seiten (innen und au\u00dfen) an den Rohrw\u00e4nden fest. Dies dient als Sperre und verhindert das durchrutschen der Angelrute auf den Boden. Nachdem die beiden gro\u00dfen Schellen am PVC-Rohr befestigt sind, nehmt Ihr zwei der beiliegenden Montageschraube und s\u00e4gt mit einer Eisens\u00e4ge das Gewinde f\u00fcr die Wandmontage ab. Mit diesen verbleibenden Gewindestangen von etwa 1-2 cm werden dann die beiden Rohrschellen dauerhaft verbunden. Bei Benutzung eines Fahrradkorbes auf dem Gep\u00e4cktr\u00e4ger kann ein Loch im Boden des Korbes geschnitten werden, so da\u00df das obere Ende des PVC-Rohres hinein gesteckt werden kann.<\/p>\n<p>Nachdem dann alles\u00a0fest ist, kann es dann losgehen \u2013 Happy Hunting!<\/p>\n<p style=\"text-align: justify;\"><strong>St\u00fcckliste Angelrute<\/strong><\/p>\n<ul style=\"text-align: justify;\">\n<li>Angelrute \/ Fieberglasmast<\/li>\n<li>Gewindestange M6<\/li>\n<li>Schraubenmutter M6<\/li>\n<li>Schraubverbinder M6<\/li>\n<li>Allzweckkleber Uhu Hart o. \u00e4.<\/li>\n<li>Tape\/Panzerband<\/li>\n<li>Stahldraht oder Zeltheringe (Rutenaufsatz)<\/li>\n<li>Unterlegscheiben\u00a0(Rutenaufsatz)<\/li>\n<li>PVC-Rohr mit Abschlu\u00df (Rutenaufsatz)<\/li>\n<\/ul>\n<p><strong>St\u00fcckliste Fahrradhalterung<\/strong><\/p>\n<ul>\n<li><a href=\"http:\/\/nordwind.info\/wp-content\/uploads\/2018\/09\/Zubeh\u00f6r.jpg\"><img loading=\"lazy\" decoding=\"async\" class=\"alignright size-medium wp-image-4037\" src=\"http:\/\/nordwind.info\/wp-content\/uploads\/2018\/09\/Zubeh\u00f6r-300x225.jpg\" alt=\"\" width=\"300\" height=\"225\" srcset=\"https:\/\/nordwind.info\/wp-content\/uploads\/2018\/09\/Zubeh\u00f6r-300x225.jpg 300w, https:\/\/nordwind.info\/wp-content\/uploads\/2018\/09\/Zubeh\u00f6r-768x576.jpg 768w, https:\/\/nordwind.info\/wp-content\/uploads\/2018\/09\/Zubeh\u00f6r-1024x768.jpg 1024w, https:\/\/nordwind.info\/wp-content\/uploads\/2018\/09\/Zubeh\u00f6r.jpg 1280w\" sizes=\"auto, (max-width: 300px) 100vw, 300px\" \/><\/a>PVC-Rohr, L\u00e4nge etwa 0,80 m, Durchmesser je nach Rutenst\u00e4rke<\/li>\n<li>2 Rohrschellen, f\u00fcr PVC-Rohr<\/li>\n<li>2 Rohrschellen, f\u00fcr Fahrradrahmen<\/li>\n<li>Gummistreifen f\u00fcr Ausgleich<\/li>\n<li>Schraube\/Gewindestange mit Schraubenmuttern\/Unterlegscheiben f\u00fcr die Bodensperre<\/li>\n<\/ul>\n<p style=\"text-align: justify;\"><strong>Bezugsquellen<\/strong><\/p>\n<ul>\n<li style=\"text-align: justify;\"><a href=\"http:\/\/www.wimo.com\/mast-glasfaser_d.html\" target=\"_blank\" rel=\"noopener noreferrer\">Fa. WiMo, Antennen &amp; Elektronik GmbH<\/a><\/li>\n<li><a href=\"http:\/\/www.radio-laden.ch\/contents\/de-ch\/d112_Antennenmasten_u._Zubehoer.html\" target=\"_blank\" rel=\"noopener noreferrer\">Fa. Radio-Laden, Schweiz<\/a><\/li>\n<li><a href=\"http:\/\/www.dx-wire.de\/gfk-masten\/\" target=\"_blank\" rel=\"noopener noreferrer\">Fa. DX-Wire, Antennentechnik<\/a><\/li>\n<li style=\"text-align: justify;\">Heimwerkerladen Eures Vertrauens (Kleinteile)<\/li>\n<\/ul>\n<p><a href=\"#\">Nach oben<\/a><\/p>\n","protected":false},"excerpt":{"rendered":"<p>Bemerkenswert sind die immer \u00f6fter aufkommenden Biltema- oder Angel-Caches, die sich in 5-10 Metern H\u00f6he auf B\u00e4umen oder an Laternen befinden und sich nur mit Hilfe einer langen Angelrute oder Teleskopstange bergen lassen. Die Schwierigkeit besteht nicht nur, den Cache &hellip; <a href=\"https:\/\/nordwind.info\/?page_id=8\">Weiterlesen <span class=\"meta-nav\">&rarr;<\/span><\/a><\/p>\n","protected":false},"author":1,"featured_media":0,"parent":6,"menu_order":0,"comment_status":"closed","ping_status":"closed","template":"","meta":{"footnotes":""},"class_list":["post-8","page","type-page","status-publish","hentry"],"_links":{"self":[{"href":"https:\/\/nordwind.info\/index.php?rest_route=\/wp\/v2\/pages\/8","targetHints":{"allow":["GET"]}}],"collection":[{"href":"https:\/\/nordwind.info\/index.php?rest_route=\/wp\/v2\/pages"}],"about":[{"href":"https:\/\/nordwind.info\/index.php?rest_route=\/wp\/v2\/types\/page"}],"author":[{"embeddable":true,"href":"https:\/\/nordwind.info\/index.php?rest_route=\/wp\/v2\/users\/1"}],"replies":[{"embeddable":true,"href":"https:\/\/nordwind.info\/index.php?rest_route=%2Fwp%2Fv2%2Fcomments&post=8"}],"version-history":[{"count":38,"href":"https:\/\/nordwind.info\/index.php?rest_route=\/wp\/v2\/pages\/8\/revisions"}],"predecessor-version":[{"id":9349,"href":"https:\/\/nordwind.info\/index.php?rest_route=\/wp\/v2\/pages\/8\/revisions\/9349"}],"up":[{"embeddable":true,"href":"https:\/\/nordwind.info\/index.php?rest_route=\/wp\/v2\/pages\/6"}],"wp:attachment":[{"href":"https:\/\/nordwind.info\/index.php?rest_route=%2Fwp%2Fv2%2Fmedia&parent=8"}],"curies":[{"name":"wp","href":"https:\/\/api.w.org\/{rel}","templated":true}]}}