{"id":7234,"date":"2019-11-07T16:24:20","date_gmt":"2019-11-07T16:24:20","guid":{"rendered":"http:\/\/nordwind.info\/?page_id=7234"},"modified":"2025-03-11T15:52:18","modified_gmt":"2025-03-11T15:52:18","slug":"46900-hp-nendorf","status":"publish","type":"page","link":"https:\/\/nordwind.info\/?page_id=7234","title":{"rendered":"46,900 &#8211; Hp Nendorf"},"content":{"rendered":"<p>&nbsp;<\/p>\n<p>Auszug OSM<\/p>\n<p>&nbsp;<\/p>\n<p>Kartenauszug TK 1:25000 (Reichsamt f\u00fcr Landesvermessung 1945)<\/p>\n<p>Lageplan<\/p>\n<p>&nbsp;<\/p>\n<p>Gleisseite<\/p>\n<p>&nbsp;<\/p>\n<p>Stra\u00dfenseite<\/p>\n<ul>\n<li>&gt;&gt;&gt; <a href=\"http:\/\/nordwind.info\/?page_id=7236\">Bf Uchte<\/a><\/li>\n<li>&lt;&lt;&lt; <a href=\"http:\/\/nordwind.info\/?page_id=6058\">Wietze-Steinf\u00f6rde<\/a><\/li>\n<\/ul>\n<p><a href=\"#\">Seitenanfang<\/a><\/p>\n<p><a href=\"http:\/\/nordwind.info\/wp-content\/uploads\/2018\/03\/sh2schluss.gif\"><img loading=\"lazy\" decoding=\"async\" class=\"aligncenter size-full wp-image-2750\" src=\"http:\/\/nordwind.info\/wp-content\/uploads\/2018\/03\/sh2schluss.gif\" alt=\"\" width=\"45\" height=\"66\" \/><\/a><\/p>\n","protected":false},"excerpt":{"rendered":"<p>&nbsp; Auszug OSM &nbsp; Kartenauszug TK 1:25000 (Reichsamt f\u00fcr Landesvermessung 1945) Lageplan &nbsp; Gleisseite &nbsp; Stra\u00dfenseite &gt;&gt;&gt; Bf Uchte &lt;&lt;&lt; Wietze-Steinf\u00f6rde Seitenanfang<\/p>\n","protected":false},"author":1,"featured_media":0,"parent":3496,"menu_order":0,"comment_status":"closed","ping_status":"closed","template":"","meta":{"footnotes":""},"class_list":["post-7234","page","type-page","status-publish","hentry"],"_links":{"self":[{"href":"https:\/\/nordwind.info\/index.php?rest_route=\/wp\/v2\/pages\/7234","targetHints":{"allow":["GET"]}}],"collection":[{"href":"https:\/\/nordwind.info\/index.php?rest_route=\/wp\/v2\/pages"}],"about":[{"href":"https:\/\/nordwind.info\/index.php?rest_route=\/wp\/v2\/types\/page"}],"author":[{"embeddable":true,"href":"https:\/\/nordwind.info\/index.php?rest_route=\/wp\/v2\/users\/1"}],"replies":[{"embeddable":true,"href":"https:\/\/nordwind.info\/index.php?rest_route=%2Fwp%2Fv2%2Fcomments&post=7234"}],"version-history":[{"count":2,"href":"https:\/\/nordwind.info\/index.php?rest_route=\/wp\/v2\/pages\/7234\/revisions"}],"predecessor-version":[{"id":13635,"href":"https:\/\/nordwind.info\/index.php?rest_route=\/wp\/v2\/pages\/7234\/revisions\/13635"}],"up":[{"embeddable":true,"href":"https:\/\/nordwind.info\/index.php?rest_route=\/wp\/v2\/pages\/3496"}],"wp:attachment":[{"href":"https:\/\/nordwind.info\/index.php?rest_route=%2Fwp%2Fv2%2Fmedia&parent=7234"}],"curies":[{"name":"wp","href":"https:\/\/api.w.org\/{rel}","templated":true}]}}