{"id":7178,"date":"2019-11-07T15:55:36","date_gmt":"2019-11-07T15:55:36","guid":{"rendered":"http:\/\/nordwind.info\/?page_id=7178"},"modified":"2019-11-07T15:55:36","modified_gmt":"2019-11-07T15:55:36","slug":"21800-bf-jenhorst","status":"publish","type":"page","link":"https:\/\/nordwind.info\/?page_id=7178","title":{"rendered":"21,800 &#8211; Bf Jenhorst"},"content":{"rendered":"<p>&nbsp;<\/p>\n<p>Auszug OSM<\/p>\n<p>&nbsp;<\/p>\n<p>Kartenauszug TK 1:25000 (Reichsamt f\u00fcr Landesvermessung 1945)<\/p>\n<p>Lageplan<\/p>\n<p>&nbsp;<\/p>\n<p>Gleisseite<\/p>\n<p>&nbsp;<\/p>\n<p>Stra\u00dfenseite<\/p>\n<ul>\n<li>&lt;&lt;&lt; <a href=\"http:\/\/nordwind.info\/?page_id=6058\">Wietze-Steinf\u00f6rde<\/a><\/li>\n<li>&gt;&gt;&gt; <a href=\"http:\/\/nordwind.info\/?page_id=6054\">Marklendorf<\/a><\/li>\n<\/ul>\n<p><a href=\"#\">Seitenanfang<\/a><\/p>\n<p><a href=\"http:\/\/nordwind.info\/wp-content\/uploads\/2018\/03\/sh2schluss.gif\"><img loading=\"lazy\" decoding=\"async\" class=\"aligncenter size-full wp-image-2750\" src=\"http:\/\/nordwind.info\/wp-content\/uploads\/2018\/03\/sh2schluss.gif\" alt=\"\" width=\"45\" height=\"66\" \/><\/a><\/p>\n","protected":false},"excerpt":{"rendered":"<p>&nbsp; Auszug OSM &nbsp; Kartenauszug TK 1:25000 (Reichsamt f\u00fcr Landesvermessung 1945) Lageplan &nbsp; Gleisseite &nbsp; Stra\u00dfenseite &lt;&lt;&lt; Wietze-Steinf\u00f6rde &gt;&gt;&gt; Marklendorf Seitenanfang<\/p>\n","protected":false},"author":1,"featured_media":0,"parent":7122,"menu_order":0,"comment_status":"closed","ping_status":"closed","template":"","meta":{"footnotes":""},"class_list":["post-7178","page","type-page","status-publish","hentry"],"_links":{"self":[{"href":"https:\/\/nordwind.info\/index.php?rest_route=\/wp\/v2\/pages\/7178","targetHints":{"allow":["GET"]}}],"collection":[{"href":"https:\/\/nordwind.info\/index.php?rest_route=\/wp\/v2\/pages"}],"about":[{"href":"https:\/\/nordwind.info\/index.php?rest_route=\/wp\/v2\/types\/page"}],"author":[{"embeddable":true,"href":"https:\/\/nordwind.info\/index.php?rest_route=\/wp\/v2\/users\/1"}],"replies":[{"embeddable":true,"href":"https:\/\/nordwind.info\/index.php?rest_route=%2Fwp%2Fv2%2Fcomments&post=7178"}],"version-history":[{"count":1,"href":"https:\/\/nordwind.info\/index.php?rest_route=\/wp\/v2\/pages\/7178\/revisions"}],"predecessor-version":[{"id":7179,"href":"https:\/\/nordwind.info\/index.php?rest_route=\/wp\/v2\/pages\/7178\/revisions\/7179"}],"up":[{"embeddable":true,"href":"https:\/\/nordwind.info\/index.php?rest_route=\/wp\/v2\/pages\/7122"}],"wp:attachment":[{"href":"https:\/\/nordwind.info\/index.php?rest_route=%2Fwp%2Fv2%2Fmedia&parent=7178"}],"curies":[{"name":"wp","href":"https:\/\/api.w.org\/{rel}","templated":true}]}}