

{"id":6138,"date":"2019-10-22T13:37:30","date_gmt":"2019-10-22T13:37:30","guid":{"rendered":"http:\/\/nordwind.info\/?page_id=6138"},"modified":"2019-10-22T14:21:52","modified_gmt":"2019-10-22T14:21:52","slug":"86800-bf-bassum","status":"publish","type":"page","link":"https:\/\/nordwind.info\/?page_id=6138","title":{"rendered":"86,800 &#8211; Bf Bassum"},"content":{"rendered":"\n\n\t\t\t\t<div id=\"map_ol3js_1\" class=\"map undefined\" data-map_name=\"undefined\" data-map=\"map_ol3js_1\" style=\"width:100%; max-width:100%; height:450px; display:block; overflow:hidden;border:thin solid;\" >\n\t\t\t\t  <div id=\"map_ol3js_1_popup\" class=\"ol-popup\" >\n\t\t\t\t\t<a href=\"#\" id=\"map_ol3js_1_popup-closer\" class=\"ol-popup-closer\"><\/a>\n\t\t\t\t\t<div id=\"map_ol3js_1_popup-content\" ><\/div>\n\t\t\t\t  <\/div>\n\t\t\t\t<\/div>\n\t\t\t\n\n\t\t\t\t<script type=\"text\/javascript\">\n\t\t\t\t\ttranslations['openlayer'] = \"open layer\";\n\t\t\t\t\ttranslations['openlayerAtStartup'] = \"open layer at startup\";\n\t\t\t\t\ttranslations['generateLink'] = \"Der Link zur Karte mit ausgew\u00e4hlten Overlays und angezeigtem Ausschnitt\";\n\t\t\t\t\ttranslations['shortDescription'] = \"Kurzbeschreibung\";\n\t\t\t\t\ttranslations['generatedShortCode'] = \"to get a text control link paste this code in your wordpress editor\";\n\t\t\t\t\ttranslations['closeLayer'] = \"close layer\";\n\t\t\t\t\ttranslations['cantGenerateLink'] = \"put this string in the existing map short code to control this map\";\n\t\t\t  <\/script>\n\n\n\t\t\t  <script type=\"text\/javascript\">\n\t\t\t  vectorM['map_ol3js_1'] = [];\n\t        \n        var raster = getTileLayer(\"\",\"NoKey\");\t\t\t\n\n\t\t\t  var map_ol3js_1 = new ol.Map({\n\t\t\t\tinteractions: ol.interaction.defaults.defaults({mouseWheelZoom:false}),\n\t\t\t\tlayers: [raster],\n\t\t\t\ttarget: \"map_ol3js_1\",\n\t\t\t\tview: new ol.View({\n\t\t\t\t  center: ol.proj.transform([8.7402,52.8474], \"EPSG:4326\", \"EPSG:3857\"),\n\t\t\t\t  zoom: 13\n\t\t\t\t})\n\t\t\t  });\n\t\t\t  osm_addMarkerLayer(map_ol3js_1,8.7402,52.8474,\"https:\/\/nordwind.info\/wp-content\/plugins\/osm\/icons\/mic_red_pinother_02.png\",-16,-41,\"<p><\/p>\") ; \naddControls2Map(map_ol3js_1,0,0,3,0,5,6,7,0,1);\nosm_addPopupClickhandler(map_ol3js_1,  \"map_ol3js_1\"); \nosm_addMouseHover(map_ol3js_1); <\/script>\n<p>Auszug OSM<\/p>\n<p><a href=\"http:\/\/nordwind.info\/wp-content\/uploads\/2019\/10\/Bassum-3118.jpg\"><img loading=\"lazy\" decoding=\"async\" class=\"aligncenter size-large wp-image-6145\" src=\"http:\/\/nordwind.info\/wp-content\/uploads\/2019\/10\/Bassum-3118-991x1024.jpg\" alt=\"\" width=\"640\" height=\"661\" srcset=\"https:\/\/nordwind.info\/wp-content\/uploads\/2019\/10\/Bassum-3118-991x1024.jpg 991w, https:\/\/nordwind.info\/wp-content\/uploads\/2019\/10\/Bassum-3118-290x300.jpg 290w, https:\/\/nordwind.info\/wp-content\/uploads\/2019\/10\/Bassum-3118-768x794.jpg 768w\" sizes=\"auto, (max-width: 640px) 100vw, 640px\" \/><\/a><\/p>\n<p>Kartenauszug TK 1:25000 (Reichsamt f\u00fcr Landesvermessung 1945)<\/p>\n<p><a href=\"http:\/\/nordwind.info\/wp-content\/uploads\/2018\/03\/Bassum.jpg\"><img loading=\"lazy\" decoding=\"async\" class=\"aligncenter size-large wp-image-3411\" src=\"http:\/\/nordwind.info\/wp-content\/uploads\/2018\/03\/Bassum-1024x658.jpg\" alt=\"\" width=\"640\" height=\"411\" srcset=\"https:\/\/nordwind.info\/wp-content\/uploads\/2018\/03\/Bassum-1024x658.jpg 1024w, https:\/\/nordwind.info\/wp-content\/uploads\/2018\/03\/Bassum-300x193.jpg 300w, https:\/\/nordwind.info\/wp-content\/uploads\/2018\/03\/Bassum-768x493.jpg 768w\" sizes=\"auto, (max-width: 640px) 100vw, 640px\" \/><\/a><\/p>\n<p>Lageplan<\/p>\n<p><a href=\"http:\/\/nordwind.info\/wp-content\/uploads\/2019\/10\/206780-Bf-Bassum-Gleis-1-N-S.jpg\"><img loading=\"lazy\" decoding=\"async\" class=\"aligncenter size-large wp-image-6140\" src=\"http:\/\/nordwind.info\/wp-content\/uploads\/2019\/10\/206780-Bf-Bassum-Gleis-1-N-S-1024x768.jpg\" alt=\"\" width=\"640\" height=\"480\" srcset=\"https:\/\/nordwind.info\/wp-content\/uploads\/2019\/10\/206780-Bf-Bassum-Gleis-1-N-S-1024x768.jpg 1024w, https:\/\/nordwind.info\/wp-content\/uploads\/2019\/10\/206780-Bf-Bassum-Gleis-1-N-S-300x225.jpg 300w, https:\/\/nordwind.info\/wp-content\/uploads\/2019\/10\/206780-Bf-Bassum-Gleis-1-N-S-768x576.jpg 768w, https:\/\/nordwind.info\/wp-content\/uploads\/2019\/10\/206780-Bf-Bassum-Gleis-1-N-S.jpg 1280w\" sizes=\"auto, (max-width: 640px) 100vw, 640px\" \/><\/a><\/p>\n<p>Gleisseite<\/p>\n<p><a href=\"http:\/\/nordwind.info\/wp-content\/uploads\/2019\/10\/206780-Bf-Bassum-Vorplatz.jpg\"><img loading=\"lazy\" decoding=\"async\" class=\"aligncenter size-large wp-image-6141\" src=\"http:\/\/nordwind.info\/wp-content\/uploads\/2019\/10\/206780-Bf-Bassum-Vorplatz-1024x768.jpg\" alt=\"\" width=\"640\" height=\"480\" srcset=\"https:\/\/nordwind.info\/wp-content\/uploads\/2019\/10\/206780-Bf-Bassum-Vorplatz-1024x768.jpg 1024w, https:\/\/nordwind.info\/wp-content\/uploads\/2019\/10\/206780-Bf-Bassum-Vorplatz-300x225.jpg 300w, https:\/\/nordwind.info\/wp-content\/uploads\/2019\/10\/206780-Bf-Bassum-Vorplatz-768x576.jpg 768w, https:\/\/nordwind.info\/wp-content\/uploads\/2019\/10\/206780-Bf-Bassum-Vorplatz.jpg 1280w\" sizes=\"auto, (max-width: 640px) 100vw, 640px\" \/><\/a><\/p>\n<p>Stra\u00dfenseite<\/p>\n<p><a href=\"http:\/\/nordwind.info\/wp-content\/uploads\/2019\/10\/206780-Bf-Bassum-Gleis-1-S-N.jpg\"><img loading=\"lazy\" decoding=\"async\" class=\"aligncenter size-large wp-image-6143\" src=\"http:\/\/nordwind.info\/wp-content\/uploads\/2019\/10\/206780-Bf-Bassum-Gleis-1-S-N-1024x768.jpg\" alt=\"\" width=\"640\" height=\"480\" srcset=\"https:\/\/nordwind.info\/wp-content\/uploads\/2019\/10\/206780-Bf-Bassum-Gleis-1-S-N-1024x768.jpg 1024w, https:\/\/nordwind.info\/wp-content\/uploads\/2019\/10\/206780-Bf-Bassum-Gleis-1-S-N-300x225.jpg 300w, https:\/\/nordwind.info\/wp-content\/uploads\/2019\/10\/206780-Bf-Bassum-Gleis-1-S-N-768x576.jpg 768w, https:\/\/nordwind.info\/wp-content\/uploads\/2019\/10\/206780-Bf-Bassum-Gleis-1-S-N.jpg 1280w\" sizes=\"auto, (max-width: 640px) 100vw, 640px\" \/><\/a><\/p>\n<p>Gleise Richtung Norden<\/p>\n<p><a href=\"http:\/\/nordwind.info\/wp-content\/uploads\/2019\/10\/206780-Bf-Bassum-Gleise-Ri-S\u00fcden-Sulingen.jpg\"><img loading=\"lazy\" decoding=\"async\" class=\"aligncenter size-large wp-image-6144\" src=\"http:\/\/nordwind.info\/wp-content\/uploads\/2019\/10\/206780-Bf-Bassum-Gleise-Ri-S\u00fcden-Sulingen-1024x768.jpg\" alt=\"\" width=\"640\" height=\"480\" srcset=\"https:\/\/nordwind.info\/wp-content\/uploads\/2019\/10\/206780-Bf-Bassum-Gleise-Ri-S\u00fcden-Sulingen-1024x768.jpg 1024w, https:\/\/nordwind.info\/wp-content\/uploads\/2019\/10\/206780-Bf-Bassum-Gleise-Ri-S\u00fcden-Sulingen-300x225.jpg 300w, https:\/\/nordwind.info\/wp-content\/uploads\/2019\/10\/206780-Bf-Bassum-Gleise-Ri-S\u00fcden-Sulingen-768x576.jpg 768w, https:\/\/nordwind.info\/wp-content\/uploads\/2019\/10\/206780-Bf-Bassum-Gleise-Ri-S\u00fcden-Sulingen.jpg 1280w\" sizes=\"auto, (max-width: 640px) 100vw, 640px\" \/><\/a><\/p>\n<p>Gleise Richtung S\u00fcden<\/p>\n<ul>\n<li>&lt;&lt;&lt; <a href=\"http:\/\/nordwind.info\/?page_id=6149\">Apelstedt<\/a><\/li>\n<\/ul>\n<p><a href=\"#\">Seitenanfang<\/a><\/p>\n<p><a href=\"http:\/\/nordwind.info\/wp-content\/uploads\/2018\/03\/sh2schluss.gif\"><img loading=\"lazy\" decoding=\"async\" class=\"aligncenter size-full wp-image-2750\" src=\"http:\/\/nordwind.info\/wp-content\/uploads\/2018\/03\/sh2schluss.gif\" alt=\"\" width=\"45\" height=\"66\" \/><\/a><\/p>\n","protected":false},"excerpt":{"rendered":"<p>Auszug OSM Kartenauszug TK 1:25000 (Reichsamt f\u00fcr Landesvermessung 1945) Lageplan Gleisseite Stra\u00dfenseite Gleise Richtung Norden Gleise Richtung S\u00fcden &lt;&lt;&lt; Apelstedt Seitenanfang<\/p>\n","protected":false},"author":1,"featured_media":0,"parent":3615,"menu_order":0,"comment_status":"closed","ping_status":"closed","template":"","meta":{"footnotes":""},"class_list":["post-6138","page","type-page","status-publish","hentry"],"_links":{"self":[{"href":"https:\/\/nordwind.info\/index.php?rest_route=\/wp\/v2\/pages\/6138","targetHints":{"allow":["GET"]}}],"collection":[{"href":"https:\/\/nordwind.info\/index.php?rest_route=\/wp\/v2\/pages"}],"about":[{"href":"https:\/\/nordwind.info\/index.php?rest_route=\/wp\/v2\/types\/page"}],"author":[{"embeddable":true,"href":"https:\/\/nordwind.info\/index.php?rest_route=\/wp\/v2\/users\/1"}],"replies":[{"embeddable":true,"href":"https:\/\/nordwind.info\/index.php?rest_route=%2Fwp%2Fv2%2Fcomments&post=6138"}],"version-history":[{"count":4,"href":"https:\/\/nordwind.info\/index.php?rest_route=\/wp\/v2\/pages\/6138\/revisions"}],"predecessor-version":[{"id":6200,"href":"https:\/\/nordwind.info\/index.php?rest_route=\/wp\/v2\/pages\/6138\/revisions\/6200"}],"up":[{"embeddable":true,"href":"https:\/\/nordwind.info\/index.php?rest_route=\/wp\/v2\/pages\/3615"}],"wp:attachment":[{"href":"https:\/\/nordwind.info\/index.php?rest_route=%2Fwp%2Fv2%2Fmedia&parent=6138"}],"curies":[{"name":"wp","href":"https:\/\/api.w.org\/{rel}","templated":true}]}}