{"id":61,"date":"2017-08-10T04:55:28","date_gmt":"2017-08-10T04:55:28","guid":{"rendered":"http:\/\/nordwind.info\/?page_id=61"},"modified":"2018-06-14T10:04:16","modified_gmt":"2018-06-14T10:04:16","slug":"61-2","status":"publish","type":"page","link":"https:\/\/nordwind.info\/?page_id=61","title":{"rendered":"Taschen und Rucks\u00e4cke"},"content":{"rendered":"<p style=\"text-align: justify;\"><a href=\"http:\/\/nordwind.info\/wp-content\/uploads\/2018\/01\/Rucksackstiefel.jpg\"><img loading=\"lazy\" decoding=\"async\" class=\"alignright size-medium wp-image-2269\" src=\"http:\/\/nordwind.info\/wp-content\/uploads\/2018\/01\/Rucksackstiefel-300x225.jpg\" alt=\"\" width=\"300\" height=\"225\" srcset=\"https:\/\/nordwind.info\/wp-content\/uploads\/2018\/01\/Rucksackstiefel-300x225.jpg 300w, https:\/\/nordwind.info\/wp-content\/uploads\/2018\/01\/Rucksackstiefel-768x576.jpg 768w, https:\/\/nordwind.info\/wp-content\/uploads\/2018\/01\/Rucksackstiefel-1024x768.jpg 1024w, https:\/\/nordwind.info\/wp-content\/uploads\/2018\/01\/Rucksackstiefel.jpg 1280w\" sizes=\"auto, (max-width: 300px) 100vw, 300px\" \/><\/a>Irgendwann kommt der Zeitpunkt, dass wir f\u00fcr\u00a0unser Hobby eine Tasche ben\u00f6tigen. Denn\u00a0die\u00a0Ausr\u00fcstung (eGCA) w\u00e4chst mit den Aufgaben, und wir wollen den ganzen Kram\u00a0nicht\u00a0in den Taschen unserer Kleidung transportieren.<\/p>\n<p style=\"text-align: justify;\">Auf dem Markt sind Taschen und Rucks\u00e4cke in den unterschiedlichsten Formen, Ausf\u00fchrungen und Preisklassen erh\u00e4ltlich.<\/p>\n<p style=\"text-align: justify;\">Daher sind vor einer Anschaffung doch einige \u00dcberlegungen in den Punkten Modell, Material, Gr\u00f6\u00dfe, Ausstattung und Anschaffungspreis n\u00f6tig. Die Taschen, die f\u00fcr unser Hobby brauchbar sind, teilen sich folgenderma\u00dfen auf:<\/p>\n<ul style=\"text-align: justify;\">\n<li>G\u00fcrteltasche \u2013 Waistpack<\/li>\n<li>Bauchtasche<\/li>\n<li>Schultergurt \u2013 KangaTek Sling<\/li>\n<li>Schultertasche \u2013 Versipack<\/li>\n<li>Schulterrucksack \u2013 Gearslinger<\/li>\n<li>Rucksack \u2013 Backpack<\/li>\n<\/ul>\n<p style=\"text-align: justify;\"><strong>G\u00fcrteltasche<\/strong><\/p>\n<p style=\"text-align: justify;\"><a href=\"http:\/\/nordwind.info\/wp-content\/uploads\/2018\/01\/Guerteltasche.jpg\"><img loading=\"lazy\" decoding=\"async\" class=\"alignright size-medium wp-image-2265\" src=\"http:\/\/nordwind.info\/wp-content\/uploads\/2018\/01\/Guerteltasche-300x225.jpg\" alt=\"\" width=\"300\" height=\"225\" srcset=\"https:\/\/nordwind.info\/wp-content\/uploads\/2018\/01\/Guerteltasche-300x225.jpg 300w, https:\/\/nordwind.info\/wp-content\/uploads\/2018\/01\/Guerteltasche-768x576.jpg 768w, https:\/\/nordwind.info\/wp-content\/uploads\/2018\/01\/Guerteltasche-1024x768.jpg 1024w, https:\/\/nordwind.info\/wp-content\/uploads\/2018\/01\/Guerteltasche.jpg 1280w\" sizes=\"auto, (max-width: 300px) 100vw, 300px\" \/><\/a>G\u00fcrteltaschen haben ihren Ursprung von den Milit\u00e4rs als Magazin-\/Patronentaschen und sind ideal f\u00fcr das\u00a0EDC (every Day carring), was in etwa der\u00a0Minimal-ausr\u00fcstung entspricht, die wir f\u00fcrs Geocaching ben\u00f6tigen.\u00a0Diese Taschen gibt es in unterschiedlichen Gr\u00f6\u00dfen, wobei das Packma\u00df nicht h\u00f6her als 1 Liter betragen sollte (Gewicht am G\u00fcrtel).<\/p>\n<p style=\"text-align: justify;\"><strong>Bauchtasche<\/strong><\/p>\n<p style=\"text-align: justify;\"><a href=\"http:\/\/nordwind.info\/wp-content\/uploads\/2018\/01\/Bauchtasche.jpg\"><img loading=\"lazy\" decoding=\"async\" class=\"alignright size-medium wp-image-2264\" src=\"http:\/\/nordwind.info\/wp-content\/uploads\/2018\/01\/Bauchtasche-300x206.jpg\" alt=\"\" width=\"300\" height=\"206\" srcset=\"https:\/\/nordwind.info\/wp-content\/uploads\/2018\/01\/Bauchtasche-300x206.jpg 300w, https:\/\/nordwind.info\/wp-content\/uploads\/2018\/01\/Bauchtasche-768x527.jpg 768w, https:\/\/nordwind.info\/wp-content\/uploads\/2018\/01\/Bauchtasche-1024x703.jpg 1024w, https:\/\/nordwind.info\/wp-content\/uploads\/2018\/01\/Bauchtasche.jpg 1280w\" sizes=\"auto, (max-width: 300px) 100vw, 300px\" \/><\/a>Soll es etwas mehr sein, empfiehlt sich eine Bauchtasche. Mit dem integrierten G\u00fcrtel ist diese Tasche schnell zu greifen und unter-schiedlich zu tragen (Bauch \/ Schulter). Das\u00a0enormen Packvolumen dieser Tasche ist ideal f\u00fcr das t\u00e4gliche EDC. Taschen dieser Art gibt es von den unterschiedlichsten Herstellern. Die Abbildung zeigt den Octra-Versipack der Firma Maxpedition.<\/p>\n<p style=\"text-align: justify;\"><strong>Schultergurt<\/strong><\/p>\n<p style=\"text-align: justify;\"><a href=\"http:\/\/nordwind.info\/wp-content\/uploads\/2018\/01\/Kanga.jpg\"><img loading=\"lazy\" decoding=\"async\" class=\"alignright size-medium wp-image-2263\" src=\"http:\/\/nordwind.info\/wp-content\/uploads\/2018\/01\/Kanga-300x225.jpg\" alt=\"\" width=\"300\" height=\"225\" srcset=\"https:\/\/nordwind.info\/wp-content\/uploads\/2018\/01\/Kanga-300x225.jpg 300w, https:\/\/nordwind.info\/wp-content\/uploads\/2018\/01\/Kanga-768x576.jpg 768w, https:\/\/nordwind.info\/wp-content\/uploads\/2018\/01\/Kanga-1024x768.jpg 1024w, https:\/\/nordwind.info\/wp-content\/uploads\/2018\/01\/Kanga.jpg 1280w\" sizes=\"auto, (max-width: 300px) 100vw, 300px\" \/><\/a>Bei dem\u00a0KangaTek Sling handelt es sich um einen Schultergurt aus wasserabweisendem Neoprenmaterial in Sch\u00e4rpenform\u00a0mit\u00a0vier integrierten F\u00e4chern. Ideal ist der Sling beim Sport f\u00fcr den Transport einer\u00a0Minimalausr\u00fcstung, wenn andere Taschen keine Alternative oder nicht erforderlich sind.\u00a0Das Packvolumen ist ehe minimal anzusehen und entspricht etwa dem einer G\u00fcrteltasche.<\/p>\n<p style=\"text-align: justify;\"><strong>Schultertasche<\/strong><\/p>\n<p style=\"text-align: justify;\"><a href=\"http:\/\/nordwind.info\/wp-content\/uploads\/2018\/01\/Fat_Boy.jpg\"><img loading=\"lazy\" decoding=\"async\" class=\"alignright size-medium wp-image-2261\" src=\"http:\/\/nordwind.info\/wp-content\/uploads\/2018\/01\/Fat_Boy-300x227.jpg\" alt=\"\" width=\"300\" height=\"227\" srcset=\"https:\/\/nordwind.info\/wp-content\/uploads\/2018\/01\/Fat_Boy-300x227.jpg 300w, https:\/\/nordwind.info\/wp-content\/uploads\/2018\/01\/Fat_Boy-768x580.jpg 768w, https:\/\/nordwind.info\/wp-content\/uploads\/2018\/01\/Fat_Boy-1024x774.jpg 1024w, https:\/\/nordwind.info\/wp-content\/uploads\/2018\/01\/Fat_Boy.jpg 1280w\" sizes=\"auto, (max-width: 300px) 100vw, 300px\" \/><\/a>Egal ob Beruf, Schule oder Freizeit: Die Schultertasche\u00a0ist\u00a0f\u00fcr diese Aktivit\u00e4ten nicht mehr wegzudenken. Diese Taschenform finden wir\u00a0sehr oft\u00a0beim Geocaching wieder, wobei der Fat-Boy ein Favorit ist.\u00a0Der Fat-Boy ist in den unterschiedlichsten Gr\u00f6\u00dfen erh\u00e4ltlich und hat\u00a0mehrere\u00a0Au\u00dfentaschen. Der Zugriff auf h\u00e4ufig benutzte Gegenst\u00e4nde wird erleichtert.<\/p>\n<p style=\"text-align: justify;\"><strong>Schulterrucksack<\/strong><\/p>\n<p style=\"text-align: justify;\"><a href=\"http:\/\/nordwind.info\/wp-content\/uploads\/2018\/01\/Schulterrucksack.jpg\"><img loading=\"lazy\" decoding=\"async\" class=\"alignright size-medium wp-image-2267\" src=\"http:\/\/nordwind.info\/wp-content\/uploads\/2018\/01\/Schulterrucksack-300x225.jpg\" alt=\"\" width=\"300\" height=\"225\" srcset=\"https:\/\/nordwind.info\/wp-content\/uploads\/2018\/01\/Schulterrucksack-300x225.jpg 300w, https:\/\/nordwind.info\/wp-content\/uploads\/2018\/01\/Schulterrucksack-768x576.jpg 768w, https:\/\/nordwind.info\/wp-content\/uploads\/2018\/01\/Schulterrucksack-1024x768.jpg 1024w, https:\/\/nordwind.info\/wp-content\/uploads\/2018\/01\/Schulterrucksack.jpg 1280w\" sizes=\"auto, (max-width: 300px) 100vw, 300px\" \/><\/a>Gearslinger haben nur einen Schulterriemen und sind ein Mittelding zwischen der Schultertasche und dem klassischen Rucksack. Da\u00a0immer nur eine Schulter belastet wird sollte man darauf achten, dass ein wechselseiteiges\u00a0Tragen m\u00f6glich ist. Ideal f\u00fcr kurze Touren. Beim\u00a0Zugriff auf den Inhalt\u00a0entf\u00e4llt das\u00a0abschnallen vom K\u00f6rper.<\/p>\n<p style=\"text-align: justify;\"><strong>Rucksack<\/strong><\/p>\n<p style=\"text-align: justify;\"><a href=\"http:\/\/nordwind.info\/wp-content\/uploads\/2018\/01\/Rucksack.jpg\"><img loading=\"lazy\" decoding=\"async\" class=\"alignright size-medium wp-image-2268\" src=\"http:\/\/nordwind.info\/wp-content\/uploads\/2018\/01\/Rucksack-300x218.jpg\" alt=\"\" width=\"300\" height=\"218\" srcset=\"https:\/\/nordwind.info\/wp-content\/uploads\/2018\/01\/Rucksack-300x218.jpg 300w, https:\/\/nordwind.info\/wp-content\/uploads\/2018\/01\/Rucksack-768x559.jpg 768w, https:\/\/nordwind.info\/wp-content\/uploads\/2018\/01\/Rucksack-1024x745.jpg 1024w, https:\/\/nordwind.info\/wp-content\/uploads\/2018\/01\/Rucksack.jpg 1280w\" sizes=\"auto, (max-width: 300px) 100vw, 300px\" \/><\/a>Bei den Rucks\u00e4cken m\u00fc\u00dfen wir pr\u00fcfen, was wir vorhaben. Denn hier h\u00e4lt der Handel f\u00fcr jeden Zweck\u00a0unz\u00e4hlige Modelle in ver-schiedenen\u00a0Gr\u00f6\u00dfen und Ausf\u00fchrungen parat. Entscheidend ist auch hier, was an Ausr\u00fcstung verstaut werden soll und was noch zus\u00e4tzlich f\u00fcr das Wohlbefinden mit-kommt. Gute Erfahrungen haben wir mit einen Daypack (Tagesrucksack)\u00a0gemacht, den wir f\u00fcr\u00a0Wandertrails nehmen.<\/p>\n<p><strong>Material<\/strong><\/p>\n<p style=\"text-align: justify;\">Als Material f\u00fcr unsere Tasche geben wir hier Nylon den Vorzug. Gegen\u00fcber Leder oder Stoff ist Nylon nahezu unkaputtbar und kann bei Verschmutzung leicht durch die Handw\u00e4sche gereinigt werden. Achtet beim Kauf darauf, dass die Schultergurte gepolstert sind. Viele Taschen besitzen ein Molle-System. Dahinter verbirgt sich aufgen\u00e4hte Schlaufen, mit denen sich mehrere Taschen als eine Einheit verbinden lassen. \u00dcber die Vorz\u00fcge der aufgesetzten Seitentasche bin ich bereits eingegangen. Viele Taschen haben in ihrem Innenleben Fachaufteilungen mittels Schlaufen womit sich viele Tools \u00fcbersichtlich verstauen lassen.<\/p>\n<p style=\"text-align: justify;\">Alle aufgef\u00fchrten Taschen und Rucks\u00e4cke sind f\u00fcr den kleinen, mittleren aber auch gro\u00dfen Geldbeutel erh\u00e4ltlich. Qualit\u00e4t hat ja immer noch seinen Preis und es lohnt sich daher auf alle F\u00e4lle, Kundenrezensionen durchzulesen oder Testberichte auf YourTube anzuschauen. Mitunter lohnt sich dann doch eine etwas h\u00f6here Investition um sich nicht \u00fcber gestorbene Reisverschl\u00fcsse oder aufl\u00f6sende N\u00e4hte an den Taschen\u00a0zu \u00e4rgern.<\/p>\n<p style=\"text-align: justify;\"><strong>H\u00e4ndlerverzeichnis \/\u00a0Bezugsquellen<\/strong><\/p>\n<ul style=\"text-align: justify;\">\n<li><a href=\"https:\/\/www.amazon.de\/s\/ref=nb_sb_ss_i_1_15?__mk_de_DE=%C3%85M%C3%85%C5%BD%C3%95%C3%91&amp;url=search-alias%3Dluggage&amp;field-keywords=taschen+outdoor&amp;sprefix=Taschen+outdoor%2Cluggage%2C144&amp;crid=148Y71L9ARM3O&amp;rh=n%3A2454118031%2Ck%3Ataschen+outdoor\" target=\"_blank\" rel=\"noopener\">Amazon<\/a><\/li>\n<li><a href=\"https:\/\/www.asmc.de\/search\/q\/Taschen\" target=\"_blank\" rel=\"noopener\">ASMC<\/a><\/li>\n<li><a href=\"http:\/\/www.maxpedition.de\/shop\/shop_content.php?coID=18\" target=\"_blank\" rel=\"noopener\">Maxpedition<\/a><\/li>\n<\/ul>\n<p style=\"text-align: justify;\"><a href=\"#\">Nach oben<\/a><\/p>\n","protected":false},"excerpt":{"rendered":"<p>Irgendwann kommt der Zeitpunkt, dass wir f\u00fcr\u00a0unser Hobby eine Tasche ben\u00f6tigen. Denn\u00a0die\u00a0Ausr\u00fcstung (eGCA) w\u00e4chst mit den Aufgaben, und wir wollen den ganzen Kram\u00a0nicht\u00a0in den Taschen unserer Kleidung transportieren. Auf dem Markt sind Taschen und Rucks\u00e4cke in den unterschiedlichsten Formen, Ausf\u00fchrungen &hellip; <a href=\"https:\/\/nordwind.info\/?page_id=61\">Weiterlesen <span class=\"meta-nav\">&rarr;<\/span><\/a><\/p>\n","protected":false},"author":1,"featured_media":0,"parent":6,"menu_order":0,"comment_status":"closed","ping_status":"closed","template":"","meta":{"footnotes":""},"class_list":["post-61","page","type-page","status-publish","hentry"],"_links":{"self":[{"href":"https:\/\/nordwind.info\/index.php?rest_route=\/wp\/v2\/pages\/61","targetHints":{"allow":["GET"]}}],"collection":[{"href":"https:\/\/nordwind.info\/index.php?rest_route=\/wp\/v2\/pages"}],"about":[{"href":"https:\/\/nordwind.info\/index.php?rest_route=\/wp\/v2\/types\/page"}],"author":[{"embeddable":true,"href":"https:\/\/nordwind.info\/index.php?rest_route=\/wp\/v2\/users\/1"}],"replies":[{"embeddable":true,"href":"https:\/\/nordwind.info\/index.php?rest_route=%2Fwp%2Fv2%2Fcomments&post=61"}],"version-history":[{"count":9,"href":"https:\/\/nordwind.info\/index.php?rest_route=\/wp\/v2\/pages\/61\/revisions"}],"predecessor-version":[{"id":2271,"href":"https:\/\/nordwind.info\/index.php?rest_route=\/wp\/v2\/pages\/61\/revisions\/2271"}],"up":[{"embeddable":true,"href":"https:\/\/nordwind.info\/index.php?rest_route=\/wp\/v2\/pages\/6"}],"wp:attachment":[{"href":"https:\/\/nordwind.info\/index.php?rest_route=%2Fwp%2Fv2%2Fmedia&parent=61"}],"curies":[{"name":"wp","href":"https:\/\/api.w.org\/{rel}","templated":true}]}}