

{"id":6030,"date":"2019-10-22T05:36:17","date_gmt":"2019-10-22T05:36:17","guid":{"rendered":"http:\/\/nordwind.info\/?page_id=6030"},"modified":"2020-08-05T05:05:18","modified_gmt":"2020-08-05T05:05:18","slug":"63400-bf-huelsen","status":"publish","type":"page","link":"https:\/\/nordwind.info\/?page_id=6030","title":{"rendered":"63,400 &#8211; Bf H\u00fclsen"},"content":{"rendered":"\n\n\t\t\t\t<div id=\"map_ol3js_1\" class=\"map undefined\" data-map_name=\"undefined\" data-map=\"map_ol3js_1\" style=\"width:100%; max-width:100%; height:450px; display:block; overflow:hidden;border:thin solid;\" >\n\t\t\t\t  <div id=\"map_ol3js_1_popup\" class=\"ol-popup\" >\n\t\t\t\t\t<a href=\"#\" id=\"map_ol3js_1_popup-closer\" class=\"ol-popup-closer\"><\/a>\n\t\t\t\t\t<div id=\"map_ol3js_1_popup-content\" ><\/div>\n\t\t\t\t  <\/div>\n\t\t\t\t<\/div>\n\t\t\t\n\n\t\t\t\t<script type=\"text\/javascript\">\n\t\t\t\t\ttranslations['openlayer'] = \"open layer\";\n\t\t\t\t\ttranslations['openlayerAtStartup'] = \"open layer at startup\";\n\t\t\t\t\ttranslations['generateLink'] = \"Der Link zur Karte mit ausgew\u00e4hlten Overlays und angezeigtem Ausschnitt\";\n\t\t\t\t\ttranslations['shortDescription'] = \"Kurzbeschreibung\";\n\t\t\t\t\ttranslations['generatedShortCode'] = \"to get a text control link paste this code in your wordpress editor\";\n\t\t\t\t\ttranslations['closeLayer'] = \"close layer\";\n\t\t\t\t\ttranslations['cantGenerateLink'] = \"put this string in the existing map short code to control this map\";\n\t\t\t  <\/script>\n\n\n\t\t\t  <script type=\"text\/javascript\">\n\t\t\t  vectorM['map_ol3js_1'] = [];\n\t        \n        var raster = getTileLayer(\"\",\"NoKey\");\t\t\t\n\n\t\t\t  var map_ol3js_1 = new ol.Map({\n\t\t\t\tinteractions: ol.interaction.defaults.defaults({mouseWheelZoom:false}),\n\t\t\t\tlayers: [raster],\n\t\t\t\ttarget: \"map_ol3js_1\",\n\t\t\t\tview: new ol.View({\n\t\t\t\t  center: ol.proj.transform([9.3298,52.8016], \"EPSG:4326\", \"EPSG:3857\"),\n\t\t\t\t  zoom: 13\n\t\t\t\t})\n\t\t\t  });\n\t\t\t  osm_addMarkerLayer(map_ol3js_1,9.3298,52.8016,\"https:\/\/nordwind.info\/wp-content\/plugins\/osm\/icons\/mic_red_pinother_02.png\",-16,-41,\"<p><\/p>\") ; \naddControls2Map(map_ol3js_1,0,0,3,0,5,6,7,0,1);\nosm_addPopupClickhandler(map_ol3js_1,  \"map_ol3js_1\"); \nosm_addMouseHover(map_ol3js_1); <\/script>\n<p>Auszug OSM<\/p>\n<p><a href=\"http:\/\/nordwind.info\/wp-content\/uploads\/2017\/11\/D\u00f6rverden-3121.jpg\"><img loading=\"lazy\" decoding=\"async\" class=\"aligncenter size-large wp-image-1813\" src=\"http:\/\/nordwind.info\/wp-content\/uploads\/2017\/11\/D\u00f6rverden-3121-981x1024.jpg\" alt=\"\" width=\"640\" height=\"668\" srcset=\"https:\/\/nordwind.info\/wp-content\/uploads\/2017\/11\/D\u00f6rverden-3121-981x1024.jpg 981w, https:\/\/nordwind.info\/wp-content\/uploads\/2017\/11\/D\u00f6rverden-3121-287x300.jpg 287w, https:\/\/nordwind.info\/wp-content\/uploads\/2017\/11\/D\u00f6rverden-3121-768x802.jpg 768w\" sizes=\"auto, (max-width: 640px) 100vw, 640px\" \/><\/a><\/p>\n<p>Kartenauszug TK 1:25000 (Reichsamt f\u00fcr Landesvermessung 1945)<\/p>\n<p><a href=\"http:\/\/nordwind.info\/wp-content\/uploads\/2020\/08\/Huelsen-Lageplan-1600.jpg\"><img loading=\"lazy\" decoding=\"async\" class=\"aligncenter size-large wp-image-9812\" src=\"http:\/\/nordwind.info\/wp-content\/uploads\/2020\/08\/Huelsen-Lageplan-1600-1024x724.jpg\" alt=\"\" width=\"640\" height=\"453\" srcset=\"https:\/\/nordwind.info\/wp-content\/uploads\/2020\/08\/Huelsen-Lageplan-1600-1024x724.jpg 1024w, https:\/\/nordwind.info\/wp-content\/uploads\/2020\/08\/Huelsen-Lageplan-1600-300x212.jpg 300w, https:\/\/nordwind.info\/wp-content\/uploads\/2020\/08\/Huelsen-Lageplan-1600-768x543.jpg 768w, https:\/\/nordwind.info\/wp-content\/uploads\/2020\/08\/Huelsen-Lageplan-1600-1536x1086.jpg 1536w, https:\/\/nordwind.info\/wp-content\/uploads\/2020\/08\/Huelsen-Lageplan-1600.jpg 1600w\" sizes=\"auto, (max-width: 640px) 100vw, 640px\" \/><\/a><\/p>\n<p>Lageplan<\/p>\n<p><a href=\"http:\/\/nordwind.info\/wp-content\/uploads\/2019\/11\/63400-Bf-H\u00fclsen-Bahnhof-1.jpg\"><img loading=\"lazy\" decoding=\"async\" class=\"alignleft size-full wp-image-7290\" src=\"http:\/\/nordwind.info\/wp-content\/uploads\/2019\/11\/63400-Bf-H\u00fclsen-Bahnhof-1.jpg\" alt=\"\" width=\"640\" height=\"442\" srcset=\"https:\/\/nordwind.info\/wp-content\/uploads\/2019\/11\/63400-Bf-H\u00fclsen-Bahnhof-1.jpg 640w, https:\/\/nordwind.info\/wp-content\/uploads\/2019\/11\/63400-Bf-H\u00fclsen-Bahnhof-1-300x207.jpg 300w\" sizes=\"auto, (max-width: 640px) 100vw, 640px\" \/><\/a><\/p>\n<p>Gr\u00fcnderzeit<\/p>\n<p><a href=\"http:\/\/nordwind.info\/wp-content\/uploads\/2019\/11\/Unbekannt-1.png\"><img loading=\"lazy\" decoding=\"async\" class=\"alignleft size-full wp-image-7288\" src=\"http:\/\/nordwind.info\/wp-content\/uploads\/2019\/11\/Unbekannt-1.png\" alt=\"\" width=\"640\" height=\"416\" srcset=\"https:\/\/nordwind.info\/wp-content\/uploads\/2019\/11\/Unbekannt-1.png 640w, https:\/\/nordwind.info\/wp-content\/uploads\/2019\/11\/Unbekannt-1-300x195.png 300w\" sizes=\"auto, (max-width: 640px) 100vw, 640px\" \/><\/a><\/p>\n<p>Gleisseite<\/p>\n<p><a href=\"http:\/\/nordwind.info\/wp-content\/uploads\/2019\/11\/63400-Bf-H\u00fclsen-Bahnhofsgeb\u00e4ude.jpg\"><img loading=\"lazy\" decoding=\"async\" class=\"alignleft size-large wp-image-7287\" src=\"http:\/\/nordwind.info\/wp-content\/uploads\/2019\/11\/63400-Bf-H\u00fclsen-Bahnhofsgeb\u00e4ude-1024x778.jpg\" alt=\"\" width=\"640\" height=\"486\" srcset=\"https:\/\/nordwind.info\/wp-content\/uploads\/2019\/11\/63400-Bf-H\u00fclsen-Bahnhofsgeb\u00e4ude-1024x778.jpg 1024w, https:\/\/nordwind.info\/wp-content\/uploads\/2019\/11\/63400-Bf-H\u00fclsen-Bahnhofsgeb\u00e4ude-300x228.jpg 300w, https:\/\/nordwind.info\/wp-content\/uploads\/2019\/11\/63400-Bf-H\u00fclsen-Bahnhofsgeb\u00e4ude-768x584.jpg 768w, https:\/\/nordwind.info\/wp-content\/uploads\/2019\/11\/63400-Bf-H\u00fclsen-Bahnhofsgeb\u00e4ude.jpg 1351w\" sizes=\"auto, (max-width: 640px) 100vw, 640px\" \/><\/a><\/p>\n<p>Stra\u00dfenseite<\/p>\n<p><a href=\"http:\/\/nordwind.info\/wp-content\/uploads\/2019\/11\/SAM_0745.jpg\"><img loading=\"lazy\" decoding=\"async\" class=\"alignleft size-large wp-image-7286\" src=\"http:\/\/nordwind.info\/wp-content\/uploads\/2019\/11\/SAM_0745-1024x576.jpg\" alt=\"\" width=\"640\" height=\"360\" srcset=\"https:\/\/nordwind.info\/wp-content\/uploads\/2019\/11\/SAM_0745-1024x576.jpg 1024w, https:\/\/nordwind.info\/wp-content\/uploads\/2019\/11\/SAM_0745-300x169.jpg 300w, https:\/\/nordwind.info\/wp-content\/uploads\/2019\/11\/SAM_0745-768x432.jpg 768w, https:\/\/nordwind.info\/wp-content\/uploads\/2019\/11\/SAM_0745.jpg 1920w\" sizes=\"auto, (max-width: 640px) 100vw, 640px\" \/><\/a><\/p>\n<p>heute<\/p>\n<ul>\n<li>&lt;&lt;&lt; <a href=\"http:\/\/nordwind.info\/?page_id=6032\" target=\"_blank\" rel=\"noopener noreferrer\">Rethem (Aller)<\/a><\/li>\n<li>&gt;&gt;&gt; <a href=\"http:\/\/nordwind.info\/?page_id=6028\" target=\"_blank\" rel=\"noopener noreferrer\">H\u00fclsen Nord<\/a><\/li>\n<\/ul>\n<p><a href=\"#\">Seitenanfang<\/a><\/p>\n<p><a href=\"http:\/\/nordwind.info\/wp-content\/uploads\/2018\/03\/sh2schluss.gif\"><img loading=\"lazy\" decoding=\"async\" class=\"aligncenter size-full wp-image-2750\" src=\"http:\/\/nordwind.info\/wp-content\/uploads\/2018\/03\/sh2schluss.gif\" alt=\"\" width=\"45\" height=\"66\" \/><\/a><\/p>\n","protected":false},"excerpt":{"rendered":"<p>Auszug OSM Kartenauszug TK 1:25000 (Reichsamt f\u00fcr Landesvermessung 1945) Lageplan Gr\u00fcnderzeit Gleisseite Stra\u00dfenseite heute &lt;&lt;&lt; Rethem (Aller) &gt;&gt;&gt; H\u00fclsen Nord Seitenanfang<\/p>\n","protected":false},"author":1,"featured_media":0,"parent":4476,"menu_order":0,"comment_status":"closed","ping_status":"closed","template":"","meta":{"footnotes":""},"class_list":["post-6030","page","type-page","status-publish","hentry"],"_links":{"self":[{"href":"https:\/\/nordwind.info\/index.php?rest_route=\/wp\/v2\/pages\/6030","targetHints":{"allow":["GET"]}}],"collection":[{"href":"https:\/\/nordwind.info\/index.php?rest_route=\/wp\/v2\/pages"}],"about":[{"href":"https:\/\/nordwind.info\/index.php?rest_route=\/wp\/v2\/types\/page"}],"author":[{"embeddable":true,"href":"https:\/\/nordwind.info\/index.php?rest_route=\/wp\/v2\/users\/1"}],"replies":[{"embeddable":true,"href":"https:\/\/nordwind.info\/index.php?rest_route=%2Fwp%2Fv2%2Fcomments&post=6030"}],"version-history":[{"count":8,"href":"https:\/\/nordwind.info\/index.php?rest_route=\/wp\/v2\/pages\/6030\/revisions"}],"predecessor-version":[{"id":9813,"href":"https:\/\/nordwind.info\/index.php?rest_route=\/wp\/v2\/pages\/6030\/revisions\/9813"}],"up":[{"embeddable":true,"href":"https:\/\/nordwind.info\/index.php?rest_route=\/wp\/v2\/pages\/4476"}],"wp:attachment":[{"href":"https:\/\/nordwind.info\/index.php?rest_route=%2Fwp%2Fv2%2Fmedia&parent=6030"}],"curies":[{"name":"wp","href":"https:\/\/api.w.org\/{rel}","templated":true}]}}