{"id":6,"date":"2017-08-09T13:28:57","date_gmt":"2017-08-09T13:28:57","guid":{"rendered":"http:\/\/nordwind.info\/?page_id=6"},"modified":"2024-02-11T04:38:07","modified_gmt":"2024-02-11T04:38:07","slug":"ausruestung","status":"publish","type":"page","link":"https:\/\/nordwind.info\/?page_id=6","title":{"rendered":"Geocaching"},"content":{"rendered":"<p><strong><a href=\"http:\/\/nordwind.info\/wp-content\/uploads\/2018\/01\/Bunker_Achim.jpg\"><img loading=\"lazy\" decoding=\"async\" class=\"alignright wp-image-2246\" src=\"http:\/\/nordwind.info\/wp-content\/uploads\/2018\/01\/Bunker_Achim-300x225.jpg\" alt=\"\" width=\"293\" height=\"220\" srcset=\"https:\/\/nordwind.info\/wp-content\/uploads\/2018\/01\/Bunker_Achim-300x225.jpg 300w, https:\/\/nordwind.info\/wp-content\/uploads\/2018\/01\/Bunker_Achim-768x576.jpg 768w, https:\/\/nordwind.info\/wp-content\/uploads\/2018\/01\/Bunker_Achim.jpg 960w\" sizes=\"auto, (max-width: 293px) 100vw, 293px\" \/><\/a><\/strong><strong>Ihr interessiert Euch f\u00fcr Geocaching und m\u00f6chtet mehr \u00fcber dieses\u00a0Hobby wissen?<\/strong><\/p>\n<p><strong>Na, dann kommt doch einfach mal mit und begleitet Uns auf eine Tour!<\/strong><\/p>\n<p><strong>Wir\u00a0werden versuchen, es so einfach zu erkl\u00e4ren, wie es geht!<\/strong><\/p>\n<p style=\"text-align: justify;\">Bei einem <b>Geocache <\/b>handelt es sich idealerweise um einen festen, wasserdicht verschlie\u00dfbaren Beh\u00e4lter, der den Inhalt vor \u00e4u\u00dferen Einfl\u00fcssen sch\u00fctzen kann. Der Beh\u00e4lter selbst kann unterschiedliche Formen haben, von einer kleinen Filmdose \u00fcber eine einfache Frischhaltedose aus Plastik bis hin zur Munitionskiste aus Stahl.<\/p>\n<ul style=\"text-align: justify;\">\n<li>Film: <a href=\"https:\/\/www.youtube.com\/watch?v=HwYTXRptKhI\" target=\"_blank\" rel=\"noopener\">Was ist Geocaching<\/a> (YouTube)<\/li>\n<li>Film: <a href=\"https:\/\/www.youtube.com\/watch?v=KOB7bufwEr0\" target=\"_blank\" rel=\"noopener\">Geocaching &#8211; die moderne Schnitzeljagd<\/a><\/li>\n<\/ul>\n<p style=\"text-align: justify;\">Am 3.\u00a0Mai 2000 vergrub Dave Ulmer in der N\u00e4he der Stadt <a href=\"https:\/\/de.wikipedia.org\/wiki\/Portland_(Oregon)\">Portland<\/a> im US-Bundesstaat Oregon an der Position \u2641<a href=\"https:\/\/tools.wmflabs.org\/geohack\/geohack.php?pagename=Geocaching&amp;language=de&amp;params=45.291_N_122.413333_W_region:US-OR_type:landmark&amp;title=Erster+dokumentierter+Geocache\">45\u00b0\u00a017\u2032\u00a028\u2033\u00a0N, 122\u00b0\u00a024\u2032\u00a048\u2033\u00a0W<\/a> einen schwarzen Plastikeimer, in dem er neben CDs, einer Videokassette, einer Dollarnote, einem Buch und einer Steinschleuder auch eine Konservendose mit Bohnen hinterlegte. Anschlie\u00dfend ver\u00f6ffentlichte er die Koordinaten des Verstecks im Internet.\u00a0Innerhalb eines Tages nach der Ver\u00f6ffentlichung wurde der <i>Stash<\/i> (englisch \u201eGeheimversteck\u201c) \u00a0gefunden.<\/p>\n<p style=\"text-align: justify;\">Das <b>Global Positioning System<\/b>\u00a0(<b>GPS<\/b>)\u00a0ist ein globales Navigationssatellitensystem zur Positionsbestimmung. GPS ist seit Mitte der 1990er-Jahre voll funktionsf\u00e4hig und erm\u00f6glicht seit der Abschaltung der k\u00fcnstlichen Signalverschlechterung am 2. Mai 2000 auch zivilen Nutzern eine Genauigkeit von oft besser als 10 Metern.<\/p>\n<p><strong>Cachegr\u00f6\u00dfen<\/strong><\/p>\n<p><b>Nano &#8211;\u00a0<\/b>Winziger Beh\u00e4lter, Durchmesser meist unter 1\u00a0cm, der lediglich einen kleinen Zettel als Logbuch enth\u00e4lt. Oft magnetisch, damit er an Denkm\u00e4lern oder \u00e4hnlichem unauff\u00e4llig versteckt werden kann.<\/p>\n<p><b>Micro &#8211;\u00a0<\/b>Sehr kleine Beh\u00e4lter, die h\u00e4ufig nur einen Zettel und Stift enthalten. Oft werden <a href=\"https:\/\/de.wikipedia.org\/wiki\/Filmdose\">Filmdosen<\/a> oder <a href=\"https:\/\/de.wikipedia.org\/wiki\/PET-Rohling\">PET-Rohlinge<\/a> (\u201ePETlinge\u201c) verwendet.<\/p>\n<p><b>Small &#8211;\u00a0<\/b>Kleine Beh\u00e4lter, die neben einem Logbuch noch Platz f\u00fcr kleinere Gegenst\u00e4nde bieten.<\/p>\n<p><b>Regular &#8211;\u00a0<\/b>Geocache mittlerer Gr\u00f6\u00dfe, der Platz f\u00fcr mehrere Tauschgegenst\u00e4nde bietet. Beh\u00e4lter dieser Gr\u00f6\u00dfe k\u00f6nnen von einem bis zu mehreren Litern Inhalt fassen.<\/p>\n<p><b>Large &#8211;\u00a0<\/b>Gro\u00dfe Beh\u00e4lter, die ein Maximum an Platz bieten und somit au\u00dfergew\u00f6hnliche Tauschobjekte fassen k\u00f6nnen.<\/p>\n<p><strong>Cachetypen<\/strong><\/p>\n<p><strong><span id=\"Traditioneller_Geocache\" class=\"mw-headline\">Tradi-Cache &#8211;\u00a0<\/span><\/strong>Die ersten Geocaches geh\u00f6rten dieser Kategorie an.\u00a0Sie waren anfangs an besonderen Orten versteckt, heutzutage aber praktisch \u00fcberall. Es ist die am h\u00e4ufigsten vorkommende Geocache-Art. <a href=\"https:\/\/www.geocaching.com\/geocache\/GC2RBT6_lost-railway-abzw-lohe\" target=\"_blank\" rel=\"noopener\">Abzw Lohe<\/a><\/p>\n<p><strong><span id=\"Multi-Cache\" class=\"mw-headline\">Multi-Cache &#8211;\u00a0<\/span><\/strong>Hier\u00a0sind mehrere Stationen\u00a0zu absolvieren, um das Versteck zu finden. Die Hinweise k\u00f6nnen eigens f\u00fcr den Geocache, beispielsweise durch Bekleben der R\u00fcckseiten von Verkehrsschildern, angebracht worden sein oder ergeben sich durch Einbeziehung von vorhandenen Dingen. <a href=\"https:\/\/www.geocaching.com\/geocache\/GC6NR2H_vogelers-haus\" target=\"_blank\" rel=\"noopener\">Voglers Haus.<\/a><\/p>\n<p><strong><span id=\"R.C3.A4tsel-Cache\" class=\"mw-headline\">R\u00e4tsel-Cache &#8211;\u00a0<\/span><\/strong>Hier\u00a0muss zun\u00e4chst ein R\u00e4tsel gel\u00f6st werden, bevor mit der Suche begonnen werden kann. Die ver\u00f6ffentlichten Koordinaten entsprechen nicht den tats\u00e4chlichen Angaben, sondern weisen auf einen willk\u00fcrlichen Punkt, der f\u00fcr die Suche ohne Bedeutung ist und nur der Illustration auf der Landkarte dient. <a href=\"https:\/\/www.geocaching.com\/geocache\/GC6GKV7_13-stuhle-27\" target=\"_blank\" rel=\"noopener\">13 St\u00fchle<\/a><\/p>\n<p><strong>Erd-Cache &#8211;<\/strong> Sie\u00a0f\u00fchren die Geocacher zu geologisch interessanten Orten, an denen er etwas \u00fcber die Entstehung, den Aufbau und die Formen der Erde, \u00a0Erdkruste und ihrer unterschiedlichen Gesteinsarten erfahren kann. <a href=\"https:\/\/www.geocaching.com\/geocache\/GC1M17Q_giebichenstein-stoeckse\" target=\"_blank\" rel=\"noopener\">Giebichenstein<\/a><\/p>\n<p><strong><span id=\"Event-Cache\" class=\"mw-headline\">Event-Cache &#8211; <\/span><\/strong><span id=\"Event-Cache\" class=\"mw-headline\">Dies\u00a0<\/span>ist eine Veranstaltung, die zu einem bestimmten Zeitpunkt beginnt, und repr\u00e4sentiert den sozialen Aspekt beim Geocaching. Es handelt sich dabei um ein Treffen von Geocachern, die sich \u00fcber das gemeinsame Hobby austauschen. <a href=\"https:\/\/www.geocaching.com\/geocache\/GC75T07_strandevent\" target=\"_blank\" rel=\"noopener\">Strandevent<\/a><\/p>\n<ul>\n<li>Mega-Event ab 500 Teilnehmer<\/li>\n<li>Giga-Event ab 3000 Teilnehmer<\/li>\n<\/ul>\n<p><strong>Schwierigkeiten &#8211; Gel\u00e4nde &#8211; Attribute<\/strong><\/p>\n<ul>\n<li>9 Schwierigkeitsgrade<\/li>\n<li>9 Gel\u00e4ndestufen<\/li>\n<li>81 m\u00f6gliche S \/ T &#8211; M\u00f6glichkeiten<\/li>\n<\/ul>\n<p>Individuelle\u00a0<a href=\"https:\/\/www.geocaching.com\/about\/icons.aspx\" target=\"_blank\" rel=\"noopener\">Attribute<\/a><\/p>\n<p>Siehe <a href=\"https:\/\/www.geocaching.com\/my\/statistics.aspx\" target=\"_blank\" rel=\"noopener\">Statistik<\/a><\/p>\n<p><strong>Ausr\u00fcstung\u00a0&#8211; GCA<\/strong><\/p>\n<ul>\n<li>GPS-Ger\u00e4t oder Handy<\/li>\n<li>Kugelschreiber \/ Notizbuch<\/li>\n<li>Taschenmesser\/Multitool<\/li>\n<li>Taschenlampe<\/li>\n<li>Ersatzakkus<\/li>\n<li>Erste-Hilfe-Set<\/li>\n<li>Tempo-\/Desinfektionst\u00fccher<\/li>\n<li>M\u00fccken-\/Zeckenschutz<\/li>\n<li>Getr\u00e4nke \/ Verpflegung<\/li>\n<li>Bekleidung \/ Schuhwerk gem. Wetter \/ Location<\/li>\n<\/ul>\n<p>&nbsp;<\/p>\n<p><strong>Eweiterte Ausr\u00fcstung &#8211; eGCA<\/strong><\/p>\n<ul>\n<li>UV-Lampe \/ Stirnlampe<\/li>\n<li>Greifzange \/ Schutzhelm<\/li>\n<li>Biltema-Tool (modifizierte Angelrute)<\/li>\n<li>Gummistiefel \/\u00a0Wathose<\/li>\n<li>Teleskopleiter \/ Kletterausr\u00fcstung<\/li>\n<li>Gummiboot \/ Taucherausr\u00fcstung<\/li>\n<li>Werkzeug \/ Ausr\u00fcstung gem. Cachebeschreibung \/ <a href=\"https:\/\/www.geocaching.com\/about\/icons.aspx\" target=\"_blank\" rel=\"noopener\">Attribute<\/a><\/li>\n<\/ul>\n<p><strong><br \/>\nEigener Spezialmarkt<\/strong><\/p>\n<ul>\n<li>Geocaching-Datenbanken<\/li>\n<li>Navigationsger\u00e4te<\/li>\n<li>Cachebeh\u00e4lter<\/li>\n<li>Cacheverstecke<\/li>\n<li>Geocoins \/ TB`s<\/li>\n<li>Logb\u00fccher<\/li>\n<li>Taschenlampen<\/li>\n<li>Multitools<\/li>\n<li>Werkzeug<\/li>\n<li>Zubeh\u00f6r \/ Kleinteile<\/li>\n<li>Kletterausr\u00fcstungen<\/li>\n<li>Taschen \/ Rucks\u00e4cke<\/li>\n<li>Schreibmaterial<\/li>\n<li>Bekleidung \/ Schuhe<\/li>\n<\/ul>\n<p>&nbsp;<\/p>\n<p><strong>Fachzeitschriften \/ B\u00fccher<\/strong><\/p>\n<ul>\n<li>Geocachingmagazin (4,70 \u20ac)<\/li>\n<li>Gocacher (kostenlos)<\/li>\n<li>Fachb\u00fccher (z. B. B. Hoecker)<\/li>\n<li>Internetportale \/ Foren<\/li>\n<\/ul>\n<p>&nbsp;<\/p>\n<p><strong>Planung<\/strong><\/p>\n<ul>\n<li>Wo soll es hingehen? \u00a0(<a href=\"https:\/\/www.geocaching.com\/map\/?ll=52.664382,9.222679#?ll=52.66436,9.22268&amp;z=14\" target=\"_blank\" rel=\"noopener\">Geocaching.com<\/a>)<\/li>\n<li>Ist die Wetterlage ok?<\/li>\n<li>Was wird gesucht: (<a href=\"https:\/\/www.geocaching.com\/geocache\/GC6GKV7_13-stuhle-27\" target=\"_blank\" rel=\"noopener\">Cachebeschreibung<\/a>)<\/li>\n<li>Was steht uns bevor? (Schwierigkeiten \/ Gel\u00e4nde \/\u00a0<a href=\"https:\/\/www.geocaching.com\/about\/icons.aspx\" target=\"_blank\" rel=\"noopener\">Attribute<\/a>)<\/li>\n<li>Pkw (DriveInn) \/ Fahrrad \/ Wandern?<\/li>\n<li>R\u00e4tsel gel\u00f6st? (Bei Mystery \/ R\u00e4tsel-Caches)<\/li>\n<li>Vorbereitung des GPS-Ger\u00e4tes? (Speicherung der Cache-Daten)<\/li>\n<li>Was m\u00fcssen wir an Ausr\u00fcstung mitnehmen?<\/li>\n<\/ul>\n<p>&nbsp;<\/p>\n<p><a href=\"#\">Nach oben<\/a><\/p>\n<p style=\"text-align: justify;\">\n","protected":false},"excerpt":{"rendered":"<p>Ihr interessiert Euch f\u00fcr Geocaching und m\u00f6chtet mehr \u00fcber dieses\u00a0Hobby wissen? Na, dann kommt doch einfach mal mit und begleitet Uns auf eine Tour! Wir\u00a0werden versuchen, es so einfach zu erkl\u00e4ren, wie es geht! Bei einem Geocache handelt es sich &hellip; <a href=\"https:\/\/nordwind.info\/?page_id=6\">Weiterlesen <span class=\"meta-nav\">&rarr;<\/span><\/a><\/p>\n","protected":false},"author":1,"featured_media":0,"parent":0,"menu_order":0,"comment_status":"closed","ping_status":"closed","template":"","meta":{"footnotes":""},"class_list":["post-6","page","type-page","status-publish","hentry"],"_links":{"self":[{"href":"https:\/\/nordwind.info\/index.php?rest_route=\/wp\/v2\/pages\/6","targetHints":{"allow":["GET"]}}],"collection":[{"href":"https:\/\/nordwind.info\/index.php?rest_route=\/wp\/v2\/pages"}],"about":[{"href":"https:\/\/nordwind.info\/index.php?rest_route=\/wp\/v2\/types\/page"}],"author":[{"embeddable":true,"href":"https:\/\/nordwind.info\/index.php?rest_route=\/wp\/v2\/users\/1"}],"replies":[{"embeddable":true,"href":"https:\/\/nordwind.info\/index.php?rest_route=%2Fwp%2Fv2%2Fcomments&post=6"}],"version-history":[{"count":17,"href":"https:\/\/nordwind.info\/index.php?rest_route=\/wp\/v2\/pages\/6\/revisions"}],"predecessor-version":[{"id":12521,"href":"https:\/\/nordwind.info\/index.php?rest_route=\/wp\/v2\/pages\/6\/revisions\/12521"}],"wp:attachment":[{"href":"https:\/\/nordwind.info\/index.php?rest_route=%2Fwp%2Fv2%2Fmedia&parent=6"}],"curies":[{"name":"wp","href":"https:\/\/api.w.org\/{rel}","templated":true}]}}