

{"id":4678,"date":"2019-04-30T03:03:04","date_gmt":"2019-04-30T03:03:04","guid":{"rendered":"http:\/\/nordwind.info\/?page_id=4678"},"modified":"2019-04-30T03:03:32","modified_gmt":"2019-04-30T03:03:32","slug":"hambuehren-munitionsanstalt","status":"publish","type":"page","link":"https:\/\/nordwind.info\/?page_id=4678","title":{"rendered":"Hamb\u00fchren, Munitionsanstalt"},"content":{"rendered":"<ul>\n<li>Objektname: Lufthauptmunitionsanstalt 1\/XI<\/li>\n<li>Ortslage\/LK: Hamb\u00fchren, LK Celle, Niedersachsen<\/li>\n<li>Nutzungen: \u00a0 \u00a01939 \u2013 1945,\u00a0Luftwaffe, Luftgau XI\n<ul>\n<li>\u00a0 \u00a0 \u00a0 \u00a0 \u00a0 \u00a0 \u00a0 \u00a0 \u00a0 \u00a01945 \u2013 1952, Britische Armee, Royal Electrical &amp; Mechanical Engineers<\/li>\n<li>\u00a0 \u00a0 \u00a0 \u00a0 \u00a0 \u00a0 \u00a0 \u00a0 \u00a0 \u00a01948 \u2013 1952, Nutzung von Geb\u00e4uden als Fl\u00fcchtlingsunterk\u00fcnfte<\/li>\n<li>\u00a0 \u00a0 \u00a0 \u00a0 \u00a0 \u00a0 \u00a0 \u00a0 \u00a0 \u00a01952 \u2013 1957, Britische Armee, Fernmeldeeinheit<\/li>\n<li>\u00a0 \u00a0 \u00a0 \u00a0 \u00a0 \u00a0 \u00a0 \u00a0 \u00a0 \u00a01957 \u2013 1994, Bundeswehr, Fernmeldeeinheit<\/li>\n<\/ul>\n<\/li>\n<li>Ausr\u00fcstung: \u00a0Diverse Bunker, Anlagen und Geb\u00e4ude<\/li>\n<li>Ist-Zustand: \u00a0Aus dem Gel\u00e4nde wurde der Ortsteil Hamb\u00fchren II.\n<ul>\n<li>\u00a0 \u00a0 \u00a0 \u00a0 \u00a0 \u00a0 \u00a0 \u00a0 \u00a0 \u00a0Noch vorhandenen Geb\u00e4ude befinden sich in Privatbesitz<\/li>\n<\/ul>\n<\/li>\n<li>Recherchen: \u00a02013 \u00a0 \u00a0 \u00a0 \u00a0 \u00a0 \u00a0 \u00a0Exkursion:<\/li>\n<li>Fundstellen: \u00a0<a href=\"http:\/\/www.geschichtsspuren.de\/artikel\/ruestungsproduktion-logistik\/72-lufthauptmunitionsanstalt-hambuehren.html\" target=\"_blank\" rel=\"noopener noreferrer\">Geschichtsspuren<\/a>,\u00a0<a href=\"http:\/\/www.hambuehren.de\/gemeinde\/geschichte\/geschichtliche-entwicklung\/\" target=\"_blank\" rel=\"noopener noreferrer\">Hamb\u00fchren.de<\/a>\n<ul>\n<li>\u00a0 \u00a0 \u00a0 \u00a0 \u00a0 \u00a0 \u00a0 \u00a0 \u00a0 \u00a0<a href=\"http:\/\/hambuehren.blogspot.de\/2010\/12\/lufthauptmunitionsanstalt-1xi-hambuhren.html\" target=\"_blank\" rel=\"noopener noreferrer\">Hamb\u00fchren \u2013 Geschichte und Geschichten<\/a>\u00a0\u2013\u00a0<a href=\"http:\/\/location-x.info\/wp-content\/uploads\/2014\/02\/Munakarte_Fabisch.jpg\" target=\"_blank\" rel=\"noopener noreferrer\">\u00dcbersichtskarte<\/a><\/li>\n<\/ul>\n<\/li>\n<\/ul>\n<p><strong>\u00dcbersichtskarte<\/strong><\/p>\n\n\n\t\t\t\t<div id=\"map_ol3js_1\" class=\"map undefined\" data-map_name=\"undefined\" data-map=\"map_ol3js_1\" style=\"width:100%; max-width:100%; height:450px; display:block; overflow:hidden;border:2px solid grey;\" >\n\t\t\t\t  <div id=\"map_ol3js_1_popup\" class=\"ol-popup\" >\n\t\t\t\t\t<a href=\"#\" id=\"map_ol3js_1_popup-closer\" class=\"ol-popup-closer\"><\/a>\n\t\t\t\t\t<div id=\"map_ol3js_1_popup-content\" ><\/div>\n\t\t\t\t  <\/div>\n\t\t\t\t<\/div>\n\t\t\t\n\n\t\t\t\t<script type=\"text\/javascript\">\n\t\t\t\t\ttranslations['openlayer'] = \"open layer\";\n\t\t\t\t\ttranslations['openlayerAtStartup'] = \"open layer at startup\";\n\t\t\t\t\ttranslations['generateLink'] = \"Der Link zur Karte mit ausgew\u00e4hlten Overlays und angezeigtem Ausschnitt\";\n\t\t\t\t\ttranslations['shortDescription'] = \"Kurzbeschreibung\";\n\t\t\t\t\ttranslations['generatedShortCode'] = \"to get a text control link paste this code in your wordpress editor\";\n\t\t\t\t\ttranslations['closeLayer'] = \"close layer\";\n\t\t\t\t\ttranslations['cantGenerateLink'] = \"put this string in the existing map short code to control this map\";\n\t\t\t  <\/script>\n\n\n\t\t\t  <script type=\"text\/javascript\">\n\t\t\t  vectorM['map_ol3js_1'] = [];\n\t        \n        var raster = getTileLayer(\"osm\",\"NoKey\");\t\t\t\n\n\t\t\t  var map_ol3js_1 = new ol.Map({\n\t\t\t\tinteractions: ol.interaction.defaults.defaults({mouseWheelZoom:false}),\n\t\t\t\tlayers: [raster],\n\t\t\t\ttarget: \"map_ol3js_1\",\n\t\t\t\tview: new ol.View({\n\t\t\t\t  center: ol.proj.transform([9.9677,52.6282], \"EPSG:4326\", \"EPSG:3857\"),\n\t\t\t\t  zoom: 13\n\t\t\t\t})\n\t\t\t  });\n\t\t\t  addControls2Map(map_ol3js_1,0,0,3,0,5,6,7,0,1);\nosm_addPopupClickhandler(map_ol3js_1,  \"map_ol3js_1\"); \nosm_addMouseHover(map_ol3js_1); <\/script>\n<p>Aktueller Zustand \u2013 Kartenauszug OSM<\/p>\n<p><a href=\"http:\/\/nordwind.info\/wp-content\/uploads\/2019\/04\/f45148d7610609fac5a7465f0f68eb72.jpg\"><img loading=\"lazy\" decoding=\"async\" class=\"alignleft size-full wp-image-4679\" src=\"http:\/\/nordwind.info\/wp-content\/uploads\/2019\/04\/f45148d7610609fac5a7465f0f68eb72.jpg\" alt=\"\" width=\"1600\" height=\"1264\" srcset=\"https:\/\/nordwind.info\/wp-content\/uploads\/2019\/04\/f45148d7610609fac5a7465f0f68eb72.jpg 1600w, https:\/\/nordwind.info\/wp-content\/uploads\/2019\/04\/f45148d7610609fac5a7465f0f68eb72-300x237.jpg 300w, https:\/\/nordwind.info\/wp-content\/uploads\/2019\/04\/f45148d7610609fac5a7465f0f68eb72-768x607.jpg 768w, https:\/\/nordwind.info\/wp-content\/uploads\/2019\/04\/f45148d7610609fac5a7465f0f68eb72-1024x809.jpg 1024w\" sizes=\"auto, (max-width: 1600px) 100vw, 1600px\" \/><\/a><\/p>\n<p>Reichsamt f\u00fcr Landesaufnahme 1945\/46<\/p>\n<p><a href=\"#\">Seitenanfang<\/a><\/p>\n","protected":false},"excerpt":{"rendered":"<p>Objektname: Lufthauptmunitionsanstalt 1\/XI Ortslage\/LK: Hamb\u00fchren, LK Celle, Niedersachsen Nutzungen: \u00a0 \u00a01939 \u2013 1945,\u00a0Luftwaffe, Luftgau XI \u00a0 \u00a0 \u00a0 \u00a0 \u00a0 \u00a0 \u00a0 \u00a0 \u00a0 \u00a01945 \u2013 1952, Britische Armee, Royal Electrical &amp; Mechanical Engineers \u00a0 \u00a0 \u00a0 \u00a0 \u00a0 \u00a0 &hellip; <a href=\"https:\/\/nordwind.info\/?page_id=4678\">Weiterlesen <span class=\"meta-nav\">&rarr;<\/span><\/a><\/p>\n","protected":false},"author":1,"featured_media":0,"parent":2482,"menu_order":0,"comment_status":"closed","ping_status":"closed","template":"","meta":{"footnotes":""},"class_list":["post-4678","page","type-page","status-publish","hentry"],"_links":{"self":[{"href":"https:\/\/nordwind.info\/index.php?rest_route=\/wp\/v2\/pages\/4678","targetHints":{"allow":["GET"]}}],"collection":[{"href":"https:\/\/nordwind.info\/index.php?rest_route=\/wp\/v2\/pages"}],"about":[{"href":"https:\/\/nordwind.info\/index.php?rest_route=\/wp\/v2\/types\/page"}],"author":[{"embeddable":true,"href":"https:\/\/nordwind.info\/index.php?rest_route=\/wp\/v2\/users\/1"}],"replies":[{"embeddable":true,"href":"https:\/\/nordwind.info\/index.php?rest_route=%2Fwp%2Fv2%2Fcomments&post=4678"}],"version-history":[{"count":2,"href":"https:\/\/nordwind.info\/index.php?rest_route=\/wp\/v2\/pages\/4678\/revisions"}],"predecessor-version":[{"id":4681,"href":"https:\/\/nordwind.info\/index.php?rest_route=\/wp\/v2\/pages\/4678\/revisions\/4681"}],"up":[{"embeddable":true,"href":"https:\/\/nordwind.info\/index.php?rest_route=\/wp\/v2\/pages\/2482"}],"wp:attachment":[{"href":"https:\/\/nordwind.info\/index.php?rest_route=%2Fwp%2Fv2%2Fmedia&parent=4678"}],"curies":[{"name":"wp","href":"https:\/\/api.w.org\/{rel}","templated":true}]}}