{"id":4568,"date":"2019-02-26T10:53:31","date_gmt":"2019-02-26T10:53:31","guid":{"rendered":"http:\/\/nordwind.info\/?page_id=4568"},"modified":"2020-05-05T05:16:34","modified_gmt":"2020-05-05T05:16:34","slug":"event","status":"publish","type":"page","link":"https:\/\/nordwind.info\/?page_id=4568","title":{"rendered":"Event"},"content":{"rendered":"\r\n<p>Eventdatum:\u00a0<\/p>\r\n<p><a href=\"http:\/\/nordwind.info\/wp-content\/uploads\/2020\/05\/f478ca3a-80a6-4aec-aef2-2fdf084fadf1.png.jpeg\"><img loading=\"lazy\" decoding=\"async\" class=\"alignright size-full wp-image-9332\" src=\"http:\/\/nordwind.info\/wp-content\/uploads\/2020\/05\/f478ca3a-80a6-4aec-aef2-2fdf084fadf1.png.jpeg\" alt=\"\" width=\"800\" height=\"450\" srcset=\"https:\/\/nordwind.info\/wp-content\/uploads\/2020\/05\/f478ca3a-80a6-4aec-aef2-2fdf084fadf1.png.jpeg 800w, https:\/\/nordwind.info\/wp-content\/uploads\/2020\/05\/f478ca3a-80a6-4aec-aef2-2fdf084fadf1.png-300x169.jpeg 300w, https:\/\/nordwind.info\/wp-content\/uploads\/2020\/05\/f478ca3a-80a6-4aec-aef2-2fdf084fadf1.png-768x432.jpeg 768w\" sizes=\"auto, (max-width: 800px) 100vw, 800px\" \/><\/a><\/p>\r\n<p><strong>Geocaching hatte Geburtstag, und das wollen wir feiern!<\/strong><\/p>\r\n<p style=\"text-align: justify;\">Der Startschuss zum Geocaching ist bereits vor 20 Jahren gefallen. Egal, wie lange Ihr dabei seid, und wann und wo Ihr dieses Hobby betreibt, wir hatten alle eine aufregende Zeit mit dem gemeinsamen Hobby und es gibt auch mit Sicherheit viel zu erz\u00e4hlen!<\/p>\r\n<p style=\"text-align: justify;\">Daher m\u00f6chten wir zu\u00a0diesem Celebration Event in die City von Nienburg (Weser) einladen, um mit Euch dieses Ereignis zu feiern!<\/p>\r\n<p style=\"text-align: left;\">Eventdatum:<b> 13. September 20xx, \u00a0von 14:00 Uhr &#8211; 16:00 Uhr<\/b><b><br \/><\/b>Location:<b> Nienburg Weser, Georgstra\u00dfe (Posthof&lt;)<\/b><\/p>\r\n<p>Treffpunkt ist wie immer die Location vor dem Posthof in der Georgstra\u00dfe von Nienburg (Weser). Hier befinden sich zwei Eisdielen in der unmittelbaren N\u00e4he, wo man sich nach eigenem Umfang und Geschmack versorgen kann. Eis geht immer \u2013 besonders beim Geocaching und die vielen Aktivit\u00e4ten der vergangenen Wochen und Monate sollen und m\u00fc\u00dfen ja auch belohnt werden.<\/p>\r\n<p>Es w\u00e4re sch\u00f6n, wenn\u00a0wir bei ein bi\u00dfchen \u201eKl\u00f6nschnack\u201c, TB\/Coin-Tausch oder einfach nur \u201eFachsimpeln\u201c alte Freunde treffen, neue Leute kennenlernen\u00a0und\u00a0etwas Zeit miteinander verbringen k\u00f6nnen.<\/p>\r\n<p>Bis bald dann im Wald, auf dem Deich \u2013 oder in Nienburg<\/p>\r\n<p>Verena und Gerhard \u2013 Nordwind02<\/p>\r\n<p>Koordinaten:\u00a0N 52\u00b0 38.348 E 009\u00b0 12.465<\/p>\r\n<p style=\"text-align: justify;\"><span style=\"text-align: justify;\"><strong>Community Celebration Events &#8211; 2020:<\/strong>\u00a0<\/span><span style=\"text-align: justify;\">Dieses Event ist Teil einer limitierten Version von Community Celebration Events, um 20 Jahre Geocaching zu feiern. Geocacher veranstalteten zwischen dem 2. Mai 2020 und dem 31. Dezember 2021 Veranstaltungen. Weitere Informationen zu Community Celebration Events finden Ihr im <\/span><a style=\"text-align: justify;\" href=\"https:\/\/www.geocaching.com\/blog\/2019\/12\/celebrate-20-years-of-geocaching-at-community-celebration-events\/\">Geocaching-Blog<\/a><span style=\"text-align: justify;\">.<\/span><\/p>\r\n<p>&nbsp;<\/p>\r\n\r\n\r\n\r\n<p>&nbsp;<\/p>\r\n<p>&nbsp;<\/p>\r\n","protected":false},"excerpt":{"rendered":"<p>Eventdatum:\u00a0 Geocaching hatte Geburtstag, und das wollen wir feiern! Der Startschuss zum Geocaching ist bereits vor 20 Jahren gefallen. Egal, wie lange Ihr dabei seid, und wann und wo Ihr dieses Hobby betreibt, wir hatten alle eine aufregende Zeit mit &hellip; <a href=\"https:\/\/nordwind.info\/?page_id=4568\">Weiterlesen <span class=\"meta-nav\">&rarr;<\/span><\/a><\/p>\n","protected":false},"author":1,"featured_media":0,"parent":1603,"menu_order":0,"comment_status":"closed","ping_status":"closed","template":"","meta":{"footnotes":""},"class_list":["post-4568","page","type-page","status-publish","hentry"],"_links":{"self":[{"href":"https:\/\/nordwind.info\/index.php?rest_route=\/wp\/v2\/pages\/4568","targetHints":{"allow":["GET"]}}],"collection":[{"href":"https:\/\/nordwind.info\/index.php?rest_route=\/wp\/v2\/pages"}],"about":[{"href":"https:\/\/nordwind.info\/index.php?rest_route=\/wp\/v2\/types\/page"}],"author":[{"embeddable":true,"href":"https:\/\/nordwind.info\/index.php?rest_route=\/wp\/v2\/users\/1"}],"replies":[{"embeddable":true,"href":"https:\/\/nordwind.info\/index.php?rest_route=%2Fwp%2Fv2%2Fcomments&post=4568"}],"version-history":[{"count":10,"href":"https:\/\/nordwind.info\/index.php?rest_route=\/wp\/v2\/pages\/4568\/revisions"}],"predecessor-version":[{"id":9339,"href":"https:\/\/nordwind.info\/index.php?rest_route=\/wp\/v2\/pages\/4568\/revisions\/9339"}],"up":[{"embeddable":true,"href":"https:\/\/nordwind.info\/index.php?rest_route=\/wp\/v2\/pages\/1603"}],"wp:attachment":[{"href":"https:\/\/nordwind.info\/index.php?rest_route=%2Fwp%2Fv2%2Fmedia&parent=4568"}],"curies":[{"name":"wp","href":"https:\/\/api.w.org\/{rel}","templated":true}]}}