

{"id":4054,"date":"2018-10-02T03:09:51","date_gmt":"2018-10-02T03:09:51","guid":{"rendered":"http:\/\/nordwind.info\/?page_id=4054"},"modified":"2025-03-03T07:03:39","modified_gmt":"2025-03-03T07:03:39","slug":"2991-porta-westfalica-haeverstedt-2","status":"publish","type":"page","link":"https:\/\/nordwind.info\/?page_id=4054","title":{"rendered":"Porta-Westfalica, Weserbr\u00fccke Strecke 2991"},"content":{"rendered":"<table>\n<colgroup>\n<col \/>\n<col \/><\/colgroup>\n<tbody>\n<tr>\n<td class=\"\">\n<div>Bezeichnung:<\/div>\n<\/td>\n<td class=\"\">Porta-Westfalica &#8211; H\u00e4verstedt<\/td>\n<\/tr>\n<tr>\n<td class=\"\">\n<div>Strecken-Nr.:<\/div>\n<\/td>\n<td class=\"\">\n<div>2991<\/div>\n<\/td>\n<\/tr>\n<tr>\n<td class=\"\">\n<div>Fahrplan:<\/div>\n<\/td>\n<td class=\"\">\n<div>entf\u00e4llt<\/div>\n<\/td>\n<\/tr>\n<tr>\n<td class=\"\">\n<div>L\u00e4nge:<\/div>\n<\/td>\n<td class=\"\">\n<div>4,3 km, eingleisig<\/div>\n<\/td>\n<\/tr>\n<tr>\n<td class=\"\">\n<div>Spurweite:<\/div>\n<\/td>\n<td class=\"\">\n<div>1435 mm (Normalspur),\u00a0nicht elektrifiziert<\/div>\n<\/td>\n<\/tr>\n<tr>\n<td class=\"\">\n<div>Nutzungen:<\/div>\n<\/td>\n<td class=\"\">\n<div>Deutsche Reichsbahn (bis 1946)<\/div>\n<div>Deutsche Bundesbahn (bis 1993)<\/div>\n<\/td>\n<\/tr>\n<tr>\n<td class=\"\">\n<div>Er\u00f6ffnung:<\/div>\n<\/td>\n<td class=\"\">01.\u00a0September 1938<\/td>\n<\/tr>\n<tr>\n<td class=\"\">\n<div>Schlie\u00dfung:<\/div>\n<\/td>\n<td class=\"\">30. Mai 1976<\/td>\n<\/tr>\n<tr>\n<td class=\"\">\n<div>Fundstellen:<\/div>\n<\/td>\n<td class=\"\">\n<div>Wiki \u00a0\u2013 <a href=\"https:\/\/de.wikipedia.org\/wiki\/Bahnstrecke_Porta_Westfalica\u2013H\u00e4verst\u00e4dt\">Porta-Westfalica &#8211; H\u00e4verstedt<\/a><\/div>\n<div>Karte \u2013 <a href=\"https:\/\/www.openrailwaymap.org\/mobile.php?searchquery=&amp;lang=de\" target=\"_blank\" rel=\"noopener noreferrer\">OpenRailwayMap<\/a><\/div>\n<div>Karte \u2013 <a href=\"http:\/\/nordwind.info\/wp-content\/uploads\/2018\/11\/Hannover-4000.jpg\">Streckenkarte 1945<\/a> (Hannover)<\/div>\n<div>Karte \u2013 <a href=\"http:\/\/nordwind.info\/wp-content\/uploads\/2017\/09\/Hannover-BD-Hannover-1950.jpg\">Betriebskarte 1950<\/a> (BD Hannover 1959)<\/div>\n<div>Karte \u2013\u00a0<a href=\"http:\/\/nordwind.info\/wp-content\/uploads\/2017\/09\/Deutschland-Karte-Kursbuch-1956.jpg\">Kursbuch 1956<\/a>\u00a0\u2013 Gesamtausgabe<\/div>\n<div>Pl\u00e4ne \u2013 <a href=\"http:\/\/pkjs.de\/bahn\/Kursbuch1944\/Kursbuchtitel.html\">Jahresfahrplan 1944\/1945<\/a>, pkjs<\/div>\n<\/td>\n<\/tr>\n<tr>\n<td class=\"\">\n<div>Streckenband:<\/div>\n<\/td>\n<td class=\"\">\n<ul>\n<li>00,000 \u2013 Abzw Porta<\/li>\n<li>00,000 &#8211; Bf Porta Westfalica<\/li>\n<li>00,100 &#8211; Hpu Neesen<\/li>\n<li>01,900 &#8211; EBR Weser<\/li>\n<li>03,800 &#8211; Bf H\u00e4verstedt<\/li>\n<li>04,300 &#8211; Hpu H\u00e4verstedt Dorf<\/li>\n<\/ul>\n<\/td>\n<\/tr>\n<\/tbody>\n<\/table>\n<p><a href=\"#\">Nach oben<\/a><\/p>\n<p><strong>\u00dcbersichtskarte<\/strong><\/p>\n<div id=\"mapp0_layout\" class=\"mapp-layout\" style=\"width: 640px; \"><div id=\"mapp0_links\" class=\"mapp-map-links\"><\/div><div id=\"mapp0_dialog\" class=\"mapp-dialog\"><\/div><div id=\"mapp0\" class=\"mapp-canvas\" style=\"width: 100%; height: 480px; \"><\/div><div id=\"mapp0_directions\" class=\"mapp-directions\" style=\"width:100%\"><\/div><div id=\"mapp0_poi_list\" class=\"mapp-poi-list\" style=\"width:100%\"><\/div><\/div>\n<p>Auszug Google Maps<\/p>\n\n\n\t\t\t\t<div id=\"map_ol3js_1\" class=\"map undefined\" data-map_name=\"undefined\" data-map=\"map_ol3js_1\" style=\"width:100%; max-width:100%; height:450px; display:block; overflow:hidden;border:thin solid; background-image: url(https:\/\/nordwind.info\/wp-content\/plugins\/osm\/); background-repeat: no-repeat; background-position: center; position: relative;\" >\n\t\t\t\t  <div id=\"map_ol3js_1_popup\" class=\"ol-popup\" >\n\t\t\t\t\t<a href=\"#\" id=\"map_ol3js_1_popup-closer\" class=\"ol-popup-closer\"><\/a>\n\t\t\t\t\t<div id=\"map_ol3js_1_popup-content\" ><\/div>\n\t\t\t\t  <\/div>\n\t\t\t\t<\/div>\n\t\t\t\n\n\t\t\t\t<script type=\"text\/javascript\">\n\t\t\t\t\ttranslations['openlayer'] = \"open layer\";\n\t\t\t\t\ttranslations['openlayerAtStartup'] = \"open layer at startup\";\n\t\t\t\t\ttranslations['generateLink'] = \"Der Link zur Karte mit ausgew\u00e4hlten Overlays und angezeigtem Ausschnitt\";\n\t\t\t\t\ttranslations['shortDescription'] = \"Kurzbeschreibung\";\n\t\t\t\t\ttranslations['generatedShortCode'] = \"to get a text control link paste this code in your wordpress editor\";\n\t\t\t\t\ttranslations['closeLayer'] = \"close layer\";\n\t\t\t\t\ttranslations['cantGenerateLink'] = \"put this string in the existing map short code to control this map\";\n\t\t\t  <\/script>\n\n\n\t\t\t  <script type=\"text\/javascript\">\n\t\t\t  vectorM['map_ol3js_1'] = [];\n\t        \n        var raster = getTileLayer(\"osm\",\"NoKey\");\t\t\t\n\n\t\t\t  var map_ol3js_1 = new ol.Map({\n\t\t\t\tinteractions: ol.interaction.defaults.defaults({mouseWheelZoom:false}),\n\t\t\t\tlayers: [raster],\n\t\t\t\ttarget: \"map_ol3js_1\",\n\t\t\t\tview: new ol.View({\n\t\t\t\t  center: ol.proj.transform([8.9193,52.2608], \"EPSG:4326\", \"EPSG:3857\"),\n\t\t\t\t  zoom: 13\n\t\t\t\t})\n\t\t\t  });\n\t\t\t  osm_addMarkerLayer(map_ol3js_1,8.9193,52.2608,\"https:\/\/nordwind.info\/wp-content\/plugins\/osm\/icons\/mic_red_pinother_02.png\",-16,-41,\"<p><\/p>\") ; \naddControls2Map(map_ol3js_1,0,0,3,0,5,6,7,0,1);\nosm_addPopupClickhandler(map_ol3js_1,  \"map_ol3js_1\"); \nosm_addMouseHover(map_ol3js_1); <\/script>\n<p>Auszug OSM<\/p>\n<div class=\"entry-content\">\n<p><a href=\"http:\/\/nordwind.info\/wp-content\/uploads\/2018\/10\/Bildschirmfoto-2018-10-03-um-05.57.00.png\"><img loading=\"lazy\" decoding=\"async\" class=\"aligncenter size-full wp-image-4060\" src=\"http:\/\/nordwind.info\/wp-content\/uploads\/2018\/10\/Bildschirmfoto-2018-10-03-um-05.57.00.png\" alt=\"\" width=\"640\" height=\"444\" srcset=\"https:\/\/nordwind.info\/wp-content\/uploads\/2018\/10\/Bildschirmfoto-2018-10-03-um-05.57.00.png 640w, https:\/\/nordwind.info\/wp-content\/uploads\/2018\/10\/Bildschirmfoto-2018-10-03-um-05.57.00-300x208.png 300w\" sizes=\"auto, (max-width: 640px) 100vw, 640px\" \/><\/a><\/p>\n<\/div>\n<p>Auszug BD Hannover 1950<\/p>\n<p><a href=\"http:\/\/nordwind.info\/wp-content\/uploads\/2020\/07\/0-Streckenprofil-2991-scaled.jpg\"><img loading=\"lazy\" decoding=\"async\" class=\"alignleft size-large wp-image-9351\" src=\"http:\/\/nordwind.info\/wp-content\/uploads\/2020\/07\/0-Streckenprofil-2991-1024x788.jpg\" alt=\"\" width=\"640\" height=\"493\" srcset=\"https:\/\/nordwind.info\/wp-content\/uploads\/2020\/07\/0-Streckenprofil-2991-1024x788.jpg 1024w, https:\/\/nordwind.info\/wp-content\/uploads\/2020\/07\/0-Streckenprofil-2991-300x231.jpg 300w, https:\/\/nordwind.info\/wp-content\/uploads\/2020\/07\/0-Streckenprofil-2991-768x591.jpg 768w, https:\/\/nordwind.info\/wp-content\/uploads\/2020\/07\/0-Streckenprofil-2991-1536x1183.jpg 1536w, https:\/\/nordwind.info\/wp-content\/uploads\/2020\/07\/0-Streckenprofil-2991-2048x1577.jpg 2048w\" sizes=\"auto, (max-width: 640px) 100vw, 640px\" \/><\/a><\/p>\n<p>Auszug TK 1:25.000 (1945)<\/p>\n<p><a href=\"http:\/\/nordwind.info\/wp-content\/uploads\/2018\/11\/IMG_0444.jpg\"><img loading=\"lazy\" decoding=\"async\" class=\"aligncenter size-full wp-image-4104\" src=\"http:\/\/nordwind.info\/wp-content\/uploads\/2018\/11\/IMG_0444.jpg\" alt=\"\" width=\"640\" height=\"480\" srcset=\"https:\/\/nordwind.info\/wp-content\/uploads\/2018\/11\/IMG_0444.jpg 640w, https:\/\/nordwind.info\/wp-content\/uploads\/2018\/11\/IMG_0444-300x225.jpg 300w\" sizes=\"auto, (max-width: 640px) 100vw, 640px\" \/><\/a><\/p>\n<p>.<\/p>\n<p><a href=\"http:\/\/nordwind.info\/wp-content\/uploads\/2018\/11\/IMG_0445.jpg\"><img loading=\"lazy\" decoding=\"async\" class=\"aligncenter size-full wp-image-4105\" src=\"http:\/\/nordwind.info\/wp-content\/uploads\/2018\/11\/IMG_0445.jpg\" alt=\"\" width=\"640\" height=\"480\" srcset=\"https:\/\/nordwind.info\/wp-content\/uploads\/2018\/11\/IMG_0445.jpg 640w, https:\/\/nordwind.info\/wp-content\/uploads\/2018\/11\/IMG_0445-300x225.jpg 300w\" sizes=\"auto, (max-width: 640px) 100vw, 640px\" \/><\/a><\/p>\n<p>.<\/p>\n<p><a href=\"http:\/\/nordwind.info\/wp-content\/uploads\/2018\/11\/IMG_0446.jpg\"><img loading=\"lazy\" decoding=\"async\" class=\"aligncenter size-full wp-image-4106\" src=\"http:\/\/nordwind.info\/wp-content\/uploads\/2018\/11\/IMG_0446.jpg\" alt=\"\" width=\"640\" height=\"480\" srcset=\"https:\/\/nordwind.info\/wp-content\/uploads\/2018\/11\/IMG_0446.jpg 640w, https:\/\/nordwind.info\/wp-content\/uploads\/2018\/11\/IMG_0446-300x225.jpg 300w\" sizes=\"auto, (max-width: 640px) 100vw, 640px\" \/><\/a><\/p>\n<p>.<\/p>\n<p><a href=\"http:\/\/nordwind.info\/wp-content\/uploads\/2018\/11\/IMG_0442.jpg\"><img loading=\"lazy\" decoding=\"async\" class=\"aligncenter size-full wp-image-4107\" src=\"http:\/\/nordwind.info\/wp-content\/uploads\/2018\/11\/IMG_0442.jpg\" alt=\"\" width=\"640\" height=\"480\" srcset=\"https:\/\/nordwind.info\/wp-content\/uploads\/2018\/11\/IMG_0442.jpg 640w, https:\/\/nordwind.info\/wp-content\/uploads\/2018\/11\/IMG_0442-300x225.jpg 300w\" sizes=\"auto, (max-width: 640px) 100vw, 640px\" \/><\/a><\/p>\n<p>2018<\/p>\n<p><a href=\"#\">Nach oben<\/a><\/p>\n<p><a href=\"http:\/\/nordwind.info\/wp-content\/uploads\/2018\/03\/sh2schluss.gif\"><img loading=\"lazy\" decoding=\"async\" class=\"aligncenter size-full wp-image-2750\" src=\"http:\/\/nordwind.info\/wp-content\/uploads\/2018\/03\/sh2schluss.gif\" alt=\"\" width=\"45\" height=\"66\" \/><\/a><\/p>\n","protected":false},"excerpt":{"rendered":"<p>Bezeichnung: Porta-Westfalica &#8211; H\u00e4verstedt Strecken-Nr.: 2991 Fahrplan: entf\u00e4llt L\u00e4nge: 4,3 km, eingleisig Spurweite: 1435 mm (Normalspur),\u00a0nicht elektrifiziert Nutzungen: Deutsche Reichsbahn (bis 1946) Deutsche Bundesbahn (bis 1993) Er\u00f6ffnung: 01.\u00a0September 1938 Schlie\u00dfung: 30. Mai 1976 Fundstellen: Wiki \u00a0\u2013 Porta-Westfalica &#8211; H\u00e4verstedt Karte &hellip; <a href=\"https:\/\/nordwind.info\/?page_id=4054\">Weiterlesen <span class=\"meta-nav\">&rarr;<\/span><\/a><\/p>\n","protected":false},"author":1,"featured_media":0,"parent":2400,"menu_order":0,"comment_status":"closed","ping_status":"closed","template":"","meta":{"footnotes":""},"class_list":["post-4054","page","type-page","status-publish","hentry"],"_links":{"self":[{"href":"https:\/\/nordwind.info\/index.php?rest_route=\/wp\/v2\/pages\/4054","targetHints":{"allow":["GET"]}}],"collection":[{"href":"https:\/\/nordwind.info\/index.php?rest_route=\/wp\/v2\/pages"}],"about":[{"href":"https:\/\/nordwind.info\/index.php?rest_route=\/wp\/v2\/types\/page"}],"author":[{"embeddable":true,"href":"https:\/\/nordwind.info\/index.php?rest_route=\/wp\/v2\/users\/1"}],"replies":[{"embeddable":true,"href":"https:\/\/nordwind.info\/index.php?rest_route=%2Fwp%2Fv2%2Fcomments&post=4054"}],"version-history":[{"count":23,"href":"https:\/\/nordwind.info\/index.php?rest_route=\/wp\/v2\/pages\/4054\/revisions"}],"predecessor-version":[{"id":13485,"href":"https:\/\/nordwind.info\/index.php?rest_route=\/wp\/v2\/pages\/4054\/revisions\/13485"}],"up":[{"embeddable":true,"href":"https:\/\/nordwind.info\/index.php?rest_route=\/wp\/v2\/pages\/2400"}],"wp:attachment":[{"href":"https:\/\/nordwind.info\/index.php?rest_route=%2Fwp%2Fv2%2Fmedia&parent=4054"}],"curies":[{"name":"wp","href":"https:\/\/api.w.org\/{rel}","templated":true}]}}