

{"id":3076,"date":"2018-03-16T05:01:51","date_gmt":"2018-03-16T05:01:51","guid":{"rendered":"http:\/\/nordwind.info\/?page_id=3076"},"modified":"2025-03-18T05:51:25","modified_gmt":"2025-03-18T05:51:25","slug":"40400-bf-warmsen","status":"publish","type":"page","link":"https:\/\/nordwind.info\/?page_id=3076","title":{"rendered":"40,400 &#8211; Bf Warmsen"},"content":{"rendered":"\n\n\t\t\t\t<div id=\"map_ol3js_1\" class=\"map undefined\" data-map_name=\"undefined\" data-map=\"map_ol3js_1\" style=\"width:100%; max-width:100%; height:450px; display:block; overflow:hidden;border:2px solid grey;\" >\n\t\t\t\t  <div id=\"map_ol3js_1_popup\" class=\"ol-popup\" >\n\t\t\t\t\t<a href=\"#\" id=\"map_ol3js_1_popup-closer\" class=\"ol-popup-closer\"><\/a>\n\t\t\t\t\t<div id=\"map_ol3js_1_popup-content\" ><\/div>\n\t\t\t\t  <\/div>\n\t\t\t\t<\/div>\n\t\t\t\n\n\t\t\t\t<script type=\"text\/javascript\">\n\t\t\t\t\ttranslations['openlayer'] = \"open layer\";\n\t\t\t\t\ttranslations['openlayerAtStartup'] = \"open layer at startup\";\n\t\t\t\t\ttranslations['generateLink'] = \"Der Link zur Karte mit ausgew\u00e4hlten Overlays und angezeigtem Ausschnitt\";\n\t\t\t\t\ttranslations['shortDescription'] = \"Kurzbeschreibung\";\n\t\t\t\t\ttranslations['generatedShortCode'] = \"to get a text control link paste this code in your wordpress editor\";\n\t\t\t\t\ttranslations['closeLayer'] = \"close layer\";\n\t\t\t\t\ttranslations['cantGenerateLink'] = \"put this string in the existing map short code to control this map\";\n\t\t\t  <\/script>\n\n\n\t\t\t  <script type=\"text\/javascript\">\n\t\t\t  vectorM['map_ol3js_1'] = [];\n\t        \n        var raster = getTileLayer(\"osm\",\"NoKey\");\t\t\t\n\n\t\t\t  var map_ol3js_1 = new ol.Map({\n\t\t\t\tinteractions: ol.interaction.defaults.defaults({mouseWheelZoom:false}),\n\t\t\t\tlayers: [raster],\n\t\t\t\ttarget: \"map_ol3js_1\",\n\t\t\t\tview: new ol.View({\n\t\t\t\t  center: ol.proj.transform([8.8538,52.4561], \"EPSG:4326\", \"EPSG:3857\"),\n\t\t\t\t  zoom: 13\n\t\t\t\t})\n\t\t\t  });\n\t\t\t  addControls2Map(map_ol3js_1,0,0,3,0,5,6,7,0,1);\nosm_addPopupClickhandler(map_ol3js_1,  \"map_ol3js_1\"); \nosm_addMouseHover(map_ol3js_1); <\/script>\n<p>Kartenauszug\u00a0<a href=\"http:\/\/www.openrailwaymap.org\/mobile.php?searchquery=&amp;lang=de\" target=\"_blank\" rel=\"noopener noreferrer\">OpenRailwayMap<\/a>\u00a0&#8211;\u00a0\u00dcbersicht <a href=\"http:\/\/dg3of.de\/?page_id=375\">Strecke 1743<\/a><\/p>\n<p><a href=\"http:\/\/nordwind.info\/wp-content\/uploads\/2019\/11\/Uchte-3519.jpg\"><img loading=\"lazy\" decoding=\"async\" class=\"alignleft size-large wp-image-7372\" src=\"http:\/\/nordwind.info\/wp-content\/uploads\/2019\/11\/Uchte-3519-1016x1024.jpg\" alt=\"\" width=\"640\" height=\"645\" srcset=\"https:\/\/nordwind.info\/wp-content\/uploads\/2019\/11\/Uchte-3519-1016x1024.jpg 1016w, https:\/\/nordwind.info\/wp-content\/uploads\/2019\/11\/Uchte-3519-146x146.jpg 146w, https:\/\/nordwind.info\/wp-content\/uploads\/2019\/11\/Uchte-3519-298x300.jpg 298w, https:\/\/nordwind.info\/wp-content\/uploads\/2019\/11\/Uchte-3519-768x774.jpg 768w, https:\/\/nordwind.info\/wp-content\/uploads\/2019\/11\/Uchte-3519-109x109.jpg 109w, https:\/\/nordwind.info\/wp-content\/uploads\/2019\/11\/Uchte-3519-100x100.jpg 100w\" sizes=\"auto, (max-width: 640px) 100vw, 640px\" \/><\/a><\/p>\n<p>Kartenauszug TK 1:25000 (Reichsamt f\u00fcr Landesvermessung 1945)<\/p>\n<p><a href=\"http:\/\/nordwind.info\/wp-content\/uploads\/2018\/03\/0-Warmsen-Bf-Lageplan-Bahn.jpg\"><img loading=\"lazy\" decoding=\"async\" class=\"aligncenter size-large wp-image-3186\" src=\"http:\/\/nordwind.info\/wp-content\/uploads\/2018\/03\/0-Warmsen-Bf-Lageplan-Bahn-1024x574.jpg\" alt=\"\" width=\"640\" height=\"359\" srcset=\"https:\/\/nordwind.info\/wp-content\/uploads\/2018\/03\/0-Warmsen-Bf-Lageplan-Bahn.jpg 1024w, https:\/\/nordwind.info\/wp-content\/uploads\/2018\/03\/0-Warmsen-Bf-Lageplan-Bahn-300x168.jpg 300w, https:\/\/nordwind.info\/wp-content\/uploads\/2018\/03\/0-Warmsen-Bf-Lageplan-Bahn-768x431.jpg 768w\" sizes=\"auto, (max-width: 640px) 100vw, 640px\" \/><\/a><\/p>\n<p>Lageplan, Zustand 1954<\/p>\n<p><img loading=\"lazy\" decoding=\"async\" class=\"alignnone wp-image-14025 size-large\" src=\"http:\/\/nordwind.info\/wp-content\/uploads\/2025\/03\/40400-Bahnwaerterhaus-2-1024x768.jpg\" alt=\"\" width=\"640\" height=\"480\" srcset=\"https:\/\/nordwind.info\/wp-content\/uploads\/2025\/03\/40400-Bahnwaerterhaus-2-1024x768.jpg 1024w, https:\/\/nordwind.info\/wp-content\/uploads\/2025\/03\/40400-Bahnwaerterhaus-2-300x225.jpg 300w, https:\/\/nordwind.info\/wp-content\/uploads\/2025\/03\/40400-Bahnwaerterhaus-2-768x576.jpg 768w, https:\/\/nordwind.info\/wp-content\/uploads\/2025\/03\/40400-Bahnwaerterhaus-2.jpg 1100w\" sizes=\"auto, (max-width: 640px) 100vw, 640px\" \/><\/p>\n<p>Typisches Bahnw\u00e4rterhaus<\/p>\n<ul>\n<li>&gt;&gt;&gt; <a href=\"http:\/\/nordwind.info\/?page_id=3073\">Bohnhorst<\/a><\/li>\n<li>&lt;&lt;&lt; <a href=\"http:\/\/nordwind.info\/?page_id=3078\">Uchte<\/a><\/li>\n<\/ul>\n<p><img loading=\"lazy\" decoding=\"async\" class=\"aligncenter size-full wp-image-2750\" src=\"http:\/\/nordwind.info\/wp-content\/uploads\/2018\/03\/sh2schluss.gif\" alt=\"\" width=\"45\" height=\"66\" \/><\/p>\n<p><a href=\"#\">Nach oben<\/a><\/p>\n","protected":false},"excerpt":{"rendered":"<p>Kartenauszug\u00a0OpenRailwayMap\u00a0&#8211;\u00a0\u00dcbersicht Strecke 1743 Kartenauszug TK 1:25000 (Reichsamt f\u00fcr Landesvermessung 1945) Lageplan, Zustand 1954 Typisches Bahnw\u00e4rterhaus &gt;&gt;&gt; Bohnhorst &lt;&lt;&lt; Uchte Nach oben<\/p>\n","protected":false},"author":1,"featured_media":0,"parent":2760,"menu_order":0,"comment_status":"closed","ping_status":"closed","template":"","meta":{"footnotes":""},"class_list":["post-3076","page","type-page","status-publish","hentry"],"_links":{"self":[{"href":"https:\/\/nordwind.info\/index.php?rest_route=\/wp\/v2\/pages\/3076","targetHints":{"allow":["GET"]}}],"collection":[{"href":"https:\/\/nordwind.info\/index.php?rest_route=\/wp\/v2\/pages"}],"about":[{"href":"https:\/\/nordwind.info\/index.php?rest_route=\/wp\/v2\/types\/page"}],"author":[{"embeddable":true,"href":"https:\/\/nordwind.info\/index.php?rest_route=\/wp\/v2\/users\/1"}],"replies":[{"embeddable":true,"href":"https:\/\/nordwind.info\/index.php?rest_route=%2Fwp%2Fv2%2Fcomments&post=3076"}],"version-history":[{"count":7,"href":"https:\/\/nordwind.info\/index.php?rest_route=\/wp\/v2\/pages\/3076\/revisions"}],"predecessor-version":[{"id":14027,"href":"https:\/\/nordwind.info\/index.php?rest_route=\/wp\/v2\/pages\/3076\/revisions\/14027"}],"up":[{"embeddable":true,"href":"https:\/\/nordwind.info\/index.php?rest_route=\/wp\/v2\/pages\/2760"}],"wp:attachment":[{"href":"https:\/\/nordwind.info\/index.php?rest_route=%2Fwp%2Fv2%2Fmedia&parent=3076"}],"curies":[{"name":"wp","href":"https:\/\/api.w.org\/{rel}","templated":true}]}}