

{"id":2975,"date":"2018-03-15T05:29:52","date_gmt":"2018-03-15T05:29:52","guid":{"rendered":"http:\/\/nordwind.info\/?page_id=2975"},"modified":"2021-01-25T05:36:40","modified_gmt":"2021-01-25T05:36:40","slug":"26960-bf-stadthagen","status":"publish","type":"page","link":"https:\/\/nordwind.info\/?page_id=2975","title":{"rendered":"26,960 &#8211; Bf Stadthagen"},"content":{"rendered":"<p>\n\n\t\t\t\t<div id=\"map_ol3js_1\" class=\"map undefined\" data-map_name=\"undefined\" data-map=\"map_ol3js_1\" style=\"width:100%; max-width:100%; height:450px; display:block; overflow:hidden;border:2px solid grey;\" >\n\t\t\t\t  <div id=\"map_ol3js_1_popup\" class=\"ol-popup\" >\n\t\t\t\t\t<a href=\"#\" id=\"map_ol3js_1_popup-closer\" class=\"ol-popup-closer\"><\/a>\n\t\t\t\t\t<div id=\"map_ol3js_1_popup-content\" ><\/div>\n\t\t\t\t  <\/div>\n\t\t\t\t<\/div>\n\t\t\t\n\n\t\t\t\t<script type=\"text\/javascript\">\n\t\t\t\t\ttranslations['openlayer'] = \"open layer\";\n\t\t\t\t\ttranslations['openlayerAtStartup'] = \"open layer at startup\";\n\t\t\t\t\ttranslations['generateLink'] = \"Der Link zur Karte mit ausgew\u00e4hlten Overlays und angezeigtem Ausschnitt\";\n\t\t\t\t\ttranslations['shortDescription'] = \"Kurzbeschreibung\";\n\t\t\t\t\ttranslations['generatedShortCode'] = \"to get a text control link paste this code in your wordpress editor\";\n\t\t\t\t\ttranslations['closeLayer'] = \"close layer\";\n\t\t\t\t\ttranslations['cantGenerateLink'] = \"put this string in the existing map short code to control this map\";\n\t\t\t  <\/script>\n\n\n\t\t\t  <script type=\"text\/javascript\">\n\t\t\t  vectorM['map_ol3js_1'] = [];\n\t        \n        var raster = getTileLayer(\"osm\",\"NoKey\");\t\t\t\n\n\t\t\t  var map_ol3js_1 = new ol.Map({\n\t\t\t\tinteractions: ol.interaction.defaults.defaults({mouseWheelZoom:false}),\n\t\t\t\tlayers: [raster],\n\t\t\t\ttarget: \"map_ol3js_1\",\n\t\t\t\tview: new ol.View({\n\t\t\t\t  center: ol.proj.transform([9.1652,52.3254], \"EPSG:4326\", \"EPSG:3857\"),\n\t\t\t\t  zoom: 13\n\t\t\t\t})\n\t\t\t  });\n\t\t\t  addControls2Map(map_ol3js_1,0,0,3,0,5,6,7,0,1);\nosm_addPopupClickhandler(map_ol3js_1,  \"map_ol3js_1\"); \nosm_addMouseHover(map_ol3js_1); <\/script><br \/>\nKartenauszug OSM<br \/>\n<a href=\"http:\/\/dg3of.de\/wp-content\/uploads\/2017\/03\/Stadthagen.png\"><img loading=\"lazy\" decoding=\"async\" class=\"alignright wp-image-3317 size-full\" src=\"http:\/\/dg3of.de\/wp-content\/uploads\/2017\/03\/Stadthagen.png\" alt=\"\" width=\"946\" height=\"660\" \/><\/a><\/p>\n<p>Kartenauszug\u00a0<a href=\"http:\/\/www.openrailwaymap.org\/mobile.php?searchquery=&amp;lang=de\" target=\"_blank\" rel=\"noopener noreferrer\">OpenRailwayMap<\/a>\u00a0&#8211;\u00a0\u00dcbersicht\u00a0<a href=\"http:\/\/nordwind.info\/?page_id=2722\">Strecke 1742<\/a><\/p>\n<p>Kartenauszug TK 1:25000 (Reichsamt f\u00fcr Landesvermessung 1945)<\/p>\n<p><a href=\"http:\/\/nordwind.info\/wp-content\/uploads\/2018\/03\/1742_026960-Bf-Stra\u00dfenseite-1.jpg\"><img loading=\"lazy\" decoding=\"async\" class=\"aligncenter size-full wp-image-2978\" src=\"http:\/\/nordwind.info\/wp-content\/uploads\/2018\/03\/1742_026960-Bf-Stra\u00dfenseite-1.jpg\" alt=\"\" width=\"960\" height=\"540\" srcset=\"https:\/\/nordwind.info\/wp-content\/uploads\/2018\/03\/1742_026960-Bf-Stra\u00dfenseite-1.jpg 960w, https:\/\/nordwind.info\/wp-content\/uploads\/2018\/03\/1742_026960-Bf-Stra\u00dfenseite-1-300x169.jpg 300w, https:\/\/nordwind.info\/wp-content\/uploads\/2018\/03\/1742_026960-Bf-Stra\u00dfenseite-1-768x432.jpg 768w\" sizes=\"auto, (max-width: 960px) 100vw, 960px\" \/><\/a>Bahnhof Stadthagen, Stra\u00dfenseite<\/p>\n<p><a href=\"http:\/\/nordwind.info\/wp-content\/uploads\/2020\/07\/Stadthagen-2.jpg\"><img loading=\"lazy\" decoding=\"async\" class=\"alignleft size-large wp-image-9392\" src=\"http:\/\/nordwind.info\/wp-content\/uploads\/2020\/07\/Stadthagen-2-1024x622.jpg\" alt=\"\" width=\"640\" height=\"389\" srcset=\"https:\/\/nordwind.info\/wp-content\/uploads\/2020\/07\/Stadthagen-2-1024x622.jpg 1024w, https:\/\/nordwind.info\/wp-content\/uploads\/2020\/07\/Stadthagen-2-300x182.jpg 300w, https:\/\/nordwind.info\/wp-content\/uploads\/2020\/07\/Stadthagen-2-768x467.jpg 768w, https:\/\/nordwind.info\/wp-content\/uploads\/2020\/07\/Stadthagen-2.jpg 1280w\" sizes=\"auto, (max-width: 640px) 100vw, 640px\" \/><\/a><\/p>\n<p>.<\/p>\n<p><a href=\"http:\/\/nordwind.info\/wp-content\/uploads\/2020\/07\/Stadthagen-01.jpg\"><img loading=\"lazy\" decoding=\"async\" class=\"alignleft size-large wp-image-9393\" src=\"http:\/\/nordwind.info\/wp-content\/uploads\/2020\/07\/Stadthagen-01-1024x652.jpg\" alt=\"\" width=\"640\" height=\"408\" srcset=\"https:\/\/nordwind.info\/wp-content\/uploads\/2020\/07\/Stadthagen-01-1024x652.jpg 1024w, https:\/\/nordwind.info\/wp-content\/uploads\/2020\/07\/Stadthagen-01-300x191.jpg 300w, https:\/\/nordwind.info\/wp-content\/uploads\/2020\/07\/Stadthagen-01-768x489.jpg 768w, https:\/\/nordwind.info\/wp-content\/uploads\/2020\/07\/Stadthagen-01.jpg 1039w\" sizes=\"auto, (max-width: 640px) 100vw, 640px\" \/><\/a><\/p>\n<p>Ansichtskarten (Sammlung G. Kulawenski)<\/p>\n<p><a href=\"http:\/\/nordwind.info\/wp-content\/uploads\/2021\/01\/IMG_1097-scaled.jpeg\"><img loading=\"lazy\" decoding=\"async\" class=\"alignright size-large wp-image-10533\" src=\"http:\/\/nordwind.info\/wp-content\/uploads\/2021\/01\/IMG_1097-1024x768.jpeg\" alt=\"\" width=\"640\" height=\"480\" srcset=\"https:\/\/nordwind.info\/wp-content\/uploads\/2021\/01\/IMG_1097-1024x768.jpeg 1024w, https:\/\/nordwind.info\/wp-content\/uploads\/2021\/01\/IMG_1097-300x225.jpeg 300w, https:\/\/nordwind.info\/wp-content\/uploads\/2021\/01\/IMG_1097-768x576.jpeg 768w, https:\/\/nordwind.info\/wp-content\/uploads\/2021\/01\/IMG_1097-1536x1152.jpeg 1536w, https:\/\/nordwind.info\/wp-content\/uploads\/2021\/01\/IMG_1097-2048x1536.jpeg 2048w\" sizes=\"auto, (max-width: 640px) 100vw, 640px\" \/><\/a><\/p>\n<p>2020<\/p>\n<ul>\n<li>&lt;&lt;&lt; <a href=\"http:\/\/nordwind.info\/?page_id=2973\">Niedernw\u00f6hren<\/a><\/li>\n<\/ul>\n<p><a href=\"#\">Nach oben<\/a><\/p>\n<p><a href=\"http:\/\/nordwind.info\/wp-content\/uploads\/2018\/03\/sh2schluss.gif\"><img loading=\"lazy\" decoding=\"async\" class=\"aligncenter size-full wp-image-2750\" src=\"http:\/\/nordwind.info\/wp-content\/uploads\/2018\/03\/sh2schluss.gif\" alt=\"\" width=\"45\" height=\"66\" \/><\/a><\/p>\n","protected":false},"excerpt":{"rendered":"<p>Kartenauszug OSM Kartenauszug\u00a0OpenRailwayMap\u00a0&#8211;\u00a0\u00dcbersicht\u00a0Strecke 1742 Kartenauszug TK 1:25000 (Reichsamt f\u00fcr Landesvermessung 1945) Bahnhof Stadthagen, Stra\u00dfenseite . Ansichtskarten (Sammlung G. Kulawenski) 2020 &lt;&lt;&lt; Niedernw\u00f6hren Nach oben<\/p>\n","protected":false},"author":1,"featured_media":0,"parent":2722,"menu_order":0,"comment_status":"closed","ping_status":"closed","template":"","meta":{"footnotes":""},"class_list":["post-2975","page","type-page","status-publish","hentry"],"_links":{"self":[{"href":"https:\/\/nordwind.info\/index.php?rest_route=\/wp\/v2\/pages\/2975","targetHints":{"allow":["GET"]}}],"collection":[{"href":"https:\/\/nordwind.info\/index.php?rest_route=\/wp\/v2\/pages"}],"about":[{"href":"https:\/\/nordwind.info\/index.php?rest_route=\/wp\/v2\/types\/page"}],"author":[{"embeddable":true,"href":"https:\/\/nordwind.info\/index.php?rest_route=\/wp\/v2\/users\/1"}],"replies":[{"embeddable":true,"href":"https:\/\/nordwind.info\/index.php?rest_route=%2Fwp%2Fv2%2Fcomments&post=2975"}],"version-history":[{"count":8,"href":"https:\/\/nordwind.info\/index.php?rest_route=\/wp\/v2\/pages\/2975\/revisions"}],"predecessor-version":[{"id":10534,"href":"https:\/\/nordwind.info\/index.php?rest_route=\/wp\/v2\/pages\/2975\/revisions\/10534"}],"up":[{"embeddable":true,"href":"https:\/\/nordwind.info\/index.php?rest_route=\/wp\/v2\/pages\/2722"}],"wp:attachment":[{"href":"https:\/\/nordwind.info\/index.php?rest_route=%2Fwp%2Fv2%2Fmedia&parent=2975"}],"curies":[{"name":"wp","href":"https:\/\/api.w.org\/{rel}","templated":true}]}}