

{"id":2961,"date":"2018-03-15T05:09:50","date_gmt":"2018-03-15T05:09:50","guid":{"rendered":"http:\/\/nordwind.info\/?page_id=2961"},"modified":"2021-01-22T13:37:22","modified_gmt":"2021-01-22T13:37:22","slug":"00000-bf-leese-stolzenau","status":"publish","type":"page","link":"https:\/\/nordwind.info\/?page_id=2961","title":{"rendered":"00,000 &#8211; Bf Leese-Stolzenau"},"content":{"rendered":"<p>\n\n\t\t\t\t<div id=\"map_ol3js_1\" class=\"map undefined\" data-map_name=\"undefined\" data-map=\"map_ol3js_1\" style=\"width:100%; max-width:100%; height:450px; display:block; overflow:hidden;border:2px solid grey;\" >\n\t\t\t\t  <div id=\"map_ol3js_1_popup\" class=\"ol-popup\" >\n\t\t\t\t\t<a href=\"#\" id=\"map_ol3js_1_popup-closer\" class=\"ol-popup-closer\"><\/a>\n\t\t\t\t\t<div id=\"map_ol3js_1_popup-content\" ><\/div>\n\t\t\t\t  <\/div>\n\t\t\t\t<\/div>\n\t\t\t\n\n\t\t\t\t<script type=\"text\/javascript\">\n\t\t\t\t\ttranslations['openlayer'] = \"open layer\";\n\t\t\t\t\ttranslations['openlayerAtStartup'] = \"open layer at startup\";\n\t\t\t\t\ttranslations['generateLink'] = \"Der Link zur Karte mit ausgew\u00e4hlten Overlays und angezeigtem Ausschnitt\";\n\t\t\t\t\ttranslations['shortDescription'] = \"Kurzbeschreibung\";\n\t\t\t\t\ttranslations['generatedShortCode'] = \"to get a text control link paste this code in your wordpress editor\";\n\t\t\t\t\ttranslations['closeLayer'] = \"close layer\";\n\t\t\t\t\ttranslations['cantGenerateLink'] = \"put this string in the existing map short code to control this map\";\n\t\t\t  <\/script>\n\n\n\t\t\t  <script type=\"text\/javascript\">\n\t\t\t  vectorM['map_ol3js_1'] = [];\n\t        \n        var raster = getTileLayer(\"osm\",\"NoKey\");\t\t\t\n\n\t\t\t  var map_ol3js_1 = new ol.Map({\n\t\t\t\tinteractions: ol.interaction.defaults.defaults({mouseWheelZoom:false}),\n\t\t\t\tlayers: [raster],\n\t\t\t\ttarget: \"map_ol3js_1\",\n\t\t\t\tview: new ol.View({\n\t\t\t\t  center: ol.proj.transform([9.1096,52.5047], \"EPSG:4326\", \"EPSG:3857\"),\n\t\t\t\t  zoom: 14\n\t\t\t\t})\n\t\t\t  });\n\t\t\t  addControls2Map(map_ol3js_1,0,0,3,0,5,6,7,0,1);\nosm_addPopupClickhandler(map_ol3js_1,  \"map_ol3js_1\"); \nosm_addMouseHover(map_ol3js_1); <\/script><br \/>\nKartenauszug OSM<\/p>\n<p><a href=\"http:\/\/nordwind.info\/wp-content\/uploads\/2018\/03\/Leese.png\"><img loading=\"lazy\" decoding=\"async\" class=\"aligncenter size-full wp-image-3014\" src=\"http:\/\/nordwind.info\/wp-content\/uploads\/2018\/03\/Leese.png\" alt=\"\" width=\"896\" height=\"691\" srcset=\"https:\/\/nordwind.info\/wp-content\/uploads\/2018\/03\/Leese.png 896w, https:\/\/nordwind.info\/wp-content\/uploads\/2018\/03\/Leese-300x231.png 300w, https:\/\/nordwind.info\/wp-content\/uploads\/2018\/03\/Leese-768x592.png 768w\" sizes=\"auto, (max-width: 896px) 100vw, 896px\" \/><\/a>Kartenauszug\u00a0<a href=\"http:\/\/www.openrailwaymap.org\/mobile.php?searchquery=&amp;lang=de\" target=\"_blank\" rel=\"noopener noreferrer\">OpenRailwayMap<\/a>\u00a0&#8211;\u00a0\u00dcbersicht\u00a0<a href=\"http:\/\/nordwind.info\/?page_id=2722\">Strecke 1742<\/a><\/p>\n<p><a href=\"http:\/\/nordwind.info\/wp-content\/uploads\/2017\/11\/Stolzenau-3420.jpg\"><img loading=\"lazy\" decoding=\"async\" class=\"alignleft size-large wp-image-1817\" src=\"http:\/\/nordwind.info\/wp-content\/uploads\/2017\/11\/Stolzenau-3420-1002x1024.jpg\" alt=\"\" width=\"640\" height=\"654\" srcset=\"https:\/\/nordwind.info\/wp-content\/uploads\/2017\/11\/Stolzenau-3420-1002x1024.jpg 1002w, https:\/\/nordwind.info\/wp-content\/uploads\/2017\/11\/Stolzenau-3420-293x300.jpg 293w, https:\/\/nordwind.info\/wp-content\/uploads\/2017\/11\/Stolzenau-3420-768x785.jpg 768w\" sizes=\"auto, (max-width: 640px) 100vw, 640px\" \/><\/a><a href=\"http:\/\/nordwind.info\/wp-content\/uploads\/2018\/03\/01-Leese.jpg\"><br \/>\n<\/a>Kartenauszug TK 1:25000 (Reichsamt f\u00fcr Landesvermessung 1945)<\/p>\n<p><a href=\"http:\/\/nordwind.info\/wp-content\/uploads\/2018\/03\/Leese-Stolzenau-Bf-Lageplan-Bahn.jpg\"><img loading=\"lazy\" decoding=\"async\" class=\"aligncenter size-large wp-image-3016\" src=\"http:\/\/nordwind.info\/wp-content\/uploads\/2018\/03\/Leese-Stolzenau-Bf-Lageplan-Bahn-1024x509.jpg\" alt=\"\" width=\"640\" height=\"318\" srcset=\"https:\/\/nordwind.info\/wp-content\/uploads\/2018\/03\/Leese-Stolzenau-Bf-Lageplan-Bahn-1024x509.jpg 1024w, https:\/\/nordwind.info\/wp-content\/uploads\/2018\/03\/Leese-Stolzenau-Bf-Lageplan-Bahn-300x149.jpg 300w, https:\/\/nordwind.info\/wp-content\/uploads\/2018\/03\/Leese-Stolzenau-Bf-Lageplan-Bahn-768x382.jpg 768w\" sizes=\"auto, (max-width: 640px) 100vw, 640px\" \/><\/a>Lageplan, Zustand 1954<\/p>\n<p><a href=\"http:\/\/nordwind.info\/wp-content\/uploads\/2018\/03\/Leese-Stolzenau-Bf-1920-1.jpg\"><img loading=\"lazy\" decoding=\"async\" class=\"aligncenter size-full wp-image-3017\" src=\"http:\/\/nordwind.info\/wp-content\/uploads\/2018\/03\/Leese-Stolzenau-Bf-1920-1.jpg\" alt=\"\" width=\"1000\" height=\"793\" srcset=\"https:\/\/nordwind.info\/wp-content\/uploads\/2018\/03\/Leese-Stolzenau-Bf-1920-1.jpg 1000w, https:\/\/nordwind.info\/wp-content\/uploads\/2018\/03\/Leese-Stolzenau-Bf-1920-1-300x238.jpg 300w, https:\/\/nordwind.info\/wp-content\/uploads\/2018\/03\/Leese-Stolzenau-Bf-1920-1-768x609.jpg 768w\" sizes=\"auto, (max-width: 1000px) 100vw, 1000px\" \/><\/a>Bahnhofsgeb\u00e4ude Gleisseite um 1920<\/p>\n<p><a href=\"http:\/\/nordwind.info\/wp-content\/uploads\/2018\/03\/20600-aus-Richtung-Norden.jpg\"><img loading=\"lazy\" decoding=\"async\" class=\"aligncenter wp-image-3018 size-large\" src=\"http:\/\/nordwind.info\/wp-content\/uploads\/2018\/03\/20600-aus-Richtung-Norden-1024x576.jpg\" alt=\"\" width=\"640\" height=\"360\" srcset=\"https:\/\/nordwind.info\/wp-content\/uploads\/2018\/03\/20600-aus-Richtung-Norden-1024x576.jpg 1024w, https:\/\/nordwind.info\/wp-content\/uploads\/2018\/03\/20600-aus-Richtung-Norden-300x169.jpg 300w, https:\/\/nordwind.info\/wp-content\/uploads\/2018\/03\/20600-aus-Richtung-Norden-768x432.jpg 768w, https:\/\/nordwind.info\/wp-content\/uploads\/2018\/03\/20600-aus-Richtung-Norden.jpg 1280w\" sizes=\"auto, (max-width: 640px) 100vw, 640px\" \/><\/a>Bf Leese-Stolzenau Gleise Richtung S\u00fcden (27.05.2005)<\/p>\n<p><a href=\"http:\/\/nordwind.info\/wp-content\/uploads\/2018\/03\/20650-Ladestra\u00dfe.jpg\"><img loading=\"lazy\" decoding=\"async\" class=\"aligncenter size-large wp-image-3019\" src=\"http:\/\/nordwind.info\/wp-content\/uploads\/2018\/03\/20650-Ladestra\u00dfe-1024x576.jpg\" alt=\"\" width=\"640\" height=\"360\" srcset=\"https:\/\/nordwind.info\/wp-content\/uploads\/2018\/03\/20650-Ladestra\u00dfe-1024x576.jpg 1024w, https:\/\/nordwind.info\/wp-content\/uploads\/2018\/03\/20650-Ladestra\u00dfe-300x169.jpg 300w, https:\/\/nordwind.info\/wp-content\/uploads\/2018\/03\/20650-Ladestra\u00dfe-768x432.jpg 768w, https:\/\/nordwind.info\/wp-content\/uploads\/2018\/03\/20650-Ladestra\u00dfe.jpg 1280w\" sizes=\"auto, (max-width: 640px) 100vw, 640px\" \/><\/a>Bf Leese-Stolzenau (27.05.2005)<\/p>\n<p><a href=\"http:\/\/nordwind.info\/wp-content\/uploads\/2018\/03\/00002-EG-Glesseite-1-1.jpg\"><img loading=\"lazy\" decoding=\"async\" class=\"aligncenter size-large wp-image-3020\" src=\"http:\/\/nordwind.info\/wp-content\/uploads\/2018\/03\/00002-EG-Glesseite-1-1-1024x594.jpg\" alt=\"\" width=\"640\" height=\"371\" srcset=\"https:\/\/nordwind.info\/wp-content\/uploads\/2018\/03\/00002-EG-Glesseite-1-1-1024x594.jpg 1024w, https:\/\/nordwind.info\/wp-content\/uploads\/2018\/03\/00002-EG-Glesseite-1-1-300x174.jpg 300w, https:\/\/nordwind.info\/wp-content\/uploads\/2018\/03\/00002-EG-Glesseite-1-1-768x445.jpg 768w, https:\/\/nordwind.info\/wp-content\/uploads\/2018\/03\/00002-EG-Glesseite-1-1.jpg 1280w\" sizes=\"auto, (max-width: 640px) 100vw, 640px\" \/><\/a>Bf Leese-Stolzenau, Gleisseite (27.05.2005)<\/p>\n<p><a href=\"http:\/\/nordwind.info\/wp-content\/uploads\/2018\/03\/00002-Zufahrt-Bahnhof-1.jpg\"><img loading=\"lazy\" decoding=\"async\" class=\"aligncenter size-large wp-image-3021\" src=\"http:\/\/nordwind.info\/wp-content\/uploads\/2018\/03\/00002-Zufahrt-Bahnhof-1-1024x576.jpg\" alt=\"\" width=\"640\" height=\"360\" srcset=\"https:\/\/nordwind.info\/wp-content\/uploads\/2018\/03\/00002-Zufahrt-Bahnhof-1-1024x576.jpg 1024w, https:\/\/nordwind.info\/wp-content\/uploads\/2018\/03\/00002-Zufahrt-Bahnhof-1-300x169.jpg 300w, https:\/\/nordwind.info\/wp-content\/uploads\/2018\/03\/00002-Zufahrt-Bahnhof-1-768x432.jpg 768w, https:\/\/nordwind.info\/wp-content\/uploads\/2018\/03\/00002-Zufahrt-Bahnhof-1.jpg 1280w\" sizes=\"auto, (max-width: 640px) 100vw, 640px\" \/><\/a>Bf Leese-Stolzenau, Stra\u00dfenseite (27.05.2005)<\/p>\n<p><a href=\"http:\/\/nordwind.info\/wp-content\/uploads\/2018\/03\/20710-Gleise-ehm-Ri-1742.jpg\"><img loading=\"lazy\" decoding=\"async\" class=\"aligncenter size-large wp-image-3022\" src=\"http:\/\/nordwind.info\/wp-content\/uploads\/2018\/03\/20710-Gleise-ehm-Ri-1742-1024x576.jpg\" alt=\"\" width=\"640\" height=\"360\" srcset=\"https:\/\/nordwind.info\/wp-content\/uploads\/2018\/03\/20710-Gleise-ehm-Ri-1742-1024x576.jpg 1024w, https:\/\/nordwind.info\/wp-content\/uploads\/2018\/03\/20710-Gleise-ehm-Ri-1742-300x169.jpg 300w, https:\/\/nordwind.info\/wp-content\/uploads\/2018\/03\/20710-Gleise-ehm-Ri-1742-768x432.jpg 768w, https:\/\/nordwind.info\/wp-content\/uploads\/2018\/03\/20710-Gleise-ehm-Ri-1742.jpg 1280w\" sizes=\"auto, (max-width: 640px) 100vw, 640px\" \/><\/a>Ausfahrsignale Richtung Loccum<\/p>\n<table>\n<tbody>\n<tr>\n<td><a href=\"http:\/\/nordwind.info\/wp-content\/uploads\/2018\/03\/00100-EBR-Stolzenauer-Stra\u00dfe-W-O-1-1.jpg\"><img loading=\"lazy\" decoding=\"async\" class=\"aligncenter size-large wp-image-3023\" src=\"http:\/\/nordwind.info\/wp-content\/uploads\/2018\/03\/00100-EBR-Stolzenauer-Stra\u00dfe-W-O-1-1-1024x577.jpg\" alt=\"\" width=\"640\" height=\"361\" srcset=\"https:\/\/nordwind.info\/wp-content\/uploads\/2018\/03\/00100-EBR-Stolzenauer-Stra\u00dfe-W-O-1-1-1024x577.jpg 1024w, https:\/\/nordwind.info\/wp-content\/uploads\/2018\/03\/00100-EBR-Stolzenauer-Stra\u00dfe-W-O-1-1-300x169.jpg 300w, https:\/\/nordwind.info\/wp-content\/uploads\/2018\/03\/00100-EBR-Stolzenauer-Stra\u00dfe-W-O-1-1-768x433.jpg 768w, https:\/\/nordwind.info\/wp-content\/uploads\/2018\/03\/00100-EBR-Stolzenauer-Stra\u00dfe-W-O-1-1.jpg 1278w\" sizes=\"auto, (max-width: 640px) 100vw, 640px\" \/><\/a><\/td>\n<td><a href=\"http:\/\/nordwind.info\/wp-content\/uploads\/2018\/03\/00100-EBR-Stolzenauer-Stra\u00dfe-O-W-1-1.jpg\"><img loading=\"lazy\" decoding=\"async\" class=\"aligncenter size-large wp-image-3024\" src=\"http:\/\/nordwind.info\/wp-content\/uploads\/2018\/03\/00100-EBR-Stolzenauer-Stra\u00dfe-O-W-1-1-1024x576.jpg\" alt=\"\" width=\"640\" height=\"360\" srcset=\"https:\/\/nordwind.info\/wp-content\/uploads\/2018\/03\/00100-EBR-Stolzenauer-Stra\u00dfe-O-W-1-1-1024x576.jpg 1024w, https:\/\/nordwind.info\/wp-content\/uploads\/2018\/03\/00100-EBR-Stolzenauer-Stra\u00dfe-O-W-1-1-300x169.jpg 300w, https:\/\/nordwind.info\/wp-content\/uploads\/2018\/03\/00100-EBR-Stolzenauer-Stra\u00dfe-O-W-1-1-768x432.jpg 768w, https:\/\/nordwind.info\/wp-content\/uploads\/2018\/03\/00100-EBR-Stolzenauer-Stra\u00dfe-O-W-1-1.jpg 1280w\" sizes=\"auto, (max-width: 640px) 100vw, 640px\" \/><\/a><\/td>\n<\/tr>\n<\/tbody>\n<\/table>\n<p>00,500 &#8211; EBR Stolzenauer Stra\u00dfe W-O \/ O-W (ehem. Hp Leese Rb der StMB)<\/p>\n<p><a href=\"http:\/\/nordwind.info\/wp-content\/uploads\/2021\/01\/1742_0100_Schwellen_g.jpg\"><img loading=\"lazy\" decoding=\"async\" class=\"aligncenter size-large wp-image-10481\" src=\"http:\/\/nordwind.info\/wp-content\/uploads\/2021\/01\/1742_0100_Schwellen_g-1024x687.jpg\" alt=\"\" width=\"640\" height=\"429\" srcset=\"https:\/\/nordwind.info\/wp-content\/uploads\/2021\/01\/1742_0100_Schwellen_g-1024x687.jpg 1024w, https:\/\/nordwind.info\/wp-content\/uploads\/2021\/01\/1742_0100_Schwellen_g-300x201.jpg 300w, https:\/\/nordwind.info\/wp-content\/uploads\/2021\/01\/1742_0100_Schwellen_g-768x515.jpg 768w, https:\/\/nordwind.info\/wp-content\/uploads\/2021\/01\/1742_0100_Schwellen_g.jpg 1100w\" sizes=\"auto, (max-width: 640px) 100vw, 640px\" \/><\/a><\/p>\n<p>Streckenreste nach R\u00fcckbau<\/p>\n<ul>\n<li>&gt;&gt;&gt; 07,460 &#8211; <a href=\"http:\/\/nordwind.info\/?page_id=2666\">Loccum<\/a><\/li>\n<\/ul>\n<p><a href=\"#\">Nach oben<\/a><\/p>\n<p><a href=\"http:\/\/nordwind.info\/wp-content\/uploads\/2018\/03\/sh2schluss.gif\"><img loading=\"lazy\" decoding=\"async\" class=\"aligncenter size-full wp-image-2750\" src=\"http:\/\/nordwind.info\/wp-content\/uploads\/2018\/03\/sh2schluss.gif\" alt=\"\" width=\"45\" height=\"66\" \/><\/a><\/p>\n","protected":false},"excerpt":{"rendered":"<p>Kartenauszug OSM Kartenauszug\u00a0OpenRailwayMap\u00a0&#8211;\u00a0\u00dcbersicht\u00a0Strecke 1742 Kartenauszug TK 1:25000 (Reichsamt f\u00fcr Landesvermessung 1945) Lageplan, Zustand 1954 Bahnhofsgeb\u00e4ude Gleisseite um 1920 Bf Leese-Stolzenau Gleise Richtung S\u00fcden (27.05.2005) Bf Leese-Stolzenau (27.05.2005) Bf Leese-Stolzenau, Gleisseite (27.05.2005) Bf Leese-Stolzenau, Stra\u00dfenseite (27.05.2005) Ausfahrsignale Richtung Loccum 00,500 &#8211; &hellip; <a href=\"https:\/\/nordwind.info\/?page_id=2961\">Weiterlesen <span class=\"meta-nav\">&rarr;<\/span><\/a><\/p>\n","protected":false},"author":1,"featured_media":0,"parent":2722,"menu_order":0,"comment_status":"closed","ping_status":"closed","template":"","meta":{"footnotes":""},"class_list":["post-2961","page","type-page","status-publish","hentry"],"_links":{"self":[{"href":"https:\/\/nordwind.info\/index.php?rest_route=\/wp\/v2\/pages\/2961","targetHints":{"allow":["GET"]}}],"collection":[{"href":"https:\/\/nordwind.info\/index.php?rest_route=\/wp\/v2\/pages"}],"about":[{"href":"https:\/\/nordwind.info\/index.php?rest_route=\/wp\/v2\/types\/page"}],"author":[{"embeddable":true,"href":"https:\/\/nordwind.info\/index.php?rest_route=\/wp\/v2\/users\/1"}],"replies":[{"embeddable":true,"href":"https:\/\/nordwind.info\/index.php?rest_route=%2Fwp%2Fv2%2Fcomments&post=2961"}],"version-history":[{"count":9,"href":"https:\/\/nordwind.info\/index.php?rest_route=\/wp\/v2\/pages\/2961\/revisions"}],"predecessor-version":[{"id":10482,"href":"https:\/\/nordwind.info\/index.php?rest_route=\/wp\/v2\/pages\/2961\/revisions\/10482"}],"up":[{"embeddable":true,"href":"https:\/\/nordwind.info\/index.php?rest_route=\/wp\/v2\/pages\/2722"}],"wp:attachment":[{"href":"https:\/\/nordwind.info\/index.php?rest_route=%2Fwp%2Fv2%2Fmedia&parent=2961"}],"curies":[{"name":"wp","href":"https:\/\/api.w.org\/{rel}","templated":true}]}}