

{"id":2945,"date":"2018-03-15T04:46:29","date_gmt":"2018-03-15T04:46:29","guid":{"rendered":"http:\/\/nordwind.info\/?page_id=2945"},"modified":"2025-03-15T06:13:53","modified_gmt":"2025-03-15T06:13:53","slug":"58900-hpu-st-huelfe","status":"publish","type":"page","link":"https:\/\/nordwind.info\/?page_id=2945","title":{"rendered":"58,900 &#8211; Hpu St. H\u00fclfe"},"content":{"rendered":"\n\n\t\t\t\t<div id=\"map_ol3js_1\" class=\"map undefined\" data-map_name=\"undefined\" data-map=\"map_ol3js_1\" style=\"width:100%; max-width:100%; height:450px; display:block; overflow:hidden;border:2px solid grey;\" >\n\t\t\t\t  <div id=\"map_ol3js_1_popup\" class=\"ol-popup\" >\n\t\t\t\t\t<a href=\"#\" id=\"map_ol3js_1_popup-closer\" class=\"ol-popup-closer\"><\/a>\n\t\t\t\t\t<div id=\"map_ol3js_1_popup-content\" ><\/div>\n\t\t\t\t  <\/div>\n\t\t\t\t<\/div>\n\t\t\t\n\n\t\t\t\t<script type=\"text\/javascript\">\n\t\t\t\t\ttranslations['openlayer'] = \"open layer\";\n\t\t\t\t\ttranslations['openlayerAtStartup'] = \"open layer at startup\";\n\t\t\t\t\ttranslations['generateLink'] = \"Der Link zur Karte mit ausgew\u00e4hlten Overlays und angezeigtem Ausschnitt\";\n\t\t\t\t\ttranslations['shortDescription'] = \"Kurzbeschreibung\";\n\t\t\t\t\ttranslations['generatedShortCode'] = \"to get a text control link paste this code in your wordpress editor\";\n\t\t\t\t\ttranslations['closeLayer'] = \"close layer\";\n\t\t\t\t\ttranslations['cantGenerateLink'] = \"put this string in the existing map short code to control this map\";\n\t\t\t  <\/script>\n\n\n\t\t\t  <script type=\"text\/javascript\">\n\t\t\t  vectorM['map_ol3js_1'] = [];\n\t        \n        var raster = getTileLayer(\"osm\",\"NoKey\");\t\t\t\n\n\t\t\t  var map_ol3js_1 = new ol.Map({\n\t\t\t\tinteractions: ol.interaction.defaults.defaults({mouseWheelZoom:false}),\n\t\t\t\tlayers: [raster],\n\t\t\t\ttarget: \"map_ol3js_1\",\n\t\t\t\tview: new ol.View({\n\t\t\t\t  center: ol.proj.transform([8.4085,52.6180], \"EPSG:4326\", \"EPSG:3857\"),\n\t\t\t\t  zoom: 13\n\t\t\t\t})\n\t\t\t  });\n\t\t\t  addControls2Map(map_ol3js_1,0,0,3,0,5,6,7,0,1);\nosm_addPopupClickhandler(map_ol3js_1,  \"map_ol3js_1\"); \nosm_addMouseHover(map_ol3js_1); <\/script>\n<p>Auszug OSM &#8211; Aktueller Zustand<\/p>\n<p><a href=\"http:\/\/nordwind.info\/wp-content\/uploads\/2019\/11\/Diepholz-3316.jpg\"><img loading=\"lazy\" decoding=\"async\" class=\"alignleft size-large wp-image-6931\" src=\"http:\/\/nordwind.info\/wp-content\/uploads\/2019\/11\/Diepholz-3316-1024x1015.jpg\" alt=\"\" width=\"640\" height=\"634\" srcset=\"https:\/\/nordwind.info\/wp-content\/uploads\/2019\/11\/Diepholz-3316-1024x1015.jpg 1024w, https:\/\/nordwind.info\/wp-content\/uploads\/2019\/11\/Diepholz-3316-146x146.jpg 146w, https:\/\/nordwind.info\/wp-content\/uploads\/2019\/11\/Diepholz-3316-300x297.jpg 300w, https:\/\/nordwind.info\/wp-content\/uploads\/2019\/11\/Diepholz-3316-768x761.jpg 768w, https:\/\/nordwind.info\/wp-content\/uploads\/2019\/11\/Diepholz-3316-109x109.jpg 109w, https:\/\/nordwind.info\/wp-content\/uploads\/2019\/11\/Diepholz-3316-100x100.jpg 100w\" sizes=\"auto, (max-width: 640px) 100vw, 640px\" \/><\/a><\/p>\n<p>Kartenauszug TK 1:25000 (Reichsamt f\u00fcr Landesvermessung 1945)<\/p>\n<p><a href=\"http:\/\/nordwind.info\/wp-content\/uploads\/2019\/11\/58665-Ri-Sulingen.jpg\"><img loading=\"lazy\" decoding=\"async\" class=\"alignleft size-full wp-image-7014\" src=\"http:\/\/nordwind.info\/wp-content\/uploads\/2019\/11\/58665-Ri-Sulingen.jpg\" alt=\"\" width=\"640\" height=\"480\" srcset=\"https:\/\/nordwind.info\/wp-content\/uploads\/2019\/11\/58665-Ri-Sulingen.jpg 640w, https:\/\/nordwind.info\/wp-content\/uploads\/2019\/11\/58665-Ri-Sulingen-300x225.jpg 300w\" sizes=\"auto, (max-width: 640px) 100vw, 640px\" \/><\/a><\/p>\n<p>Richtung Sulingen<\/p>\n<p><a href=\"http:\/\/nordwind.info\/wp-content\/uploads\/2019\/11\/58667-B\u00dc-M\u00fchlenweg-N-S.jpg\"><img loading=\"lazy\" decoding=\"async\" class=\"alignleft size-full wp-image-7011\" src=\"http:\/\/nordwind.info\/wp-content\/uploads\/2019\/11\/58667-B\u00dc-M\u00fchlenweg-N-S.jpg\" alt=\"\" width=\"640\" height=\"480\" srcset=\"https:\/\/nordwind.info\/wp-content\/uploads\/2019\/11\/58667-B\u00dc-M\u00fchlenweg-N-S.jpg 640w, https:\/\/nordwind.info\/wp-content\/uploads\/2019\/11\/58667-B\u00dc-M\u00fchlenweg-N-S-300x225.jpg 300w\" sizes=\"auto, (max-width: 640px) 100vw, 640px\" \/><\/a><\/p>\n<p>M\u00fchlenweg Nord &#8211; S\u00fcd<\/p>\n<p><a href=\"http:\/\/nordwind.info\/wp-content\/uploads\/2019\/11\/58667-B\u00dc-M\u00fchlenweg-S-N.jpg\"><img loading=\"lazy\" decoding=\"async\" class=\"alignleft size-full wp-image-7013\" src=\"http:\/\/nordwind.info\/wp-content\/uploads\/2019\/11\/58667-B\u00dc-M\u00fchlenweg-S-N.jpg\" alt=\"\" width=\"640\" height=\"480\" srcset=\"https:\/\/nordwind.info\/wp-content\/uploads\/2019\/11\/58667-B\u00dc-M\u00fchlenweg-S-N.jpg 640w, https:\/\/nordwind.info\/wp-content\/uploads\/2019\/11\/58667-B\u00dc-M\u00fchlenweg-S-N-300x225.jpg 300w\" sizes=\"auto, (max-width: 640px) 100vw, 640px\" \/><\/a><\/p>\n<p>M\u00fchlenweg S\u00fcd &#8211; Nord<\/p>\n<p><a href=\"http:\/\/nordwind.info\/wp-content\/uploads\/2019\/11\/58668-Ri-Diepholz.jpg\"><img loading=\"lazy\" decoding=\"async\" class=\"alignleft size-full wp-image-7015\" src=\"http:\/\/nordwind.info\/wp-content\/uploads\/2019\/11\/58668-Ri-Diepholz.jpg\" alt=\"\" width=\"640\" height=\"480\" srcset=\"https:\/\/nordwind.info\/wp-content\/uploads\/2019\/11\/58668-Ri-Diepholz.jpg 640w, https:\/\/nordwind.info\/wp-content\/uploads\/2019\/11\/58668-Ri-Diepholz-300x225.jpg 300w\" sizes=\"auto, (max-width: 640px) 100vw, 640px\" \/><\/a><\/p>\n<p>Richtung Diepholz<\/p>\n<ul>\n<li>&lt;&lt;&lt;\u00a0<a href=\"http:\/\/nordwind.info\/?page_id=2941\" target=\"_blank\" rel=\"noopener noreferrer\">Rehden-Wetschen<\/a><\/li>\n<li>&gt;&gt;&gt;\u00a0<a href=\"http:\/\/nordwind.info\/?page_id=2949\" target=\"_blank\" rel=\"noopener noreferrer\">Diepholz<\/a><\/li>\n<\/ul>\n<p><a href=\"http:\/\/nordwind.info\/wp-content\/uploads\/2018\/03\/sh2schluss.gif\"><img loading=\"lazy\" decoding=\"async\" class=\"size-full wp-image-2750 aligncenter\" src=\"http:\/\/nordwind.info\/wp-content\/uploads\/2018\/03\/sh2schluss.gif\" alt=\"\" width=\"45\" height=\"66\" \/><\/a><\/p>\n<p><a href=\"#\">Nach oben<\/a><\/p>\n","protected":false},"excerpt":{"rendered":"<p>Auszug OSM &#8211; Aktueller Zustand Kartenauszug TK 1:25000 (Reichsamt f\u00fcr Landesvermessung 1945) Richtung Sulingen M\u00fchlenweg Nord &#8211; S\u00fcd M\u00fchlenweg S\u00fcd &#8211; Nord Richtung Diepholz &lt;&lt;&lt;\u00a0Rehden-Wetschen &gt;&gt;&gt;\u00a0Diepholz Nach oben<\/p>\n","protected":false},"author":1,"featured_media":0,"parent":2777,"menu_order":0,"comment_status":"closed","ping_status":"closed","template":"","meta":{"footnotes":""},"class_list":["post-2945","page","type-page","status-publish","hentry"],"_links":{"self":[{"href":"https:\/\/nordwind.info\/index.php?rest_route=\/wp\/v2\/pages\/2945","targetHints":{"allow":["GET"]}}],"collection":[{"href":"https:\/\/nordwind.info\/index.php?rest_route=\/wp\/v2\/pages"}],"about":[{"href":"https:\/\/nordwind.info\/index.php?rest_route=\/wp\/v2\/types\/page"}],"author":[{"embeddable":true,"href":"https:\/\/nordwind.info\/index.php?rest_route=\/wp\/v2\/users\/1"}],"replies":[{"embeddable":true,"href":"https:\/\/nordwind.info\/index.php?rest_route=%2Fwp%2Fv2%2Fcomments&post=2945"}],"version-history":[{"count":10,"href":"https:\/\/nordwind.info\/index.php?rest_route=\/wp\/v2\/pages\/2945\/revisions"}],"predecessor-version":[{"id":13957,"href":"https:\/\/nordwind.info\/index.php?rest_route=\/wp\/v2\/pages\/2945\/revisions\/13957"}],"up":[{"embeddable":true,"href":"https:\/\/nordwind.info\/index.php?rest_route=\/wp\/v2\/pages\/2777"}],"wp:attachment":[{"href":"https:\/\/nordwind.info\/index.php?rest_route=%2Fwp%2Fv2%2Fmedia&parent=2945"}],"curies":[{"name":"wp","href":"https:\/\/api.w.org\/{rel}","templated":true}]}}