

{"id":2937,"date":"2018-03-15T04:37:27","date_gmt":"2018-03-15T04:37:27","guid":{"rendered":"http:\/\/nordwind.info\/?page_id=2937"},"modified":"2019-11-07T08:22:31","modified_gmt":"2019-11-07T08:22:31","slug":"51100-hpu-hemsloh","status":"publish","type":"page","link":"https:\/\/nordwind.info\/?page_id=2937","title":{"rendered":"51,100 &#8211; Hpu Hemsloh"},"content":{"rendered":"\n\n\t\t\t\t<div id=\"map_ol3js_1\" class=\"map undefined\" data-map_name=\"undefined\" data-map=\"map_ol3js_1\" style=\"width:100%; max-width:100%; height:450px; display:block; overflow:hidden;border:2px solid grey;\" >\n\t\t\t\t  <div id=\"map_ol3js_1_popup\" class=\"ol-popup\" >\n\t\t\t\t\t<a href=\"#\" id=\"map_ol3js_1_popup-closer\" class=\"ol-popup-closer\"><\/a>\n\t\t\t\t\t<div id=\"map_ol3js_1_popup-content\" ><\/div>\n\t\t\t\t  <\/div>\n\t\t\t\t<\/div>\n\t\t\t\n\n\t\t\t\t<script type=\"text\/javascript\">\n\t\t\t\t\ttranslations['openlayer'] = \"open layer\";\n\t\t\t\t\ttranslations['openlayerAtStartup'] = \"open layer at startup\";\n\t\t\t\t\ttranslations['generateLink'] = \"Der Link zur Karte mit ausgew\u00e4hlten Overlays und angezeigtem Ausschnitt\";\n\t\t\t\t\ttranslations['shortDescription'] = \"Kurzbeschreibung\";\n\t\t\t\t\ttranslations['generatedShortCode'] = \"to get a text control link paste this code in your wordpress editor\";\n\t\t\t\t\ttranslations['closeLayer'] = \"close layer\";\n\t\t\t\t\ttranslations['cantGenerateLink'] = \"put this string in the existing map short code to control this map\";\n\t\t\t  <\/script>\n\n\n\t\t\t  <script type=\"text\/javascript\">\n\t\t\t  vectorM['map_ol3js_1'] = [];\n\t        \n        var raster = getTileLayer(\"osm\",\"NoKey\");\t\t\t\n\n\t\t\t  var map_ol3js_1 = new ol.Map({\n\t\t\t\tinteractions: ol.interaction.defaults.defaults({mouseWheelZoom:false}),\n\t\t\t\tlayers: [raster],\n\t\t\t\ttarget: \"map_ol3js_1\",\n\t\t\t\tview: new ol.View({\n\t\t\t\t  center: ol.proj.transform([8.5266,52.6117], \"EPSG:4326\", \"EPSG:3857\"),\n\t\t\t\t  zoom: 14\n\t\t\t\t})\n\t\t\t  });\n\t\t\t  addControls2Map(map_ol3js_1,0,0,3,0,5,6,7,0,1);\nosm_addPopupClickhandler(map_ol3js_1,  \"map_ol3js_1\"); \nosm_addMouseHover(map_ol3js_1); <\/script>\n<p>Auszug OSM<\/p>\n<p><a href=\"http:\/\/dg3of.de\/wp-content\/uploads\/2018\/03\/Bildschirmfoto-2018-03-09-um-10.46.22.png\"><img loading=\"lazy\" decoding=\"async\" class=\"aligncenter size-full wp-image-6816\" src=\"http:\/\/dg3of.de\/wp-content\/uploads\/2018\/03\/Bildschirmfoto-2018-03-09-um-10.46.22.png\" alt=\"\" width=\"798\" height=\"538\" \/><\/a><\/p>\n<p>Kartenauszug\u00a0<a href=\"http:\/\/www.openrailwaymap.org\/mobile.php?searchquery=&amp;lang=de\" target=\"_blank\" rel=\"noopener noreferrer\">OpenRailwayMap<\/a><\/p>\n<p><a href=\"http:\/\/nordwind.info\/wp-content\/uploads\/2018\/03\/hemsloh.jpg\"><img loading=\"lazy\" decoding=\"async\" class=\"aligncenter size-large wp-image-2939\" src=\"http:\/\/nordwind.info\/wp-content\/uploads\/2018\/03\/hemsloh-1024x526.jpg\" alt=\"\" width=\"640\" height=\"329\" srcset=\"https:\/\/nordwind.info\/wp-content\/uploads\/2018\/03\/hemsloh-1024x526.jpg 1024w, https:\/\/nordwind.info\/wp-content\/uploads\/2018\/03\/hemsloh-300x154.jpg 300w, https:\/\/nordwind.info\/wp-content\/uploads\/2018\/03\/hemsloh-768x395.jpg 768w, https:\/\/nordwind.info\/wp-content\/uploads\/2018\/03\/hemsloh.jpg 1306w\" sizes=\"auto, (max-width: 640px) 100vw, 640px\" \/><\/a><\/p>\n<p>Kartenauszug TK 1:25000 (Reichsamt f\u00fcr Landesvermessung 1945)<\/p>\n<table>\n<tbody>\n<tr>\n<td><a href=\"http:\/\/nordwind.info\/wp-content\/uploads\/2019\/11\/50900-EBR-Heerweg-N-S.jpg\"><img loading=\"lazy\" decoding=\"async\" class=\"aligncenter size-large wp-image-2841\" src=\"http:\/\/nordwind.info\/wp-content\/uploads\/2019\/11\/50900-EBR-Heerweg-N-S.jpg\" alt=\"\" width=\"640\" height=\"360\" \/><\/a><\/td>\n<td><a href=\"http:\/\/nordwind.info\/wp-content\/uploads\/2019\/11\/050900-EBR-Heerweg-S-N.jpg\"><img loading=\"lazy\" decoding=\"async\" class=\"aligncenter size-large wp-image-2842\" src=\"http:\/\/nordwind.info\/wp-content\/uploads\/2019\/11\/050900-EBR-Heerweg-S-N.jpg\" alt=\"\" width=\"640\" height=\"360\" \/><\/a><\/td>\n<\/tr>\n<\/tbody>\n<\/table>\n<p>50,900 &#8211; EBR Heerweg, Nord &#8211; S\u00fcd, S\u00fcd &#8211; Nord<\/p>\n<p><a href=\"http:\/\/nordwind.info\/wp-content\/uploads\/2019\/11\/051500-STBR-Gleis-Richtung-Osten.jpg\"><img loading=\"lazy\" decoding=\"async\" class=\"alignleft size-large wp-image-7023\" src=\"http:\/\/nordwind.info\/wp-content\/uploads\/2019\/11\/051500-STBR-Gleis-Richtung-Osten-1024x768.jpg\" alt=\"\" width=\"640\" height=\"480\" srcset=\"https:\/\/nordwind.info\/wp-content\/uploads\/2019\/11\/051500-STBR-Gleis-Richtung-Osten-1024x768.jpg 1024w, https:\/\/nordwind.info\/wp-content\/uploads\/2019\/11\/051500-STBR-Gleis-Richtung-Osten-300x225.jpg 300w, https:\/\/nordwind.info\/wp-content\/uploads\/2019\/11\/051500-STBR-Gleis-Richtung-Osten-768x576.jpg 768w, https:\/\/nordwind.info\/wp-content\/uploads\/2019\/11\/051500-STBR-Gleis-Richtung-Osten.jpg 1280w\" sizes=\"auto, (max-width: 640px) 100vw, 640px\" \/><\/a><\/p>\n<p>51,500 &#8211; Gleis Richtung Sulingen<\/p>\n<p><a href=\"http:\/\/nordwind.info\/wp-content\/uploads\/2019\/11\/051500-STBR-Am-Plaggeberg-Am-M\u00fcllergarten-Objekt-Ost-West.jpg\"><img loading=\"lazy\" decoding=\"async\" class=\"alignleft size-large wp-image-7022\" src=\"http:\/\/nordwind.info\/wp-content\/uploads\/2019\/11\/051500-STBR-Am-Plaggeberg-Am-M\u00fcllergarten-Objekt-Ost-West-1024x768.jpg\" alt=\"\" width=\"640\" height=\"480\" srcset=\"https:\/\/nordwind.info\/wp-content\/uploads\/2019\/11\/051500-STBR-Am-Plaggeberg-Am-M\u00fcllergarten-Objekt-Ost-West-1024x768.jpg 1024w, https:\/\/nordwind.info\/wp-content\/uploads\/2019\/11\/051500-STBR-Am-Plaggeberg-Am-M\u00fcllergarten-Objekt-Ost-West-300x225.jpg 300w, https:\/\/nordwind.info\/wp-content\/uploads\/2019\/11\/051500-STBR-Am-Plaggeberg-Am-M\u00fcllergarten-Objekt-Ost-West-768x576.jpg 768w, https:\/\/nordwind.info\/wp-content\/uploads\/2019\/11\/051500-STBR-Am-Plaggeberg-Am-M\u00fcllergarten-Objekt-Ost-West.jpg 1280w\" sizes=\"auto, (max-width: 640px) 100vw, 640px\" \/><\/a><\/p>\n<p>51,500 &#8211; STBR Am Plaggeberg<\/p>\n<ul>\n<li>&lt;&lt;&lt; <a href=\"http:\/\/nordwind.info\/?page_id=2933\" target=\"_blank\" rel=\"noopener noreferrer\">Barver<\/a><\/li>\n<li>&gt;&gt;&gt; <a href=\"http:\/\/nordwind.info\/?page_id=2941\" target=\"_blank\" rel=\"noopener noreferrer\">Rehden-Wetschen<\/a><\/li>\n<\/ul>\n<p><a href=\"#\">Nach oben<\/a><\/p>\n<p><a href=\"http:\/\/dg3of.de\/wp-content\/uploads\/2017\/12\/sh2schluss.gif\"><img loading=\"lazy\" decoding=\"async\" class=\"aligncenter size-full wp-image-5931\" src=\"http:\/\/dg3of.de\/wp-content\/uploads\/2017\/12\/sh2schluss.gif\" alt=\"\" width=\"45\" height=\"66\" \/><\/a><\/p>\n","protected":false},"excerpt":{"rendered":"<p>Auszug OSM Kartenauszug\u00a0OpenRailwayMap Kartenauszug TK 1:25000 (Reichsamt f\u00fcr Landesvermessung 1945) 50,900 &#8211; EBR Heerweg, Nord &#8211; S\u00fcd, S\u00fcd &#8211; Nord 51,500 &#8211; Gleis Richtung Sulingen 51,500 &#8211; STBR Am Plaggeberg &lt;&lt;&lt; Barver &gt;&gt;&gt; Rehden-Wetschen Nach oben<\/p>\n","protected":false},"author":1,"featured_media":0,"parent":2777,"menu_order":0,"comment_status":"closed","ping_status":"closed","template":"","meta":{"footnotes":""},"class_list":["post-2937","page","type-page","status-publish","hentry"],"_links":{"self":[{"href":"https:\/\/nordwind.info\/index.php?rest_route=\/wp\/v2\/pages\/2937","targetHints":{"allow":["GET"]}}],"collection":[{"href":"https:\/\/nordwind.info\/index.php?rest_route=\/wp\/v2\/pages"}],"about":[{"href":"https:\/\/nordwind.info\/index.php?rest_route=\/wp\/v2\/types\/page"}],"author":[{"embeddable":true,"href":"https:\/\/nordwind.info\/index.php?rest_route=\/wp\/v2\/users\/1"}],"replies":[{"embeddable":true,"href":"https:\/\/nordwind.info\/index.php?rest_route=%2Fwp%2Fv2%2Fcomments&post=2937"}],"version-history":[{"count":8,"href":"https:\/\/nordwind.info\/index.php?rest_route=\/wp\/v2\/pages\/2937\/revisions"}],"predecessor-version":[{"id":7066,"href":"https:\/\/nordwind.info\/index.php?rest_route=\/wp\/v2\/pages\/2937\/revisions\/7066"}],"up":[{"embeddable":true,"href":"https:\/\/nordwind.info\/index.php?rest_route=\/wp\/v2\/pages\/2777"}],"wp:attachment":[{"href":"https:\/\/nordwind.info\/index.php?rest_route=%2Fwp%2Fv2%2Fmedia&parent=2937"}],"curies":[{"name":"wp","href":"https:\/\/api.w.org\/{rel}","templated":true}]}}