

{"id":2848,"date":"2018-03-14T08:41:19","date_gmt":"2018-03-14T08:41:19","guid":{"rendered":"http:\/\/nordwind.info\/?page_id=2848"},"modified":"2025-03-11T17:23:46","modified_gmt":"2025-03-11T17:23:46","slug":"05500-hp-blenhorst","status":"publish","type":"page","link":"https:\/\/nordwind.info\/?page_id=2848","title":{"rendered":"05,500 &#8211; Hp Blenhorst"},"content":{"rendered":"\n\n\t\t\t\t<div id=\"map_ol3js_1\" class=\"map undefined\" data-map_name=\"undefined\" data-map=\"map_ol3js_1\" style=\"width:100%; max-width:100%; height:450px; display:block; overflow:hidden;border:2px solid grey;\" >\n\t\t\t\t  <div id=\"map_ol3js_1_popup\" class=\"ol-popup\" >\n\t\t\t\t\t<a href=\"#\" id=\"map_ol3js_1_popup-closer\" class=\"ol-popup-closer\"><\/a>\n\t\t\t\t\t<div id=\"map_ol3js_1_popup-content\" ><\/div>\n\t\t\t\t  <\/div>\n\t\t\t\t<\/div>\n\t\t\t\n\n\t\t\t\t<script type=\"text\/javascript\">\n\t\t\t\t\ttranslations['openlayer'] = \"open layer\";\n\t\t\t\t\ttranslations['openlayerAtStartup'] = \"open layer at startup\";\n\t\t\t\t\ttranslations['generateLink'] = \"Der Link zur Karte mit ausgew\u00e4hlten Overlays und angezeigtem Ausschnitt\";\n\t\t\t\t\ttranslations['shortDescription'] = \"Kurzbeschreibung\";\n\t\t\t\t\ttranslations['generatedShortCode'] = \"to get a text control link paste this code in your wordpress editor\";\n\t\t\t\t\ttranslations['closeLayer'] = \"close layer\";\n\t\t\t\t\ttranslations['cantGenerateLink'] = \"put this string in the existing map short code to control this map\";\n\t\t\t  <\/script>\n\n\n\t\t\t  <script type=\"text\/javascript\">\n\t\t\t  vectorM['map_ol3js_1'] = [];\n\t        \n        var raster = getTileLayer(\"osm\",\"NoKey\");\t\t\t\n\n\t\t\t  var map_ol3js_1 = new ol.Map({\n\t\t\t\tinteractions: ol.interaction.defaults.defaults({mouseWheelZoom:false}),\n\t\t\t\tlayers: [raster],\n\t\t\t\ttarget: \"map_ol3js_1\",\n\t\t\t\tview: new ol.View({\n\t\t\t\t  center: ol.proj.transform([9.1332,52.7036], \"EPSG:4326\", \"EPSG:3857\"),\n\t\t\t\t  zoom: 15\n\t\t\t\t})\n\t\t\t  });\n\t\t\t  addControls2Map(map_ol3js_1,0,0,3,0,5,6,7,0,1);\nosm_addPopupClickhandler(map_ol3js_1,  \"map_ol3js_1\"); \nosm_addMouseHover(map_ol3js_1); <\/script>\n<p>Auszug OSM<\/p>\n<p><a href=\"http:\/\/nordwind.info\/wp-content\/uploads\/2018\/03\/Bildschirmfoto-2018-03-09-um-08.57.20.png\"><img loading=\"lazy\" decoding=\"async\" class=\"aligncenter size-large wp-image-2863\" src=\"http:\/\/nordwind.info\/wp-content\/uploads\/2018\/03\/Bildschirmfoto-2018-03-09-um-08.57.20-1024x552.png\" alt=\"\" width=\"640\" height=\"345\" srcset=\"https:\/\/nordwind.info\/wp-content\/uploads\/2018\/03\/Bildschirmfoto-2018-03-09-um-08.57.20-1024x552.png 1024w, https:\/\/nordwind.info\/wp-content\/uploads\/2018\/03\/Bildschirmfoto-2018-03-09-um-08.57.20-300x162.png 300w, https:\/\/nordwind.info\/wp-content\/uploads\/2018\/03\/Bildschirmfoto-2018-03-09-um-08.57.20-768x414.png 768w, https:\/\/nordwind.info\/wp-content\/uploads\/2018\/03\/Bildschirmfoto-2018-03-09-um-08.57.20.png 1051w\" sizes=\"auto, (max-width: 640px) 100vw, 640px\" \/><\/a>Kartenauszug\u00a0<a href=\"http:\/\/www.openrailwaymap.org\/mobile.php?searchquery=&amp;lang=de\" target=\"_blank\" rel=\"noopener noreferrer\">OpenRailwayMap<\/a><\/p>\n<p><a href=\"http:\/\/nordwind.info\/wp-content\/uploads\/2018\/03\/01-Blenhorst.jpg\"><img loading=\"lazy\" decoding=\"async\" class=\"alignleft size-large wp-image-2864\" src=\"http:\/\/nordwind.info\/wp-content\/uploads\/2018\/03\/01-Blenhorst-1024x534.jpg\" alt=\"\" width=\"640\" height=\"334\" srcset=\"https:\/\/nordwind.info\/wp-content\/uploads\/2018\/03\/01-Blenhorst-1024x534.jpg 1024w, https:\/\/nordwind.info\/wp-content\/uploads\/2018\/03\/01-Blenhorst-300x156.jpg 300w, https:\/\/nordwind.info\/wp-content\/uploads\/2018\/03\/01-Blenhorst-768x401.jpg 768w, https:\/\/nordwind.info\/wp-content\/uploads\/2018\/03\/01-Blenhorst.jpg 1062w\" sizes=\"auto, (max-width: 640px) 100vw, 640px\" \/><\/a><\/p>\n<p><a href=\"http:\/\/nordwind.info\/wp-content\/uploads\/2018\/03\/01-Blenhorst.jpg\"><br \/>\n<\/a>Kartenauszug TK 1:25000 (Reichsamt f\u00fcr Landesvermessung 1945)<\/p>\n<p><a href=\"http:\/\/nordwind.info\/wp-content\/uploads\/2018\/03\/Blenhorst-Anst-Lageplan-Bahn.jpg\"><img loading=\"lazy\" decoding=\"async\" class=\"aligncenter size-large wp-image-2866\" src=\"http:\/\/nordwind.info\/wp-content\/uploads\/2018\/03\/Blenhorst-Anst-Lageplan-Bahn-1024x685.jpg\" alt=\"\" width=\"640\" height=\"428\" srcset=\"https:\/\/nordwind.info\/wp-content\/uploads\/2018\/03\/Blenhorst-Anst-Lageplan-Bahn-1024x685.jpg 1024w, https:\/\/nordwind.info\/wp-content\/uploads\/2018\/03\/Blenhorst-Anst-Lageplan-Bahn-300x201.jpg 300w, https:\/\/nordwind.info\/wp-content\/uploads\/2018\/03\/Blenhorst-Anst-Lageplan-Bahn-768x514.jpg 768w, https:\/\/nordwind.info\/wp-content\/uploads\/2018\/03\/Blenhorst-Anst-Lageplan-Bahn.jpg 1280w\" sizes=\"auto, (max-width: 640px) 100vw, 640px\" \/><\/a>Lageplan, Zustand 1954<\/p>\n<table>\n<tbody>\n<tr>\n<td><a href=\"http:\/\/nordwind.info\/wp-content\/uploads\/2018\/03\/1744_004100-EBR-M\u00f6hlenhalenb.-Str.-N-S-1.jpg\"><img loading=\"lazy\" decoding=\"async\" class=\"aligncenter size-large wp-image-2873\" src=\"http:\/\/nordwind.info\/wp-content\/uploads\/2018\/03\/1744_004100-EBR-M\u00f6hlenhalenb.-Str.-N-S-1-1024x576.jpg\" alt=\"\" width=\"640\" height=\"360\" srcset=\"https:\/\/nordwind.info\/wp-content\/uploads\/2018\/03\/1744_004100-EBR-M\u00f6hlenhalenb.-Str.-N-S-1-1024x576.jpg 1024w, https:\/\/nordwind.info\/wp-content\/uploads\/2018\/03\/1744_004100-EBR-M\u00f6hlenhalenb.-Str.-N-S-1-300x169.jpg 300w, https:\/\/nordwind.info\/wp-content\/uploads\/2018\/03\/1744_004100-EBR-M\u00f6hlenhalenb.-Str.-N-S-1-768x432.jpg 768w, https:\/\/nordwind.info\/wp-content\/uploads\/2018\/03\/1744_004100-EBR-M\u00f6hlenhalenb.-Str.-N-S-1.jpg 1280w\" sizes=\"auto, (max-width: 640px) 100vw, 640px\" \/><\/a><\/td>\n<td><a href=\"http:\/\/nordwind.info\/wp-content\/uploads\/2018\/03\/1744_004100-EBR-M\u00f6hlenhalenbecker-Stra\u00dfe-S-N.jpg\"><img loading=\"lazy\" decoding=\"async\" class=\"aligncenter size-large wp-image-2874\" src=\"http:\/\/nordwind.info\/wp-content\/uploads\/2018\/03\/1744_004100-EBR-M\u00f6hlenhalenbecker-Stra\u00dfe-S-N-1024x576.jpg\" alt=\"\" width=\"640\" height=\"360\" srcset=\"https:\/\/nordwind.info\/wp-content\/uploads\/2018\/03\/1744_004100-EBR-M\u00f6hlenhalenbecker-Stra\u00dfe-S-N-1024x576.jpg 1024w, https:\/\/nordwind.info\/wp-content\/uploads\/2018\/03\/1744_004100-EBR-M\u00f6hlenhalenbecker-Stra\u00dfe-S-N-300x169.jpg 300w, https:\/\/nordwind.info\/wp-content\/uploads\/2018\/03\/1744_004100-EBR-M\u00f6hlenhalenbecker-Stra\u00dfe-S-N-768x432.jpg 768w, https:\/\/nordwind.info\/wp-content\/uploads\/2018\/03\/1744_004100-EBR-M\u00f6hlenhalenbecker-Stra\u00dfe-S-N.jpg 1280w\" sizes=\"auto, (max-width: 640px) 100vw, 640px\" \/><\/a><\/td>\n<\/tr>\n<\/tbody>\n<\/table>\n<p>04,100 &#8211; EBR M\u00f6hlenhalenbecker Stra\u00dfe N-S \/ S-N<\/p>\n<table>\n<tbody>\n<tr>\n<td><a href=\"http:\/\/nordwind.info\/wp-content\/uploads\/2018\/03\/1744_004700-3.jpg\"><img loading=\"lazy\" decoding=\"async\" class=\"aligncenter size-large wp-image-2871\" src=\"http:\/\/nordwind.info\/wp-content\/uploads\/2018\/03\/1744_004700-3-1024x576.jpg\" alt=\"\" width=\"640\" height=\"360\" srcset=\"https:\/\/nordwind.info\/wp-content\/uploads\/2018\/03\/1744_004700-3-1024x576.jpg 1024w, https:\/\/nordwind.info\/wp-content\/uploads\/2018\/03\/1744_004700-3-300x169.jpg 300w, https:\/\/nordwind.info\/wp-content\/uploads\/2018\/03\/1744_004700-3-768x432.jpg 768w, https:\/\/nordwind.info\/wp-content\/uploads\/2018\/03\/1744_004700-3.jpg 1280w\" sizes=\"auto, (max-width: 640px) 100vw, 640px\" \/><\/a><\/td>\n<td><a href=\"http:\/\/nordwind.info\/wp-content\/uploads\/2018\/03\/1744_004700-STBR-Feldweg-01.jpg\"><img loading=\"lazy\" decoding=\"async\" class=\"aligncenter size-large wp-image-2872\" src=\"http:\/\/nordwind.info\/wp-content\/uploads\/2018\/03\/1744_004700-STBR-Feldweg-01-1024x576.jpg\" alt=\"\" width=\"640\" height=\"360\" srcset=\"https:\/\/nordwind.info\/wp-content\/uploads\/2018\/03\/1744_004700-STBR-Feldweg-01-1024x576.jpg 1024w, https:\/\/nordwind.info\/wp-content\/uploads\/2018\/03\/1744_004700-STBR-Feldweg-01-300x169.jpg 300w, https:\/\/nordwind.info\/wp-content\/uploads\/2018\/03\/1744_004700-STBR-Feldweg-01-768x432.jpg 768w, https:\/\/nordwind.info\/wp-content\/uploads\/2018\/03\/1744_004700-STBR-Feldweg-01.jpg 1280w\" sizes=\"auto, (max-width: 640px) 100vw, 640px\" \/><\/a><\/td>\n<\/tr>\n<\/tbody>\n<\/table>\n<p>04,700 &#8211; EBR Feldweg<\/p>\n<p><a href=\"http:\/\/nordwind.info\/wp-content\/uploads\/2018\/03\/Blenhorst-ehem-Abort.jpg\"><img loading=\"lazy\" decoding=\"async\" class=\"aligncenter size-large wp-image-2867\" src=\"http:\/\/nordwind.info\/wp-content\/uploads\/2018\/03\/Blenhorst-ehem-Abort-1024x576.jpg\" alt=\"\" width=\"640\" height=\"360\" srcset=\"https:\/\/nordwind.info\/wp-content\/uploads\/2018\/03\/Blenhorst-ehem-Abort-1024x576.jpg 1024w, https:\/\/nordwind.info\/wp-content\/uploads\/2018\/03\/Blenhorst-ehem-Abort-300x169.jpg 300w, https:\/\/nordwind.info\/wp-content\/uploads\/2018\/03\/Blenhorst-ehem-Abort-768x432.jpg 768w, https:\/\/nordwind.info\/wp-content\/uploads\/2018\/03\/Blenhorst-ehem-Abort.jpg 1280w\" sizes=\"auto, (max-width: 640px) 100vw, 640px\" \/><\/a>05,500 &#8211; Hpu Blenhorst, Geb\u00e4uderreste (1990)<\/p>\n<table>\n<tbody>\n<tr>\n<td><a href=\"http:\/\/nordwind.info\/wp-content\/uploads\/2018\/03\/1744_006700-5.jpg\"><img loading=\"lazy\" decoding=\"async\" class=\"aligncenter size-large wp-image-2868\" src=\"http:\/\/nordwind.info\/wp-content\/uploads\/2018\/03\/1744_006700-5-1024x576.jpg\" alt=\"\" width=\"640\" height=\"360\" srcset=\"https:\/\/nordwind.info\/wp-content\/uploads\/2018\/03\/1744_006700-5-1024x576.jpg 1024w, https:\/\/nordwind.info\/wp-content\/uploads\/2018\/03\/1744_006700-5-300x169.jpg 300w, https:\/\/nordwind.info\/wp-content\/uploads\/2018\/03\/1744_006700-5-768x432.jpg 768w, https:\/\/nordwind.info\/wp-content\/uploads\/2018\/03\/1744_006700-5.jpg 1280w\" sizes=\"auto, (max-width: 640px) 100vw, 640px\" \/><\/a><\/td>\n<td><a href=\"http:\/\/nordwind.info\/wp-content\/uploads\/2018\/03\/1744_006700-4.jpg\"><img loading=\"lazy\" decoding=\"async\" class=\"aligncenter size-large wp-image-2869\" src=\"http:\/\/nordwind.info\/wp-content\/uploads\/2018\/03\/1744_006700-4-1024x576.jpg\" alt=\"\" width=\"640\" height=\"360\" srcset=\"https:\/\/nordwind.info\/wp-content\/uploads\/2018\/03\/1744_006700-4-1024x576.jpg 1024w, https:\/\/nordwind.info\/wp-content\/uploads\/2018\/03\/1744_006700-4-300x169.jpg 300w, https:\/\/nordwind.info\/wp-content\/uploads\/2018\/03\/1744_006700-4-768x432.jpg 768w, https:\/\/nordwind.info\/wp-content\/uploads\/2018\/03\/1744_006700-4.jpg 1280w\" sizes=\"auto, (max-width: 640px) 100vw, 640px\" \/><\/a><\/td>\n<\/tr>\n<\/tbody>\n<\/table>\n<p>06,700 &#8211; EBR Feldweg<\/p>\n<ul>\n<li>&gt;&gt;&gt; <a href=\"http:\/\/nordwind.info\/?page_id=2682\">Wietzen<\/a><\/li>\n<li>&lt;&lt;&lt;\u00a0<a href=\"http:\/\/nordwind.info\/?page_id=2820\">Mehlbergen<\/a><\/li>\n<\/ul>\n<p><a href=\"http:\/\/nordwind.info\/wp-content\/uploads\/2018\/03\/sh2schluss.gif\"><img loading=\"lazy\" decoding=\"async\" class=\"aligncenter size-full wp-image-2750\" src=\"http:\/\/nordwind.info\/wp-content\/uploads\/2018\/03\/sh2schluss.gif\" alt=\"\" width=\"45\" height=\"66\" \/><\/a><\/p>\n<p><a href=\"#\">Nach oben<\/a><\/p>\n","protected":false},"excerpt":{"rendered":"<p>Auszug OSM Kartenauszug\u00a0OpenRailwayMap Kartenauszug TK 1:25000 (Reichsamt f\u00fcr Landesvermessung 1945) Lageplan, Zustand 1954 04,100 &#8211; EBR M\u00f6hlenhalenbecker Stra\u00dfe N-S \/ S-N 04,700 &#8211; EBR Feldweg 05,500 &#8211; Hpu Blenhorst, Geb\u00e4uderreste (1990) 06,700 &#8211; EBR Feldweg &gt;&gt;&gt; Wietzen &lt;&lt;&lt;\u00a0Mehlbergen Nach oben<\/p>\n","protected":false},"author":1,"featured_media":0,"parent":2777,"menu_order":0,"comment_status":"closed","ping_status":"closed","template":"","meta":{"footnotes":""},"class_list":["post-2848","page","type-page","status-publish","hentry"],"_links":{"self":[{"href":"https:\/\/nordwind.info\/index.php?rest_route=\/wp\/v2\/pages\/2848","targetHints":{"allow":["GET"]}}],"collection":[{"href":"https:\/\/nordwind.info\/index.php?rest_route=\/wp\/v2\/pages"}],"about":[{"href":"https:\/\/nordwind.info\/index.php?rest_route=\/wp\/v2\/types\/page"}],"author":[{"embeddable":true,"href":"https:\/\/nordwind.info\/index.php?rest_route=\/wp\/v2\/users\/1"}],"replies":[{"embeddable":true,"href":"https:\/\/nordwind.info\/index.php?rest_route=%2Fwp%2Fv2%2Fcomments&post=2848"}],"version-history":[{"count":10,"href":"https:\/\/nordwind.info\/index.php?rest_route=\/wp\/v2\/pages\/2848\/revisions"}],"predecessor-version":[{"id":13677,"href":"https:\/\/nordwind.info\/index.php?rest_route=\/wp\/v2\/pages\/2848\/revisions\/13677"}],"up":[{"embeddable":true,"href":"https:\/\/nordwind.info\/index.php?rest_route=\/wp\/v2\/pages\/2777"}],"wp:attachment":[{"href":"https:\/\/nordwind.info\/index.php?rest_route=%2Fwp%2Fv2%2Fmedia&parent=2848"}],"curies":[{"name":"wp","href":"https:\/\/api.w.org\/{rel}","templated":true}]}}