

{"id":2754,"date":"2018-03-14T05:35:00","date_gmt":"2018-03-14T05:35:00","guid":{"rendered":"http:\/\/nordwind.info\/?page_id=2754"},"modified":"2025-03-18T06:52:00","modified_gmt":"2025-03-18T06:52:00","slug":"loccum-lufttanklager","status":"publish","type":"page","link":"https:\/\/nordwind.info\/?page_id=2754","title":{"rendered":"M\u00fcnchehagen, Agl Lufttanklager Loccum"},"content":{"rendered":"<ul>\n<li>Objektname:\u00a0Lufttanklager Loccum<\/li>\n<li>Ortslage\/LK: Loccum, Niedersachsen (NI)<\/li>\n<li>Nutzung: \u00a0 \u00a0 \u00a0 \u00a01939 &#8211; 1945,\u00a0Luftwaffe,\u00a0<a title=\"Wunstorf, Fliegerhorst\" href=\"http:\/\/location-x.info\/?page_id=8059\">Fliegerhorst Wunstorf<\/a>\n<ul>\n<li>1945 Besetzung und \u00dcbernahme durch die Britische Armee<\/li>\n<li>1960 Bundeswehr (AusbKp 9\/1, AusbBtl 103)<\/li>\n<li>1971 JgAusbZentr 52\/3, Birkenlager,<\/li>\n<li>1972 Feldersatzbataillon 14, Steinlager<\/li>\n<li>1989 Abzug der Bundeswehr<\/li>\n<li>1989 \u00dcbergangswohnheime f\u00fcr Aussiedler<\/li>\n<\/ul>\n<\/li>\n<li>Ausr\u00fcstung: \u00a027 Tanks mit 13.500 m\u00b3 (geplant), 9000 m\u00b3 (realisiert)\n<ul>\n<li>3 Gruppen zu 9 Tanks mit 500 m\u00b3 Fassungsverm\u00f6gen<\/li>\n<li>5 km Gleisanschluss vom\u00a0<a title=\"11,090 \u2013 Bf M\u00fcnchehagen\" href=\"http:\/\/dg3of.de\/?page_id=633\">Bahnhof M\u00fcnchehagen<\/a><\/li>\n<li>Steinlager (Verwaltung, Sozialgeb\u00e4ude, Labors)<\/li>\n<li>Birkenlager (Wohngeb\u00e4ude)<\/li>\n<li>\u00d6lhafen in Ilvese (geplante Rohrleitung)<\/li>\n<li>Standort\u00fcbungsplatz (ab 1960)<\/li>\n<\/ul>\n<\/li>\n<li>Ist-Zustand: \u00a0Die beiden Lager sind heute Gewerbegebiet\n<ul>\n<li>Mehrere Geb\u00e4udereste, Rampenanlagen<\/li>\n<li>Der Standort\u00fcbungsplatz wird weiter genutzt (Au\u00dfenlandeplatz)<\/li>\n<\/ul>\n<\/li>\n<li>Recherchen: \u00a02013 \u00a0 \u00a0 \u00a0 \u00a0 \u00a0 \u00a0 \u00a0Exkursion:\u00a022.06.2014<\/li>\n<li>Fundstellen:\u00a0<a href=\"http:\/\/www.relikte.com\/loccum\/index.htm\" target=\"_blank\" rel=\"noopener noreferrer\">Relikte.com<\/a><\/li>\n<\/ul>\n<p style=\"text-align: justify;\">Das\u00a0Lufttanklager Loccum\u00a0liegt in der\u00a0Loccumer\u00a0Heide. Mit dem Bau wurde 1939, nach Beginn des\u00a0Zweiten Weltkriegs\u00a0begonnen.\u00a0Die Bauwerke wurden ab 1940 erbaut, die Treibstofftanks allerdings nicht mehr in der zuvor geplanten Anzahl. Aufgabe der Lufttanklager war die Herstellung und die Bevorratung von Treib- und Schmier-stoffsorten, haupts\u00e4chlich f\u00fcr den Bedarf der fliegenden Verb\u00e4nde der\u00a0Luftwaffe.<\/p>\n<p style=\"text-align: justify;\">F\u00fcr den G\u00fctertransport gab es eine rund 5\u00a0km lange Stichstrecke von der\u00a0Bahnstrecke Stadthagen\u2013Stolzenau; der Abzweig war kurz hinter dem Bahnhof\u00a0M\u00fcnchehagen\u00a0in Richtung Loccum.<\/p>\n<p style=\"text-align: justify;\">Bei\u00a0Ilvese\u00a0wurde nach 1940 an der\u00a0Weser\u00a0mit dem Bau eines \u00d6lhafens begonnen. Er w\u00e4re \u00fcber eine rund 6 km lange Pipeline mit dem Tanklager verbunden worden. Das Hafenbecken, Schutzdeiche und einzelne Betriebsgeb\u00e4ude sind zwar noch gebaut worden, ein Durchstich zur Weser fand aber nicht mehr statt.<\/p>\n<p style=\"text-align: justify;\">1947 wurden die Treibstofftanks durch das britische Milit\u00e4r gesprengt. Ab 1960 wurde das Gel\u00e4nde von der Bundeswehr benutzt.<\/p>\n<p style=\"text-align: justify;\">Seit 1997 werden Teile des Gel\u00e4ndes zivil genutzt, lediglich das n\u00f6rdliche Teilgebiet wird weiterhin milit\u00e4risch als\u00a0Standort\u00fcbungsplatz\u00a0verwendet (u.a. als Au\u00dfenlandeplatz der\u00a0Heeresfliegerwaffenschulein\u00a0B\u00fcckeburg). Aus\u00a0<a href=\"https:\/\/de.wikipedia.org\/wiki\/Lufttanklager_Loccum\" target=\"_blank\" rel=\"noopener noreferrer\">Wikipedia<\/a><\/p>\n<p><strong>\u00dcbersichtskarte<\/strong><\/p>\n\n\n\t\t\t\t<div id=\"map_ol3js_1\" class=\"map undefined\" data-map_name=\"undefined\" data-map=\"map_ol3js_1\" style=\"width:100%; max-width:100%; height:450px; display:block; overflow:hidden;border:2px solid grey;\" >\n\t\t\t\t  <div id=\"map_ol3js_1_popup\" class=\"ol-popup\" >\n\t\t\t\t\t<a href=\"#\" id=\"map_ol3js_1_popup-closer\" class=\"ol-popup-closer\"><\/a>\n\t\t\t\t\t<div id=\"map_ol3js_1_popup-content\" ><\/div>\n\t\t\t\t  <\/div>\n\t\t\t\t<\/div>\n\t\t\t\n\n\t\t\t\t<script type=\"text\/javascript\">\n\t\t\t\t\ttranslations['openlayer'] = \"open layer\";\n\t\t\t\t\ttranslations['openlayerAtStartup'] = \"open layer at startup\";\n\t\t\t\t\ttranslations['generateLink'] = \"Der Link zur Karte mit ausgew\u00e4hlten Overlays und angezeigtem Ausschnitt\";\n\t\t\t\t\ttranslations['shortDescription'] = \"Kurzbeschreibung\";\n\t\t\t\t\ttranslations['generatedShortCode'] = \"to get a text control link paste this code in your wordpress editor\";\n\t\t\t\t\ttranslations['closeLayer'] = \"close layer\";\n\t\t\t\t\ttranslations['cantGenerateLink'] = \"put this string in the existing map short code to control this map\";\n\t\t\t  <\/script>\n\n\n\t\t\t  <script type=\"text\/javascript\">\n\t\t\t  vectorM['map_ol3js_1'] = [];\n\t        \n        var raster = getTileLayer(\"osm\",\"NoKey\");\t\t\t\n\n\t\t\t  var map_ol3js_1 = new ol.Map({\n\t\t\t\tinteractions: ol.interaction.defaults.defaults({mouseWheelZoom:false}),\n\t\t\t\tlayers: [raster],\n\t\t\t\ttarget: \"map_ol3js_1\",\n\t\t\t\tview: new ol.View({\n\t\t\t\t  center: ol.proj.transform([9.117,52.447], \"EPSG:4326\", \"EPSG:3857\"),\n\t\t\t\t  zoom: 13\n\t\t\t\t})\n\t\t\t  });\n\t\t\t  addControls2Map(map_ol3js_1,0,0,3,0,5,6,7,0,1);\nosm_addPopupClickhandler(map_ol3js_1,  \"map_ol3js_1\"); \nosm_addMouseHover(map_ol3js_1); <\/script>\n<p>Kartenauszug OSM<\/p>\n<p><a href=\"http:\/\/nordwind.info\/wp-content\/uploads\/2018\/03\/TK-Auszug-Loccum.jpg\"><img loading=\"lazy\" decoding=\"async\" class=\"aligncenter size-large wp-image-2756\" src=\"http:\/\/nordwind.info\/wp-content\/uploads\/2018\/03\/TK-Auszug-Loccum-1024x944.jpg\" alt=\"\" width=\"640\" height=\"590\" srcset=\"https:\/\/nordwind.info\/wp-content\/uploads\/2018\/03\/TK-Auszug-Loccum-1024x944.jpg 1024w, https:\/\/nordwind.info\/wp-content\/uploads\/2018\/03\/TK-Auszug-Loccum-300x276.jpg 300w, https:\/\/nordwind.info\/wp-content\/uploads\/2018\/03\/TK-Auszug-Loccum-768x708.jpg 768w, https:\/\/nordwind.info\/wp-content\/uploads\/2018\/03\/TK-Auszug-Loccum.jpg 2000w\" sizes=\"auto, (max-width: 640px) 100vw, 640px\" \/><\/a>Kartenauszug TK 1:25000 (Reichsamt f\u00fcr Landesvermessung 1945)<\/p>\n<p><a href=\"#\">Nach oben<\/a><\/p>\n<p><a href=\"http:\/\/nordwind.info\/wp-content\/uploads\/2018\/03\/sh2schluss.gif\"><img loading=\"lazy\" decoding=\"async\" class=\"aligncenter size-full wp-image-2750\" src=\"http:\/\/nordwind.info\/wp-content\/uploads\/2018\/03\/sh2schluss.gif\" alt=\"\" width=\"45\" height=\"66\" \/><\/a><\/p>\n","protected":false},"excerpt":{"rendered":"<p>Objektname:\u00a0Lufttanklager Loccum Ortslage\/LK: Loccum, Niedersachsen (NI) Nutzung: \u00a0 \u00a0 \u00a0 \u00a01939 &#8211; 1945,\u00a0Luftwaffe,\u00a0Fliegerhorst Wunstorf 1945 Besetzung und \u00dcbernahme durch die Britische Armee 1960 Bundeswehr (AusbKp 9\/1, AusbBtl 103) 1971 JgAusbZentr 52\/3, Birkenlager, 1972 Feldersatzbataillon 14, Steinlager 1989 Abzug der Bundeswehr &hellip; <a href=\"https:\/\/nordwind.info\/?page_id=2754\">Weiterlesen <span class=\"meta-nav\">&rarr;<\/span><\/a><\/p>\n","protected":false},"author":1,"featured_media":0,"parent":14039,"menu_order":0,"comment_status":"closed","ping_status":"closed","template":"","meta":{"footnotes":""},"class_list":["post-2754","page","type-page","status-publish","hentry"],"_links":{"self":[{"href":"https:\/\/nordwind.info\/index.php?rest_route=\/wp\/v2\/pages\/2754","targetHints":{"allow":["GET"]}}],"collection":[{"href":"https:\/\/nordwind.info\/index.php?rest_route=\/wp\/v2\/pages"}],"about":[{"href":"https:\/\/nordwind.info\/index.php?rest_route=\/wp\/v2\/types\/page"}],"author":[{"embeddable":true,"href":"https:\/\/nordwind.info\/index.php?rest_route=\/wp\/v2\/users\/1"}],"replies":[{"embeddable":true,"href":"https:\/\/nordwind.info\/index.php?rest_route=%2Fwp%2Fv2%2Fcomments&post=2754"}],"version-history":[{"count":8,"href":"https:\/\/nordwind.info\/index.php?rest_route=\/wp\/v2\/pages\/2754\/revisions"}],"predecessor-version":[{"id":14049,"href":"https:\/\/nordwind.info\/index.php?rest_route=\/wp\/v2\/pages\/2754\/revisions\/14049"}],"up":[{"embeddable":true,"href":"https:\/\/nordwind.info\/index.php?rest_route=\/wp\/v2\/pages\/14039"}],"wp:attachment":[{"href":"https:\/\/nordwind.info\/index.php?rest_route=%2Fwp%2Fv2%2Fmedia&parent=2754"}],"curies":[{"name":"wp","href":"https:\/\/api.w.org\/{rel}","templated":true}]}}