

{"id":2666,"date":"2018-03-06T16:01:29","date_gmt":"2018-03-06T16:01:29","guid":{"rendered":"http:\/\/nordwind.info\/?page_id=2666"},"modified":"2025-01-06T08:52:29","modified_gmt":"2025-01-06T08:52:29","slug":"loccum-bahnhof","status":"publish","type":"page","link":"https:\/\/nordwind.info\/?page_id=2666","title":{"rendered":"07,460 &#8211; Bf Loccum"},"content":{"rendered":"<p>\n\n\t\t\t\t<div id=\"map_ol3js_1\" class=\"map undefined\" data-map_name=\"undefined\" data-map=\"map_ol3js_1\" style=\"width:100%; max-width:100%; height:450px; display:block; overflow:hidden;border:2px solid grey;\" >\n\t\t\t\t  <div id=\"map_ol3js_1_popup\" class=\"ol-popup\" >\n\t\t\t\t\t<a href=\"#\" id=\"map_ol3js_1_popup-closer\" class=\"ol-popup-closer\"><\/a>\n\t\t\t\t\t<div id=\"map_ol3js_1_popup-content\" ><\/div>\n\t\t\t\t  <\/div>\n\t\t\t\t<\/div>\n\t\t\t\n\n\t\t\t\t<script type=\"text\/javascript\">\n\t\t\t\t\ttranslations['openlayer'] = \"open layer\";\n\t\t\t\t\ttranslations['openlayerAtStartup'] = \"open layer at startup\";\n\t\t\t\t\ttranslations['generateLink'] = \"Der Link zur Karte mit ausgew\u00e4hlten Overlays und angezeigtem Ausschnitt\";\n\t\t\t\t\ttranslations['shortDescription'] = \"Kurzbeschreibung\";\n\t\t\t\t\ttranslations['generatedShortCode'] = \"to get a text control link paste this code in your wordpress editor\";\n\t\t\t\t\ttranslations['closeLayer'] = \"close layer\";\n\t\t\t\t\ttranslations['cantGenerateLink'] = \"put this string in the existing map short code to control this map\";\n\t\t\t  <\/script>\n\n\n\t\t\t  <script type=\"text\/javascript\">\n\t\t\t  vectorM['map_ol3js_1'] = [];\n\t        \n        var raster = getTileLayer(\"osm\",\"NoKey\");\t\t\t\n\n\t\t\t  var map_ol3js_1 = new ol.Map({\n\t\t\t\tinteractions: ol.interaction.defaults.defaults({mouseWheelZoom:false}),\n\t\t\t\tlayers: [raster],\n\t\t\t\ttarget: \"map_ol3js_1\",\n\t\t\t\tview: new ol.View({\n\t\t\t\t  center: ol.proj.transform([9.1619,52.4540], \"EPSG:4326\", \"EPSG:3857\"),\n\t\t\t\t  zoom: 14\n\t\t\t\t})\n\t\t\t  });\n\t\t\t  addControls2Map(map_ol3js_1,0,0,3,0,5,6,7,0,1);\nosm_addPopupClickhandler(map_ol3js_1,  \"map_ol3js_1\"); \nosm_addMouseHover(map_ol3js_1); <\/script><br \/>\nKartenauszug OSM<\/p>\n<p><a href=\"http:\/\/nordwind.info\/wp-content\/uploads\/2018\/03\/Loccum.png\"><img loading=\"lazy\" decoding=\"async\" class=\"aligncenter size-full wp-image-3003\" src=\"http:\/\/nordwind.info\/wp-content\/uploads\/2018\/03\/Loccum.png\" alt=\"\" width=\"696\" height=\"487\" srcset=\"https:\/\/nordwind.info\/wp-content\/uploads\/2018\/03\/Loccum.png 696w, https:\/\/nordwind.info\/wp-content\/uploads\/2018\/03\/Loccum-300x210.png 300w\" sizes=\"auto, (max-width: 696px) 100vw, 696px\" \/><\/a>Kartenauszug\u00a0<a href=\"http:\/\/www.openrailwaymap.org\/mobile.php?searchquery=&amp;lang=de\" target=\"_blank\" rel=\"noopener noreferrer\">OpenRailwayMap<\/a>\u00a0&#8211;\u00a0\u00dcbersicht\u00a0<a href=\"http:\/\/nordwind.info\/?page_id=2722\">Strecke 1742<\/a><\/p>\n<p><a href=\"http:\/\/nordwind.info\/wp-content\/uploads\/2018\/03\/TK-Auszug-Loccum-1945.jpg\"><img loading=\"lazy\" decoding=\"async\" class=\"aligncenter size-large wp-image-3004\" src=\"http:\/\/nordwind.info\/wp-content\/uploads\/2018\/03\/TK-Auszug-Loccum-1945-1024x692.jpg\" alt=\"\" width=\"640\" height=\"433\" srcset=\"https:\/\/nordwind.info\/wp-content\/uploads\/2018\/03\/TK-Auszug-Loccum-1945-1024x692.jpg 1024w, https:\/\/nordwind.info\/wp-content\/uploads\/2018\/03\/TK-Auszug-Loccum-1945-300x203.jpg 300w, https:\/\/nordwind.info\/wp-content\/uploads\/2018\/03\/TK-Auszug-Loccum-1945-768x519.jpg 768w, https:\/\/nordwind.info\/wp-content\/uploads\/2018\/03\/TK-Auszug-Loccum-1945.jpg 1280w\" sizes=\"auto, (max-width: 640px) 100vw, 640px\" \/><\/a><\/p>\n<p>Kartenauszug TK 1:25000 (Reichsamt f\u00fcr Landesvermessung 1945)<\/p>\n<p><a href=\"http:\/\/nordwind.info\/wp-content\/uploads\/2018\/03\/Loccum-Bf-Lageplan.jpg\"><img loading=\"lazy\" decoding=\"async\" class=\"size-large wp-image-2667 alignleft\" src=\"http:\/\/nordwind.info\/wp-content\/uploads\/2018\/03\/Loccum-Bf-Lageplan-1024x724.jpg\" alt=\"\" width=\"640\" height=\"453\" srcset=\"https:\/\/nordwind.info\/wp-content\/uploads\/2018\/03\/Loccum-Bf-Lageplan-1024x724.jpg 1024w, https:\/\/nordwind.info\/wp-content\/uploads\/2018\/03\/Loccum-Bf-Lageplan-300x212.jpg 300w, https:\/\/nordwind.info\/wp-content\/uploads\/2018\/03\/Loccum-Bf-Lageplan-768x543.jpg 768w\" sizes=\"auto, (max-width: 640px) 100vw, 640px\" \/><\/a><\/p>\n<p>Lageplan Bahnhof Loccum, Zustand 1955<\/p>\n<p>Lagepl\u00e4ne<\/p>\n<ul>\n<li>Bahnhof Loccum &#8211; Ausgabe 1949<\/li>\n<li>Bahnhof Loccum &#8211; Aushabe 1952<\/li>\n<\/ul>\n<p><a href=\"http:\/\/nordwind.info\/wp-content\/uploads\/2024\/12\/04000-Wasserduchlass.jpg\"><img loading=\"lazy\" decoding=\"async\" class=\"alignleft size-large wp-image-12710\" src=\"http:\/\/nordwind.info\/wp-content\/uploads\/2024\/12\/04000-Wasserduchlass-1024x768.jpg\" alt=\"\" width=\"640\" height=\"480\" srcset=\"https:\/\/nordwind.info\/wp-content\/uploads\/2024\/12\/04000-Wasserduchlass-1024x768.jpg 1024w, https:\/\/nordwind.info\/wp-content\/uploads\/2024\/12\/04000-Wasserduchlass-300x225.jpg 300w, https:\/\/nordwind.info\/wp-content\/uploads\/2024\/12\/04000-Wasserduchlass-768x576.jpg 768w, https:\/\/nordwind.info\/wp-content\/uploads\/2024\/12\/04000-Wasserduchlass.jpg 1280w\" sizes=\"auto, (max-width: 640px) 100vw, 640px\" \/><\/a><\/p>\n<p>4,000 &#8211; Wasserdurchla\u00df zwischen Leese und Loccum<\/p>\n<p><a href=\"http:\/\/nordwind.info\/wp-content\/uploads\/2024\/12\/Bahndamm-Leese.png\"><img loading=\"lazy\" decoding=\"async\" class=\"alignleft size-large wp-image-12716\" src=\"http:\/\/nordwind.info\/wp-content\/uploads\/2024\/12\/Bahndamm-Leese-1024x388.png\" alt=\"\" width=\"640\" height=\"243\" srcset=\"https:\/\/nordwind.info\/wp-content\/uploads\/2024\/12\/Bahndamm-Leese-1024x388.png 1024w, https:\/\/nordwind.info\/wp-content\/uploads\/2024\/12\/Bahndamm-Leese-300x114.png 300w, https:\/\/nordwind.info\/wp-content\/uploads\/2024\/12\/Bahndamm-Leese-768x291.png 768w, https:\/\/nordwind.info\/wp-content\/uploads\/2024\/12\/Bahndamm-Leese-1536x581.png 1536w, https:\/\/nordwind.info\/wp-content\/uploads\/2024\/12\/Bahndamm-Leese.png 2000w\" sizes=\"auto, (max-width: 640px) 100vw, 640px\" \/><\/a><\/p>\n<p>5,050 &#8211; Bahndamm &#8211; links ehem EBR<\/p>\n<p><a href=\"http:\/\/nordwind.info\/wp-content\/uploads\/2018\/03\/Kreuzung-StMB-Loccum-1.jpg\"><img loading=\"lazy\" decoding=\"async\" class=\"aligncenter size-large wp-image-3006\" src=\"http:\/\/nordwind.info\/wp-content\/uploads\/2018\/03\/Kreuzung-StMB-Loccum-1-1024x678.jpg\" alt=\"\" width=\"640\" height=\"424\" srcset=\"https:\/\/nordwind.info\/wp-content\/uploads\/2018\/03\/Kreuzung-StMB-Loccum-1-1024x678.jpg 1024w, https:\/\/nordwind.info\/wp-content\/uploads\/2018\/03\/Kreuzung-StMB-Loccum-1-300x199.jpg 300w, https:\/\/nordwind.info\/wp-content\/uploads\/2018\/03\/Kreuzung-StMB-Loccum-1-768x509.jpg 768w, https:\/\/nordwind.info\/wp-content\/uploads\/2018\/03\/Kreuzung-StMB-Loccum-1.jpg 1554w\" sizes=\"auto, (max-width: 640px) 100vw, 640px\" \/><\/a><\/p>\n<p>06,200 &#8211; Viadukt und ehemaliges Kreuzungsbauwerk zur Steinhuder Meer-Bahn<\/p>\n<p><a href=\"http:\/\/nordwind.info\/wp-content\/uploads\/2018\/03\/07400-EBR-Viadukt-Loccum-1.jpg\"><img loading=\"lazy\" decoding=\"async\" class=\"aligncenter size-large wp-image-3007\" src=\"http:\/\/nordwind.info\/wp-content\/uploads\/2018\/03\/07400-EBR-Viadukt-Loccum-1-1024x804.jpg\" alt=\"\" width=\"640\" height=\"503\" srcset=\"https:\/\/nordwind.info\/wp-content\/uploads\/2018\/03\/07400-EBR-Viadukt-Loccum-1-1024x804.jpg 1024w, https:\/\/nordwind.info\/wp-content\/uploads\/2018\/03\/07400-EBR-Viadukt-Loccum-1-300x236.jpg 300w, https:\/\/nordwind.info\/wp-content\/uploads\/2018\/03\/07400-EBR-Viadukt-Loccum-1-768x603.jpg 768w\" sizes=\"auto, (max-width: 640px) 100vw, 640px\" \/><\/a><\/p>\n<p>07,000 &#8211; Viadukt in Loccum<\/p>\n<p><a href=\"http:\/\/nordwind.info\/wp-content\/uploads\/2018\/03\/07461-Loccum.jpg\"><img loading=\"lazy\" decoding=\"async\" class=\"aligncenter size-large wp-image-3009\" src=\"http:\/\/nordwind.info\/wp-content\/uploads\/2018\/03\/07461-Loccum-1024x576.jpg\" alt=\"\" width=\"640\" height=\"360\" srcset=\"https:\/\/nordwind.info\/wp-content\/uploads\/2018\/03\/07461-Loccum-1024x576.jpg 1024w, https:\/\/nordwind.info\/wp-content\/uploads\/2018\/03\/07461-Loccum-300x169.jpg 300w, https:\/\/nordwind.info\/wp-content\/uploads\/2018\/03\/07461-Loccum-768x432.jpg 768w, https:\/\/nordwind.info\/wp-content\/uploads\/2018\/03\/07461-Loccum.jpg 1280w\" sizes=\"auto, (max-width: 640px) 100vw, 640px\" \/><\/a>07,460 &#8211; Bahnhof Loccum mit Nebengeb\u00e4ude<\/p>\n<p><a href=\"http:\/\/nordwind.info\/wp-content\/uploads\/2018\/03\/07476-EG-Gleisseite-weit-sw.jpg\"><img loading=\"lazy\" decoding=\"async\" class=\"aligncenter size-large wp-image-3010\" src=\"http:\/\/nordwind.info\/wp-content\/uploads\/2018\/03\/07476-EG-Gleisseite-weit-sw-1024x695.jpg\" alt=\"\" width=\"640\" height=\"434\" srcset=\"https:\/\/nordwind.info\/wp-content\/uploads\/2018\/03\/07476-EG-Gleisseite-weit-sw-1024x695.jpg 1024w, https:\/\/nordwind.info\/wp-content\/uploads\/2018\/03\/07476-EG-Gleisseite-weit-sw-300x204.jpg 300w, https:\/\/nordwind.info\/wp-content\/uploads\/2018\/03\/07476-EG-Gleisseite-weit-sw-768x521.jpg 768w, https:\/\/nordwind.info\/wp-content\/uploads\/2018\/03\/07476-EG-Gleisseite-weit-sw.jpg 1731w\" sizes=\"auto, (max-width: 640px) 100vw, 640px\" \/><\/a>07,460 &#8211; Bahnhof Loccum<\/p>\n<p><a href=\"http:\/\/nordwind.info\/wp-content\/uploads\/2018\/03\/07460-Bf-Loccum-EG-1.jpg\"><img loading=\"lazy\" decoding=\"async\" class=\"aligncenter size-large wp-image-3008\" src=\"http:\/\/nordwind.info\/wp-content\/uploads\/2018\/03\/07460-Bf-Loccum-EG-1-1024x616.jpg\" alt=\"\" width=\"640\" height=\"385\" srcset=\"https:\/\/nordwind.info\/wp-content\/uploads\/2018\/03\/07460-Bf-Loccum-EG-1-1024x616.jpg 1024w, https:\/\/nordwind.info\/wp-content\/uploads\/2018\/03\/07460-Bf-Loccum-EG-1-300x180.jpg 300w, https:\/\/nordwind.info\/wp-content\/uploads\/2018\/03\/07460-Bf-Loccum-EG-1-768x462.jpg 768w, https:\/\/nordwind.info\/wp-content\/uploads\/2018\/03\/07460-Bf-Loccum-EG-1.jpg 1280w\" sizes=\"auto, (max-width: 640px) 100vw, 640px\" \/><\/a>07,460 Bahnhofsgeb\u00e4ude Gleisseite<\/p>\n<p><a href=\"http:\/\/nordwind.info\/wp-content\/uploads\/2018\/03\/07476-EG-Stra\u00dfenseite-sw.jpg\"><img loading=\"lazy\" decoding=\"async\" class=\"aligncenter size-large wp-image-3011\" src=\"http:\/\/nordwind.info\/wp-content\/uploads\/2018\/03\/07476-EG-Stra\u00dfenseite-sw-1024x689.jpg\" alt=\"\" width=\"640\" height=\"431\" srcset=\"https:\/\/nordwind.info\/wp-content\/uploads\/2018\/03\/07476-EG-Stra\u00dfenseite-sw-1024x689.jpg 1024w, https:\/\/nordwind.info\/wp-content\/uploads\/2018\/03\/07476-EG-Stra\u00dfenseite-sw-300x202.jpg 300w, https:\/\/nordwind.info\/wp-content\/uploads\/2018\/03\/07476-EG-Stra\u00dfenseite-sw-768x516.jpg 768w, https:\/\/nordwind.info\/wp-content\/uploads\/2018\/03\/07476-EG-Stra\u00dfenseite-sw.jpg 1728w\" sizes=\"auto, (max-width: 640px) 100vw, 640px\" \/><\/a>07,460 &#8211;\u00a0Zufahrt zum Bahnhof Loccum<\/p>\n<p><a href=\"http:\/\/nordwind.info\/wp-content\/uploads\/2024\/12\/07490_Viehanlage_g.jpg\"><img loading=\"lazy\" decoding=\"async\" class=\"alignleft size-large wp-image-12693\" src=\"http:\/\/nordwind.info\/wp-content\/uploads\/2024\/12\/07490_Viehanlage_g-1024x794.jpg\" alt=\"\" width=\"640\" height=\"496\" srcset=\"https:\/\/nordwind.info\/wp-content\/uploads\/2024\/12\/07490_Viehanlage_g-1024x794.jpg 1024w, https:\/\/nordwind.info\/wp-content\/uploads\/2024\/12\/07490_Viehanlage_g-300x233.jpg 300w, https:\/\/nordwind.info\/wp-content\/uploads\/2024\/12\/07490_Viehanlage_g-768x595.jpg 768w, https:\/\/nordwind.info\/wp-content\/uploads\/2024\/12\/07490_Viehanlage_g.jpg 1050w\" sizes=\"auto, (max-width: 640px) 100vw, 640px\" \/><\/a><\/p>\n<p>07,460 &#8211; Ladestra\u00dfe, Viehverladeanlage<\/p>\n<ul>\n<li>&lt;&lt;&lt; <a href=\"http:\/\/nordwind.info\/?page_id=2961\">Leese-Stolzenau<\/a><\/li>\n<li>&gt;&gt;&gt; <a href=\"http:\/\/nordwind.info\/?page_id=2968\">M\u00fcnchehagen<\/a><\/li>\n<\/ul>\n<p><a href=\"#\">Nach oben<\/a><\/p>\n<p>&nbsp;<\/p>\n","protected":false},"excerpt":{"rendered":"<p>Kartenauszug OSM Kartenauszug\u00a0OpenRailwayMap\u00a0&#8211;\u00a0\u00dcbersicht\u00a0Strecke 1742 Kartenauszug TK 1:25000 (Reichsamt f\u00fcr Landesvermessung 1945) Lageplan Bahnhof Loccum, Zustand 1955 Lagepl\u00e4ne Bahnhof Loccum &#8211; Ausgabe 1949 Bahnhof Loccum &#8211; Aushabe 1952 4,000 &#8211; Wasserdurchla\u00df zwischen Leese und Loccum 5,050 &#8211; Bahndamm &#8211; links ehem &hellip; <a href=\"https:\/\/nordwind.info\/?page_id=2666\">Weiterlesen <span class=\"meta-nav\">&rarr;<\/span><\/a><\/p>\n","protected":false},"author":1,"featured_media":0,"parent":2722,"menu_order":0,"comment_status":"closed","ping_status":"closed","template":"","meta":{"footnotes":""},"class_list":["post-2666","page","type-page","status-publish","hentry"],"_links":{"self":[{"href":"https:\/\/nordwind.info\/index.php?rest_route=\/wp\/v2\/pages\/2666","targetHints":{"allow":["GET"]}}],"collection":[{"href":"https:\/\/nordwind.info\/index.php?rest_route=\/wp\/v2\/pages"}],"about":[{"href":"https:\/\/nordwind.info\/index.php?rest_route=\/wp\/v2\/types\/page"}],"author":[{"embeddable":true,"href":"https:\/\/nordwind.info\/index.php?rest_route=\/wp\/v2\/users\/1"}],"replies":[{"embeddable":true,"href":"https:\/\/nordwind.info\/index.php?rest_route=%2Fwp%2Fv2%2Fcomments&post=2666"}],"version-history":[{"count":16,"href":"https:\/\/nordwind.info\/index.php?rest_route=\/wp\/v2\/pages\/2666\/revisions"}],"predecessor-version":[{"id":12765,"href":"https:\/\/nordwind.info\/index.php?rest_route=\/wp\/v2\/pages\/2666\/revisions\/12765"}],"up":[{"embeddable":true,"href":"https:\/\/nordwind.info\/index.php?rest_route=\/wp\/v2\/pages\/2722"}],"wp:attachment":[{"href":"https:\/\/nordwind.info\/index.php?rest_route=%2Fwp%2Fv2%2Fmedia&parent=2666"}],"curies":[{"name":"wp","href":"https:\/\/api.w.org\/{rel}","templated":true}]}}