{"id":2182,"date":"2018-01-25T09:47:16","date_gmt":"2018-01-25T09:47:16","guid":{"rendered":"http:\/\/nordwind.info\/?page_id=2182"},"modified":"2018-05-03T03:28:36","modified_gmt":"2018-05-03T03:28:36","slug":"gardasee-ponale","status":"publish","type":"page","link":"https:\/\/nordwind.info\/?page_id=2182","title":{"rendered":"Riva del Garda, Sentiero del Ponale"},"content":{"rendered":"<p style=\"text-align: justify;\">Die Sentiero del Ponale Ciacomo Cis (nach dem Erbauer) ist eine Serpentinenstra\u00dfe entlang des Rochettas, die bereits im Jahre 1847 fertig gestellt wurde Die Stra\u00dfe beginnt gleich am Ortsausgang von Riva, kurz vor dem ersten Tunnel der Gardasana Occidentale in Richtung Limone. Von dort geht es auf eine 4,5 km lange Strecke mit zahlreichen Windungen, Tunnel und Br\u00fccken zu Zufahrt nach Pregasina.<\/p>\n<p><a href=\"http:\/\/nordwind.info\/wp-content\/uploads\/2017\/08\/Ponale-5.jpg\"><img loading=\"lazy\" decoding=\"async\" class=\"alignright size-large wp-image-280\" src=\"http:\/\/nordwind.info\/wp-content\/uploads\/2017\/08\/Ponale-5-1024x661.jpg\" alt=\"\" width=\"640\" height=\"413\" srcset=\"https:\/\/nordwind.info\/wp-content\/uploads\/2017\/08\/Ponale-5-1024x661.jpg 1024w, https:\/\/nordwind.info\/wp-content\/uploads\/2017\/08\/Ponale-5-300x194.jpg 300w, https:\/\/nordwind.info\/wp-content\/uploads\/2017\/08\/Ponale-5-768x496.jpg 768w, https:\/\/nordwind.info\/wp-content\/uploads\/2017\/08\/Ponale-5.jpg 1280w\" sizes=\"auto, (max-width: 640px) 100vw, 640px\" \/><\/a><\/p>\n<p style=\"text-align: justify;\">Autoverkehr findet hier schon lange nicht mehr statt, daf\u00fcr haben Wanderer, Mountainbiker und auch Geocacher diese alte Stra\u00dfe f\u00fcr sich entdeckt. Vor einigen Jahren wurde die Stra\u00dfe neu trassiert, erhielt mehrere Steinschlag\u00fcberdachungen und ist auch als &#8222;Alpiner H\u00f6henweg D 01&#8220; bekannt.<\/p>\n","protected":false},"excerpt":{"rendered":"<p>Die Sentiero del Ponale Ciacomo Cis (nach dem Erbauer) ist eine Serpentinenstra\u00dfe entlang des Rochettas, die bereits im Jahre 1847 fertig gestellt wurde Die Stra\u00dfe beginnt gleich am Ortsausgang von Riva, kurz vor dem ersten Tunnel der Gardasana Occidentale in &hellip; <a href=\"https:\/\/nordwind.info\/?page_id=2182\">Weiterlesen <span class=\"meta-nav\">&rarr;<\/span><\/a><\/p>\n","protected":false},"author":1,"featured_media":0,"parent":2400,"menu_order":0,"comment_status":"closed","ping_status":"closed","template":"","meta":{"footnotes":""},"class_list":["post-2182","page","type-page","status-publish","hentry"],"_links":{"self":[{"href":"https:\/\/nordwind.info\/index.php?rest_route=\/wp\/v2\/pages\/2182","targetHints":{"allow":["GET"]}}],"collection":[{"href":"https:\/\/nordwind.info\/index.php?rest_route=\/wp\/v2\/pages"}],"about":[{"href":"https:\/\/nordwind.info\/index.php?rest_route=\/wp\/v2\/types\/page"}],"author":[{"embeddable":true,"href":"https:\/\/nordwind.info\/index.php?rest_route=\/wp\/v2\/users\/1"}],"replies":[{"embeddable":true,"href":"https:\/\/nordwind.info\/index.php?rest_route=%2Fwp%2Fv2%2Fcomments&post=2182"}],"version-history":[{"count":5,"href":"https:\/\/nordwind.info\/index.php?rest_route=\/wp\/v2\/pages\/2182\/revisions"}],"predecessor-version":[{"id":2187,"href":"https:\/\/nordwind.info\/index.php?rest_route=\/wp\/v2\/pages\/2182\/revisions\/2187"}],"up":[{"embeddable":true,"href":"https:\/\/nordwind.info\/index.php?rest_route=\/wp\/v2\/pages\/2400"}],"wp:attachment":[{"href":"https:\/\/nordwind.info\/index.php?rest_route=%2Fwp%2Fv2%2Fmedia&parent=2182"}],"curies":[{"name":"wp","href":"https:\/\/api.w.org\/{rel}","templated":true}]}}