{"id":1603,"date":"2017-11-02T06:03:10","date_gmt":"2017-11-02T06:03:10","guid":{"rendered":"http:\/\/nordwind.info\/?page_id=1603"},"modified":"2023-02-06T14:19:22","modified_gmt":"2023-02-06T14:19:22","slug":"1603-2","status":"publish","type":"page","link":"https:\/\/nordwind.info\/?page_id=1603","title":{"rendered":"Cache \/ Entw\u00fcrfe"},"content":{"rendered":"<p style=\"text-align: justify;\">Eine Runde auf den Spuren der Dinosaurier in der Kr\u00e4he bei Nienburg. Die Serie besteht aus 10 Tradis, die sich in etwa 6-8 Metern H\u00f6he in den B\u00e4umen befinden.\u00a0Klettern ist hier nicht angesagt sondern die Schwierigkeit besteht darin, die jeweilige Location zu erreichen, den Cache auszumachen, mittels einer Armverl\u00e4ngerung diesen zu bergen und nach erfolgter Logbucheintragung ihn auch wieder an die ordnungsgem\u00e4\u00dfe Stelle zur\u00fcckzuh\u00e4ngen. In den einzelnen Dosen findet Ihr Hinweise auf den Bonus <a href=\"https:\/\/www.geocaching.com\/geocache\/GC7EXTC_jurassic-world-bonus?guid=a6e17b56-2b88-403a-9c1a-ccd77c97868d\">GCEXTC<\/a>.<\/p>\n<p>&nbsp;<\/p>\n<p style=\"text-align: justify;\">Die in dieser Runde vorgestellten Dionosarier sind seit zig-Millionen von Jahren ausgestorben! In den letzten 550\u00a0Millionen Jahren gab es f\u00fcnf gro\u00dfe Massenaussterben, bei denen jeweils mindestens 40\u00a0% aller Gattungen\u00a0ausstarben. Am ber\u00fchmtesten ist das Kreide-Pal\u00e4ogen-Massenaussterben vor etwa 66\u00a0Millionen Jahren, bei dem sch\u00e4tzungsweise 50\u00a0% der Gattungen und 20\u00a0% der Familien verschwanden, darunter alle Nicht-Vogel-Dinosaurier. Es wurden die verschiedensten Hypothesen aufgestellt, um die Ursachen dieses Massensterbens zu kl\u00e4ren.<\/p>\n<p><a href=\"http:\/\/nordwind.info\/wp-content\/uploads\/2017\/11\/Dinosaureier-01-640.jpg\"><img loading=\"lazy\" decoding=\"async\" class=\"aligncenter size-full wp-image-1774\" src=\"http:\/\/nordwind.info\/wp-content\/uploads\/2017\/11\/Dinosaureier-01-640.jpg\" alt=\"\" width=\"640\" height=\"273\" srcset=\"https:\/\/nordwind.info\/wp-content\/uploads\/2017\/11\/Dinosaureier-01-640.jpg 640w, https:\/\/nordwind.info\/wp-content\/uploads\/2017\/11\/Dinosaureier-01-640-300x128.jpg 300w\" sizes=\"auto, (max-width: 640px) 100vw, 640px\" \/><\/a><\/p>\n<p style=\"text-align: justify;\">Die meisten aktuellen Theorien sehen die Ursache in einem Meteoriteneinschlag oder einem gesteigerten Vulkanismus, einige schlie\u00dfen beide Ereignisse mit ein. Das rapide Absinken des Meeresspiegels k\u00f6nnte gleichfalls zum Massensterben beigetragen haben, da die gro\u00dfen Flachmeere verschwanden und sich Landbr\u00fccken bildeten.<\/p>\n<p style=\"text-align: justify;\">An dieser Stelle und mit diesem Bonus verabschieden wir uns von Euch verabschieden und hoffen, diese Runde hat Spa\u00df gemacht. Wenn Ihr alle Caches dieser Runde gefunden und die dazugeh\u00f6rigen Bonuszahlen notiert habt findet Ihr den Bonus bei:<\/p>\n<p style=\"text-align: justify;\">N52 \u00a05 2. a b c \u00a0 \u00a0 \u00a0 &amp; \u00a0 \u00a0 \u00a0 \u00a0E009 \u00a01 4. d e f<\/p>\n<p style=\"text-align: justify;\">Und wenn Ihr dann noch mehr Dinosaurier sehen m\u00f6chtet, dann besucht doch einfach mal den\u00a0<a href=\"http:\/\/www.dinopark.de\" target=\"_blank\" rel=\"noopener\">Dinosaurierparks M\u00fcnchehagen<\/a>.<\/p>\n<p><strong>Banner<\/strong><\/p>\n<p>Wer m\u00f6chte, kann sich f\u00fcr sein Profi \/ Blog dieses Banner herunterladen:<\/p>\n<p><a href=\"http:\/\/nordwind.info\/wp-content\/uploads\/2017\/11\/Banner_GC7EXTC.png\"><img loading=\"lazy\" decoding=\"async\" class=\"aligncenter size-full wp-image-1785\" src=\"http:\/\/nordwind.info\/wp-content\/uploads\/2017\/11\/Banner_GC7EXTC.png\" alt=\"\" width=\"480\" height=\"320\" srcset=\"https:\/\/nordwind.info\/wp-content\/uploads\/2017\/11\/Banner_GC7EXTC.png 480w, https:\/\/nordwind.info\/wp-content\/uploads\/2017\/11\/Banner_GC7EXTC-300x200.png 300w\" sizes=\"auto, (max-width: 480px) 100vw, 480px\" \/><\/a><\/p>\n<p>&nbsp;<\/p>\n<p>Der HTML-Quelltext:<\/p>\n<p>&lt;a href=&#8220;http:\/\/nordwind.info\/wp-content\/uploads\/2017\/11\/Dinosaurier-02-Entwurf2-480&#215;300.png&#8220;&gt;&lt;img class=&#8220;aligncenter size-full wp-image-1664&#8243; src=&#8220;http:\/\/nordwind.info\/wp-content\/uploads\/2017\/11\/Dinosaurier-02-Entwurf2-480&#215;300.png&#8220; alt=&#8220;&#8220; width=&#8220;480&#8243; height=&#8220;300&#8243; \/&gt;&lt;\/a&gt;<\/p>\n<p>&nbsp;<\/p>\n<p><strong>Zum Cache<\/strong><\/p>\n<p>Bei dem Cache handelt es sich um einen gr\u00fcnen Petling, die sich in etwa 6-8 Metern H\u00f6he an oder in B\u00e4umen befindet. Klettern ist hier nicht angesagt sondern die Schwierigkeit besteht darin, die jeweilige Location zu erreichen, den Cache auszumachen, mittels einer Armverl\u00e4ngerung diesen zu bergen und nach erfolgter Logbucheintragung ihn auch wieder an die ordnungsgem\u00e4\u00dfe Stelle zur\u00fcckzuh\u00e4ngen.<\/p>\n<p>Wir w\u00fcnschen Euch viel Spa\u00df und Happy Hunting im Jurassic-Wald!<\/p>\n","protected":false},"excerpt":{"rendered":"<p>Eine Runde auf den Spuren der Dinosaurier in der Kr\u00e4he bei Nienburg. Die Serie besteht aus 10 Tradis, die sich in etwa 6-8 Metern H\u00f6he in den B\u00e4umen befinden.\u00a0Klettern ist hier nicht angesagt sondern die Schwierigkeit besteht darin, die jeweilige &hellip; <a href=\"https:\/\/nordwind.info\/?page_id=1603\">Weiterlesen <span class=\"meta-nav\">&rarr;<\/span><\/a><\/p>\n","protected":false},"author":1,"featured_media":0,"parent":3978,"menu_order":2,"comment_status":"closed","ping_status":"closed","template":"","meta":{"footnotes":""},"class_list":["post-1603","page","type-page","status-publish","hentry"],"_links":{"self":[{"href":"https:\/\/nordwind.info\/index.php?rest_route=\/wp\/v2\/pages\/1603","targetHints":{"allow":["GET"]}}],"collection":[{"href":"https:\/\/nordwind.info\/index.php?rest_route=\/wp\/v2\/pages"}],"about":[{"href":"https:\/\/nordwind.info\/index.php?rest_route=\/wp\/v2\/types\/page"}],"author":[{"embeddable":true,"href":"https:\/\/nordwind.info\/index.php?rest_route=\/wp\/v2\/users\/1"}],"replies":[{"embeddable":true,"href":"https:\/\/nordwind.info\/index.php?rest_route=%2Fwp%2Fv2%2Fcomments&post=1603"}],"version-history":[{"count":42,"href":"https:\/\/nordwind.info\/index.php?rest_route=\/wp\/v2\/pages\/1603\/revisions"}],"predecessor-version":[{"id":3986,"href":"https:\/\/nordwind.info\/index.php?rest_route=\/wp\/v2\/pages\/1603\/revisions\/3986"}],"up":[{"embeddable":true,"href":"https:\/\/nordwind.info\/index.php?rest_route=\/wp\/v2\/pages\/3978"}],"wp:attachment":[{"href":"https:\/\/nordwind.info\/index.php?rest_route=%2Fwp%2Fv2%2Fmedia&parent=1603"}],"curies":[{"name":"wp","href":"https:\/\/api.w.org\/{rel}","templated":true}]}}