{"id":14071,"date":"2025-03-19T05:31:21","date_gmt":"2025-03-19T05:31:21","guid":{"rendered":"http:\/\/nordwind.info\/?page_id=14071"},"modified":"2025-03-19T05:31:21","modified_gmt":"2025-03-19T05:31:21","slug":"4000-suedwest-bw","status":"publish","type":"page","link":"https:\/\/nordwind.info\/?page_id=14071","title":{"rendered":"4000 S\u00fcdwest (BW)"},"content":{"rendered":"<ul>\n<li>4000 Mannheim &#8211; Basel- Konstanz<\/li>\n<li>4002 Mannheim &#8211; Heidelberg<\/li>\n<li>4003 Mannheim, W55 &#8211; W323<\/li>\n<li>4010 Mannheim &#8211; Frankfurt Sportfeld<\/li>\n<li>4011 Mannheim &#8211; Mannheim-Waldhof<\/li>\n<li>4020 Mannheim &#8211; Rastatt<\/li>\n<li>4021 Mannheim Neckarau &#8211; Rbf<\/li>\n<li>4025 Eggenstein &#8211; Karlsruhe<\/li>\n<li>4030 Mannheim Hbf &#8211; Stw Mgw<\/li>\n<li>4031 Mannheim Rheinlust &#8211; Stw Mgr<\/li>\n<li>4032 Mannheim Rheinlust &#8211; Stw Mgbf<\/li>\n<li>4036 Mannheim Stw Mgn &#8211; Neckarhafen<\/li>\n<li>4040 MA K\u00e4fertal &#8211; Preu\u00dfen-Kai<\/li>\n<li>4042 Mannheim Hafen &#8211; Industriestr.<\/li>\n<li>4043 MA Hafen &#8211; Hochwasserdamm<\/li>\n<li>4044 Mannheim Hafen &#8211; Russen-Kai<\/li>\n<li>4045 Mannheim Hafen &#8211; Franzosen-Kai<\/li>\n<li>4046 MA Hafen &#8211; Friesenheimer Str.<\/li>\n<li>4050 Mannheim Rbf W105 &#8211; W580<\/li>\n<li>4051 Mannheim Rbf &#8211; Rennplatz<\/li>\n<li>4052 Mannheim Rbf &#8211; Ziehbrunnen<\/li>\n<li>4060 Mannheim &#8211; Schwetzingen<\/li>\n<li>4061 MA Friedrichsfeld W5 &#8211; W908<\/li>\n<li>4062 MA-Friedrichsfeld,W11 &#8211; W 901<\/li>\n<li>4070 Mannheim Rheinau &#8211; Staatshafen<\/li>\n<li>4071 MA Rheinau &#8211; Hafen 1 West<\/li>\n<li>4072 Mannheim Rheinau &#8211; Hafen 2 Ost<\/li>\n<li>4073 MA Rheinau &#8211; Hafen 2 West<\/li>\n<li>4074 MA-Rheinau &#8211; Hafen III Ost<\/li>\n<li>4075 MA Rheinau &#8211; Hafen III West<\/li>\n<li>4076 Mannheim Rheinau &#8211; Hafen 4 S\u00fcd<\/li>\n<li>4080 Mannheim &#8211; S Zuffenhausen<\/li>\n<li>4082 Saalbach &#8211; Graben-Neudorf<\/li>\n<li>4083 Ubstadt-Weiher &#8211; Rollenberg<\/li>\n<li>4085 Bruchsal Nord &#8211; Rollenberg<\/li>\n<li>4100 Heidelberg Hbf &#8211; Karlstor<\/li>\n<li>4101 Heidelberg Wieblingen &#8211; Rbf<\/li>\n<li>4102 Heidelberg Rbf &#8211; K\u00f6nigstuhl<\/li>\n<li>4103 Heidelberg &#8211; Schwetzingen<\/li>\n<li>4104 Weinheim &#8211; F\u00fcrth<\/li>\n<li>4110 Heidelberg &#8211; Alt.Bf Neckarelz<\/li>\n<li>4111 Neckargem\u00fcnd &#8211; Friedrichshall<\/li>\n<li>4112 Neckarsteinach &#8211; Sch\u00f6nau<\/li>\n<li>4113 Eberbach &#8211; Hanau<\/li>\n<li>4114 Meckesheim &#8211; Friedrichshall<\/li>\n<li>4115 Steinsfurt &#8211; Eppingen<\/li>\n<li>4120 Neckarelz &#8211; W\u00dc Heidingsfeld<\/li>\n<li>4124 Seckach &#8211; Rippberg<\/li>\n<li>4125 Walld\u00fcrn &#8211; Hardheim<\/li>\n<li>4130 Bruchsal &#8211; Bretten<\/li>\n<li>4131 Bruchsal &#8211; Ost<\/li>\n<li>4132 Bruchsal &#8211; Rheinsheim<\/li>\n<li>4200 Karlsruhe &#8211; M\u00fchlacker<\/li>\n<li>4201 Karlsruhe &#8211; Eppingen<\/li>\n<li>4210 Karlsruhe Gbf &#8211; Hagsfeld<\/li>\n<li>4211 Karlsruhe Gbf &#8211; Durlach W 7<\/li>\n<li>4212 Karlsruhe Gbf &#8211; Hbf<\/li>\n<li>4213 Karlsruhe Gbf &#8211; Brunnenst\u00fcck<\/li>\n<li>4214 Karlsruhe Gbf &#8211; Dammerstock<\/li>\n<li>4215 Karlsruhe Gbf &#8211; West<\/li>\n<li>4216 Karlsruhe Gbf &#8211; Gro\u00dfmarkt<\/li>\n<li>4217 Karlsruhe Gbf &#8211; Durlach, W 43<\/li>\n<li>4220 Karlsruhe West &#8211; Hafen<\/li>\n<li>4221 Karlsruhe Hafen &#8211; Gruppe A<\/li>\n<li>4223 Karlsruhe Hafen &#8211; Werftstra\u00dfe<\/li>\n<li>4224 KA Hafen &#8211; Rheinhafenstra\u00dfe<\/li>\n<li>4225 KA Hafen &#8211; Fettweisstra\u00dfe<\/li>\n<li>4228 KA Knielingen &#8211; Raffinerien<\/li>\n<li>4230 KA Hafen &#8211; Becken 1 Nord<\/li>\n<li>4231 Karlsruhe Hafen &#8211; Becken 1 S\u00fcd<\/li>\n<li>4232 KA Hafen &#8211; Becken II Nord<\/li>\n<li>4233 Karlsruhe Hafen &#8211; Becken 2 S\u00fcd<\/li>\n<li>4234 KA Hafen &#8211; Becken 3 Nord<\/li>\n<li>4235 Karlsruhe Hafen &#8211; Becken 3 S\u00fcd<\/li>\n<li>4236 KA Hafen &#8211; Becken 4 Nord<\/li>\n<li>4237 Karlsruhe Hafen &#8211; Becken 4 S\u00fcd<\/li>\n<li>4238 KA Hafen &#8211; Becken 4 Nord<\/li>\n<li>4239 Karlsruhe Hafen &#8211; Becken 5 S\u00fcd<\/li>\n<li>4240 Rastatt &#8211; Freudenstadt<\/li>\n<li>4242 Rastatt &#8211; Wintersdorf<\/li>\n<li>4250 Offenburg &#8211; Singen<\/li>\n<li>4251 Hausach &#8211; Schiltach<\/li>\n<li>4252 Schiltach &#8211; Schramberg<\/li>\n<li>4260 Appenweier &#8211; Kehl<\/li>\n<li>4261 Muhrhaag &#8211; Appenweier-Kurve<\/li>\n<li>4262 Appenweier &#8211; Bad Griesbach<\/li>\n<li>4263 Windschl\u00e4g &#8211; Offenburg<\/li>\n<li>4264 Lahr W40 &#8211; Stadt<\/li>\n<li>4265 Abzw Eichgrund &#8211; Abzw Neusand<\/li>\n<li>4270 Kehl W5 &#8211; Hafen<\/li>\n<li>4271 Kehl Hafen &#8211; Becken 1 West<\/li>\n<li>4272 Kehl Hafen &#8211; Hafenstra\u00dfe Gl206<\/li>\n<li>4273 Kehl Hafen &#8211; Hafenstra\u00dfe Gl207<\/li>\n<li>4274 Kehl Hafen &#8211; Becken 2 West<\/li>\n<li>4275 Kehl Hafen &#8211; Becken 2 Ost<\/li>\n<li>4276 Kehl Hafen &#8211; Becken 3 West<\/li>\n<li>4280 Karlsruhe &#8211; Basel<\/li>\n<li>4300 Freiburg &#8211; Donaueschingen<\/li>\n<li>4301 Titisee &#8211; Seebrugg<\/li>\n<li>4310 Freiburg &#8211; Breisach<\/li>\n<li>4311 Denzlingen &#8211; Elzach<\/li>\n<li>4312 Gundelfingen &#8211; Leutersberg<\/li>\n<li>4313 Freiburg &#8211; Heidenhof<\/li>\n<li>4314 M\u00fcllheim &#8211; Neuenburg<\/li>\n<li>4320 (DB-Grenze) &#8211; Singen<\/li>\n<li>4322 Konstanz W1 &#8211; (DB-Grenze)<\/li>\n<li>4330 Radolfzell &#8211; Mengen<\/li>\n<li>4331 Stahringen &#8211; Friedrichshafen<\/li>\n<li>4333 Schwackenreute &#8211; Pfullendorf<\/li>\n<li>4334 Krauchenwies &#8211; Sigmaringen<\/li>\n<li>4400 Basel &#8211; Zell<\/li>\n<li>4401 Schopfheim &#8211; Bad S\u00e4ckingen<\/li>\n<li>4402 Waldshut W 74 &#8211; (DB-Grenze)<\/li>\n<li>4403 Lauchringen &#8211; Hintschingen<\/li>\n<li>4404 Basel SBB &#8211; Badischer Bahnhof<\/li>\n<li>4405 Basel Badischer Bf &#8211; Rbf<\/li>\n<li>4406 Grenzacher Horn &#8211; Weil<\/li>\n<li>4407 Basel Bad Bf &#8211; Muttenz (SBB)<\/li>\n<li>4410 Weil &#8211; L\u00f6rrach<\/li>\n<li>4411 Weil &#8211; Basel<\/li>\n<li>4413 Haltingen &#8211; Basel<\/li>\n<li>4415 Basel Bad Rbf &#8211; Weil (Rhein)<\/li>\n<li>4420 Basel &#8211; Grenzacher Horn<\/li>\n<li>4421 Basel &#8211; Weil Ost<\/li>\n<li>4422 Basel &#8211; Weil, W 10<\/li>\n<li>4423 Basel &#8211; Weil Hafen<\/li>\n<li>4424 Basel Bad Gbf &#8211; Rbf<\/li>\n<li>4425 Basel Bad Rbf &#8211; (DB-Grenze)<\/li>\n<li>4426 Basel Bad Rbf, W 378 &#8211; W 569<\/li>\n<li>4500 Ulm &#8211; Friedrichshafen<\/li>\n<li>4510 Laupheim &#8211; Schwendi<\/li>\n<li>4512 Schussenried &#8211; Riedlingen<\/li>\n<li>4520 Niederbiegen &#8211; Weingarten<\/li>\n<li>4521 Baienfurt W1 &#8211; Gl3<\/li>\n<li>4523 Meckenbeuren &#8211; Tettnang<\/li>\n<li>4530 Friedrichshafen &#8211; Lindau<\/li>\n<li>4531 Friedrichshafen &#8211; Hafen<\/li>\n<li>4533 Friedrichshfn &#8211; Oberteuringen<\/li>\n<li>4540 Ulm &#8211; Sigmaringen<\/li>\n<li>4541 Ulm W265 &#8211; Rbf<\/li>\n<li>4542 Ulm W3 &#8211; Rbf<\/li>\n<li>4543 Ulm W6 &#8211; Rbf<\/li>\n<li>4544 Ulm W280 &#8211; Rbf<\/li>\n<li>4550 Herbertingen &#8211; Isny<\/li>\n<li>4551 Altshausen &#8211; Burgweiler<\/li>\n<li>4560 Ki\u00dflegg &#8211; Hergatz<\/li>\n<li>4561 Ro\u00dfberg &#8211; Wurzach<\/li>\n<li>4570 Leutkirch &#8211; Memmingen<\/li>\n<li>4600 Plochingen &#8211; Immendingen<\/li>\n<li>4610 Wendlingen &#8211; Oberlenningen<\/li>\n<li>4611 Kirchheim &#8211; Weilheim<\/li>\n<li>4613 Wendlingen &#8211; Kirchh.-\u00d6tlingen<\/li>\n<li>4620 Reutlingen &#8211; Schelklingen<\/li>\n<li>4621 Metzingen &#8211; Urach<\/li>\n<li>4630 T\u00fcbingen &#8211; Sigmaringen<\/li>\n<li>4631 T\u00fcbingen, W 3 &#8211; W,82<\/li>\n<li>4632 T\u00fcbingen W88 &#8211; Bw<\/li>\n<li>4633 T\u00fcbingen &#8211; Herrenberg<\/li>\n<li>4634 Balingen &#8211; Rottweil<\/li>\n<li>4640 Horb W69 &#8211; W224<\/li>\n<li>4650 Rottweil &#8211; Villingen<\/li>\n<li>4660 Tuttlingen &#8211; Inzigkofen<\/li>\n<li>4661 Tuttlingen &#8211; Hattingen<\/li>\n<li>4700 Stuttgart &#8211; Ulm<\/li>\n<li>4701 Stuttgart &#8211; Plochingen<\/li>\n<li>4702 Stuttgart W236 &#8211; Bbf<\/li>\n<li>4710 Cannstatt &#8211; N\u00f6rdlingen<\/li>\n<li>4711 Cannstatt Gl10 &#8211; Untert\u00fcrkheim<\/li>\n<li>4713 Cannstatt &#8211; Waiblingen<\/li>\n<li>4714 Fellbach &#8211; Waiblingen<\/li>\n<li>4720 Untert\u00fcrkheim &#8211; Kornwestheim<\/li>\n<li>4721 Untert\u00fcrkheim &#8211; N\u00fcrnberger Str<\/li>\n<li>4722 Untert\u00fcrkheim-Cannstatt Gl633<\/li>\n<li>4723 Untert\u00fcrkheim &#8211; S Hafen W802<\/li>\n<li>4724 Untert\u00fcrkheim W047 &#8211; S Hafen<\/li>\n<li>4730 G\u00f6ppingen &#8211; Boll<\/li>\n<li>4731 S\u00fc\u00dfen &#8211; Wei\u00dfenstein<\/li>\n<li>4740 Geislingen &#8211; Altenstadt<\/li>\n<li>4741 Helfenstein &#8211; Eybtal<\/li>\n<li>4742 Geislingen &#8211; Eybtal<\/li>\n<li>4743 Eybtal &#8211; Geislingen<\/li>\n<li>4750 Schw\u00e4bisch Gm\u00fcnd &#8211; G\u00f6ppingen<\/li>\n<li>4751 Schorndorf &#8211; Welzheim<\/li>\n<li>4760 Aalen &#8211; Ulm<\/li>\n<li>4800 Stuttgart &#8211; Bretten<\/li>\n<li>4801 Stuttgart &#8211; Bietigheim<\/li>\n<li>4802 Stuttgart Gl433 &#8211; Nord<\/li>\n<li>4803 Stuttgart Nord W222 &#8211; W070<\/li>\n<li>4804 Stuttgart W400 &#8211; Nord<\/li>\n<li>4810 Zuffenhausen &#8211; Calw<\/li>\n<li>4811 Feuerbach &#8211; Kornwestheim<\/li>\n<li>4812 Zuffenhausen W 655 &#8211; W 577<\/li>\n<li>4813 Stg-Zuffenhausen &#8211; Ulm Hbf<\/li>\n<li>4820 Zuffenhausen W666-Ludwigsburg<\/li>\n<li>4821 Kornwestheim &#8211; Korntal<\/li>\n<li>4822 Kornwestheim &#8211; Stammheim<\/li>\n<li>4823 Kornwestheim W957 &#8211; Gl Wst 26<\/li>\n<li>4824 Kornwestheim W923 &#8211; Gl S15<\/li>\n<li>4825 Kornwestheim W 267-Ludwigsburg<\/li>\n<li>4826 Zuffenhausen W656 &#8211; Ludwigsbg.<\/li>\n<li>4827 Langes Feld &#8211; Kornwestheim<\/li>\n<li>4831 Ludwigsburg &#8211; Markgr\u00f6ningen<\/li>\n<li>4840 M\u00fchlacker W181 &#8211; W127<\/li>\n<li>4841 Maulbronn W653 &#8211; Gl1<\/li>\n<li>4842 Sersheim &#8211; Illingen<\/li>\n<li>4843 Aischbach &#8211; Vaihingen(Enz)Nord<\/li>\n<li>4850 Pforzheim &#8211; Hochdorf<\/li>\n<li>4851 PF-Br\u00f6tzingen &#8211; Bad Wildbad<\/li>\n<li>4852 Nagold &#8211; Altensteig<\/li>\n<li>4853 Pforzheim &#8211; PF-Br\u00f6tzingen<\/li>\n<li>4860 Stuttgart &#8211; Horb<\/li>\n<li>4861 Stuttgart &#8211; Filderstadt<\/li>\n<li>4862 Vaihingen &#8211; Leinfelden<\/li>\n<li>4864 S Schwabstra\u00dfe W091 &#8211; W095<\/li>\n<li>4870 B\u00f6blingen &#8211; Renningen<\/li>\n<li>4871 B\u00f6blingen &#8211; Dettenhausen<\/li>\n<li>4872 Sch\u00f6naicher First &#8211; Sch\u00f6naich<\/li>\n<li>4880 Eutingen &#8211; Schiltach<\/li>\n<li>4881 Eutingen W 528 &#8211; W 531<\/li>\n<li>4900 Bietigheim &#8211; Osterburken<\/li>\n<li>4901 Lauffen &#8211; Leonbronn<\/li>\n<li>4902 FreibergNeckar) &#8211; Bietigheim<\/li>\n<li>4910 Heilbronn Gbf W230 &#8211; Heilbronn<\/li>\n<li>4911 Heilbronn Gbf, Gl 66 &#8211; W 501<\/li>\n<li>4912 Heilbronn W672 &#8211; Gl505<\/li>\n<li>4913 Heilbronn &#8211; Hafen<\/li>\n<li>4920 Lauda &#8211; Wertheim<\/li>\n<li>4921 Tauberbischofsheim &#8211; K\u00f6nigheim<\/li>\n<li>4922 K\u00f6nigshofen &#8211; Mergentheim<\/li>\n<li>4930 Waiblingen &#8211; SHA Hessental<\/li>\n<li>4931 Backnang &#8211; Ludwigsburg<\/li>\n<li>4932 Marbach &#8211; HN Karlstor<\/li>\n<li>4940 Goldsh\u00f6fe &#8211; Crailsheim<\/li>\n<li>4950 Crailsheim &#8211; Eppingen<\/li>\n<li>4951 Crailsheim &#8211; Ellrichshausen<\/li>\n<li>4952 Crailsheim &#8211; Flugplatz<\/li>\n<li>4953 Crailsheim &#8211; Mergentheim<\/li>\n<li>4954 Blaufelden &#8211; Langenburg<\/li>\n<li>4955 Weikersheim &#8211; Sch\u00e4ftersheim<\/li>\n<li>4956 Waldenburg &#8211; Forchtenberg<\/li>\n<li><a href=\"#\">Nach oben<\/a><\/li>\n<\/ul>\n","protected":false},"excerpt":{"rendered":"<p>4000 Mannheim &#8211; Basel- Konstanz 4002 Mannheim &#8211; Heidelberg 4003 Mannheim, W55 &#8211; W323 4010 Mannheim &#8211; Frankfurt Sportfeld 4011 Mannheim &#8211; Mannheim-Waldhof 4020 Mannheim &#8211; Rastatt 4021 Mannheim Neckarau &#8211; Rbf 4025 Eggenstein &#8211; Karlsruhe 4030 Mannheim Hbf &#8211; &hellip; <a href=\"https:\/\/nordwind.info\/?page_id=14071\">Weiterlesen <span class=\"meta-nav\">&rarr;<\/span><\/a><\/p>\n","protected":false},"author":1,"featured_media":0,"parent":2485,"menu_order":0,"comment_status":"closed","ping_status":"closed","template":"","meta":{"footnotes":""},"class_list":["post-14071","page","type-page","status-publish","hentry"],"_links":{"self":[{"href":"https:\/\/nordwind.info\/index.php?rest_route=\/wp\/v2\/pages\/14071","targetHints":{"allow":["GET"]}}],"collection":[{"href":"https:\/\/nordwind.info\/index.php?rest_route=\/wp\/v2\/pages"}],"about":[{"href":"https:\/\/nordwind.info\/index.php?rest_route=\/wp\/v2\/types\/page"}],"author":[{"embeddable":true,"href":"https:\/\/nordwind.info\/index.php?rest_route=\/wp\/v2\/users\/1"}],"replies":[{"embeddable":true,"href":"https:\/\/nordwind.info\/index.php?rest_route=%2Fwp%2Fv2%2Fcomments&post=14071"}],"version-history":[{"count":1,"href":"https:\/\/nordwind.info\/index.php?rest_route=\/wp\/v2\/pages\/14071\/revisions"}],"predecessor-version":[{"id":14072,"href":"https:\/\/nordwind.info\/index.php?rest_route=\/wp\/v2\/pages\/14071\/revisions\/14072"}],"up":[{"embeddable":true,"href":"https:\/\/nordwind.info\/index.php?rest_route=\/wp\/v2\/pages\/2485"}],"wp:attachment":[{"href":"https:\/\/nordwind.info\/index.php?rest_route=%2Fwp%2Fv2%2Fmedia&parent=14071"}],"curies":[{"name":"wp","href":"https:\/\/api.w.org\/{rel}","templated":true}]}}