{"id":14041,"date":"2025-03-18T06:06:41","date_gmt":"2025-03-18T06:06:41","guid":{"rendered":"http:\/\/nordwind.info\/?page_id=14041"},"modified":"2025-03-18T06:06:41","modified_gmt":"2025-03-18T06:06:41","slug":"7000-klein-nebenbahnen","status":"publish","type":"page","link":"https:\/\/nordwind.info\/?page_id=14041","title":{"rendered":"7000 Klein- \/ Nebenbahnen"},"content":{"rendered":"<ul>\n<li>Xxxx &#8211; <a href=\"https:\/\/de.wikipedia.org\/wiki\/Kleinbahn_Marienburg_(Han)%E2%80%93Hildesia\">Marienburg (Han) &#8211; Hildesia<\/a><\/li>\n<li>Xxxx &#8211; <a href=\"https:\/\/de.wikipedia.org\/wiki\/Altm%C3%A4rkische_Kleinbahn\">Gro\u00df Engersen &#8211; Vinzelberg<\/a><\/li>\n<li>Xxxx &#8211; <a href=\"https:\/\/de.wikipedia.org\/wiki\/L%C3%BCbeck-Segeberger_Eisenbahn\">L\u00fcbeck &#8211; Bad Segeberg<\/a><\/li>\n<li>101n &#8211; <a href=\"https:\/\/de.wikipedia.org\/wiki\/Strausberg-Herzfelder_Kleinbahn\">Strausberg &#8211; M\u00f6llensee Hafen<\/a>\u00a0 &#8211; <a href=\"http:\/\/pkjs.de\/bahn\/Kursbuch1944\/Teil1\/101d-h-n.jpg\">101n &#8211;<span class=\"Apple-converted-space\">\u00a0<\/span><\/a><\/li>\n<li>110b &#8211; <a href=\"https:\/\/de.wikipedia.org\/wiki\/Bahnstrecke_Brahlstorf%E2%80%93Neuhaus\">Brahlstorf &#8211; Neuhaus (Elbe)<\/a>\u00a0 &#8211; <a href=\"onenote:..%5C0000%20Karten%20-%20Pl%C3%A4ne%5CStrecken%201944%20-%20DR.one%23Hamburg%201944&amp;section-id=%7B7C31ED12-80B4-DF40-9F66-7C96FA712E3B%7D&amp;page-id=%7BD91EA5BB-A952-AC4F-9FA0-635245764BBC%7D&amp;end&amp;base-path=https:\/\/d.docs.live.net\/6089146518e418b2\/Dokumente\/Eisenbahn\">Bl. 13<\/a><\/li>\n<li>110h &#8211; <a href=\"https:\/\/de.wikipedia.org\/wiki\/Bahnstrecke_Malli%C3%9F%E2%80%93L%C3%BCbtheen\">Malli\u00df &#8211; L\u00fcbtheen<\/a> &#8211; <a href=\"https:\/\/pkjs.de\/bahn\/Kursbuch1944\/Teil1\/110g.jpg\">110h<\/a><\/li>\n<li>113k &#8211; <a href=\"https:\/\/de.wikipedia.org\/wiki\/Rendsburger_Kreisbahn\">Rendsburg &#8211; Schenefeld<\/a> &#8211; <a href=\"http:\/\/pkjs.de\/bahn\/Kursbuch1944\/Teil1\/113k.jpg\">113k<\/a> &#8211; (Rendsburger Kreisbahn)<\/li>\n<li>113p &#8211; <a href=\"https:\/\/de.wikipedia.org\/wiki\/Eckernf%C3%B6rder_Kreisbahnen#Bahnstrecke_Eckernf%C3%B6rde%E2%80%93Owschlag\">Eckernf\u00f6rde &#8211; Kappeln<\/a> &#8211; <a href=\"http:\/\/pkjs.de\/bahn\/Kursbuch1944\/Teil1\/113k.jpg\">113p<\/a> &#8211;\u00a0 (Eckernf\u00f6rder Kreisbahnen)<\/li>\n<li>113r &#8211; <a href=\"https:\/\/de.wikipedia.org\/wiki\/Eckernf%C3%B6rder_Kreisbahnen#Bahnstrecke_Eckernf%C3%B6rde%E2%80%93Owschlag\">Eckernf\u00f6rde &#8211; Owschlag<\/a> &#8211; <a href=\"http:\/\/pkjs.de\/bahn\/Kursbuch1944\/Teil1\/113q.jpg\">113r<\/a> &#8211; (Eckernf\u00f6rder Kreisbahnen)<\/li>\n<li>202e &#8211; <a href=\"https:\/\/de.wikipedia.org\/wiki\/G%C3%B6ttinger_Kleinbahn\">G\u00f6ttingen &#8211; Duderstadt<\/a> &#8211;<span class=\"Apple-converted-space\">\u00a0<\/span><\/li>\n<li>206f &#8211;\u00a0 <a href=\"https:\/\/de.wikipedia.org\/wiki\/Braunschweig-Sch%C3%B6ninger_Eisenbahn\">Sch\u00f6ningen &#8211; Braunschweig<\/a>\u00a0 &#8211; <a href=\"http:\/\/pkjs.de\/bahn\/Kursbuch1944\/Teil2\/206efg.jpg\">206f<\/a> &#8211; Braunschweig-Sch\u00f6ninger Eisenbahn<\/li>\n<li>206g &#8211; <a href=\"https:\/\/de.wikipedia.org\/wiki\/Braunschweig-Sch%C3%B6ninger_Eisenbahn\">Mattierzoll &#8211; Braunschweig<\/a> &#8211; <a href=\"http:\/\/pkjs.de\/bahn\/Kursbuch1944\/Teil2\/206efg.jpg\">206g<\/a> &#8211; Braunschweig-Sch\u00f6ninger Eisenbahn<\/li>\n<li>207t &#8211; <a href=\"https:\/\/de.wikipedia.org\/wiki\/Bahnstrecke_Marienborn%E2%80%93Beendorf\">Marienborn &#8211; Beendorf<\/a><\/li>\n<li>207v &#8211; Marienborn &#8211; Harbke<\/li>\n<li>110b &#8211; <a href=\"https:\/\/de.wikipedia.org\/wiki\/Bahnstrecke_Brahlstorf%E2%80%93Neuhaus\">Brahlstorf &#8211; Neuhaus (Elbe)<\/a>\u00a0 &#8211; <a href=\"onenote:..%5C0000%20Karten%20-%20Pl%C3%A4ne%5CStrecken%201944%20-%20DR.one%23Hamburg%201944&amp;section-id=%7B7C31ED12-80B4-DF40-9F66-7C96FA712E3B%7D&amp;page-id=%7BD91EA5BB-A952-AC4F-9FA0-635245764BBC%7D&amp;end&amp;base-path=https:\/\/d.docs.live.net\/6089146518e418b2\/Dokumente\/Eisenbahn\">Bl. 13<\/a><\/li>\n<li>211e &#8211; Burgdorf \u2013 H\u00e4nigsen\u00a0&#8211;<span class=\"Apple-converted-space\">\u00a0<\/span><\/li>\n<li>213h &#8211; <a href=\"https:\/\/de.wikipedia.org\/wiki\/Bad_Eilsener_Kleinbahn\">B\u00fcckeburg &#8211; Bad Eilsen<\/a> &#8211; <a href=\"https:\/\/pkjs.de\/bahn\/Kursbuch1944\/Teil2\/213f.jpg\">213h<\/a><\/li>\n<li><a href=\"onenote:215b%20Wunstorf%20-%20Uchte.one%23section-id=%7BDA41644E-1345-764D-B81A-FC275D8821F7%7D&amp;end&amp;base-path=https:\/\/d.docs.live.net\/6089146518e418b2\/Dokumente\/Eisenbahn\/0000%20Kleinbahnen\"><b>215b<\/b><\/a><b> <\/b>&#8211; <a href=\"https:\/\/de.wikipedia.org\/wiki\/Steinhuder_Meer-Bahn\">Wunstorf &#8211; Uchte<\/a> (Steinhuder Meer-Bahn) &#8211; <a href=\"http:\/\/pkjs.de\/bahn\/Kursbuch1944\/Teil2\/215a.jpg\">215b<\/a> &#8211;<span class=\"Apple-converted-space\">\u00a0<\/span><\/li>\n<li>215m &#8211; <a href=\"https:\/\/de.wikipedia.org\/wiki\/Niederweserbahn\">Weserm\u00fcnde \u2013 Farge <\/a>&#8211; <a href=\"http:\/\/pkjs.de\/bahn\/Kursbuch1944\/Teil2\/215c.jpg\">215m<\/a> &#8211;<span class=\"Apple-converted-space\">\u00a0<\/span><\/li>\n<li>215n &#8211; <a href=\"https:\/\/de.wikipedia.org\/wiki\/Verkehrsbetriebe_Grafschaft_Hoya\">Eystrup &#8211; Hoya<\/a> &#8211; <a href=\"http:\/\/pkjs.de\/bahn\/Kursbuch1944\/Teil2\/215c.jpg\">215d<\/a> &#8211;<span class=\"Apple-converted-space\">\u00a0<\/span><\/li>\n<li>217e &#8211; <a href=\"https:\/\/de.wikipedia.org\/wiki\/Kleinbahn_Bremen%E2%80%93Tarmstedt\">Bremen \u2013 Tarmstedt<\/a> &#8211;<\/li>\n<li><a href=\"onenote:217k%20Stade%20%E2%80%93%20Itzw%C3%B6rden.one%23section-id=%7B6CB89B60-9259-894D-8DAF-ECBA114CAAD7%7D&amp;end&amp;base-path=https:\/\/d.docs.live.net\/6089146518e418b2\/Dokumente\/Eisenbahn\/0000%20Kleinbahnen\">217k<\/a> &#8211; <a href=\"https:\/\/de.wikipedia.org\/wiki\/Kehdinger_Kreisbahn\">Stade \u2013 Itzw\u00f6rden<\/a>\u00a0&#8211;<span class=\"Apple-converted-space\">\u00a0<\/span><\/li>\n<li>219f &#8211; <a href=\"https:\/\/de.wikipedia.org\/wiki\/Verkehrsbetriebe_Grafschaft_Hoya\">Hoya \u2013 B\u00fccken<\/a>\u00a0&#8211; <a href=\"http:\/\/pkjs.de\/bahn\/Kursbuch1944\/Teil2\/219.jpg\">219a<\/a> &#8211;<span class=\"Apple-converted-space\">\u00a0<\/span><\/li>\n<li><b>219b<\/b> &#8211; <a href=\"onenote:219e%20Bruchhausen-Vilsen%20%E2%80%93%20Asendorf.one%23section-id=%7BD119D9EF-1CED-BC4B-885A-7B8D36E36223%7D&amp;end&amp;base-path=https:\/\/d.docs.live.net\/6089146518e418b2\/Dokumente\/Eisenbahn\/0000%20Kleinbahnen\">Bruchhausen-Vilsen \u2013 Asendorf <\/a>&#8211; <a href=\"http:\/\/pkjs.de\/bahn\/Kursbuch1944\/Teil2\/219.jpg\">219b<\/a> &#8211;<\/li>\n<li>219g &#8211; <a href=\"applewebdata:\/\/F78D2A67-A509-4932-9753-90CA01B18028\/219g%20-%20Bohmte%20Ost%20-%20Damme%20(Oldb)%20\">Bohmte Ost &#8211; Damme (Oldb)<\/a> &#8211; <a href=\"http:\/\/pkjs.de\/bahn\/Kursbuch1944\/Teil2\/219.jpg\">219d<\/a> &#8211;<\/li>\n<li>219g &#8211; <a href=\"applewebdata:\/\/F78D2A67-A509-4932-9753-90CA01B18028\/219g%20-%20Bohmte%20Ost%20-%20Damme%20(Oldb)%20\">Bohmte Ost &#8211; Holzhausen<\/a> &#8211; <a href=\"http:\/\/pkjs.de\/bahn\/Kursbuch1944\/Teil2\/219.jpg\">219d<\/a> &#8211;<span class=\"Apple-converted-space\">\u00a0<\/span><\/li>\n<li>219h &#8211; <a href=\"https:\/\/de.wikipedia.org\/wiki\/Mindener_Kreisbahnen\">Minden &#8211; Wegholm<\/a> &#8211;<span class=\"Apple-converted-space\">\u00a0<\/span><\/li>\n<li>219k &#8211; <a href=\"https:\/\/de.wikipedia.org\/wiki\/Mindener_Kreisbahnen\">Minden &#8211; Kleinenbremen<\/a> &#8211;<span class=\"Apple-converted-space\">\u00a0<\/span><\/li>\n<li>219m &#8211; <a href=\"https:\/\/de.wikipedia.org\/wiki\/Mindener_Kreisbahnen\">Minden &#8211; Uchte<\/a> &#8211;<span class=\"Apple-converted-space\">\u00a0<\/span><\/li>\n<li>219n &#8211; <a href=\"https:\/\/de.wikipedia.org\/wiki\/Mindener_Kreisbahnen\">Minden &#8211; L\u00fcbbecke<\/a> &#8211;<span class=\"Apple-converted-space\">\u00a0<\/span><\/li>\n<li>220a &#8211; Cloppenburg &#8211; Landesgrenze<span class=\"Apple-converted-space\">\u00a0<\/span><\/li>\n<li>220g &#8211; Vechta &#8211; Cloppenburg<span class=\"Apple-converted-space\">\u00a0<\/span><\/li>\n<li>221h &#8211; <a href=\"https:\/\/de.wikipedia.org\/wiki\/Kleinbahn_Leer%E2%80%93Aurich%E2%80%93Wittmund\">Leer &#8211; Bensersiel<span class=\"Apple-converted-space\">\u00a0<\/span><\/a><\/li>\n<li>221h &#8211; <a href=\"https:\/\/de.wikipedia.org\/wiki\/Kleinbahn_Leer%E2%80%93Aurich%E2%80%93Wittmund\">Wittmund &#8211; Obargen<\/a><\/li>\n<li>221k &#8211; <a href=\"https:\/\/de.wikipedia.org\/wiki\/Butjadinger_Bahn\">Nordenham \u2013 Eckwarderh\u00f6rne<\/a> &#8211; <a href=\"http:\/\/pkjs.de\/bahn\/Kursbuch1944\/Teil2\/221h.jpg\">221k<\/a> &#8211;<\/li>\n<li>223c &#8211; Emden &#8211; Greetsiel<span class=\"Apple-converted-space\">\u00a0<\/span><\/li>\n<li>320d &#8211; Oberuhldingen-M\u00fchlhofen &#8211; Unteruhldingen<span class=\"Apple-converted-space\">\u00a0<\/span><\/li>\n<li>xxx &#8211; <a href=\"https:\/\/de.wikipedia.org\/wiki\/Bahnstrecke_Berga-Kelbra%E2%80%93Artern\">Berga &#8211; Kelbra \u2013 Artern<span class=\"Apple-converted-space\">\u00a0<\/span><\/a><\/li>\n<\/ul>\n<p><img loading=\"lazy\" decoding=\"async\" class=\"aligncenter size-full wp-image-2750\" src=\"http:\/\/nordwind.info\/wp-content\/uploads\/2018\/03\/sh2schluss.gif\" alt=\"\" width=\"45\" height=\"66\" \/><\/p>\n<p><a href=\"#\">Nach oben<\/a><\/p>\n","protected":false},"excerpt":{"rendered":"<p>Xxxx &#8211; Marienburg (Han) &#8211; Hildesia Xxxx &#8211; Gro\u00df Engersen &#8211; Vinzelberg Xxxx &#8211; L\u00fcbeck &#8211; Bad Segeberg 101n &#8211; Strausberg &#8211; M\u00f6llensee Hafen\u00a0 &#8211; 101n &#8211;\u00a0 110b &#8211; Brahlstorf &#8211; Neuhaus (Elbe)\u00a0 &#8211; Bl. 13 110h &#8211; Malli\u00df &#8211; &hellip; <a href=\"https:\/\/nordwind.info\/?page_id=14041\">Weiterlesen <span class=\"meta-nav\">&rarr;<\/span><\/a><\/p>\n","protected":false},"author":1,"featured_media":0,"parent":2485,"menu_order":0,"comment_status":"closed","ping_status":"closed","template":"","meta":{"footnotes":""},"class_list":["post-14041","page","type-page","status-publish","hentry"],"_links":{"self":[{"href":"https:\/\/nordwind.info\/index.php?rest_route=\/wp\/v2\/pages\/14041","targetHints":{"allow":["GET"]}}],"collection":[{"href":"https:\/\/nordwind.info\/index.php?rest_route=\/wp\/v2\/pages"}],"about":[{"href":"https:\/\/nordwind.info\/index.php?rest_route=\/wp\/v2\/types\/page"}],"author":[{"embeddable":true,"href":"https:\/\/nordwind.info\/index.php?rest_route=\/wp\/v2\/users\/1"}],"replies":[{"embeddable":true,"href":"https:\/\/nordwind.info\/index.php?rest_route=%2Fwp%2Fv2%2Fcomments&post=14041"}],"version-history":[{"count":1,"href":"https:\/\/nordwind.info\/index.php?rest_route=\/wp\/v2\/pages\/14041\/revisions"}],"predecessor-version":[{"id":14042,"href":"https:\/\/nordwind.info\/index.php?rest_route=\/wp\/v2\/pages\/14041\/revisions\/14042"}],"up":[{"embeddable":true,"href":"https:\/\/nordwind.info\/index.php?rest_route=\/wp\/v2\/pages\/2485"}],"wp:attachment":[{"href":"https:\/\/nordwind.info\/index.php?rest_route=%2Fwp%2Fv2%2Fmedia&parent=14041"}],"curies":[{"name":"wp","href":"https:\/\/api.w.org\/{rel}","templated":true}]}}