{"id":14039,"date":"2025-03-18T06:04:58","date_gmt":"2025-03-18T06:04:58","guid":{"rendered":"http:\/\/nordwind.info\/?page_id=14039"},"modified":"2025-03-18T06:09:00","modified_gmt":"2025-03-18T06:09:00","slug":"9000-ne-bahnen-2","status":"publish","type":"page","link":"https:\/\/nordwind.info\/?page_id=14039","title":{"rendered":"8000 Anschlu\u00dfbahnen"},"content":{"rendered":"<ul>\n<li>9100 &#8211; <a href=\"https:\/\/de.wikipedia.org\/wiki\/Kleinbahn_Nieb%C3%BCll%E2%80%93Dageb%C3%BCll\">Nieb\u00fcll &#8211; Dageb\u00fcll<\/a><\/li>\n<li>9101 &#8211; <a href=\"https:\/\/de.wikipedia.org\/wiki\/Schleswiger_Kreisbahn\">Schleswig Altstadt &#8211; Satrup<\/a> &#8211; Schleswiger Kreisbahn<\/li>\n<li>9102 &#8211; <a href=\"https:\/\/de.wikipedia.org\/wiki\/Schleswiger_Kreisbahn\">Schleswig Altstadt &#8211; Kappeln<\/a> (Schlei) &#8211; Schleswiger Kreisbahn<\/li>\n<li>9103 &#8211; <a href=\"https:\/\/de.wikipedia.org\/wiki\/Schleswiger_Kreisbahn\">Schleswig Altstadt &#8211; Friedrichstadt<\/a> &#8211; Schleswiger Kreisbahn<\/li>\n<li>9104 &#8211; Neuwittenbek &#8211; Kiel Schusterkrug<\/li>\n<li>9105 &#8211; Suchsdorf &#8211; Wik<\/li>\n<li>9107 &#8211; <a href=\"https:\/\/de.wikipedia.org\/wiki\/Bahnstrecke_Kiel%E2%80%93Sch%C3%B6nberger_Strand\">Kiel \u2013 Sch\u00f6neberg<\/a> (Kiel-Sch\u00f6neberger Eisenbahn)<\/li>\n<li>9108 &#8211; <a href=\"https:\/\/de.wikipedia.org\/wiki\/Bahnstrecke_Kiel%E2%80%93Sch%C3%B6nberger_Strand\">Sch\u00f6neberg \u2013 Sch\u00f6neberger Strand<\/a>\u00a0(Kiel-Sch\u00f6neberger Eisenbahn)<\/li>\n<li>9110 &#8211; <a href=\"https:\/\/de.wikipedia.org\/wiki\/Bahnstrecke_L%C3%BCneburg%E2%80%93Bleckede\">L\u00fcneburg \u2013 Bleckede<\/a>\u00a0&#8211; <a href=\"http:\/\/pkjs.de\/bahn\/Kursbuch1944\/Teil1\/109a.jpg\">109c<\/a> &#8211; #OHE<\/li>\n<li>9111 &#8211; <a href=\"https:\/\/de.wikipedia.org\/wiki\/Bahnstrecke_L%C3%BCneburg%E2%80%93Soltau\">L\u00fcneburg \u2013 Soltau Ost<\/a> &#8211; <a href=\"http:\/\/pkjs.de\/bahn\/Kursbuch1944\/Teil1\/109a.jpg\">109b<\/a> &#8211; #OHE<\/li>\n<li>9112 &#8211; <a href=\"https:\/\/de.wikipedia.org\/wiki\/Bahnstrecke_Winsen%E2%80%93H%C3%BCtzel\">Winsen \u2013 H\u00fctzel<\/a>\u00a0&#8211; <a href=\"http:\/\/pkjs.de\/bahn\/Kursbuch1944\/Teil1\/109a.jpg\">109e<\/a> &#8211; #OHE<\/li>\n<li>9113 &#8211; <a href=\"https:\/\/de.wikipedia.org\/wiki\/Bahnstrecke_Winsen%E2%80%93Niedermarschacht\">Winsen \u2013 Niedermarschacht<\/a>\u00a0&#8211; <a href=\"http:\/\/pkjs.de\/bahn\/Kursbuch1944\/Teil1\/109a.jpg\">109f<\/a> &#8211; #OHE<\/li>\n<li>9114 &#8211; <a href=\"https:\/\/de.wikipedia.org\/wiki\/L%C3%BCchow-Schmarsauer_Eisenbahn\">L\u00fcchow \u2013 Schmarsau<\/a><\/li>\n<li>9120 &#8211; Elmshorn \u2013 Bad Oldeslohe<\/li>\n<li>9121 &#8211; Hamburg-Altona \u2013 Neum\u00fcnster<\/li>\n<li>9122 &#8211; Ulzburg \u2013 Ochsenzoll (Alsternordbahn)<\/li>\n<li>9123 &#8211; Bergedorf \u2013 Geesthacht<\/li>\n<li>9124 &#8211; Bergedorf Nord \u2013 Zollspieker (Vierl\u00e4nder-Bahn)<\/li>\n<li>9125 &#8211; Trittau \u2013 Tiefstack (S\u00fcdstrormansche Kreisbahn)<\/li>\n<li>9126 &#8211; Billwerder-Moorfleet \u2013 Geesthacht (Hamburger Marschbahn)<\/li>\n<li><a href=\"onenote:9127%20Wilstedt%20%E2%80%93%20Tostedt.one%23section-id=%7B89148D54-8A03-174C-B1D4-46D534489E32%7D&amp;end&amp;base-path=https:\/\/d.docs.live.net\/6089146518e418b2\/Dokumente\/Eisenbahn\/9000%20Nichtbundeseigene%20(NE)\">9127<\/a> &#8211; <a href=\"https:\/\/de.wikipedia.org\/wiki\/Bahnstrecke_Wilstedt%E2%80%93Tostedt\">Wilstedt \u2013 Tostedt<\/a> &#8211; <a href=\"http:\/\/pkjs.de\/bahn\/Kursbuch1944\/Teil2\/217f.jpg\">217f<\/a> &#8211;<span class=\"Apple-converted-space\">\u00a0<\/span><\/li>\n<li><a href=\"onenote:9128%20Buxtehude%20%E2%80%93%20Harsefeld.one%23section-id=%7B89E99CF1-DE71-B040-851B-6F8543F731C5%7D&amp;end&amp;base-path=https:\/\/d.docs.live.net\/6089146518e418b2\/Dokumente\/Eisenbahn\/9000%20Nichtbundeseigene%20(NE)\">9128<\/a> &#8211; <a href=\"https:\/\/de.wikipedia.org\/wiki\/Bahnstrecke_Bremerhaven%E2%80%93Buxtehude\">Buxtehude \u2013 Harsefeld<\/a> &#8211; <a href=\"http:\/\/pkjs.de\/bahn\/Kursbuch1944\/Teil2\/217.jpg\">217c<\/a> &#8211;<span class=\"Apple-converted-space\">\u00a0<\/span><\/li>\n<li>9129 &#8211; Tornesch Uetersen (Uetersener Eisenbahn)<\/li>\n<li>9131 &#8211; Bremerhaven-Kaiserhafen &#8211; Bremerhaven-Freihafen<\/li>\n<li>9131 &#8211; Bremerhaven-Kaiserhafen &#8211; Bremerhaven-Freihafen<\/li>\n<li><a href=\"onenote:9132%20Bremerv%C3%B6rde%20%E2%80%93%20Osterholz-Scharmbeck.one%23section-id=%7BE485BDE3-91A3-3D4F-B85A-1C9D760BEC9B%7D&amp;end&amp;base-path=https:\/\/d.docs.live.net\/6089146518e418b2\/Dokumente\/Eisenbahn\/9000%20Nichtbundeseigene%20(NE)\">9132<\/a> &#8211; <a href=\"https:\/\/de.wikipedia.org\/wiki\/Bahnstrecke_Stade%E2%80%93Osterholz-Scharmbeck\">Bremerv\u00f6rde \u2013 Osterholz-Scharmbeck<\/a> &#8211; <a href=\"http:\/\/pkjs.de\/bahn\/Kursbuch1944\/Teil2\/217f.jpg\">217g<\/a> &#8211;<span class=\"Apple-converted-space\">\u00a0<\/span><\/li>\n<li><a href=\"onenote:9140%20Verden%20(Aller)%20%E2%80%93%20Walsrode.one%23section-id=%7B74CC16AB-69E9-A041-9F6A-B97E811C7CFE%7D&amp;end&amp;base-path=https:\/\/d.docs.live.net\/6089146518e418b2\/Dokumente\/Eisenbahn\/9000%20Nichtbundeseigene%20(NE)\">9140<\/a> &#8211; <a href=\"https:\/\/de.wikipedia.org\/wiki\/Bahnstrecke_Verden_(Aller)%E2%80%93Walsrode_Nord\">Verden (Aller) \u2013 Stemmen \u2013 (Walsrode)<\/a> &#8211; <a href=\"http:\/\/pkjs.de\/bahn\/Kursbuch1944\/Teil2\/215c.jpg\">215f<\/a> &#8211;<span class=\"Apple-converted-space\">\u00a0<\/span><\/li>\n<li><a href=\"onenote:9140%20Verden%20(Aller)%20%E2%80%93%20Walsrode.one%23section-id=%7B74CC16AB-69E9-A041-9F6A-B97E811C7CFE%7D&amp;end&amp;base-path=https:\/\/d.docs.live.net\/6089146518e418b2\/Dokumente\/Eisenbahn\/9000%20Nichtbundeseigene%20(NE)\">9141<\/a> &#8211; <a href=\"https:\/\/de.wikipedia.org\/wiki\/Bahnstrecke_Verden_(Aller)%E2%80%93Walsrode_Nord\">(Verden) \u2013 B\u00f6hme \u2013 Walsrode<\/a> &#8211;<span class=\"Apple-converted-space\">\u00a0<\/span><\/li>\n<li><a href=\"onenote:9142%20Eystrup%20%E2%80%93%20Syke.one%23section-id=%7B16AB5A80-34DC-5B4B-AA0E-8036B9EBD0AA%7D&amp;end&amp;base-path=https:\/\/d.docs.live.net\/6089146518e418b2\/Dokumente\/Eisenbahn\/9000%20Nichtbundeseigene%20(NE)\">9142<\/a> &#8211; <a href=\"https:\/\/de.wikipedia.org\/wiki\/Verkehrsbetriebe_Grafschaft_Hoya\">Eystrup \u2013 Syke<\/a> &#8211; <a href=\"http:\/\/pkjs.de\/bahn\/Kursbuch1944\/Teil2\/215c.jpg\">215d<\/a> &#8211;<\/li>\n<li><a href=\"onenote:9144%20Bremen-Huchting%20%E2%80%93%20Thedinghausen.one%23section-id=%7B6509E55D-458A-044C-BB3E-22BE9703E217%7D&amp;end&amp;base-path=https:\/\/d.docs.live.net\/6089146518e418b2\/Dokumente\/Eisenbahn\/9000%20Nichtbundeseigene%20(NE)\">9144<\/a> &#8211; <a href=\"https:\/\/de.wikipedia.org\/wiki\/Bremen-Thedinghauser_Eisenbahn\">Bremen \u2013 Thedinghausen<\/a> &#8211; <a href=\"http:\/\/pkjs.de\/bahn\/Kursbuch1944\/Teil2\/219.jpg\">219<\/a> &#8211;<span class=\"Apple-converted-space\">\u00a0<\/span><\/li>\n<li>9145 &#8211; <a href=\"https:\/\/de.wikipedia.org\/wiki\/Bahnstrecke_Bremen-Farge%E2%80%93Bremen-Vegesack\">Bremen-Vegesack \u2013 Bremen-Farge<\/a> &#8211; <a href=\"http:\/\/pkjs.de\/bahn\/Kursbuch1944\/Teil2\/215a.jpg\">215a<\/a> &#8211;<span class=\"Apple-converted-space\">\u00a0<\/span><\/li>\n<li>9146 &#8211; Bremen Rbf &#8211; Bremen-Inlandshafen<\/li>\n<li>9147 &#8211; Bremen-Neustadt &#8211; Bremen-Zollausschlu\u00df<\/li>\n<li>9148 &#8211; Bremen-Neustadt &#8211; Bremen-Weserbahnhof<\/li>\n<li>9149 &#8211; Bremen-Neustadt &#8211; Bremen-Grolland<\/li>\n<li>9150 &#8211; <a href=\"https:\/\/de.wikipedia.org\/wiki\/Delmenhorst-Harpstedter_Eisenbahn\">Delmenhorst \u2013 Harpstedt<\/a> &#8211; <a href=\"http:\/\/pkjs.de\/bahn\/Kursbuch1944\/Teil2\/220c.jpg\">220k<\/a> &#8211; Museumsbahn<\/li>\n<li>9153 &#8211; <a href=\"https:\/\/de.wikipedia.org\/wiki\/Borkumer_Kleinbahn\">Borkumer Kleinbahn<\/a><\/li>\n<li>9154 &#8211; <a href=\"https:\/\/de.wikipedia.org\/wiki\/Inselbahn_Langeoog\">Inselbahn Langeoog<\/a><\/li>\n<li>9155 &#8211; <a href=\"https:\/\/de.wikipedia.org\/wiki\/Inselbahn_Juist\">Inselbahn Juist<\/a> &#8211;<span class=\"Apple-converted-space\">\u00a0<\/span><\/li>\n<li>9156 &#8211; <a href=\"https:\/\/de.wikipedia.org\/wiki\/Inselbahn_Spiekeroog\">Inselbahn Spiekeroog<\/a> &#8211;<span class=\"Apple-converted-space\">\u00a0<\/span><\/li>\n<li>9157 &#8211; Annenheide \u2013 Adelheide<\/li>\n<li>9160 &#8211; <a href=\"https:\/\/de.wikipedia.org\/wiki\/Ankum-Bersenbr%C3%BCcker_Eisenbahn\">Ankum &#8211; Bersenbr\u00fcck<\/a> &#8211;<span class=\"Apple-converted-space\">\u00a0<\/span><\/li>\n<li>9161 &#8211; Georgsmarienh\u00fctte \u2013 Hasbergen<\/li>\n<li>9163 &#8211; Lengerich \u2013 G\u00fctersloh<\/li>\n<li>9164 &#8211; G\u00fctersloh \u2013 H\u00f6velhof<\/li>\n<li>9165 &#8211; Ibbenb\u00fchren \u2013 Lengerich<\/li>\n<li><a href=\"onenote:9170%20Celle%20%E2%80%93%20Soltau.one%23section-id=%7BF931B899-D9D6-FE45-9404-655E29AD4719%7D&amp;end&amp;base-path=https:\/\/d.docs.live.net\/6089146518e418b2\/Dokumente\/Eisenbahn\/9000%20Nichtbundeseigene%20(NE)\">9170<\/a> &#8211; <a href=\"https:\/\/de.wikipedia.org\/wiki\/Bahnstrecke_Celle%E2%80%93Soltau\">Celle \u2013 Soltau<\/a>\u00a0(OHE) &#8211; <a href=\"http:\/\/pkjs.de\/bahn\/Kursbuch1944\/Teil2\/211f.jpg\">211f<\/a> &#8211;<span class=\"Apple-converted-space\">\u00a0<\/span><\/li>\n<li><a href=\"onenote:9171%20Soltau%20%E2%80%93%20Neuenkirchen.one%23section-id=%7B089526EC-D320-B246-9B56-066F36A9305E%7D&amp;end&amp;base-path=https:\/\/d.docs.live.net\/6089146518e418b2\/Dokumente\/Eisenbahn\/9000%20Nichtbundeseigene%20(NE)\">9171<\/a> &#8211; <a href=\"https:\/\/de.wikipedia.org\/wiki\/Bahnstrecke_Soltau%E2%80%93Neuenkirchen\">Soltau \u2013 Neuenkirchen<\/a> \u00a0(OHE) &#8211; <a href=\"onenote:9171%20Soltau%20%E2%80%93%20Neuenkirchen.one%23Fahrplan%20Soltau%20-%20Neuenkirchen&amp;section-id=%7B089526EC-D320-B246-9B56-066F36A9305E%7D&amp;page-id=%7BDF7A20FF-FE07-5F4A-B198-3CEE7B50D786%7D&amp;end&amp;base-path=https:\/\/d.docs.live.net\/6089146518e418b2\/Dokumente\/Eisenbahn\/9000%20Nichtbundeseigene%20(NE)\">209a<\/a> &#8211;<span class=\"Apple-converted-space\">\u00a0<\/span><\/li>\n<li><a href=\"onenote:9172%20Beckedorf%20%E2%80%93%20Munster.one%23section-id=%7B5E7E6928-A980-8748-A2B8-8F9FCC068EE9%7D&amp;end&amp;base-path=https:\/\/d.docs.live.net\/6089146518e418b2\/Dokumente\/Eisenbahn\/9000%20Nichtbundeseigene%20(NE)\">9172<\/a> &#8211; <a href=\"https:\/\/de.wikipedia.org\/wiki\/Bahnstrecke_Beckedorf%E2%80%93Munster\">Beckedorf \u2013 Munster<\/a>\u00a0(OHE) &#8211; <a href=\"http:\/\/pkjs.de\/bahn\/Kursbuch1944\/Teil2\/211f.jpg\">211g<\/a> &#8211;<span class=\"Apple-converted-space\">\u00a0<\/span><\/li>\n<li><a href=\"onenote:9173%20Celle%20%E2%80%93%20Wittingen.one%23section-id=%7BBFF76655-E410-E248-96A5-2518AA2BA64A%7D&amp;end&amp;base-path=https:\/\/d.docs.live.net\/6089146518e418b2\/Dokumente\/Eisenbahn\/9000%20Nichtbundeseigene%20(NE)\">9173<\/a> &#8211; <a href=\"https:\/\/de.wikipedia.org\/wiki\/Bahnstrecke_Celle%E2%80%93Wittingen\">Celle \u2013 Wittingen<\/a>\u00a0(OHE) &#8211; <a href=\"http:\/\/pkjs.de\/bahn\/Kursbuch1944\/Teil2\/211d.jpg\">211d<\/a> &#8211;<span class=\"Apple-converted-space\">\u00a0<\/span><\/li>\n<li><a href=\"onenote:9174%20Beedenbostel%20%E2%80%93%20Mariagl%C3%BCck.one%23section-id=%7B975DE745-9450-B64B-94E9-92DE730248FC%7D&amp;end&amp;base-path=https:\/\/d.docs.live.net\/6089146518e418b2\/Dokumente\/Eisenbahn\/9000%20Nichtbundeseigene%20(NE)\">9174<\/a> &#8211; <a href=\"https:\/\/de.wikipedia.org\/wiki\/Bahnstrecke_Celle%E2%80%93Wittingen\">Beedenbostel \u2013 Mariagl\u00fcck<\/a>\u00a0(OHE)- <a href=\"http:\/\/pkjs.de\/bahn\/Kursbuch1944\/Teil2\/211d.jpg\">211d<\/a> &#8211;<span class=\"Apple-converted-space\">\u00a0<\/span><\/li>\n<li><a href=\"onenote:9175%20Wittingen%20%E2%80%93%20Oebisfelde.one%23section-id=%7BA55621B3-C73E-9A49-8B74-E648EFC526B8%7D&amp;end&amp;base-path=https:\/\/d.docs.live.net\/6089146518e418b2\/Dokumente\/Eisenbahn\/9000%20Nichtbundeseigene%20(NE)\">9175<\/a> &#8211; <a href=\"https:\/\/de.wikipedia.org\/wiki\/Bahnstrecke_Wittingen%E2%80%93Oebisfelde\">Wittingen \u2013 Oebisfelde<\/a>\u00a0(OHE) &#8211; <a href=\"http:\/\/pkjs.de\/bahn\/Kursbuch1944\/Teil2\/210k.jpg\">210p<\/a> &#8211;<span class=\"Apple-converted-space\">\u00a0<\/span><\/li>\n<li>9176 &#8211; <a href=\"https:\/\/de.wikipedia.org\/wiki\/Extertalbahn\">Barntrup \u2013 Rinteln<\/a> &#8211; Extertalbahn &#8211; <a href=\"http:\/\/pkjs.de\/bahn\/Kursbuch1944\/Teil2\/213f.jpg\">213b<\/a> &#8211;<span class=\"Apple-converted-space\">\u00a0<\/span><\/li>\n<li>9177 &#8211; <a href=\"https:\/\/de.wikipedia.org\/wiki\/Bahnstrecke_Rinteln%E2%80%93Stadthagen\">Stadthagen \u2013 Rinteln<\/a> &#8211; <a href=\"http:\/\/pkjs.de\/bahn\/Kursbuch1944\/Teil2\/213f.jpg\">213g<\/a> &#8211;<span class=\"Apple-converted-space\">\u00a0<\/span><\/li>\n<li><a href=\"onenote:9178%20Wunstorf%20%E2%80%93%20Messerode.one%23section-id=%7B56F715F3-692E-2B4E-AFA2-DA1B098117EE%7D&amp;end&amp;base-path=https:\/\/d.docs.live.net\/6089146518e418b2\/Dokumente\/Eisenbahn\/9000%20Nichtbundeseigene%20(NE)\">9178<\/a> &#8211; <a href=\"https:\/\/de.wikipedia.org\/wiki\/Steinhuder_Meer-Bahn\">Wunstorf \u2013 Mesmerode<\/a> &#8211; StMB &#8211;<span class=\"Apple-converted-space\">\u00a0<\/span><\/li>\n<li>9180 &#8211; Emmerthal \u2013 Vorwohle<\/li>\n<li>9181 &#8211; <a href=\"https:\/\/de.wikipedia.org\/wiki\/Bahnstrecke_Voldagsen%E2%80%93Delligsen\">Voldagsen \u2013 Delligsen<\/a><\/li>\n<li>9190 &#8211; Broistedt \u2013 Vo\u00dfpa\u00df<\/li>\n<li>9198 &#8211; Peine \u2013 Broistedt<\/li>\n<li>9200 &#8211; <a href=\"https:\/\/de.wikipedia.org\/wiki\/Bahnstrecke_Lathen%E2%80%93Werlte\">Lathen \u2013 Werlte<\/a> &#8211;<span class=\"Apple-converted-space\">\u00a0<\/span><\/li>\n<li>9201 &#8211; Meppen \u2013 Essen (Oldb)<\/li>\n<li>9204 &#8211; Ahaus &#8211; Enschede<\/li>\n<li>9203 &#8211; Gronau \u2013 Coevorden (Bentheimer Eisenbahn)<\/li>\n<li>9204 &#8211; Ahaus \u2013 Enschede Zuid<\/li>\n<li>9208 &#8211; Osnabr\u00fcck \u2013 Rheine (Tecklenburger Nordbahn)<\/li>\n<li>9209 &#8211; Achterberg &#8211;\u00a0Ochtrup-Brechte (Bundeswehrgleis)<\/li>\n<li>9212 Beckum &#8211; Lippstadt<\/li>\n<li>9213 M\u00fcnster &#8211; Neubeckum<\/li>\n<li>9214 Neubeckum &#8211; Warendorf<\/li>\n<li>9217 Soest &#8211; Belecke<\/li>\n<li>9230 Rheinberg &#8211; Moers<\/li>\n<li>9231 Moers &#8211; Sevelten<\/li>\n<li>9247 Langenfeld &#8211; Gabelung<\/li>\n<li>9248 Gabelung &#8211; Hitdorf<\/li>\n<li>9249 Gabelung &#8211; Shell<\/li>\n<li>9260 K\u00f6ln &#8211; Bonn<\/li>\n<li>9261 K\u00f6ln &#8211; Bonn<\/li>\n<li>9273 Weidenau &#8211; Deuz<\/li>\n<li>9275 Herdorf &#8211; Unterwilden<\/li>\n<li>9278 Scheuerfeld &#8211; Emmerzhausen<\/li>\n<li>9279 Bindweide &#8211; Nauroth<\/li>\n<li>9283 Neheim-H\u00fcsten &#8211; Sundern<\/li>\n<li>9303 Brohl &#8211; Kempenich<\/li>\n<li>9304 J\u00fclich &#8211; D\u00fcren<\/li>\n<li>9306 D\u00fcren &#8211; Heimbach<\/li>\n<li>9310 Trier &#8211; Bullay<\/li>\n<li>9340 Bad D\u00fcrkheim &#8211; Ludwigshfen-Oggersheim<\/li>\n<li>9400 Mannheim &#8211; Weinheim OEG<\/li>\n<li>9401 Weinheim OEG &#8211; Heidelberg<\/li>\n<li>9402 Mannheim &#8211; Heidelberg<\/li>\n<li>9403 Mannheim &#8211; Heddesheim<\/li>\n<li>9412 Bruchsal &#8211; Odenheim Ost<\/li>\n<li>9413 Ubstadt Ort &#8211; Menzingen<\/li>\n<li>9420 Karlsruhe &#8211; Bad Herrenalb<\/li>\n<li>9422 Ettlingen West &#8211; Ettlingen Erbprinz<\/li>\n<li>9429 Graben-Neudorf &#8211; Karlsruhe<\/li>\n<li>9431 Riegel &#8211; Breisach<\/li>\n<li>9433 Bad Krozingen &#8211; Sulzburg<\/li>\n<li>9494 Staufen &#8211; M\u00fcnstertal<\/li>\n<li>9460 Eyach &#8211; Hechingen<\/li>\n<li>9461 Kleinengstigen &#8211; Sigmaringen<\/li>\n<li>9462 Sigmaringendorf &#8211; Hanfertal<\/li>\n<li>9463 Trossingen Bf &#8211; Trossingen Stadt<\/li>\n<li>9465 N\u00fcrtingen &#8211; Neuffen<\/li>\n<li>9466 Hechingen &#8211; Gammertingen<\/li>\n<li>9470 Amstetten &#8211; Gerstetten<\/li>\n<li>9486 Korntal &#8211; Weissach<\/li>\n<li>9487 Vaihingen &#8211; Enzweihingen<\/li>\n<li>9490 M\u00f6ckm\u00fchl &#8211; D\u00f6rzbach<\/li>\n<li>9491 Bad Friedrichshall &#8211; Ohrnberg<\/li>\n<li>9492 Gaildorf West &#8211; Unterg\u00f6ningen<\/li>\n<li>9560 Schaftlach &#8211; Tegernsee<\/li>\n<li>9570 Brannenburg &#8211; Wendelstein<\/li>\n<li>9604 K\u00f6ln &#8211; Frechen<\/li>\n<li>9613 Bonn-Beuel &#8211; Gro\u00dfenbusch<\/li>\n<li>9700 Nordhausen \u2013 Wernigerode<\/li>\n<li>9701 Drei Annen Hohne \u2013 Brocken (Brockenbahn)<\/li>\n<li>9702 &#8211; Stiege \u2013 Eisfelder Talm\u00fchle<\/li>\n<li>9703 &#8211; Quedlinburg \u2013 Hasselfelde (Selketalbahn)<\/li>\n<li>9704 &#8211; Alexisbad \u2013 Harzgerode<\/li>\n<\/ul>\n<p><img loading=\"lazy\" decoding=\"async\" class=\"size-full wp-image-2750 aligncenter\" src=\"http:\/\/nordwind.info\/wp-content\/uploads\/2018\/03\/sh2schluss.gif\" alt=\"\" width=\"45\" height=\"66\" \/><\/p>\n<p><a href=\"#\">Nach oben<\/a><\/p>\n","protected":false},"excerpt":{"rendered":"<p>9100 &#8211; Nieb\u00fcll &#8211; Dageb\u00fcll 9101 &#8211; Schleswig Altstadt &#8211; Satrup &#8211; Schleswiger Kreisbahn 9102 &#8211; Schleswig Altstadt &#8211; Kappeln (Schlei) &#8211; Schleswiger Kreisbahn 9103 &#8211; Schleswig Altstadt &#8211; Friedrichstadt &#8211; Schleswiger Kreisbahn 9104 &#8211; Neuwittenbek &#8211; Kiel Schusterkrug 9105 &hellip; <a href=\"https:\/\/nordwind.info\/?page_id=14039\">Weiterlesen <span class=\"meta-nav\">&rarr;<\/span><\/a><\/p>\n","protected":false},"author":1,"featured_media":0,"parent":2485,"menu_order":0,"comment_status":"closed","ping_status":"closed","template":"","meta":{"footnotes":""},"class_list":["post-14039","page","type-page","status-publish","hentry"],"_links":{"self":[{"href":"https:\/\/nordwind.info\/index.php?rest_route=\/wp\/v2\/pages\/14039","targetHints":{"allow":["GET"]}}],"collection":[{"href":"https:\/\/nordwind.info\/index.php?rest_route=\/wp\/v2\/pages"}],"about":[{"href":"https:\/\/nordwind.info\/index.php?rest_route=\/wp\/v2\/types\/page"}],"author":[{"embeddable":true,"href":"https:\/\/nordwind.info\/index.php?rest_route=\/wp\/v2\/users\/1"}],"replies":[{"embeddable":true,"href":"https:\/\/nordwind.info\/index.php?rest_route=%2Fwp%2Fv2%2Fcomments&post=14039"}],"version-history":[{"count":2,"href":"https:\/\/nordwind.info\/index.php?rest_route=\/wp\/v2\/pages\/14039\/revisions"}],"predecessor-version":[{"id":14043,"href":"https:\/\/nordwind.info\/index.php?rest_route=\/wp\/v2\/pages\/14039\/revisions\/14043"}],"up":[{"embeddable":true,"href":"https:\/\/nordwind.info\/index.php?rest_route=\/wp\/v2\/pages\/2485"}],"wp:attachment":[{"href":"https:\/\/nordwind.info\/index.php?rest_route=%2Fwp%2Fv2%2Fmedia&parent=14039"}],"curies":[{"name":"wp","href":"https:\/\/api.w.org\/{rel}","templated":true}]}}