

{"id":13849,"date":"2025-03-13T04:15:46","date_gmt":"2025-03-13T04:15:46","guid":{"rendered":"https:\/\/nordwind.info\/?page_id=13849"},"modified":"2025-03-13T04:15:46","modified_gmt":"2025-03-13T04:15:46","slug":"170300-bf-diepholz","status":"publish","type":"page","link":"https:\/\/nordwind.info\/?page_id=13849","title":{"rendered":"170,300 \u2013 Bf Diepholz"},"content":{"rendered":"<div id=\"mapp0_layout\" class=\"mapp-layout\" style=\"width: 640px; \"><div id=\"mapp0_links\" class=\"mapp-map-links\"><\/div><div id=\"mapp0_dialog\" class=\"mapp-dialog\"><\/div><div id=\"mapp0\" class=\"mapp-canvas\" style=\"width: 100%; height: 480px; \"><\/div><div id=\"mapp0_directions\" class=\"mapp-directions\" style=\"width:100%\"><\/div><div id=\"mapp0_poi_list\" class=\"mapp-poi-list\" style=\"width:100%\"><\/div><\/div>\n<p>Auszug Google &#8211; <a href=\"http:\/\/www.openrailwaymap.org\/mobile.php?searchquery=&amp;lang=de\" target=\"_blank\" rel=\"noopener noreferrer\">OpenRailwayMap<\/a><\/p>\n\n\n\t\t\t\t<div id=\"map_ol3js_1\" class=\"map undefined\" data-map_name=\"undefined\" data-map=\"map_ol3js_1\" style=\"width:100%; max-width:100%; height:450px; display:block; overflow:hidden;border:2px solid grey;\" >\n\t\t\t\t  <div id=\"map_ol3js_1_popup\" class=\"ol-popup\" >\n\t\t\t\t\t<a href=\"#\" id=\"map_ol3js_1_popup-closer\" class=\"ol-popup-closer\"><\/a>\n\t\t\t\t\t<div id=\"map_ol3js_1_popup-content\" ><\/div>\n\t\t\t\t  <\/div>\n\t\t\t\t<\/div>\n\t\t\t\n\n\t\t\t\t<script type=\"text\/javascript\">\n\t\t\t\t\ttranslations['openlayer'] = \"open layer\";\n\t\t\t\t\ttranslations['openlayerAtStartup'] = \"open layer at startup\";\n\t\t\t\t\ttranslations['generateLink'] = \"Der Link zur Karte mit ausgew\u00e4hlten Overlays und angezeigtem Ausschnitt\";\n\t\t\t\t\ttranslations['shortDescription'] = \"Kurzbeschreibung\";\n\t\t\t\t\ttranslations['generatedShortCode'] = \"to get a text control link paste this code in your wordpress editor\";\n\t\t\t\t\ttranslations['closeLayer'] = \"close layer\";\n\t\t\t\t\ttranslations['cantGenerateLink'] = \"put this string in the existing map short code to control this map\";\n\t\t\t  <\/script>\n\n\n\t\t\t  <script type=\"text\/javascript\">\n\t\t\t  vectorM['map_ol3js_1'] = [];\n\t        \n        var raster = getTileLayer(\"osm\",\"NoKey\");\t\t\t\n\n\t\t\t  var map_ol3js_1 = new ol.Map({\n\t\t\t\tinteractions: ol.interaction.defaults.defaults({mouseWheelZoom:false}),\n\t\t\t\tlayers: [raster],\n\t\t\t\ttarget: \"map_ol3js_1\",\n\t\t\t\tview: new ol.View({\n\t\t\t\t  center: ol.proj.transform([8.3843,52.6009], \"EPSG:4326\", \"EPSG:3857\"),\n\t\t\t\t  zoom: 13\n\t\t\t\t})\n\t\t\t  });\n\t\t\t  addControls2Map(map_ol3js_1,0,0,3,0,5,6,7,0,1);\nosm_addPopupClickhandler(map_ol3js_1,  \"map_ol3js_1\"); \nosm_addMouseHover(map_ol3js_1); <\/script>\n<p>Kartenauszug OSM &#8211;<\/p>\n<p><a href=\"http:\/\/nordwind.info\/wp-content\/uploads\/2019\/11\/Diepholz-3316.jpg\"><img loading=\"lazy\" decoding=\"async\" class=\"alignleft size-large wp-image-6931\" src=\"http:\/\/nordwind.info\/wp-content\/uploads\/2019\/11\/Diepholz-3316-1024x1015.jpg\" alt=\"\" width=\"640\" height=\"634\" srcset=\"https:\/\/nordwind.info\/wp-content\/uploads\/2019\/11\/Diepholz-3316-1024x1015.jpg 1024w, https:\/\/nordwind.info\/wp-content\/uploads\/2019\/11\/Diepholz-3316-146x146.jpg 146w, https:\/\/nordwind.info\/wp-content\/uploads\/2019\/11\/Diepholz-3316-300x297.jpg 300w, https:\/\/nordwind.info\/wp-content\/uploads\/2019\/11\/Diepholz-3316-768x761.jpg 768w, https:\/\/nordwind.info\/wp-content\/uploads\/2019\/11\/Diepholz-3316-109x109.jpg 109w, https:\/\/nordwind.info\/wp-content\/uploads\/2019\/11\/Diepholz-3316-100x100.jpg 100w\" sizes=\"auto, (max-width: 640px) 100vw, 640px\" \/><\/a><br \/>\nKartenauszug TK 1:25000 (Reichsamt f\u00fcr Landesvermessung 1945)<\/p>\n<p><a href=\"http:\/\/nordwind.info\/wp-content\/uploads\/2018\/03\/Diepholz-Bf-Lageplan-Betra.jpg\"><img loading=\"lazy\" decoding=\"async\" class=\"aligncenter size-large wp-image-2958\" src=\"http:\/\/nordwind.info\/wp-content\/uploads\/2018\/03\/Diepholz-Bf-Lageplan-Betra-1024x510.jpg\" alt=\"\" width=\"640\" height=\"319\" srcset=\"https:\/\/nordwind.info\/wp-content\/uploads\/2018\/03\/Diepholz-Bf-Lageplan-Betra-1024x510.jpg 1024w, https:\/\/nordwind.info\/wp-content\/uploads\/2018\/03\/Diepholz-Bf-Lageplan-Betra-300x149.jpg 300w, https:\/\/nordwind.info\/wp-content\/uploads\/2018\/03\/Diepholz-Bf-Lageplan-Betra-768x383.jpg 768w, https:\/\/nordwind.info\/wp-content\/uploads\/2018\/03\/Diepholz-Bf-Lageplan-Betra.jpg 1082w\" sizes=\"auto, (max-width: 640px) 100vw, 640px\" \/><\/a><\/p>\n<p>Lageplan Bf Diepholz (Betra)<\/p>\n<p><a href=\"http:\/\/nordwind.info\/wp-content\/uploads\/2018\/03\/170300-Bf-Diepholz-EG-Gleisseite.jpg\"><img loading=\"lazy\" decoding=\"async\" class=\"aligncenter size-large wp-image-2957\" src=\"http:\/\/nordwind.info\/wp-content\/uploads\/2018\/03\/170300-Bf-Diepholz-EG-Gleisseite-1024x577.jpg\" alt=\"\" width=\"640\" height=\"361\" srcset=\"https:\/\/nordwind.info\/wp-content\/uploads\/2018\/03\/170300-Bf-Diepholz-EG-Gleisseite-1024x577.jpg 1024w, https:\/\/nordwind.info\/wp-content\/uploads\/2018\/03\/170300-Bf-Diepholz-EG-Gleisseite-300x169.jpg 300w, https:\/\/nordwind.info\/wp-content\/uploads\/2018\/03\/170300-Bf-Diepholz-EG-Gleisseite-768x433.jpg 768w, https:\/\/nordwind.info\/wp-content\/uploads\/2018\/03\/170300-Bf-Diepholz-EG-Gleisseite.jpg 1280w\" sizes=\"auto, (max-width: 640px) 100vw, 640px\" \/><\/a>Gleisseite<\/p>\n<p><a href=\"http:\/\/nordwind.info\/wp-content\/uploads\/2025\/03\/170300-Bf-Diepholz-Bahnsteigbruecke-N-S.jpg\"><img loading=\"lazy\" decoding=\"async\" class=\"aligncenter size-full wp-image-13847\" src=\"http:\/\/nordwind.info\/wp-content\/uploads\/2025\/03\/170300-Bf-Diepholz-Bahnsteigbruecke-N-S.jpg\" alt=\"\" width=\"1280\" height=\"960\" srcset=\"https:\/\/nordwind.info\/wp-content\/uploads\/2025\/03\/170300-Bf-Diepholz-Bahnsteigbruecke-N-S.jpg 1280w, https:\/\/nordwind.info\/wp-content\/uploads\/2025\/03\/170300-Bf-Diepholz-Bahnsteigbruecke-N-S-300x225.jpg 300w, https:\/\/nordwind.info\/wp-content\/uploads\/2025\/03\/170300-Bf-Diepholz-Bahnsteigbruecke-N-S-1024x768.jpg 1024w, https:\/\/nordwind.info\/wp-content\/uploads\/2025\/03\/170300-Bf-Diepholz-Bahnsteigbruecke-N-S-768x576.jpg 768w\" sizes=\"auto, (max-width: 1280px) 100vw, 1280px\" \/><\/a><\/p>\n<p>Gleisseite<\/p>\n<p><a href=\"http:\/\/nordwind.info\/wp-content\/uploads\/2018\/03\/170200-Bf-Diepholz-Empfangsgenb\u00e4ude-Vorplatz.jpg\"><img loading=\"lazy\" decoding=\"async\" class=\"aligncenter size-large wp-image-2955\" src=\"http:\/\/nordwind.info\/wp-content\/uploads\/2018\/03\/170200-Bf-Diepholz-Empfangsgenb\u00e4ude-Vorplatz-1024x663.jpg\" alt=\"\" width=\"640\" height=\"414\" srcset=\"https:\/\/nordwind.info\/wp-content\/uploads\/2018\/03\/170200-Bf-Diepholz-Empfangsgenb\u00e4ude-Vorplatz-1024x663.jpg 1024w, https:\/\/nordwind.info\/wp-content\/uploads\/2018\/03\/170200-Bf-Diepholz-Empfangsgenb\u00e4ude-Vorplatz-300x194.jpg 300w, https:\/\/nordwind.info\/wp-content\/uploads\/2018\/03\/170200-Bf-Diepholz-Empfangsgenb\u00e4ude-Vorplatz-768x497.jpg 768w, https:\/\/nordwind.info\/wp-content\/uploads\/2018\/03\/170200-Bf-Diepholz-Empfangsgenb\u00e4ude-Vorplatz.jpg 1270w\" sizes=\"auto, (max-width: 640px) 100vw, 640px\" \/><\/a>Stra\u00dfenseite<\/p>\n<p><a href=\"http:\/\/nordwind.info\/wp-content\/uploads\/2025\/03\/170300-Bf-Diepholz-Bahnsteig-A-N-S.jpg\"><img loading=\"lazy\" decoding=\"async\" class=\"aligncenter size-full wp-image-13846\" src=\"http:\/\/nordwind.info\/wp-content\/uploads\/2025\/03\/170300-Bf-Diepholz-Bahnsteig-A-N-S.jpg\" alt=\"\" width=\"1280\" height=\"960\" srcset=\"https:\/\/nordwind.info\/wp-content\/uploads\/2025\/03\/170300-Bf-Diepholz-Bahnsteig-A-N-S.jpg 1280w, https:\/\/nordwind.info\/wp-content\/uploads\/2025\/03\/170300-Bf-Diepholz-Bahnsteig-A-N-S-300x225.jpg 300w, https:\/\/nordwind.info\/wp-content\/uploads\/2025\/03\/170300-Bf-Diepholz-Bahnsteig-A-N-S-1024x768.jpg 1024w, https:\/\/nordwind.info\/wp-content\/uploads\/2025\/03\/170300-Bf-Diepholz-Bahnsteig-A-N-S-768x576.jpg 768w\" sizes=\"auto, (max-width: 1280px) 100vw, 1280px\" \/><\/a><\/p>\n<p>Bahnstig Nord &#8211; S\u00fcd<\/p>\n<p><a href=\"http:\/\/nordwind.info\/wp-content\/uploads\/2018\/03\/169910-Bf-Diepholz-Stellwerk-Gleisseite.jpg\"><img loading=\"lazy\" decoding=\"async\" class=\"aligncenter size-large wp-image-2954\" src=\"http:\/\/nordwind.info\/wp-content\/uploads\/2018\/03\/169910-Bf-Diepholz-Stellwerk-Gleisseite-1024x768.jpg\" alt=\"\" width=\"640\" height=\"480\" srcset=\"https:\/\/nordwind.info\/wp-content\/uploads\/2018\/03\/169910-Bf-Diepholz-Stellwerk-Gleisseite-1024x768.jpg 1024w, https:\/\/nordwind.info\/wp-content\/uploads\/2018\/03\/169910-Bf-Diepholz-Stellwerk-Gleisseite-300x225.jpg 300w, https:\/\/nordwind.info\/wp-content\/uploads\/2018\/03\/169910-Bf-Diepholz-Stellwerk-Gleisseite-768x576.jpg 768w, https:\/\/nordwind.info\/wp-content\/uploads\/2018\/03\/169910-Bf-Diepholz-Stellwerk-Gleisseite.jpg 1280w\" sizes=\"auto, (max-width: 640px) 100vw, 640px\" \/><\/a>Stellwerk Df<\/p>\n<p><a href=\"http:\/\/nordwind.info\/wp-content\/uploads\/2025\/03\/169900-Ladestrassenzufahrt.jpg\"><img loading=\"lazy\" decoding=\"async\" class=\"aligncenter size-full wp-image-13845\" src=\"http:\/\/nordwind.info\/wp-content\/uploads\/2025\/03\/169900-Ladestrassenzufahrt.jpg\" alt=\"\" width=\"1280\" height=\"960\" srcset=\"https:\/\/nordwind.info\/wp-content\/uploads\/2025\/03\/169900-Ladestrassenzufahrt.jpg 1280w, https:\/\/nordwind.info\/wp-content\/uploads\/2025\/03\/169900-Ladestrassenzufahrt-300x225.jpg 300w, https:\/\/nordwind.info\/wp-content\/uploads\/2025\/03\/169900-Ladestrassenzufahrt-1024x768.jpg 1024w, https:\/\/nordwind.info\/wp-content\/uploads\/2025\/03\/169900-Ladestrassenzufahrt-768x576.jpg 768w\" sizes=\"auto, (max-width: 1280px) 100vw, 1280px\" \/><\/a><\/p>\n<p>Ladestra\u00dfenzufahrt<\/p>\n<ul>\n<li>&gt;&gt;&gt;<\/li>\n<li>&lt;&lt;&lt;<\/li>\n<\/ul>\n<p><a href=\"http:\/\/nordwind.info\/wp-content\/uploads\/2018\/03\/sh2schluss.gif\"><img loading=\"lazy\" decoding=\"async\" class=\"aligncenter size-full wp-image-2750\" src=\"http:\/\/nordwind.info\/wp-content\/uploads\/2018\/03\/sh2schluss.gif\" alt=\"\" width=\"45\" height=\"66\" \/><\/a><\/p>\n<p><a href=\"#\">Nach oben<\/a><\/p>\n","protected":false},"excerpt":{"rendered":"<p>Auszug Google &#8211; OpenRailwayMap Kartenauszug OSM &#8211; Kartenauszug TK 1:25000 (Reichsamt f\u00fcr Landesvermessung 1945) Lageplan Bf Diepholz (Betra) Gleisseite Gleisseite Stra\u00dfenseite Bahnstig Nord &#8211; S\u00fcd Stellwerk Df Ladestra\u00dfenzufahrt &gt;&gt;&gt; &lt;&lt;&lt; Nach oben<\/p>\n","protected":false},"author":1,"featured_media":0,"parent":4204,"menu_order":0,"comment_status":"closed","ping_status":"closed","template":"","meta":{"footnotes":""},"class_list":["post-13849","page","type-page","status-publish","hentry"],"_links":{"self":[{"href":"https:\/\/nordwind.info\/index.php?rest_route=\/wp\/v2\/pages\/13849","targetHints":{"allow":["GET"]}}],"collection":[{"href":"https:\/\/nordwind.info\/index.php?rest_route=\/wp\/v2\/pages"}],"about":[{"href":"https:\/\/nordwind.info\/index.php?rest_route=\/wp\/v2\/types\/page"}],"author":[{"embeddable":true,"href":"https:\/\/nordwind.info\/index.php?rest_route=\/wp\/v2\/users\/1"}],"replies":[{"embeddable":true,"href":"https:\/\/nordwind.info\/index.php?rest_route=%2Fwp%2Fv2%2Fcomments&post=13849"}],"version-history":[{"count":1,"href":"https:\/\/nordwind.info\/index.php?rest_route=\/wp\/v2\/pages\/13849\/revisions"}],"predecessor-version":[{"id":13850,"href":"https:\/\/nordwind.info\/index.php?rest_route=\/wp\/v2\/pages\/13849\/revisions\/13850"}],"up":[{"embeddable":true,"href":"https:\/\/nordwind.info\/index.php?rest_route=\/wp\/v2\/pages\/4204"}],"wp:attachment":[{"href":"https:\/\/nordwind.info\/index.php?rest_route=%2Fwp%2Fv2%2Fmedia&parent=13849"}],"curies":[{"name":"wp","href":"https:\/\/api.w.org\/{rel}","templated":true}]}}