{"id":12181,"date":"2023-12-08T08:43:22","date_gmt":"2023-12-08T08:43:22","guid":{"rendered":"http:\/\/nordwind.info\/?page_id=12181"},"modified":"2024-11-19T10:04:04","modified_gmt":"2024-11-19T10:04:04","slug":"beobachtunsstand","status":"publish","type":"page","link":"https:\/\/nordwind.info\/?page_id=12181","title":{"rendered":"Flugwache, Turm klein"},"content":{"rendered":"<ul>\n<li>Fundamente: 3,00 m x 3,00 m<\/li>\n<li>H\u00f6he: 3,00 m<\/li>\n<\/ul>\n<p><a href=\"http:\/\/nordwind.info\/wp-content\/uploads\/2023\/12\/Flakturm-1-crop-scaled.jpg\"><img loading=\"lazy\" decoding=\"async\" class=\"alignleft size-full wp-image-12183\" src=\"http:\/\/nordwind.info\/wp-content\/uploads\/2023\/12\/Flakturm-1-crop-scaled.jpg\" alt=\"\" width=\"1819\" height=\"2560\" srcset=\"https:\/\/nordwind.info\/wp-content\/uploads\/2023\/12\/Flakturm-1-crop-scaled.jpg 1819w, https:\/\/nordwind.info\/wp-content\/uploads\/2023\/12\/Flakturm-1-crop-213x300.jpg 213w, https:\/\/nordwind.info\/wp-content\/uploads\/2023\/12\/Flakturm-1-crop-728x1024.jpg 728w, https:\/\/nordwind.info\/wp-content\/uploads\/2023\/12\/Flakturm-1-crop-768x1081.jpg 768w, https:\/\/nordwind.info\/wp-content\/uploads\/2023\/12\/Flakturm-1-crop-1092x1536.jpg 1092w, https:\/\/nordwind.info\/wp-content\/uploads\/2023\/12\/Flakturm-1-crop-1456x2048.jpg 1456w\" sizes=\"auto, (max-width: 1819px) 100vw, 1819px\" \/><\/a><\/p>\n<p>Bauzeichnung (Sammlung G. Kulawenski)<\/p>\n<ul>\n<li>Fundamente: 3,00 m x 3,00 m<\/li>\n<li>H\u00f6he: 3,00 m<\/li>\n<\/ul>\n<p><a href=\"http:\/\/nordwind.info\/wp-content\/uploads\/2023\/12\/La02.jpg\"><img loading=\"lazy\" decoding=\"async\" class=\"alignleft size-full wp-image-12191\" src=\"http:\/\/nordwind.info\/wp-content\/uploads\/2023\/12\/La02.jpg\" alt=\"\" width=\"1600\" height=\"2119\" srcset=\"https:\/\/nordwind.info\/wp-content\/uploads\/2023\/12\/La02.jpg 1600w, https:\/\/nordwind.info\/wp-content\/uploads\/2023\/12\/La02-227x300.jpg 227w, https:\/\/nordwind.info\/wp-content\/uploads\/2023\/12\/La02-773x1024.jpg 773w, https:\/\/nordwind.info\/wp-content\/uploads\/2023\/12\/La02-768x1017.jpg 768w, https:\/\/nordwind.info\/wp-content\/uploads\/2023\/12\/La02-1160x1536.jpg 1160w, https:\/\/nordwind.info\/wp-content\/uploads\/2023\/12\/La02-1546x2048.jpg 1546w\" sizes=\"auto, (max-width: 1600px) 100vw, 1600px\" \/><\/a><\/p>\n<p>Zeichnung<\/p>\n<ul>\n<li>Fundamente: 4,00 m x 4,00 m<\/li>\n<li>H\u00f6he: 6,00 m<\/li>\n<\/ul>\n<p><a href=\"http:\/\/nordwind.info\/wp-content\/uploads\/2023\/12\/Unbekannt_4.png\"><img loading=\"lazy\" decoding=\"async\" class=\"alignleft size-full wp-image-12216\" src=\"http:\/\/nordwind.info\/wp-content\/uploads\/2023\/12\/Unbekannt_4.png\" alt=\"\" width=\"800\" height=\"450\" srcset=\"https:\/\/nordwind.info\/wp-content\/uploads\/2023\/12\/Unbekannt_4.png 800w, https:\/\/nordwind.info\/wp-content\/uploads\/2023\/12\/Unbekannt_4-300x169.png 300w, https:\/\/nordwind.info\/wp-content\/uploads\/2023\/12\/Unbekannt_4-768x432.png 768w\" sizes=\"auto, (max-width: 800px) 100vw, 800px\" \/><\/a><\/p>\n<p>Beispiel vorgefundener Fundamente (Rohrsen)<\/p>\n<p><a href=\"http:\/\/nordwind.info\/wp-content\/uploads\/2023\/11\/LN-Sulingen-1.jpeg\"><img loading=\"lazy\" decoding=\"async\" class=\"alignleft size-full wp-image-11749\" src=\"http:\/\/nordwind.info\/wp-content\/uploads\/2023\/11\/LN-Sulingen-1.jpeg\" alt=\"\" width=\"1280\" height=\"960\" srcset=\"https:\/\/nordwind.info\/wp-content\/uploads\/2023\/11\/LN-Sulingen-1.jpeg 1280w, https:\/\/nordwind.info\/wp-content\/uploads\/2023\/11\/LN-Sulingen-1-300x225.jpeg 300w, https:\/\/nordwind.info\/wp-content\/uploads\/2023\/11\/LN-Sulingen-1-1024x768.jpeg 1024w, https:\/\/nordwind.info\/wp-content\/uploads\/2023\/11\/LN-Sulingen-1-768x576.jpeg 768w\" sizes=\"auto, (max-width: 1280px) 100vw, 1280px\" \/><\/a><\/p>\n<p>Gefunden bei Sulingen<a href=\"http:\/\/nordwind.info\/wp-content\/uploads\/2018\/03\/sh2schluss.gif\"><img loading=\"lazy\" decoding=\"async\" class=\"size-full wp-image-2750 aligncenter\" src=\"http:\/\/nordwind.info\/wp-content\/uploads\/2018\/03\/sh2schluss.gif\" alt=\"\" width=\"45\" height=\"66\" \/><\/a><\/p>\n<p><a href=\"#\">Nach oben<\/a><\/p>\n","protected":false},"excerpt":{"rendered":"<p>Fundamente: 3,00 m x 3,00 m H\u00f6he: 3,00 m Bauzeichnung (Sammlung G. Kulawenski) Fundamente: 3,00 m x 3,00 m H\u00f6he: 3,00 m Zeichnung Fundamente: 4,00 m x 4,00 m H\u00f6he: 6,00 m Beispiel vorgefundener Fundamente (Rohrsen) Gefunden bei Sulingen Nach &hellip; <a href=\"https:\/\/nordwind.info\/?page_id=12181\">Weiterlesen <span class=\"meta-nav\">&rarr;<\/span><\/a><\/p>\n","protected":false},"author":1,"featured_media":0,"parent":12171,"menu_order":1,"comment_status":"closed","ping_status":"closed","template":"","meta":{"footnotes":""},"class_list":["post-12181","page","type-page","status-publish","hentry"],"_links":{"self":[{"href":"https:\/\/nordwind.info\/index.php?rest_route=\/wp\/v2\/pages\/12181","targetHints":{"allow":["GET"]}}],"collection":[{"href":"https:\/\/nordwind.info\/index.php?rest_route=\/wp\/v2\/pages"}],"about":[{"href":"https:\/\/nordwind.info\/index.php?rest_route=\/wp\/v2\/types\/page"}],"author":[{"embeddable":true,"href":"https:\/\/nordwind.info\/index.php?rest_route=\/wp\/v2\/users\/1"}],"replies":[{"embeddable":true,"href":"https:\/\/nordwind.info\/index.php?rest_route=%2Fwp%2Fv2%2Fcomments&post=12181"}],"version-history":[{"count":10,"href":"https:\/\/nordwind.info\/index.php?rest_route=\/wp\/v2\/pages\/12181\/revisions"}],"predecessor-version":[{"id":12662,"href":"https:\/\/nordwind.info\/index.php?rest_route=\/wp\/v2\/pages\/12181\/revisions\/12662"}],"up":[{"embeddable":true,"href":"https:\/\/nordwind.info\/index.php?rest_route=\/wp\/v2\/pages\/12171"}],"wp:attachment":[{"href":"https:\/\/nordwind.info\/index.php?rest_route=%2Fwp%2Fv2%2Fmedia&parent=12181"}],"curies":[{"name":"wp","href":"https:\/\/api.w.org\/{rel}","templated":true}]}}