{"id":12071,"date":"2023-12-07T11:20:55","date_gmt":"2023-12-07T11:20:55","guid":{"rendered":"http:\/\/nordwind.info\/?page_id=12071"},"modified":"2023-12-28T05:00:07","modified_gmt":"2023-12-28T05:00:07","slug":"13-nuernberg","status":"publish","type":"page","link":"https:\/\/nordwind.info\/?page_id=12071","title":{"rendered":"13 N\u00fcrnberg"},"content":{"rendered":"<p><span style=\"color: #000000;\"><span style=\"caret-color: #000000;\"><b>Flugwachkommandos<\/b><\/span><\/span><\/p>\n<ul type=\"disc\">\n<li>Bamberg (Bam)<\/li>\n<li>Bayreuth (Bay)<\/li>\n<li>M\u00fcnchen (M\u00fc)\u00a0\u2013<\/li>\n<li>N\u00fcrnberg (N\u00fcr)<\/li>\n<li>Regensburg (Reg)<\/li>\n<li>W\u00fcrzburg (Wzb)<\/li>\n<\/ul>\n<p><strong>Karte<\/strong><\/p>\n<p>Google Maps<\/p>\n<p><strong>Luftnachrichten-Einheiten<\/strong><\/p>\n<ul>\n<li>Luftgau-Nachrichten-Regiment 12 \u2013 Wiesbaden<\/li>\n<li><a href=\"http:\/\/www.ww2.dk\/ground\/ln\/ln237.html\">Luftnachrichten-Regiment 237<\/a><\/li>\n<\/ul>\n<p><strong>Funkmess-Stellungen<\/strong><\/p>\n<ul>\n<li><a href=\"https:\/\/www.geschichtsspuren.de\/datenbanken\/luftnachrichten-datenbank\/details\/9\/17.html\">Wildschwein<\/a> (2) &#8211; BY &#8211; 97502 Euerbach n\u00f6rdlich Schweinfurt<\/li>\n<li><a href=\"https:\/\/www.geschichtsspuren.de\/datenbanken\/luftnachrichten-datenbank\/details\/9\/60.html\">H\u00e4her \/ H\u00e4hnchen<\/a> (1) &#8211; BY, 93155 Hemau b. Regensburg<\/li>\n<li><a href=\"https:\/\/www.geschichtsspuren.de\/datenbanken\/luftnachrichten-datenbank\/details\/9\/52.html\">Laubfrosch<\/a> (1) &#8211; 89584 Altbierlingen bei Ehingen (Zu Ravensburg und Ulm)<\/li>\n<li><a href=\"https:\/\/www.geschichtsspuren.de\/datenbanken\/luftnachrichten-datenbank\/details\/9\/64.html\">Pfau<\/a> (1) &#8211; 94149 K\u00f6\u00dflarn bei Passau (zu M\u00fchldorf<\/li>\n<li><a href=\"https:\/\/www.geschichtsspuren.de\/datenbanken\/luftnachrichten-datenbank\/details\/9\/16.html\">Erpel<\/a> (1) BY, Neustadt \/ Aisch (171)<\/li>\n<\/ul>\n<p><strong>Vermittlungen \/ Klein-Flukos<\/strong><\/p>\n<p><strong>Fundstellen<\/strong><\/p>\n<ul>\n<li>Karl Otto Hoffmann: Ln. \u2013 Die Geschichte der Luftnachrichtentruppe\n<ul>\n<li>Band 1: Die Anf\u00e4nge von 1935\u20131939, Wuppertal 1965,<\/li>\n<li>Band 2.1: Der Flugmelde- und J\u00e4gerleitdienst 1939\u20131945, Wuppertal 1968<\/li>\n<li>Band 2.2: Drahtnachrichtenverbindung, Richtfunk 1939\u20131945; Wuppertal 1973<\/li>\n<\/ul>\n<\/li>\n<\/ul>\n<p><a href=\"http:\/\/nordwind.info\/wp-content\/uploads\/2017\/09\/Deutschland-Flugmeldedienst-Flugwachen-1939-Band-1-S.-139.jpg\"><img loading=\"lazy\" decoding=\"async\" class=\"alignleft size-full wp-image-1207\" src=\"http:\/\/nordwind.info\/wp-content\/uploads\/2017\/09\/Deutschland-Flugmeldedienst-Flugwachen-1939-Band-1-S.-139.jpg\" alt=\"\" width=\"3840\" height=\"2804\" srcset=\"https:\/\/nordwind.info\/wp-content\/uploads\/2017\/09\/Deutschland-Flugmeldedienst-Flugwachen-1939-Band-1-S.-139.jpg 3840w, https:\/\/nordwind.info\/wp-content\/uploads\/2017\/09\/Deutschland-Flugmeldedienst-Flugwachen-1939-Band-1-S.-139-300x219.jpg 300w, https:\/\/nordwind.info\/wp-content\/uploads\/2017\/09\/Deutschland-Flugmeldedienst-Flugwachen-1939-Band-1-S.-139-768x561.jpg 768w, https:\/\/nordwind.info\/wp-content\/uploads\/2017\/09\/Deutschland-Flugmeldedienst-Flugwachen-1939-Band-1-S.-139-1024x748.jpg 1024w\" sizes=\"auto, (max-width: 3840px) 100vw, 3840px\" \/><\/a><\/p>\n<p>Hoffmann, Band 1, Seite 139, (\u00dcbersichtskarte)<\/p>\n<ul>\n<li><b>Flugwachkommando Bamberg (Bam)<\/b><\/li>\n<li>Bam 0 &#8211; Bamberg<\/li>\n<li>Bam 1 &#8211; Koberg<\/li>\n<li>Bam 2 &#8211; Klein Grenzstadt<\/li>\n<li>Bam 3 &#8211; Mitwitz<\/li>\n<li>Bam 4 &#8211; Neukenroth<\/li>\n<li>Bam 5 &#8211; Teuschnitz<\/li>\n<li>Bam 6 &#8211; Kronach<\/li>\n<li>Bam 7 &#8211; K\u00fcps<\/li>\n<li>Bam 8 &#8211; Burkunstadt<\/li>\n<li>Bam 9 &#8211; Waismain<\/li>\n<li>Bam 10 &#8211; Stadelhofen<\/li>\n<li>Bam 11 &#8211; Hollfeld<\/li>\n<li>Bam 12 &#8211;<\/li>\n<li>Bam 13 &#8211;<\/li>\n<li>Bam 14 &#8211; Grettstadt<\/li>\n<li>Bam 15 &#8211; Nieder-Wern<\/li>\n<li>Bam 16 &#8211; Rottershausen<\/li>\n<li>Bam 17 &#8211; M\u00fcnnerstein<\/li>\n<li>Bam 18 &#8211; Neustadt<\/li>\n<li>Bam 19 &#8211; Saal<\/li>\n<li>Bam 20 &#8211; K\u00f6nigshofen<\/li>\n<li>Bam 21 &#8211; Trappstadt<\/li>\n<li>Bam 22 &#8211; Heldburg<\/li>\n<li>Bam 23 &#8211; Weitransburg<\/li>\n<\/ul>\n<p>&nbsp;<\/p>\n<ul>\n<li><b>Flugwachkommando Bayreuth (Bay)\u00a0<\/b><\/li>\n<li>Bay 0 &#8211; Bayreuth<\/li>\n<li>Bay 1 &#8211; Watzeldorf<\/li>\n<li>Bay 2 &#8211; Presseck<\/li>\n<li>Bay 3 &#8211; Markt-Leugast<\/li>\n<li>Bay 4 &#8211; Friedmannsdorf<\/li>\n<li>Bay 5 &#8211; Sporneck<\/li>\n<li>Bay 6 &#8211; Wei\u00dfenstadt<\/li>\n<li>Bay 7 &#8211; Sch\u00f6nbrunn<\/li>\n<li>Bay 8 &#8211; ?<\/li>\n<li>Bay 9 &#8211; Ahornberg<\/li>\n<li>Bay 10 &#8211; Lipperts<\/li>\n<li>Bay 11 &#8211; Hof<\/li>\n<li>Bay 12 &#8211; Zangenbach<\/li>\n<li>Bay 13 &#8211; Spielberg<\/li>\n<li>Bay 14 &#8211; H\u00f6chstedt<\/li>\n<li>Bay 15 &#8211; Brand<\/li>\n<\/ul>\n<p>&nbsp;<\/p>\n<ul>\n<li><b>Flugwachkommando N\u00fcrnberg (N\u00fcr)\u00a0<\/b><\/li>\n<li>N\u00fcr 0\u00a0&#8211; N\u00fcrnberg<\/li>\n<li>N\u00fcr ? &#8211; <a href=\"http:\/\/location-x.info\/?page_id=6804\">Poppberg<\/a><\/li>\n<\/ul>\n<p>&nbsp;<\/p>\n<ul>\n<li><b>Flugwachkommando Regensburg (Reg)\u00a0<\/b><\/li>\n<li>Reg 0 &#8211; Regensburg (Reg)<\/li>\n<\/ul>\n<p>&nbsp;<\/p>\n<ul>\n<li><b>Flugwachkommando W\u00fcrzburg (Wzb)\u00a0<\/b><\/li>\n<li>Web 0 \u2014 W\u00fcrzburg (Wzb)<\/li>\n<\/ul>\n<p><a href=\"#\">Nach oben<\/a><\/p>\n","protected":false},"excerpt":{"rendered":"<p>Flugwachkommandos Bamberg (Bam) Bayreuth (Bay) M\u00fcnchen (M\u00fc)\u00a0\u2013 N\u00fcrnberg (N\u00fcr) Regensburg (Reg) W\u00fcrzburg (Wzb) Karte Google Maps Luftnachrichten-Einheiten Luftgau-Nachrichten-Regiment 12 \u2013 Wiesbaden Luftnachrichten-Regiment 237 Funkmess-Stellungen Wildschwein (2) &#8211; BY &#8211; 97502 Euerbach n\u00f6rdlich Schweinfurt H\u00e4her \/ H\u00e4hnchen (1) &#8211; BY, 93155 &hellip; <a href=\"https:\/\/nordwind.info\/?page_id=12071\">Weiterlesen <span class=\"meta-nav\">&rarr;<\/span><\/a><\/p>\n","protected":false},"author":1,"featured_media":0,"parent":12397,"menu_order":0,"comment_status":"closed","ping_status":"closed","template":"","meta":{"footnotes":""},"class_list":["post-12071","page","type-page","status-publish","hentry"],"_links":{"self":[{"href":"https:\/\/nordwind.info\/index.php?rest_route=\/wp\/v2\/pages\/12071","targetHints":{"allow":["GET"]}}],"collection":[{"href":"https:\/\/nordwind.info\/index.php?rest_route=\/wp\/v2\/pages"}],"about":[{"href":"https:\/\/nordwind.info\/index.php?rest_route=\/wp\/v2\/types\/page"}],"author":[{"embeddable":true,"href":"https:\/\/nordwind.info\/index.php?rest_route=\/wp\/v2\/users\/1"}],"replies":[{"embeddable":true,"href":"https:\/\/nordwind.info\/index.php?rest_route=%2Fwp%2Fv2%2Fcomments&post=12071"}],"version-history":[{"count":7,"href":"https:\/\/nordwind.info\/index.php?rest_route=\/wp\/v2\/pages\/12071\/revisions"}],"predecessor-version":[{"id":12501,"href":"https:\/\/nordwind.info\/index.php?rest_route=\/wp\/v2\/pages\/12071\/revisions\/12501"}],"up":[{"embeddable":true,"href":"https:\/\/nordwind.info\/index.php?rest_route=\/wp\/v2\/pages\/12397"}],"wp:attachment":[{"href":"https:\/\/nordwind.info\/index.php?rest_route=%2Fwp%2Fv2%2Fmedia&parent=12071"}],"curies":[{"name":"wp","href":"https:\/\/api.w.org\/{rel}","templated":true}]}}