{"id":12045,"date":"2023-12-07T07:54:13","date_gmt":"2023-12-07T07:54:13","guid":{"rendered":"http:\/\/nordwind.info\/?page_id=12045"},"modified":"2025-02-18T05:01:31","modified_gmt":"2025-02-18T05:01:31","slug":"02-berlin","status":"publish","type":"page","link":"https:\/\/nordwind.info\/?page_id=12045","title":{"rendered":"03 Berlin"},"content":{"rendered":"<p><strong>Flugwachkommandos<\/strong><\/p>\n<ul type=\"disc\">\n<li>Berlin (Bln) \u2013 80 Fluwa, 9 Vermittlungen<\/li>\n<li>Falkenburg (Fal)<\/li>\n<li>Frankfurt (Oder) (Ffo) \u2013<\/li>\n<li>K\u00f6slin (K\u00f6s)<\/li>\n<li>Landsberg (Lb)<\/li>\n<li>Neubrandenburg (Nbg)<\/li>\n<li>Perleberg (Plb) \u2013 35 Fluwa<\/li>\n<li>Stettin (Stn)<\/li>\n<li>Stolp (Sto)<\/li>\n<\/ul>\n<p><strong>Karte<\/strong><\/p>\n<p>Google Maps<\/p>\n<p><strong>Luftnachrichten-Einheiten<\/strong><\/p>\n<ul>\n<li><a href=\"http:\/\/www.lexikon-der-wehrmacht.de\/Gliederungen\/LuftgauNachrichtenReg\/LgNachRgt3.htm\">Luftgau-Nachrichten-Regiment III \u2013 Berlin (Kladow)<\/a><\/li>\n<li>1. Jagddivision (ab 1944), LN-Rgt. 201\/211\/221\/231<\/li>\n<\/ul>\n<p>&nbsp;<\/p>\n<p><strong>Funkmess-Stellungen (FuMe)<\/strong><\/p>\n<ul>\n<li><a href=\"https:\/\/www.geschichtsspuren.de\/datenbanken\/luftnachrichten-datenbank\/details\/9\/111.html\">B\u00e4r A <\/a>(1) &#8211; Deutschland &#8211; 16306 Blumberg bei Berlin (zu Berlin<\/li>\n<li><a href=\"https:\/\/www.geschichtsspuren.de\/datenbanken\/luftnachrichten-datenbank\/details\/9\/12.html\">Eichh\u00f6rnchen<\/a> (1) &#8211; MV, Karow-Mecklenburg (zu Perleberg)<\/li>\n<\/ul>\n<p>&nbsp;<\/p>\n<ul>\n<li><strong>Vermittlungen:<\/strong>\n<ul>\n<li style=\"list-style-type: none;\">\n<ul>\n<li style=\"list-style-type: none;\">\n<ul>\n<li style=\"list-style-type: none;\">\n<ul>\n<li>West 1 \u2013 <a href=\"http:\/\/location-x.info\/?page_id=6105\">Baek<\/a><\/li>\n<li>West 2 \u2013 <a href=\"http:\/\/location-x.info\/?page_id=6111\">Bentwisch<\/a><\/li>\n<li>West 3 \u2013 <a href=\"http:\/\/location-x.info\/?page_id=6113\">Vielbaum<\/a><\/li>\n<li>West 4 \u2013 <a href=\"http:\/\/location-x.info\/?page_id=6115\">Polkern<\/a><\/li>\n<li>West 5 \u2013 <a href=\"http:\/\/location-x.info\/?page_id=6117\">Storbeck<\/a><\/li>\n<li>West 6 \u2013 <a href=\"http:\/\/location-x.info\/?page_id=6119\">M\u00f6llenbeck<\/a><\/li>\n<li>West 7 \u2013 <a href=\"http:\/\/location-x.info\/?page_id=6121\">Ahrensberg<\/a><\/li>\n<li>West ? \u2013 <a href=\"http:\/\/location-x.info\/?page_id=6123\">Querstedt<\/a><\/li>\n<li>S\u00fcd ? \u2013 <a href=\"http:\/\/location-x.info\/?page_id=6350\">Niemegk<\/a><\/li>\n<\/ul>\n<\/li>\n<\/ul>\n<\/li>\n<\/ul>\n<\/li>\n<\/ul>\n<\/li>\n<\/ul>\n<p><strong>Fundstellen<\/strong><\/p>\n<ul>\n<li>Karl Otto Hoffmann: Ln. \u2013 Die Geschichte der Luftnachrichtentruppe\n<ul>\n<li>Band 1: Die Anf\u00e4nge von 1935\u20131939, Wuppertal 1965,<\/li>\n<li>Band 2.1: Der Flugmelde- und J\u00e4gerleitdienst 1939\u20131945, Wuppertal 1968<\/li>\n<li>Band 2.2: Drahtnachrichtenverbindung, Richtfunk 1939\u20131945; Wuppertal 1973<\/li>\n<\/ul>\n<\/li>\n<\/ul>\n<p><a href=\"http:\/\/nordwind.info\/wp-content\/uploads\/2017\/09\/Deutschland-Flugmeldedienst-Flugwachen-1939-Band-1-S.-139.jpg\"><img loading=\"lazy\" decoding=\"async\" class=\"alignleft size-full wp-image-1207\" src=\"http:\/\/nordwind.info\/wp-content\/uploads\/2017\/09\/Deutschland-Flugmeldedienst-Flugwachen-1939-Band-1-S.-139.jpg\" alt=\"\" width=\"3840\" height=\"2804\" srcset=\"https:\/\/nordwind.info\/wp-content\/uploads\/2017\/09\/Deutschland-Flugmeldedienst-Flugwachen-1939-Band-1-S.-139.jpg 3840w, https:\/\/nordwind.info\/wp-content\/uploads\/2017\/09\/Deutschland-Flugmeldedienst-Flugwachen-1939-Band-1-S.-139-300x219.jpg 300w, https:\/\/nordwind.info\/wp-content\/uploads\/2017\/09\/Deutschland-Flugmeldedienst-Flugwachen-1939-Band-1-S.-139-768x561.jpg 768w, https:\/\/nordwind.info\/wp-content\/uploads\/2017\/09\/Deutschland-Flugmeldedienst-Flugwachen-1939-Band-1-S.-139-1024x748.jpg 1024w\" sizes=\"auto, (max-width: 3840px) 100vw, 3840px\" \/><\/a><\/p>\n<p>Hoffmann, Band 1, Seite 139, (\u00dcbersichtskarte)<\/p>\n<ul>\n<li><strong>Flugwachkommando Berlim (Bln)<\/strong><br \/>\n<div id=\"mapp0_layout\" class=\"mapp-layout\" style=\"width: 640px; \"><div id=\"mapp0_links\" class=\"mapp-map-links\"><\/div><div id=\"mapp0_dialog\" class=\"mapp-dialog\"><\/div><div id=\"mapp0\" class=\"mapp-canvas\" style=\"width: 100%; height: 700px; \"><\/div><div id=\"mapp0_directions\" class=\"mapp-directions\" style=\"width:100%\"><\/div><div id=\"mapp0_poi_list\" class=\"mapp-poi-list\" style=\"width:100%\"><\/div><\/div><\/li>\n<li><strong>\u00a0Klein-Fluko:<\/strong>\n<ul>\n<li style=\"list-style-type: none;\">\n<ul>\n<li style=\"list-style-type: none;\">\n<ul>\n<li style=\"list-style-type: none;\">\n<ul>\n<li>Nord &#8211; Berlin-Frohnau<\/li>\n<li>Ost &#8211; Berlin Friedrichsfelde<\/li>\n<li>S\u00fcd &#8211; Berlin-Marienefelde<\/li>\n<li>West &#8211; Berlin-Charlottenburg<\/li>\n<\/ul>\n<\/li>\n<\/ul>\n<\/li>\n<\/ul>\n<\/li>\n<\/ul>\n<\/li>\n<li>\u00a0<strong>Flugwachen:<\/strong>\n<ul>\n<li style=\"list-style-type: none;\">\n<ul>\n<li style=\"list-style-type: none;\">\n<ul>\n<li style=\"list-style-type: none;\">\n<ul>\n<li>Bln 0 &#8211; Berlin<\/li>\n<li>Bln 1 &#8211; Steinfurth<\/li>\n<li>Bln 2 &#8211; Sommerfelde<\/li>\n<li>Bln 3 &#8211; Trampe<\/li>\n<li>Bln 4 &#8211; Leuenberg<\/li>\n<li>Bln 5 &#8211; Pr\u00f6tzel<\/li>\n<li>Bln 6 &#8211; Hohenstein (Strausberg)<\/li>\n<li>Bln 7 &#8211; M\u00fcncheberg<\/li>\n<li>Bln 8 &#8211; Beerfelde<\/li>\n<li>Bln 9 &#8211; Rauen<\/li>\n<li>Bln 10 &#8211; Starkow<\/li>\n<li>Bln 11 &#8211; Prieras<\/li>\n<li>Bln 12 &#8211; T\u00f6pchin<\/li>\n<li>Bln 13 &#8211; Sperenberg<\/li>\n<li>Bln 14 &#8211; Neuendorf<\/li>\n<li>Bln 15 &#8211; Stangenhagen<\/li>\n<li>Bln 16 &#8211; Beelitz<\/li>\n<li>Bln 17 &#8211; Ferch<\/li>\n<li>Bln 18 &#8211; Pl\u00f6tzin<\/li>\n<li>Bln 19 &#8211; Paretz<\/li>\n<li>Bln 20 &#8211; Tremmen<\/li>\n<li>Bln 21 &#8211; Nauen<\/li>\n<li>Bln 22 &#8211; Tietzow<\/li>\n<li>Bln 23 &#8211; Sommerfeld<\/li>\n<li>Bln 24 &#8211; Teschendorf<\/li>\n<li>Bln 25 &#8211; Liebenwalde<\/li>\n<li>Bln 26 &#8211; Gro\u00df Sch\u00f6nebeck<\/li>\n<li>Bln 27 &#8211; Metzdorf<\/li>\n<li>Bln 28 &#8211; Sch\u00f6nermark<\/li>\n<li>Bln 29 &#8211; Beenz<\/li>\n<li>Bln 30 &#8211; Prenzlau<\/li>\n<li>Bln 31 &#8211; Gramzow<\/li>\n<li>Bln 32 &#8211; Passow<\/li>\n<li>Bln 33 &#8211; Schwedt<\/li>\n<li>Bln 34 &#8211;<\/li>\n<li>Bln 35 &#8211; Friedland (Niederlausitz)<\/li>\n<li>Bln 36 &#8211; Birkenhainichen<\/li>\n<li>Bln 37 &#8211; L\u00fcbben<\/li>\n<li>Bln 38 &#8211; Karche (Luc kau<\/li>\n<li>Bln 39 &#8211; Gol\u00dfen<\/li>\n<li>Bln 40 &#8211; Dahme<\/li>\n<li>Bln 41 &#8211; Hohenseefeld<\/li>\n<li>Bln 42 &#8211; Werbig<\/li>\n<li>Bln 43 &#8211; Niederg\u00f6rsdorf<\/li>\n<li>Bln 44 &#8211; Dietersdorf (Treuenbrietzen)<\/li>\n<li>Bln 45 &#8211; Niemegk<\/li>\n<li>Bln 46 &#8211; Belzig<\/li>\n<li>Bln 47 &#8211; Rag\u00f6sen<\/li>\n<li>Bln 48 &#8211; Reckahn<\/li>\n<li>Bln 49 &#8211; Brandenburg<\/li>\n<li>Bln 50 &#8211; Pritzerbe<\/li>\n<li>Bln 51 &#8211; D\u00f6beritz<\/li>\n<li>Bln 52 &#8211; Rathenow<\/li>\n<li>Bln 53 &#8211; Hohennauen<\/li>\n<li>Bln 54 &#8211; Rhinow<\/li>\n<li>Bln 55 &#8211; Sieversdorf<\/li>\n<li>Bln 56 &#8211; Wusterhausen<\/li>\n<li>Bln 57 &#8211; Tramnitz<\/li>\n<li>Bln 58 &#8211; R\u00e4gelin<\/li>\n<li>Bln 59 &#8211; Z\u00fchlen<\/li>\n<li>Bln 60 &#8211; Rheinsberg<\/li>\n<li>Bln 61 &#8211; Neuglobsow<\/li>\n<li>Bln 62 &#8211; Bredereiche<\/li>\n<li>Bln 63 &#8211; L\u00fcchen<\/li>\n<li>Bln 64 &#8211; Rosenow<\/li>\n<li>Bln 65 &#8211; Mittenwalde<\/li>\n<li>Bln 66 &#8211; Milmersdorf<\/li>\n<li>Bln 67 &#8211; Gollin<\/li>\n<li>Bln 68 &#8211; Joachimsthal<\/li>\n<li>Bln 69 &#8211; Golzow<\/li>\n<li>Bln 70 &#8211; Glienicke<\/li>\n<li>Bln 71 &#8211; Falkenberg<\/li>\n<li>Bln 72 &#8211; Buchholz<\/li>\n<li>Bln 73 &#8211; Treuenbrietzen<\/li>\n<li>Bln 74 &#8211; Stechow<\/li>\n<li>Bln 75 &#8211; Liepe<\/li>\n<li>Bln 76 &#8211; Gro\u00dfbehnitz<\/li>\n<li>Bln 77 &#8211; K\u00f6nigsberg<\/li>\n<li>Bln 78 &#8211; Mohrin<\/li>\n<li>Bln 83 &#8211; Lebus<\/li>\n<\/ul>\n<\/li>\n<\/ul>\n<\/li>\n<\/ul>\n<\/li>\n<\/ul>\n<\/li>\n<\/ul>\n<ul>\n<li><b>Dessau (Des)<\/b><\/li>\n<li>Des 0 &#8211; Dessau<\/li>\n<\/ul>\n<p>&nbsp;<\/p>\n<ul>\n<li><b>Falkenburg (Fal)<\/b><\/li>\n<li>Fal 0 &#8211; Falkenburg<\/li>\n<\/ul>\n<p>&nbsp;<\/p>\n<ul>\n<li><b>Frankfurt (Oder) (Ffo)<\/b>\n<ul>\n<li style=\"list-style-type: none;\">\n<ul>\n<li style=\"list-style-type: none;\">\n<ul>\n<li style=\"list-style-type: none;\">\n<ul>\n<li>Ffo 0 &#8211; Frankfurt (Oder)<\/li>\n<li>Ffo 7 &#8211; Thiemendorf<\/li>\n<li>Ffo 8 &#8211; Bremsdorf<\/li>\n<\/ul>\n<\/li>\n<\/ul>\n<\/li>\n<\/ul>\n<\/li>\n<\/ul>\n<\/li>\n<\/ul>\n<p>&nbsp;<\/p>\n<ul>\n<li><strong>K\u00f6slin (K\u00f6s)<\/strong> &#8211; Koszalin, Polen (POL), ab 1945<\/li>\n<li>K\u00f6s 0 &#8211; K\u00f6slin (K\u00f6s)<\/li>\n<\/ul>\n<p>&nbsp;<\/p>\n<ul>\n<li><b>Landsberg (Lb)<\/b><\/li>\n<li>Lb 0 &#8211; Landsberg<\/li>\n<\/ul>\n<p>&nbsp;<\/p>\n<ul>\n<li><b>Neubrandenburg (Nbg)<\/b><\/li>\n<li>Nbg 0 &#8211; Neubrandenburg<\/li>\n<\/ul>\n<ul>\n<li><b>Perleberg (Plb)<\/b><\/li>\n<li>Flugwachen:\n<ul>\n<li style=\"list-style-type: none;\">\n<ul>\n<li style=\"list-style-type: none;\">\n<ul>\n<li style=\"list-style-type: none;\">\n<ul>\n<li>Plb 1 &#8211; Perleberg<\/li>\n<li>Plb 2 &#8211; Falkenhagen<\/li>\n<li>Plb 3 &#8211; Glienike<\/li>\n<li>Plb 4 &#8211; Wittstock<\/li>\n<li>Plb 5 &#8211; Franse<\/li>\n<li>Plb 6 &#8211; Zechlin<\/li>\n<li>Plb 7 &#8211; B\u00f6sel<\/li>\n<li>Plb 8 &#8211; L\u00fcchow<\/li>\n<li>Plb 9 &#8211; Jameln<\/li>\n<li>Plb 10 &#8211; Dannenberg<\/li>\n<li>Plb 11 &#8211; Hitzacker<\/li>\n<li>Plb 12 &#8211; Lenzen<\/li>\n<li>Plb 13 &#8211; Mellen<\/li>\n<li>Plb 14 &#8211; Dallmin<\/li>\n<li>Plb 15 &#8211; Berge, Knorrenberg- <a href=\"https:\/\/www.leben-in-berge.de\/wiederentdeckung-des-knorrenberges\/\">Fundstelle<\/a><\/li>\n<li>Plb 16 &#8211; Putlitz<\/li>\n<li>Plb 17 &#8211; Toppel<\/li>\n<li>Plb 18 &#8211; Gersdorff<\/li>\n<li>Plb 19 &#8211; Lanz<\/li>\n<li>Plb 20 &#8211; Klein Schm\u00f6ken<\/li>\n<li>Plb 21 &#8211; Kreien<\/li>\n<li>Plb 22 &#8211; Seekamp<\/li>\n<li>Plb 23 &#8211; Winterfeld<\/li>\n<li>Plb 24 &#8211; Gardelegen<\/li>\n<li>Plb 25 &#8211; Estedt<\/li>\n<li>Plb 26 &#8211; Kakerbeck<\/li>\n<li>Plb 27 &#8211; Stendal<\/li>\n<li>Plb 28 &#8211; Mahlsdorf<\/li>\n<li>Plb 29 &#8211; Salzwedel<\/li>\n<li>Plb 30 &#8211; Gro\u00df Wudicke<\/li>\n<li>Plb 31 &#8211; Sch\u00f6nhausen<\/li>\n<li>Plb 32 &#8211; Tangerm\u00fcnde<\/li>\n<li>Plb 33 &#8211; Nahrstedt<\/li>\n<li>Plb 34 &#8211; Uchtspringe<\/li>\n<li>Plb 35 &#8211; Solpke<\/li>\n<\/ul>\n<\/li>\n<\/ul>\n<\/li>\n<\/ul>\n<\/li>\n<\/ul>\n<\/li>\n<\/ul>\n<ul>\n<li><b>Stettin (Stet)<\/b><\/li>\n<li>Stet 0 &#8211; Stettin<\/li>\n<\/ul>\n<p>&nbsp;<\/p>\n<ul>\n<li><b>Stolp (Sto)<\/b><\/li>\n<li>Sto 0 &#8211; Stolp<\/li>\n<\/ul>\n<ul>\n<li><b>Swinem\u00fcnde (Swi)<\/b><\/li>\n<li>Swi 0 &#8211; Swinem\u00fcnde<\/li>\n<li>Swi 1 &#8211; Greifwalder Ole<\/li>\n<li>Swi 2 &#8211; Ruden<\/li>\n<li>Swi 3 &#8211;<\/li>\n<li>Swi 4 &#8211;<\/li>\n<li>Swi 5 &#8211; Koserow (Usedom) (Streckelsberg)<\/li>\n<\/ul>\n<p><a href=\"http:\/\/nordwind.info\/wp-content\/uploads\/2023\/12\/Geheim.jpg\"><img loading=\"lazy\" decoding=\"async\" class=\"alignleft size-full wp-image-12160\" src=\"http:\/\/nordwind.info\/wp-content\/uploads\/2023\/12\/Geheim.jpg\" alt=\"\" width=\"1600\" height=\"1130\" srcset=\"https:\/\/nordwind.info\/wp-content\/uploads\/2023\/12\/Geheim.jpg 1600w, https:\/\/nordwind.info\/wp-content\/uploads\/2023\/12\/Geheim-300x212.jpg 300w, https:\/\/nordwind.info\/wp-content\/uploads\/2023\/12\/Geheim-1024x723.jpg 1024w, https:\/\/nordwind.info\/wp-content\/uploads\/2023\/12\/Geheim-768x542.jpg 768w, https:\/\/nordwind.info\/wp-content\/uploads\/2023\/12\/Geheim-1536x1085.jpg 1536w\" sizes=\"auto, (max-width: 1600px) 100vw, 1600px\" \/><\/a><\/p>\n<p>Fluko Perleberg (Sammlung G. Kulawenski)<\/p>\n<p><a href=\"#\">Nach oben<\/a><\/p>\n","protected":false},"excerpt":{"rendered":"<p>Flugwachkommandos Berlin (Bln) \u2013 80 Fluwa, 9 Vermittlungen Falkenburg (Fal) Frankfurt (Oder) (Ffo) \u2013 K\u00f6slin (K\u00f6s) Landsberg (Lb) Neubrandenburg (Nbg) Perleberg (Plb) \u2013 35 Fluwa Stettin (Stn) Stolp (Sto) Karte Google Maps Luftnachrichten-Einheiten Luftgau-Nachrichten-Regiment III \u2013 Berlin (Kladow) 1. Jagddivision &hellip; <a href=\"https:\/\/nordwind.info\/?page_id=12045\">Weiterlesen <span class=\"meta-nav\">&rarr;<\/span><\/a><\/p>\n","protected":false},"author":1,"featured_media":0,"parent":12397,"menu_order":0,"comment_status":"closed","ping_status":"closed","template":"","meta":{"footnotes":""},"class_list":["post-12045","page","type-page","status-publish","hentry"],"_links":{"self":[{"href":"https:\/\/nordwind.info\/index.php?rest_route=\/wp\/v2\/pages\/12045","targetHints":{"allow":["GET"]}}],"collection":[{"href":"https:\/\/nordwind.info\/index.php?rest_route=\/wp\/v2\/pages"}],"about":[{"href":"https:\/\/nordwind.info\/index.php?rest_route=\/wp\/v2\/types\/page"}],"author":[{"embeddable":true,"href":"https:\/\/nordwind.info\/index.php?rest_route=\/wp\/v2\/users\/1"}],"replies":[{"embeddable":true,"href":"https:\/\/nordwind.info\/index.php?rest_route=%2Fwp%2Fv2%2Fcomments&post=12045"}],"version-history":[{"count":27,"href":"https:\/\/nordwind.info\/index.php?rest_route=\/wp\/v2\/pages\/12045\/revisions"}],"predecessor-version":[{"id":13443,"href":"https:\/\/nordwind.info\/index.php?rest_route=\/wp\/v2\/pages\/12045\/revisions\/13443"}],"up":[{"embeddable":true,"href":"https:\/\/nordwind.info\/index.php?rest_route=\/wp\/v2\/pages\/12397"}],"wp:attachment":[{"href":"https:\/\/nordwind.info\/index.php?rest_route=%2Fwp%2Fv2%2Fmedia&parent=12045"}],"curies":[{"name":"wp","href":"https:\/\/api.w.org\/{rel}","templated":true}]}}