{"id":11323,"date":"2023-11-18T04:53:41","date_gmt":"2023-11-18T04:53:41","guid":{"rendered":"http:\/\/nordwind.info\/?page_id=11323"},"modified":"2025-02-14T04:39:30","modified_gmt":"2025-02-14T04:39:30","slug":"drakenburg-moebelfabrik","status":"publish","type":"page","link":"https:\/\/nordwind.info\/?page_id=11323","title":{"rendered":"Drakenburg, WiNi M\u00f6belfabrik"},"content":{"rendered":"<p style=\"text-align: justify;\">Vielen Arbeitnehmern aus Drakenburg und umzu war sie ein guter Arbeitgeber: Die M\u00f6belfabrik WiNi in Drakenburg. Nachdem der Betrieb sich aufl\u00f6ste, wurde aus der M\u00f6belfabrik eine Abfallsortieranlage. Ein Gro\u00dfbrand legte am 14. Mai 1997 eine Vielzahl der Geb\u00e4ude in Schutt und Asche.<\/p>\n<p><a href=\"http:\/\/nordwind.info\/wp-content\/uploads\/2023\/11\/Wini-2.jpg\"><img loading=\"lazy\" decoding=\"async\" class=\"alignright size-full wp-image-11324\" src=\"http:\/\/nordwind.info\/wp-content\/uploads\/2023\/11\/Wini-2.jpg\" alt=\"\" width=\"640\" height=\"346\" srcset=\"https:\/\/nordwind.info\/wp-content\/uploads\/2023\/11\/Wini-2.jpg 640w, https:\/\/nordwind.info\/wp-content\/uploads\/2023\/11\/Wini-2-300x162.jpg 300w\" sizes=\"auto, (max-width: 640px) 100vw, 640px\" \/><\/a><\/p>\n<p>.<\/p>\n<p><a href=\"http:\/\/nordwind.info\/wp-content\/uploads\/2023\/11\/Wini-1.jpg\"><img loading=\"lazy\" decoding=\"async\" class=\"alignright size-full wp-image-11325\" src=\"http:\/\/nordwind.info\/wp-content\/uploads\/2023\/11\/Wini-1.jpg\" alt=\"\" width=\"640\" height=\"393\" srcset=\"https:\/\/nordwind.info\/wp-content\/uploads\/2023\/11\/Wini-1.jpg 640w, https:\/\/nordwind.info\/wp-content\/uploads\/2023\/11\/Wini-1-300x184.jpg 300w\" sizes=\"auto, (max-width: 640px) 100vw, 640px\" \/><\/a><\/p>\n<p>.<\/p>\n<p><a href=\"http:\/\/nordwind.info\/wp-content\/uploads\/2023\/11\/Wini-1950-crop.jpg\"><img loading=\"lazy\" decoding=\"async\" class=\"alignright size-full wp-image-11326\" src=\"http:\/\/nordwind.info\/wp-content\/uploads\/2023\/11\/Wini-1950-crop.jpg\" alt=\"\" width=\"1024\" height=\"742\" srcset=\"https:\/\/nordwind.info\/wp-content\/uploads\/2023\/11\/Wini-1950-crop.jpg 1024w, https:\/\/nordwind.info\/wp-content\/uploads\/2023\/11\/Wini-1950-crop-300x217.jpg 300w, https:\/\/nordwind.info\/wp-content\/uploads\/2023\/11\/Wini-1950-crop-768x557.jpg 768w\" sizes=\"auto, (max-width: 1024px) 100vw, 1024px\" \/><\/a><\/p>\n<p>.<\/p>\n<p>&nbsp;<\/p>\n<p>&nbsp;<\/p>\n","protected":false},"excerpt":{"rendered":"<p>Vielen Arbeitnehmern aus Drakenburg und umzu war sie ein guter Arbeitgeber: Die M\u00f6belfabrik WiNi in Drakenburg. Nachdem der Betrieb sich aufl\u00f6ste, wurde aus der M\u00f6belfabrik eine Abfallsortieranlage. Ein Gro\u00dfbrand legte am 14. Mai 1997 eine Vielzahl der Geb\u00e4ude in Schutt &hellip; <a href=\"https:\/\/nordwind.info\/?page_id=11323\">Weiterlesen <span class=\"meta-nav\">&rarr;<\/span><\/a><\/p>\n","protected":false},"author":1,"featured_media":0,"parent":2400,"menu_order":0,"comment_status":"closed","ping_status":"closed","template":"","meta":{"footnotes":""},"class_list":["post-11323","page","type-page","status-publish","hentry"],"_links":{"self":[{"href":"https:\/\/nordwind.info\/index.php?rest_route=\/wp\/v2\/pages\/11323","targetHints":{"allow":["GET"]}}],"collection":[{"href":"https:\/\/nordwind.info\/index.php?rest_route=\/wp\/v2\/pages"}],"about":[{"href":"https:\/\/nordwind.info\/index.php?rest_route=\/wp\/v2\/types\/page"}],"author":[{"embeddable":true,"href":"https:\/\/nordwind.info\/index.php?rest_route=\/wp\/v2\/users\/1"}],"replies":[{"embeddable":true,"href":"https:\/\/nordwind.info\/index.php?rest_route=%2Fwp%2Fv2%2Fcomments&post=11323"}],"version-history":[{"count":3,"href":"https:\/\/nordwind.info\/index.php?rest_route=\/wp\/v2\/pages\/11323\/revisions"}],"predecessor-version":[{"id":11584,"href":"https:\/\/nordwind.info\/index.php?rest_route=\/wp\/v2\/pages\/11323\/revisions\/11584"}],"up":[{"embeddable":true,"href":"https:\/\/nordwind.info\/index.php?rest_route=\/wp\/v2\/pages\/2400"}],"wp:attachment":[{"href":"https:\/\/nordwind.info\/index.php?rest_route=%2Fwp%2Fv2%2Fmedia&parent=11323"}],"curies":[{"name":"wp","href":"https:\/\/api.w.org\/{rel}","templated":true}]}}