

{"id":11056,"date":"2023-02-07T05:11:57","date_gmt":"2023-02-07T05:11:57","guid":{"rendered":"http:\/\/nordwind.info\/?page_id=11056"},"modified":"2025-02-15T05:44:04","modified_gmt":"2025-02-15T05:44:04","slug":"1940-duenkirchen-frankreich","status":"publish","type":"page","link":"https:\/\/nordwind.info\/?page_id=11056","title":{"rendered":"1941 &#8211; D\u00fcnkirchen \/ Frankreich"},"content":{"rendered":"<div id=\"ShortCode_Div\">\n\n\t\t\t\t<div id=\"map_ol3js_1\" class=\"map undefined\" data-map_name=\"undefined\" data-map=\"map_ol3js_1\" style=\"width:100%; max-width:100%; height:450px; display:block; overflow:hidden;border:2px solid grey;\" >\n\t\t\t\t  <div id=\"map_ol3js_1_popup\" class=\"ol-popup\" >\n\t\t\t\t\t<a href=\"#\" id=\"map_ol3js_1_popup-closer\" class=\"ol-popup-closer\"><\/a>\n\t\t\t\t\t<div id=\"map_ol3js_1_popup-content\" ><\/div>\n\t\t\t\t  <\/div>\n\t\t\t\t<\/div>\n\t\t\t\n\n\t\t\t\t<script type=\"text\/javascript\">\n\t\t\t\t\ttranslations['openlayer'] = \"open layer\";\n\t\t\t\t\ttranslations['openlayerAtStartup'] = \"open layer at startup\";\n\t\t\t\t\ttranslations['generateLink'] = \"Der Link zur Karte mit ausgew\u00e4hlten Overlays und angezeigtem Ausschnitt\";\n\t\t\t\t\ttranslations['shortDescription'] = \"Kurzbeschreibung\";\n\t\t\t\t\ttranslations['generatedShortCode'] = \"to get a text control link paste this code in your wordpress editor\";\n\t\t\t\t\ttranslations['closeLayer'] = \"close layer\";\n\t\t\t\t\ttranslations['cantGenerateLink'] = \"put this string in the existing map short code to control this map\";\n\t\t\t  <\/script>\n\n\n\t\t\t  <script type=\"text\/javascript\">\n\t\t\t  vectorM['map_ol3js_1'] = [];\n\t        \n        var raster = getTileLayer(\"osm\",\"NoKey\");\t\t\t\n\n\t\t\t  var map_ol3js_1 = new ol.Map({\n\t\t\t\tinteractions: ol.interaction.defaults.defaults({mouseWheelZoom:false}),\n\t\t\t\tlayers: [raster],\n\t\t\t\ttarget: \"map_ol3js_1\",\n\t\t\t\tview: new ol.View({\n\t\t\t\t  center: ol.proj.transform([2.3905,51.0089], \"EPSG:4326\", \"EPSG:3857\"),\n\t\t\t\t  zoom: 9.0\n\t\t\t\t})\n\t\t\t  });\n\t\t\t  osm_addMarkerLayer(map_ol3js_1,2.3753,51.0193,\"https:\/\/nordwind.info\/wp-content\/plugins\/osm\/icons\/mic_red_pinother_02.png\",-16,-41,\"<p><\/p>\") ; \naddControls2Map(map_ol3js_1,0,0,3,0,5,6,7,0,1);\nosm_addPopupClickhandler(map_ol3js_1,  \"map_ol3js_1\"); \nosm_addMouseHover(map_ol3js_1); <\/script><\/div>\n<p>25.06.1941 \u2013\u00a0D\u00fcnkirchen<\/p>\n<p><a href=\"http:\/\/nordwind.info\/wp-content\/uploads\/2025\/02\/Duenkirchen-Bahnhof.jpg\"><img loading=\"lazy\" decoding=\"async\" class=\"alignleft size-large wp-image-13259\" src=\"http:\/\/nordwind.info\/wp-content\/uploads\/2025\/02\/Duenkirchen-Bahnhof-1024x674.jpg\" alt=\"\" width=\"640\" height=\"421\" srcset=\"https:\/\/nordwind.info\/wp-content\/uploads\/2025\/02\/Duenkirchen-Bahnhof-1024x674.jpg 1024w, https:\/\/nordwind.info\/wp-content\/uploads\/2025\/02\/Duenkirchen-Bahnhof-300x197.jpg 300w, https:\/\/nordwind.info\/wp-content\/uploads\/2025\/02\/Duenkirchen-Bahnhof-768x505.jpg 768w, https:\/\/nordwind.info\/wp-content\/uploads\/2025\/02\/Duenkirchen-Bahnhof-1536x1010.jpg 1536w, https:\/\/nordwind.info\/wp-content\/uploads\/2025\/02\/Duenkirchen-Bahnhof.jpg 1856w\" sizes=\"auto, (max-width: 640px) 100vw, 640px\" \/><\/a><\/p>\n<p>Bahnhof D\u00fcnkirchen<\/p>\n<p><a href=\"http:\/\/nordwind.info\/wp-content\/uploads\/2025\/02\/Duenkirchen-y7.jpg\"><img loading=\"lazy\" decoding=\"async\" class=\"alignleft size-large wp-image-13265\" src=\"http:\/\/nordwind.info\/wp-content\/uploads\/2025\/02\/Duenkirchen-y7-1024x664.jpg\" alt=\"\" width=\"640\" height=\"415\" srcset=\"https:\/\/nordwind.info\/wp-content\/uploads\/2025\/02\/Duenkirchen-y7-1024x664.jpg 1024w, https:\/\/nordwind.info\/wp-content\/uploads\/2025\/02\/Duenkirchen-y7-300x195.jpg 300w, https:\/\/nordwind.info\/wp-content\/uploads\/2025\/02\/Duenkirchen-y7-768x498.jpg 768w, https:\/\/nordwind.info\/wp-content\/uploads\/2025\/02\/Duenkirchen-y7-1536x996.jpg 1536w, https:\/\/nordwind.info\/wp-content\/uploads\/2025\/02\/Duenkirchen-y7.jpg 1849w\" sizes=\"auto, (max-width: 640px) 100vw, 640px\" \/><\/a><\/p>\n<p>.<\/p>\n<p><a href=\"http:\/\/nordwind.info\/wp-content\/uploads\/2025\/02\/Duenkirchen-Bahnhof-2.jpg\"><img loading=\"lazy\" decoding=\"async\" class=\"alignleft size-large wp-image-13260\" src=\"http:\/\/nordwind.info\/wp-content\/uploads\/2025\/02\/Duenkirchen-Bahnhof-2-1024x716.jpg\" alt=\"\" width=\"640\" height=\"448\" srcset=\"https:\/\/nordwind.info\/wp-content\/uploads\/2025\/02\/Duenkirchen-Bahnhof-2-1024x716.jpg 1024w, https:\/\/nordwind.info\/wp-content\/uploads\/2025\/02\/Duenkirchen-Bahnhof-2-300x210.jpg 300w, https:\/\/nordwind.info\/wp-content\/uploads\/2025\/02\/Duenkirchen-Bahnhof-2-768x537.jpg 768w, https:\/\/nordwind.info\/wp-content\/uploads\/2025\/02\/Duenkirchen-Bahnhof-2-1536x1074.jpg 1536w, https:\/\/nordwind.info\/wp-content\/uploads\/2025\/02\/Duenkirchen-Bahnhof-2.jpg 1798w\" sizes=\"auto, (max-width: 640px) 100vw, 640px\" \/><\/a><\/p>\n<p>Bahnhof D\u00fcnkirchen<\/p>\n<p><a href=\"http:\/\/nordwind.info\/wp-content\/uploads\/2025\/02\/Duenkirchen-y13.jpg\"><img loading=\"lazy\" decoding=\"async\" class=\"alignleft size-large wp-image-13261\" src=\"http:\/\/nordwind.info\/wp-content\/uploads\/2025\/02\/Duenkirchen-y13-1024x704.jpg\" alt=\"\" width=\"640\" height=\"440\" srcset=\"https:\/\/nordwind.info\/wp-content\/uploads\/2025\/02\/Duenkirchen-y13-1024x704.jpg 1024w, https:\/\/nordwind.info\/wp-content\/uploads\/2025\/02\/Duenkirchen-y13-300x206.jpg 300w, https:\/\/nordwind.info\/wp-content\/uploads\/2025\/02\/Duenkirchen-y13-768x528.jpg 768w, https:\/\/nordwind.info\/wp-content\/uploads\/2025\/02\/Duenkirchen-y13-1536x1056.jpg 1536w, https:\/\/nordwind.info\/wp-content\/uploads\/2025\/02\/Duenkirchen-y13.jpg 1798w\" sizes=\"auto, (max-width: 640px) 100vw, 640px\" \/><\/a><\/p>\n<p>Marktplatz<\/p>\n<p><a href=\"http:\/\/nordwind.info\/wp-content\/uploads\/2025\/02\/Duenkirchen-y14.jpg\"><img loading=\"lazy\" decoding=\"async\" class=\"alignleft size-large wp-image-13262\" src=\"http:\/\/nordwind.info\/wp-content\/uploads\/2025\/02\/Duenkirchen-y14-1024x635.jpg\" alt=\"\" width=\"640\" height=\"397\" srcset=\"https:\/\/nordwind.info\/wp-content\/uploads\/2025\/02\/Duenkirchen-y14-1024x635.jpg 1024w, https:\/\/nordwind.info\/wp-content\/uploads\/2025\/02\/Duenkirchen-y14-300x186.jpg 300w, https:\/\/nordwind.info\/wp-content\/uploads\/2025\/02\/Duenkirchen-y14-768x476.jpg 768w, https:\/\/nordwind.info\/wp-content\/uploads\/2025\/02\/Duenkirchen-y14-1536x953.jpg 1536w, https:\/\/nordwind.info\/wp-content\/uploads\/2025\/02\/Duenkirchen-y14.jpg 1886w\" sizes=\"auto, (max-width: 640px) 100vw, 640px\" \/><\/a><\/p>\n<p>.<\/p>\n<p><a href=\"http:\/\/nordwind.info\/wp-content\/uploads\/2025\/02\/Duenkirchen-y12.jpg\"><img loading=\"lazy\" decoding=\"async\" class=\"alignleft size-large wp-image-13263\" src=\"http:\/\/nordwind.info\/wp-content\/uploads\/2025\/02\/Duenkirchen-y12-1024x656.jpg\" alt=\"\" width=\"640\" height=\"410\" srcset=\"https:\/\/nordwind.info\/wp-content\/uploads\/2025\/02\/Duenkirchen-y12-1024x656.jpg 1024w, https:\/\/nordwind.info\/wp-content\/uploads\/2025\/02\/Duenkirchen-y12-300x192.jpg 300w, https:\/\/nordwind.info\/wp-content\/uploads\/2025\/02\/Duenkirchen-y12-768x492.jpg 768w, https:\/\/nordwind.info\/wp-content\/uploads\/2025\/02\/Duenkirchen-y12-1536x983.jpg 1536w, https:\/\/nordwind.info\/wp-content\/uploads\/2025\/02\/Duenkirchen-y12.jpg 1907w\" sizes=\"auto, (max-width: 640px) 100vw, 640px\" \/><\/a><\/p>\n<p>.<\/p>\n<p><a href=\"http:\/\/nordwind.info\/wp-content\/uploads\/2025\/02\/Duenkirchen-y11.jpg\"><img loading=\"lazy\" decoding=\"async\" class=\"alignleft size-large wp-image-13264\" src=\"http:\/\/nordwind.info\/wp-content\/uploads\/2025\/02\/Duenkirchen-y11-1024x663.jpg\" alt=\"\" width=\"640\" height=\"414\" srcset=\"https:\/\/nordwind.info\/wp-content\/uploads\/2025\/02\/Duenkirchen-y11-1024x663.jpg 1024w, https:\/\/nordwind.info\/wp-content\/uploads\/2025\/02\/Duenkirchen-y11-300x194.jpg 300w, https:\/\/nordwind.info\/wp-content\/uploads\/2025\/02\/Duenkirchen-y11-768x498.jpg 768w, https:\/\/nordwind.info\/wp-content\/uploads\/2025\/02\/Duenkirchen-y11-1536x995.jpg 1536w, https:\/\/nordwind.info\/wp-content\/uploads\/2025\/02\/Duenkirchen-y11.jpg 1974w\" sizes=\"auto, (max-width: 640px) 100vw, 640px\" \/><\/a><\/p>\n<p>.<\/p>\n<p><a href=\"http:\/\/nordwind.info\/wp-content\/uploads\/2025\/02\/Duenkirchen-y9.jpg\"><img loading=\"lazy\" decoding=\"async\" class=\"alignleft size-large wp-image-13267\" src=\"http:\/\/nordwind.info\/wp-content\/uploads\/2025\/02\/Duenkirchen-y9-1024x642.jpg\" alt=\"\" width=\"640\" height=\"401\" srcset=\"https:\/\/nordwind.info\/wp-content\/uploads\/2025\/02\/Duenkirchen-y9-1024x642.jpg 1024w, https:\/\/nordwind.info\/wp-content\/uploads\/2025\/02\/Duenkirchen-y9-300x188.jpg 300w, https:\/\/nordwind.info\/wp-content\/uploads\/2025\/02\/Duenkirchen-y9-768x481.jpg 768w, https:\/\/nordwind.info\/wp-content\/uploads\/2025\/02\/Duenkirchen-y9-1536x963.jpg 1536w, https:\/\/nordwind.info\/wp-content\/uploads\/2025\/02\/Duenkirchen-y9.jpg 1878w\" sizes=\"auto, (max-width: 640px) 100vw, 640px\" \/><\/a><\/p>\n<p>&#8211;<\/p>\n<p><a href=\"http:\/\/nordwind.info\/wp-content\/uploads\/2025\/02\/Duenkirchen-y10.jpg\"><img loading=\"lazy\" decoding=\"async\" class=\"alignleft size-large wp-image-13269\" src=\"http:\/\/nordwind.info\/wp-content\/uploads\/2025\/02\/Duenkirchen-y10-1024x647.jpg\" alt=\"\" width=\"640\" height=\"404\" srcset=\"https:\/\/nordwind.info\/wp-content\/uploads\/2025\/02\/Duenkirchen-y10-1024x647.jpg 1024w, https:\/\/nordwind.info\/wp-content\/uploads\/2025\/02\/Duenkirchen-y10-300x189.jpg 300w, https:\/\/nordwind.info\/wp-content\/uploads\/2025\/02\/Duenkirchen-y10-768x485.jpg 768w, https:\/\/nordwind.info\/wp-content\/uploads\/2025\/02\/Duenkirchen-y10-1536x970.jpg 1536w, https:\/\/nordwind.info\/wp-content\/uploads\/2025\/02\/Duenkirchen-y10.jpg 1864w\" sizes=\"auto, (max-width: 640px) 100vw, 640px\" \/><\/a><\/p>\n<p>.<\/p>\n<p><a href=\"http:\/\/nordwind.info\/wp-content\/uploads\/2025\/02\/Duenkirchen-y21.jpg\"><img loading=\"lazy\" decoding=\"async\" class=\"alignleft size-large wp-image-13270\" src=\"http:\/\/nordwind.info\/wp-content\/uploads\/2025\/02\/Duenkirchen-y21-1024x657.jpg\" alt=\"\" width=\"640\" height=\"411\" srcset=\"https:\/\/nordwind.info\/wp-content\/uploads\/2025\/02\/Duenkirchen-y21-1024x657.jpg 1024w, https:\/\/nordwind.info\/wp-content\/uploads\/2025\/02\/Duenkirchen-y21-300x192.jpg 300w, https:\/\/nordwind.info\/wp-content\/uploads\/2025\/02\/Duenkirchen-y21-768x493.jpg 768w, https:\/\/nordwind.info\/wp-content\/uploads\/2025\/02\/Duenkirchen-y21-1536x985.jpg 1536w, https:\/\/nordwind.info\/wp-content\/uploads\/2025\/02\/Duenkirchen-y21.jpg 1893w\" sizes=\"auto, (max-width: 640px) 100vw, 640px\" \/><\/a><\/p>\n<p>.<\/p>\n<p><a href=\"http:\/\/nordwind.info\/wp-content\/uploads\/2025\/02\/Duenkirchen-y20.jpg\"><img loading=\"lazy\" decoding=\"async\" class=\"alignleft size-large wp-image-13272\" src=\"http:\/\/nordwind.info\/wp-content\/uploads\/2025\/02\/Duenkirchen-y20-1024x687.jpg\" alt=\"\" width=\"640\" height=\"429\" srcset=\"https:\/\/nordwind.info\/wp-content\/uploads\/2025\/02\/Duenkirchen-y20-1024x687.jpg 1024w, https:\/\/nordwind.info\/wp-content\/uploads\/2025\/02\/Duenkirchen-y20-300x201.jpg 300w, https:\/\/nordwind.info\/wp-content\/uploads\/2025\/02\/Duenkirchen-y20-768x515.jpg 768w, https:\/\/nordwind.info\/wp-content\/uploads\/2025\/02\/Duenkirchen-y20-1536x1030.jpg 1536w, https:\/\/nordwind.info\/wp-content\/uploads\/2025\/02\/Duenkirchen-y20.jpg 1864w\" sizes=\"auto, (max-width: 640px) 100vw, 640px\" \/><\/a><\/p>\n<p>.<\/p>\n<p><a href=\"http:\/\/nordwind.info\/wp-content\/uploads\/2025\/02\/Duenkirchen-y18.jpg\"><img loading=\"lazy\" decoding=\"async\" class=\"alignleft size-large wp-image-13303\" src=\"http:\/\/nordwind.info\/wp-content\/uploads\/2025\/02\/Duenkirchen-y18-1024x687.jpg\" alt=\"\" width=\"640\" height=\"429\" srcset=\"https:\/\/nordwind.info\/wp-content\/uploads\/2025\/02\/Duenkirchen-y18-1024x687.jpg 1024w, https:\/\/nordwind.info\/wp-content\/uploads\/2025\/02\/Duenkirchen-y18-300x201.jpg 300w, https:\/\/nordwind.info\/wp-content\/uploads\/2025\/02\/Duenkirchen-y18-768x515.jpg 768w, https:\/\/nordwind.info\/wp-content\/uploads\/2025\/02\/Duenkirchen-y18-1536x1030.jpg 1536w, https:\/\/nordwind.info\/wp-content\/uploads\/2025\/02\/Duenkirchen-y18.jpg 1864w\" sizes=\"auto, (max-width: 640px) 100vw, 640px\" \/><\/a><\/p>\n<p>.<\/p>\n<p><a href=\"http:\/\/nordwind.info\/wp-content\/uploads\/2025\/02\/Duenkirchen-y1.jpg\"><img loading=\"lazy\" decoding=\"async\" class=\"alignleft size-large wp-image-13273\" src=\"http:\/\/nordwind.info\/wp-content\/uploads\/2025\/02\/Duenkirchen-y1-1024x715.jpg\" alt=\"\" width=\"640\" height=\"447\" srcset=\"https:\/\/nordwind.info\/wp-content\/uploads\/2025\/02\/Duenkirchen-y1-1024x715.jpg 1024w, https:\/\/nordwind.info\/wp-content\/uploads\/2025\/02\/Duenkirchen-y1-300x210.jpg 300w, https:\/\/nordwind.info\/wp-content\/uploads\/2025\/02\/Duenkirchen-y1-768x536.jpg 768w, https:\/\/nordwind.info\/wp-content\/uploads\/2025\/02\/Duenkirchen-y1-1536x1073.jpg 1536w, https:\/\/nordwind.info\/wp-content\/uploads\/2025\/02\/Duenkirchen-y1.jpg 1747w\" sizes=\"auto, (max-width: 640px) 100vw, 640px\" \/><\/a><\/p>\n<p>Stra\u00dfe nach Oostende<\/p>\n<p><a href=\"http:\/\/nordwind.info\/wp-content\/uploads\/2025\/02\/Duenkirchen-v1.jpg\"><img loading=\"lazy\" decoding=\"async\" class=\"alignleft size-large wp-image-13275\" src=\"http:\/\/nordwind.info\/wp-content\/uploads\/2025\/02\/Duenkirchen-v1-1024x675.jpg\" alt=\"\" width=\"640\" height=\"422\" srcset=\"https:\/\/nordwind.info\/wp-content\/uploads\/2025\/02\/Duenkirchen-v1-1024x675.jpg 1024w, https:\/\/nordwind.info\/wp-content\/uploads\/2025\/02\/Duenkirchen-v1-300x198.jpg 300w, https:\/\/nordwind.info\/wp-content\/uploads\/2025\/02\/Duenkirchen-v1-768x506.jpg 768w, https:\/\/nordwind.info\/wp-content\/uploads\/2025\/02\/Duenkirchen-v1-1536x1012.jpg 1536w, https:\/\/nordwind.info\/wp-content\/uploads\/2025\/02\/Duenkirchen-v1.jpg 1951w\" sizes=\"auto, (max-width: 640px) 100vw, 640px\" \/><\/a><\/p>\n<p>.<\/p>\n<p><a href=\"http:\/\/nordwind.info\/wp-content\/uploads\/2025\/02\/Duenkirchen-v2.jpg\"><img loading=\"lazy\" decoding=\"async\" class=\"alignleft size-large wp-image-13276\" src=\"http:\/\/nordwind.info\/wp-content\/uploads\/2025\/02\/Duenkirchen-v2-1024x647.jpg\" alt=\"\" width=\"640\" height=\"404\" srcset=\"https:\/\/nordwind.info\/wp-content\/uploads\/2025\/02\/Duenkirchen-v2-1024x647.jpg 1024w, https:\/\/nordwind.info\/wp-content\/uploads\/2025\/02\/Duenkirchen-v2-300x190.jpg 300w, https:\/\/nordwind.info\/wp-content\/uploads\/2025\/02\/Duenkirchen-v2-768x486.jpg 768w, https:\/\/nordwind.info\/wp-content\/uploads\/2025\/02\/Duenkirchen-v2-1536x971.jpg 1536w, https:\/\/nordwind.info\/wp-content\/uploads\/2025\/02\/Duenkirchen-v2.jpg 1966w\" sizes=\"auto, (max-width: 640px) 100vw, 640px\" \/><\/a><\/p>\n<p>.<\/p>\n<p><a href=\"http:\/\/nordwind.info\/wp-content\/uploads\/2025\/02\/Duenkirchen-v3.jpg\"><img loading=\"lazy\" decoding=\"async\" class=\"alignleft size-large wp-image-13277\" src=\"http:\/\/nordwind.info\/wp-content\/uploads\/2025\/02\/Duenkirchen-v3-1024x703.jpg\" alt=\"\" width=\"640\" height=\"439\" srcset=\"https:\/\/nordwind.info\/wp-content\/uploads\/2025\/02\/Duenkirchen-v3-1024x703.jpg 1024w, https:\/\/nordwind.info\/wp-content\/uploads\/2025\/02\/Duenkirchen-v3-300x206.jpg 300w, https:\/\/nordwind.info\/wp-content\/uploads\/2025\/02\/Duenkirchen-v3-768x527.jpg 768w, https:\/\/nordwind.info\/wp-content\/uploads\/2025\/02\/Duenkirchen-v3-1536x1055.jpg 1536w, https:\/\/nordwind.info\/wp-content\/uploads\/2025\/02\/Duenkirchen-v3.jpg 1864w\" sizes=\"auto, (max-width: 640px) 100vw, 640px\" \/><\/a><\/p>\n<p>.<\/p>\n<p><a href=\"http:\/\/nordwind.info\/wp-content\/uploads\/2025\/02\/Duenkirchen-x2.jpg\"><img loading=\"lazy\" decoding=\"async\" class=\"alignleft size-large wp-image-13278\" src=\"http:\/\/nordwind.info\/wp-content\/uploads\/2025\/02\/Duenkirchen-x2-1024x719.jpg\" alt=\"\" width=\"640\" height=\"449\" srcset=\"https:\/\/nordwind.info\/wp-content\/uploads\/2025\/02\/Duenkirchen-x2-1024x719.jpg 1024w, https:\/\/nordwind.info\/wp-content\/uploads\/2025\/02\/Duenkirchen-x2-300x211.jpg 300w, https:\/\/nordwind.info\/wp-content\/uploads\/2025\/02\/Duenkirchen-x2-768x539.jpg 768w, https:\/\/nordwind.info\/wp-content\/uploads\/2025\/02\/Duenkirchen-x2-1536x1078.jpg 1536w, https:\/\/nordwind.info\/wp-content\/uploads\/2025\/02\/Duenkirchen-x2.jpg 1600w\" sizes=\"auto, (max-width: 640px) 100vw, 640px\" \/><\/a><\/p>\n<p>.<\/p>\n<p><a href=\"http:\/\/nordwind.info\/wp-content\/uploads\/2025\/02\/Duenkirchen-x1.jpg\"><img loading=\"lazy\" decoding=\"async\" class=\"alignleft size-large wp-image-13279\" src=\"http:\/\/nordwind.info\/wp-content\/uploads\/2025\/02\/Duenkirchen-x1-1024x695.jpg\" alt=\"\" width=\"640\" height=\"434\" srcset=\"https:\/\/nordwind.info\/wp-content\/uploads\/2025\/02\/Duenkirchen-x1-1024x695.jpg 1024w, https:\/\/nordwind.info\/wp-content\/uploads\/2025\/02\/Duenkirchen-x1-300x204.jpg 300w, https:\/\/nordwind.info\/wp-content\/uploads\/2025\/02\/Duenkirchen-x1-768x521.jpg 768w, https:\/\/nordwind.info\/wp-content\/uploads\/2025\/02\/Duenkirchen-x1-1536x1043.jpg 1536w, https:\/\/nordwind.info\/wp-content\/uploads\/2025\/02\/Duenkirchen-x1.jpg 1600w\" sizes=\"auto, (max-width: 640px) 100vw, 640px\" \/><\/a><\/p>\n<p>.<\/p>\n<p><a href=\"http:\/\/nordwind.info\/wp-content\/uploads\/2025\/02\/Duenkirchen-x6.jpg\"><img loading=\"lazy\" decoding=\"async\" class=\"alignleft size-large wp-image-13280\" src=\"http:\/\/nordwind.info\/wp-content\/uploads\/2025\/02\/Duenkirchen-x6-1024x685.jpg\" alt=\"\" width=\"640\" height=\"428\" srcset=\"https:\/\/nordwind.info\/wp-content\/uploads\/2025\/02\/Duenkirchen-x6-1024x685.jpg 1024w, https:\/\/nordwind.info\/wp-content\/uploads\/2025\/02\/Duenkirchen-x6-300x201.jpg 300w, https:\/\/nordwind.info\/wp-content\/uploads\/2025\/02\/Duenkirchen-x6-768x514.jpg 768w, https:\/\/nordwind.info\/wp-content\/uploads\/2025\/02\/Duenkirchen-x6-1536x1028.jpg 1536w, https:\/\/nordwind.info\/wp-content\/uploads\/2025\/02\/Duenkirchen-x6.jpg 1878w\" sizes=\"auto, (max-width: 640px) 100vw, 640px\" \/><\/a><\/p>\n<p>.<\/p>\n<p><a href=\"http:\/\/nordwind.info\/wp-content\/uploads\/2025\/02\/Duenkirchen-y2.jpg\"><img loading=\"lazy\" decoding=\"async\" class=\"alignleft size-large wp-image-13281\" src=\"http:\/\/nordwind.info\/wp-content\/uploads\/2025\/02\/Duenkirchen-y2-1024x705.jpg\" alt=\"\" width=\"640\" height=\"441\" srcset=\"https:\/\/nordwind.info\/wp-content\/uploads\/2025\/02\/Duenkirchen-y2-1024x705.jpg 1024w, https:\/\/nordwind.info\/wp-content\/uploads\/2025\/02\/Duenkirchen-y2-300x207.jpg 300w, https:\/\/nordwind.info\/wp-content\/uploads\/2025\/02\/Duenkirchen-y2-768x529.jpg 768w, https:\/\/nordwind.info\/wp-content\/uploads\/2025\/02\/Duenkirchen-y2-1536x1058.jpg 1536w, https:\/\/nordwind.info\/wp-content\/uploads\/2025\/02\/Duenkirchen-y2.jpg 1783w\" sizes=\"auto, (max-width: 640px) 100vw, 640px\" \/><\/a><\/p>\n<p>.<\/p>\n<p><a href=\"http:\/\/nordwind.info\/wp-content\/uploads\/2025\/02\/Duenkirchen-x8.jpg\"><img loading=\"lazy\" decoding=\"async\" class=\"alignleft size-large wp-image-13282\" src=\"http:\/\/nordwind.info\/wp-content\/uploads\/2025\/02\/Duenkirchen-x8-1024x669.jpg\" alt=\"\" width=\"640\" height=\"418\" srcset=\"https:\/\/nordwind.info\/wp-content\/uploads\/2025\/02\/Duenkirchen-x8-1024x669.jpg 1024w, https:\/\/nordwind.info\/wp-content\/uploads\/2025\/02\/Duenkirchen-x8-300x196.jpg 300w, https:\/\/nordwind.info\/wp-content\/uploads\/2025\/02\/Duenkirchen-x8-768x502.jpg 768w, https:\/\/nordwind.info\/wp-content\/uploads\/2025\/02\/Duenkirchen-x8-1536x1004.jpg 1536w, https:\/\/nordwind.info\/wp-content\/uploads\/2025\/02\/Duenkirchen-x8.jpg 1600w\" sizes=\"auto, (max-width: 640px) 100vw, 640px\" \/><\/a><\/p>\n<p>.<\/p>\n<p><a href=\"http:\/\/nordwind.info\/wp-content\/uploads\/2025\/02\/Duenkirchen-y4.jpg\"><img loading=\"lazy\" decoding=\"async\" class=\"alignleft size-large wp-image-13284\" src=\"http:\/\/nordwind.info\/wp-content\/uploads\/2025\/02\/Duenkirchen-y4-1024x692.jpg\" alt=\"\" width=\"640\" height=\"433\" srcset=\"https:\/\/nordwind.info\/wp-content\/uploads\/2025\/02\/Duenkirchen-y4-1024x692.jpg 1024w, https:\/\/nordwind.info\/wp-content\/uploads\/2025\/02\/Duenkirchen-y4-300x203.jpg 300w, https:\/\/nordwind.info\/wp-content\/uploads\/2025\/02\/Duenkirchen-y4-768x519.jpg 768w, https:\/\/nordwind.info\/wp-content\/uploads\/2025\/02\/Duenkirchen-y4-1536x1038.jpg 1536w, https:\/\/nordwind.info\/wp-content\/uploads\/2025\/02\/Duenkirchen-y4.jpg 1742w\" sizes=\"auto, (max-width: 640px) 100vw, 640px\" \/><\/a><\/p>\n<p>.<\/p>\n<p><a href=\"http:\/\/nordwind.info\/wp-content\/uploads\/2025\/02\/Duenkirchen-y5.jpg\"><img loading=\"lazy\" decoding=\"async\" class=\"alignleft size-large wp-image-13285\" src=\"http:\/\/nordwind.info\/wp-content\/uploads\/2025\/02\/Duenkirchen-y5-1024x701.jpg\" alt=\"\" width=\"640\" height=\"438\" srcset=\"https:\/\/nordwind.info\/wp-content\/uploads\/2025\/02\/Duenkirchen-y5-1024x701.jpg 1024w, https:\/\/nordwind.info\/wp-content\/uploads\/2025\/02\/Duenkirchen-y5-300x205.jpg 300w, https:\/\/nordwind.info\/wp-content\/uploads\/2025\/02\/Duenkirchen-y5-768x526.jpg 768w, https:\/\/nordwind.info\/wp-content\/uploads\/2025\/02\/Duenkirchen-y5-1536x1052.jpg 1536w, https:\/\/nordwind.info\/wp-content\/uploads\/2025\/02\/Duenkirchen-y5.jpg 1685w\" sizes=\"auto, (max-width: 640px) 100vw, 640px\" \/><\/a><\/p>\n<p>.<\/p>\n<p><a href=\"http:\/\/nordwind.info\/wp-content\/uploads\/2025\/02\/Duenkirchen-y6.jpg\"><img loading=\"lazy\" decoding=\"async\" class=\"alignleft size-large wp-image-13286\" src=\"http:\/\/nordwind.info\/wp-content\/uploads\/2025\/02\/Duenkirchen-y6-1024x686.jpg\" alt=\"\" width=\"640\" height=\"429\" srcset=\"https:\/\/nordwind.info\/wp-content\/uploads\/2025\/02\/Duenkirchen-y6-1024x686.jpg 1024w, https:\/\/nordwind.info\/wp-content\/uploads\/2025\/02\/Duenkirchen-y6-300x201.jpg 300w, https:\/\/nordwind.info\/wp-content\/uploads\/2025\/02\/Duenkirchen-y6-768x515.jpg 768w, https:\/\/nordwind.info\/wp-content\/uploads\/2025\/02\/Duenkirchen-y6-1536x1029.jpg 1536w, https:\/\/nordwind.info\/wp-content\/uploads\/2025\/02\/Duenkirchen-y6.jpg 1834w\" sizes=\"auto, (max-width: 640px) 100vw, 640px\" \/><\/a><\/p>\n<p>.<\/p>\n<p><a href=\"http:\/\/nordwind.info\/wp-content\/uploads\/2025\/02\/Duenkirchen-y15.jpg\"><img loading=\"lazy\" decoding=\"async\" class=\"alignleft size-large wp-image-13287\" src=\"http:\/\/nordwind.info\/wp-content\/uploads\/2025\/02\/Duenkirchen-y15-1024x632.jpg\" alt=\"\" width=\"640\" height=\"395\" srcset=\"https:\/\/nordwind.info\/wp-content\/uploads\/2025\/02\/Duenkirchen-y15-1024x632.jpg 1024w, https:\/\/nordwind.info\/wp-content\/uploads\/2025\/02\/Duenkirchen-y15-300x185.jpg 300w, https:\/\/nordwind.info\/wp-content\/uploads\/2025\/02\/Duenkirchen-y15-768x474.jpg 768w, https:\/\/nordwind.info\/wp-content\/uploads\/2025\/02\/Duenkirchen-y15-1536x948.jpg 1536w, https:\/\/nordwind.info\/wp-content\/uploads\/2025\/02\/Duenkirchen-y15.jpg 1907w\" sizes=\"auto, (max-width: 640px) 100vw, 640px\" \/><\/a><\/p>\n<p>.<\/p>\n<p><a href=\"#\">Nach oben<\/a><\/p>\n","protected":false},"excerpt":{"rendered":"<p>25.06.1941 \u2013\u00a0D\u00fcnkirchen Bahnhof D\u00fcnkirchen . Bahnhof D\u00fcnkirchen Marktplatz . . . &#8211; . . . . Stra\u00dfe nach Oostende . . . . . . . . . . . . Nach oben<\/p>\n","protected":false},"author":1,"featured_media":0,"parent":11001,"menu_order":2,"comment_status":"closed","ping_status":"closed","template":"","meta":{"footnotes":""},"class_list":["post-11056","page","type-page","status-publish","hentry"],"_links":{"self":[{"href":"https:\/\/nordwind.info\/index.php?rest_route=\/wp\/v2\/pages\/11056","targetHints":{"allow":["GET"]}}],"collection":[{"href":"https:\/\/nordwind.info\/index.php?rest_route=\/wp\/v2\/pages"}],"about":[{"href":"https:\/\/nordwind.info\/index.php?rest_route=\/wp\/v2\/types\/page"}],"author":[{"embeddable":true,"href":"https:\/\/nordwind.info\/index.php?rest_route=\/wp\/v2\/users\/1"}],"replies":[{"embeddable":true,"href":"https:\/\/nordwind.info\/index.php?rest_route=%2Fwp%2Fv2%2Fcomments&post=11056"}],"version-history":[{"count":22,"href":"https:\/\/nordwind.info\/index.php?rest_route=\/wp\/v2\/pages\/11056\/revisions"}],"predecessor-version":[{"id":13306,"href":"https:\/\/nordwind.info\/index.php?rest_route=\/wp\/v2\/pages\/11056\/revisions\/13306"}],"up":[{"embeddable":true,"href":"https:\/\/nordwind.info\/index.php?rest_route=\/wp\/v2\/pages\/11001"}],"wp:attachment":[{"href":"https:\/\/nordwind.info\/index.php?rest_route=%2Fwp%2Fv2%2Fmedia&parent=11056"}],"curies":[{"name":"wp","href":"https:\/\/api.w.org\/{rel}","templated":true}]}}