

{"id":11004,"date":"2023-02-06T14:22:14","date_gmt":"2023-02-06T14:22:14","guid":{"rendered":"http:\/\/nordwind.info\/?page_id=11004"},"modified":"2025-02-15T07:11:47","modified_gmt":"2025-02-15T07:11:47","slug":"1942-russland","status":"publish","type":"page","link":"https:\/\/nordwind.info\/?page_id=11004","title":{"rendered":"1942 &#8211; Batawino \/ Ru\u00dfland"},"content":{"rendered":"\n\n\t\t\t\t<div id=\"map_ol3js_1\" class=\"map undefined\" data-map_name=\"undefined\" data-map=\"map_ol3js_1\" style=\"width:100%; max-width:100%; height:450px; display:block; overflow:hidden;border:2px solid grey;\" >\n\t\t\t\t  <div id=\"map_ol3js_1_popup\" class=\"ol-popup\" >\n\t\t\t\t\t<a href=\"#\" id=\"map_ol3js_1_popup-closer\" class=\"ol-popup-closer\"><\/a>\n\t\t\t\t\t<div id=\"map_ol3js_1_popup-content\" ><\/div>\n\t\t\t\t  <\/div>\n\t\t\t\t<\/div>\n\t\t\t\n\n\t\t\t\t<script type=\"text\/javascript\">\n\t\t\t\t\ttranslations['openlayer'] = \"open layer\";\n\t\t\t\t\ttranslations['openlayerAtStartup'] = \"open layer at startup\";\n\t\t\t\t\ttranslations['generateLink'] = \"Der Link zur Karte mit ausgew\u00e4hlten Overlays und angezeigtem Ausschnitt\";\n\t\t\t\t\ttranslations['shortDescription'] = \"Kurzbeschreibung\";\n\t\t\t\t\ttranslations['generatedShortCode'] = \"to get a text control link paste this code in your wordpress editor\";\n\t\t\t\t\ttranslations['closeLayer'] = \"close layer\";\n\t\t\t\t\ttranslations['cantGenerateLink'] = \"put this string in the existing map short code to control this map\";\n\t\t\t  <\/script>\n\n\n\t\t\t  <script type=\"text\/javascript\">\n\t\t\t  vectorM['map_ol3js_1'] = [];\n\t        \n        var raster = getTileLayer(\"osm\",\"NoKey\");\t\t\t\n\n\t\t\t  var map_ol3js_1 = new ol.Map({\n\t\t\t\tinteractions: ol.interaction.defaults.defaults({mouseWheelZoom:false}),\n\t\t\t\tlayers: [raster],\n\t\t\t\ttarget: \"map_ol3js_1\",\n\t\t\t\tview: new ol.View({\n\t\t\t\t  center: ol.proj.transform([36.1662,53.0582], \"EPSG:4326\", \"EPSG:3857\"),\n\t\t\t\t  zoom: 9.0\n\t\t\t\t})\n\t\t\t  });\n\t\t\t  osm_addMarkerLayer(map_ol3js_1,36.1178,53.0515,\"https:\/\/nordwind.info\/wp-content\/plugins\/osm\/icons\/mic_red_pinother_02.png\",-16,-41,\"<p><\/p>\") ; \naddControls2Map(map_ol3js_1,0,0,3,0,5,6,7,1,1);\nosm_addPopupClickhandler(map_ol3js_1,  \"map_ol3js_1\"); \nosm_addMouseHover(map_ol3js_1); <\/script>\n<p><b>Batawino<\/b>, Bezirk Orjol, Gebiet Orjol; N\u00f6rdlich von Orjol (Orel)<\/p>\n<p><img loading=\"lazy\" decoding=\"async\" class=\"alignnone size-large wp-image-13334\" src=\"http:\/\/nordwind.info\/wp-content\/uploads\/2025\/02\/HB0047-1024x725.jpg\" alt=\"\" width=\"640\" height=\"453\" srcset=\"https:\/\/nordwind.info\/wp-content\/uploads\/2025\/02\/HB0047-1024x725.jpg 1024w, https:\/\/nordwind.info\/wp-content\/uploads\/2025\/02\/HB0047-300x213.jpg 300w, https:\/\/nordwind.info\/wp-content\/uploads\/2025\/02\/HB0047-768x544.jpg 768w, https:\/\/nordwind.info\/wp-content\/uploads\/2025\/02\/HB0047.jpg 1132w\" sizes=\"auto, (max-width: 640px) 100vw, 640px\" \/><\/p>\n<p>Ausw Batawino<\/p>\n<p><img loading=\"lazy\" decoding=\"async\" class=\"alignnone wp-image-13337 size-full\" src=\"http:\/\/nordwind.info\/wp-content\/uploads\/2025\/02\/002.jpg\" alt=\"\" width=\"1024\" height=\"692\" srcset=\"https:\/\/nordwind.info\/wp-content\/uploads\/2025\/02\/002.jpg 1024w, https:\/\/nordwind.info\/wp-content\/uploads\/2025\/02\/002-300x203.jpg 300w, https:\/\/nordwind.info\/wp-content\/uploads\/2025\/02\/002-768x519.jpg 768w\" sizes=\"auto, (max-width: 1024px) 100vw, 1024px\" \/><\/p>\n<p>Schwellenlager<\/p>\n<p><img loading=\"lazy\" decoding=\"async\" class=\"alignnone wp-image-13336 size-full\" src=\"http:\/\/nordwind.info\/wp-content\/uploads\/2025\/02\/001.jpg\" alt=\"\" width=\"1024\" height=\"672\" srcset=\"https:\/\/nordwind.info\/wp-content\/uploads\/2025\/02\/001.jpg 1024w, https:\/\/nordwind.info\/wp-content\/uploads\/2025\/02\/001-300x197.jpg 300w, https:\/\/nordwind.info\/wp-content\/uploads\/2025\/02\/001-768x504.jpg 768w\" sizes=\"auto, (max-width: 1024px) 100vw, 1024px\" \/><\/p>\n<p>.<\/p>\n<p><img loading=\"lazy\" decoding=\"async\" class=\"alignnone size-full wp-image-13340\" src=\"http:\/\/nordwind.info\/wp-content\/uploads\/2025\/02\/006.jpg\" alt=\"\" width=\"1024\" height=\"709\" srcset=\"https:\/\/nordwind.info\/wp-content\/uploads\/2025\/02\/006.jpg 1024w, https:\/\/nordwind.info\/wp-content\/uploads\/2025\/02\/006-300x208.jpg 300w, https:\/\/nordwind.info\/wp-content\/uploads\/2025\/02\/006-768x532.jpg 768w\" sizes=\"auto, (max-width: 1024px) 100vw, 1024px\" \/><\/p>\n<p>.<\/p>\n<p><img loading=\"lazy\" decoding=\"async\" class=\"alignnone size-full wp-image-13338\" src=\"http:\/\/nordwind.info\/wp-content\/uploads\/2025\/02\/004.jpg\" alt=\"\" width=\"1024\" height=\"661\" srcset=\"https:\/\/nordwind.info\/wp-content\/uploads\/2025\/02\/004.jpg 1024w, https:\/\/nordwind.info\/wp-content\/uploads\/2025\/02\/004-300x194.jpg 300w, https:\/\/nordwind.info\/wp-content\/uploads\/2025\/02\/004-768x496.jpg 768w\" sizes=\"auto, (max-width: 1024px) 100vw, 1024px\" \/><\/p>\n<p>Eine zweiachsige Lokomotive ist aus der Spur geraten und wird mit Hilfe der Zugmaschine wieder flott gemacht<\/p>\n<p><img loading=\"lazy\" decoding=\"async\" class=\"alignnone wp-image-13339 size-full\" src=\"http:\/\/nordwind.info\/wp-content\/uploads\/2025\/02\/005.jpg\" alt=\"\" width=\"1024\" height=\"707\" srcset=\"https:\/\/nordwind.info\/wp-content\/uploads\/2025\/02\/005.jpg 1024w, https:\/\/nordwind.info\/wp-content\/uploads\/2025\/02\/005-300x207.jpg 300w, https:\/\/nordwind.info\/wp-content\/uploads\/2025\/02\/005-768x530.jpg 768w\" sizes=\"auto, (max-width: 1024px) 100vw, 1024px\" \/><\/p>\n<p>Reichsarbeitsdienst und deutsche Strafgefangene beim Auslagen von Sandwagen<\/p>\n<p><img loading=\"lazy\" decoding=\"async\" class=\"alignnone wp-image-13341 size-full\" src=\"http:\/\/nordwind.info\/wp-content\/uploads\/2025\/02\/007.jpg\" alt=\"\" width=\"1024\" height=\"676\" srcset=\"https:\/\/nordwind.info\/wp-content\/uploads\/2025\/02\/007.jpg 1024w, https:\/\/nordwind.info\/wp-content\/uploads\/2025\/02\/007-300x198.jpg 300w, https:\/\/nordwind.info\/wp-content\/uploads\/2025\/02\/007-768x507.jpg 768w\" sizes=\"auto, (max-width: 1024px) 100vw, 1024px\" \/><\/p>\n<p>Ein ausgebrannter Waggon wird beim Umspuren vom Gleis ger\u00e4umt&#8220;<\/p>\n<p><img loading=\"lazy\" decoding=\"async\" class=\"alignnone wp-image-13342 size-full\" src=\"http:\/\/nordwind.info\/wp-content\/uploads\/2025\/02\/008.jpg\" alt=\"\" width=\"1024\" height=\"711\" srcset=\"https:\/\/nordwind.info\/wp-content\/uploads\/2025\/02\/008.jpg 1024w, https:\/\/nordwind.info\/wp-content\/uploads\/2025\/02\/008-300x208.jpg 300w, https:\/\/nordwind.info\/wp-content\/uploads\/2025\/02\/008-768x533.jpg 768w\" sizes=\"auto, (max-width: 1024px) 100vw, 1024px\" \/><\/p>\n<p>.<\/p>\n<p><img loading=\"lazy\" decoding=\"async\" class=\"alignnone size-full wp-image-13343\" src=\"http:\/\/nordwind.info\/wp-content\/uploads\/2025\/02\/009.jpg\" alt=\"\" width=\"1024\" height=\"683\" srcset=\"https:\/\/nordwind.info\/wp-content\/uploads\/2025\/02\/009.jpg 1024w, https:\/\/nordwind.info\/wp-content\/uploads\/2025\/02\/009-300x200.jpg 300w, https:\/\/nordwind.info\/wp-content\/uploads\/2025\/02\/009-768x512.jpg 768w\" sizes=\"auto, (max-width: 1024px) 100vw, 1024px\" \/><\/p>\n<p>&#8222;Die Br\u00fccke hat eine L\u00e4nge von 352 Meter und f\u00fchrt \u00fcber die Oka. Ein Transport mit einer Bunkerlokomotive beim Verschaffen von Baumaterial&#8220;.<\/p>\n<p><img loading=\"lazy\" decoding=\"async\" class=\"alignnone size-full wp-image-13345\" src=\"http:\/\/nordwind.info\/wp-content\/uploads\/2025\/02\/Umspurarbeiten-1-crop-neu.jpg\" alt=\"\" width=\"1024\" height=\"647\" srcset=\"https:\/\/nordwind.info\/wp-content\/uploads\/2025\/02\/Umspurarbeiten-1-crop-neu.jpg 1024w, https:\/\/nordwind.info\/wp-content\/uploads\/2025\/02\/Umspurarbeiten-1-crop-neu-300x190.jpg 300w, https:\/\/nordwind.info\/wp-content\/uploads\/2025\/02\/Umspurarbeiten-1-crop-neu-768x485.jpg 768w\" sizes=\"auto, (max-width: 1024px) 100vw, 1024px\" \/><\/p>\n<p>.<\/p>\n<p><img loading=\"lazy\" decoding=\"async\" class=\"alignnone wp-image-13346 size-full\" src=\"http:\/\/nordwind.info\/wp-content\/uploads\/2025\/02\/Umspurarbeiten-2-neu.jpg\" alt=\"\" width=\"1024\" height=\"655\" srcset=\"https:\/\/nordwind.info\/wp-content\/uploads\/2025\/02\/Umspurarbeiten-2-neu.jpg 1024w, https:\/\/nordwind.info\/wp-content\/uploads\/2025\/02\/Umspurarbeiten-2-neu-300x192.jpg 300w, https:\/\/nordwind.info\/wp-content\/uploads\/2025\/02\/Umspurarbeiten-2-neu-768x491.jpg 768w\" sizes=\"auto, (max-width: 1024px) 100vw, 1024px\" \/><\/p>\n<p>Umspurarbeiten<\/p>\n<p><img loading=\"lazy\" decoding=\"async\" class=\"alignnone size-full wp-image-13344\" src=\"http:\/\/nordwind.info\/wp-content\/uploads\/2025\/02\/011.jpg\" alt=\"\" width=\"679\" height=\"1024\" srcset=\"https:\/\/nordwind.info\/wp-content\/uploads\/2025\/02\/011.jpg 679w, https:\/\/nordwind.info\/wp-content\/uploads\/2025\/02\/011-199x300.jpg 199w\" sizes=\"auto, (max-width: 679px) 100vw, 679px\" \/><\/p>\n<p>Gleiswechsel eines G\u00fcterwagen<\/p>\n<p>Hier enden die bildlichen Aufzeichnungen von Johann, er galt ab 1943 als vermi\u00dft.<\/p>\n<p>Das genaue Ddatum ist nicht bekannt, m\u00f6glicherweise vermi\u00dft bei:<\/p>\n<ul>\n<li>23.08.1942 &#8211; 02.02.1943 &#8211; <a href=\"https:\/\/de.wikipedia.org\/wiki\/Schlacht_von_Stalingrad\">Schlacht von Stalingrad<\/a><span class=\"Apple-converted-space\">\u00a0<\/span><\/li>\n<li>05.07. &#8211; 16.07.1943 &#8211; Schlacht um Kursk (<a href=\"https:\/\/de.wikipedia.org\/wiki\/Unternehmen_Zitadelle\">Unternehmen Zitadelle<\/a>)<\/li>\n<\/ul>\n<p><a href=\"#\">Nach oben<\/a><\/p>\n","protected":false},"excerpt":{"rendered":"<p>Batawino, Bezirk Orjol, Gebiet Orjol; N\u00f6rdlich von Orjol (Orel) Ausw Batawino Schwellenlager . . Eine zweiachsige Lokomotive ist aus der Spur geraten und wird mit Hilfe der Zugmaschine wieder flott gemacht Reichsarbeitsdienst und deutsche Strafgefangene beim Auslagen von Sandwagen Ein &hellip; <a href=\"https:\/\/nordwind.info\/?page_id=11004\">Weiterlesen <span class=\"meta-nav\">&rarr;<\/span><\/a><\/p>\n","protected":false},"author":1,"featured_media":0,"parent":11001,"menu_order":9,"comment_status":"closed","ping_status":"closed","template":"","meta":{"footnotes":""},"class_list":["post-11004","page","type-page","status-publish","hentry"],"_links":{"self":[{"href":"https:\/\/nordwind.info\/index.php?rest_route=\/wp\/v2\/pages\/11004","targetHints":{"allow":["GET"]}}],"collection":[{"href":"https:\/\/nordwind.info\/index.php?rest_route=\/wp\/v2\/pages"}],"about":[{"href":"https:\/\/nordwind.info\/index.php?rest_route=\/wp\/v2\/types\/page"}],"author":[{"embeddable":true,"href":"https:\/\/nordwind.info\/index.php?rest_route=\/wp\/v2\/users\/1"}],"replies":[{"embeddable":true,"href":"https:\/\/nordwind.info\/index.php?rest_route=%2Fwp%2Fv2%2Fcomments&post=11004"}],"version-history":[{"count":16,"href":"https:\/\/nordwind.info\/index.php?rest_route=\/wp\/v2\/pages\/11004\/revisions"}],"predecessor-version":[{"id":13350,"href":"https:\/\/nordwind.info\/index.php?rest_route=\/wp\/v2\/pages\/11004\/revisions\/13350"}],"up":[{"embeddable":true,"href":"https:\/\/nordwind.info\/index.php?rest_route=\/wp\/v2\/pages\/11001"}],"wp:attachment":[{"href":"https:\/\/nordwind.info\/index.php?rest_route=%2Fwp%2Fv2%2Fmedia&parent=11004"}],"curies":[{"name":"wp","href":"https:\/\/api.w.org\/{rel}","templated":true}]}}