{"id":10764,"date":"2022-01-20T09:23:57","date_gmt":"2022-01-20T09:23:57","guid":{"rendered":"http:\/\/nordwind.info\/?page_id=10764"},"modified":"2024-02-11T04:27:26","modified_gmt":"2024-02-11T04:27:26","slug":"icaching","status":"publish","type":"page","link":"https:\/\/nordwind.info\/?page_id=10764","title":{"rendered":"iCaching &#8211; Anleitung"},"content":{"rendered":"<p style=\"text-align: justify;\">Das Programm iCaching ist f\u00fcr Mac-User ein unentbehrliches Tool wenn es darum geht, Geocaches zu verwalten. Die Palette der dort integrierten M\u00f6glichkeiten umfa\u00dft ein sprichw\u00f6rtliches &#8222;Rundum Sorglos-Paket&#8220;, dass das einfache importieren von Geocaches, deren Bearbeitung, sowie die Bereitstellung f\u00fcr den Export umfa\u00dft. \u00a0Hinzu kommen M\u00f6glichkeiten der Logbuchf\u00fchrung, Recherchefunktionen und vieles mehr. Weitere Infos findet Ihr auch unter\u00a0<a href=\"http:\/\/www.icaching.eu\">http:\/\/www.icaching.eu <\/a>(in englischer Sprache).<\/p>\n<p><strong>o1 Vorbereitungen<\/strong><\/p>\n<p style=\"text-align: justify;\">Da iCaching auf die Geocache der Datenbank <a href=\"https:\/\/www.geocaching.com\">www.geocaching.com<\/a> zugreift, ist hierzu die Premium-Mitgliedschaft erforderlich. Eine Premium-Mitgliedschaft kostet derzeit j\u00e4hrlich 30,00 Euro und man hat neben den Basisfunktionen \u00a0Zugriff auf Pocket Queries und Lesezeichen. F\u00fcr die weiteren Abl\u00e4ufe erstellt Ihr auf Geocaching.com folgende Tools:<\/p>\n<ul>\n<li>Pocket Queries (Geocache im Umkreis ausgew\u00e4hlter Regionen)\n<ul>\n<li style=\"list-style-type: none;\">\n<ul>\n<li>Homezone etwa 150 km im Radius<\/li>\n<li>Rund um die Homezone 8 Pocket Queries<\/li>\n<\/ul>\n<\/li>\n<\/ul>\n<\/li>\n<li>Lesezeichen (Sammlung ausgew\u00e4hler Geocache)\n<ul>\n<li style=\"list-style-type: none;\">\n<ul>\n<li>Gel\u00f6ste Mysteriyes<\/li>\n<li>Pers\u00f6nliche Favoriten<\/li>\n<\/ul>\n<\/li>\n<\/ul>\n<\/li>\n<\/ul>\n<p><strong>02 Erste Schritte<\/strong><\/p>\n<p style=\"text-align: justify;\">iCaching wurde von Marius de Reus entwickelt und ist \u00fcber den App Store zum Preis von z. Zt. 14,99 Euro erh\u00e4ltlich. Mit einem Doppelklick auf das Symbol wird das Programm auf Eurem Mac installiert. Nach dem Programmstart erfolgt zun\u00e4chst die Anmeldung \u00fcber<\/p>\n<ul>\n<li>Men\u00fc &gt; iCaching &gt; Einstellungen<\/li>\n<\/ul>\n<p><img loading=\"lazy\" decoding=\"async\" class=\"wp-image-10785 size-large alignleft\" src=\"http:\/\/nordwind.info\/wp-content\/uploads\/2022\/01\/Bildschirmfoto-2022-01-20-um-16.08.10-1024x455.png\" alt=\"\" width=\"640\" height=\"284\" srcset=\"https:\/\/nordwind.info\/wp-content\/uploads\/2022\/01\/Bildschirmfoto-2022-01-20-um-16.08.10-1024x455.png 1024w, https:\/\/nordwind.info\/wp-content\/uploads\/2022\/01\/Bildschirmfoto-2022-01-20-um-16.08.10-300x133.png 300w, https:\/\/nordwind.info\/wp-content\/uploads\/2022\/01\/Bildschirmfoto-2022-01-20-um-16.08.10-768x341.png 768w, https:\/\/nordwind.info\/wp-content\/uploads\/2022\/01\/Bildschirmfoto-2022-01-20-um-16.08.10.png 1080w\" sizes=\"auto, (max-width: 640px) 100vw, 640px\" \/>Nach der Anmeldung erfolgt die Information<\/p>\n<p><img loading=\"lazy\" decoding=\"async\" class=\"alignnone wp-image-10786 size-large\" src=\"http:\/\/nordwind.info\/wp-content\/uploads\/2022\/01\/Bildschirmfoto-2022-01-20-um-16.12.10-1024x785.png\" alt=\"\" width=\"640\" height=\"491\" srcset=\"https:\/\/nordwind.info\/wp-content\/uploads\/2022\/01\/Bildschirmfoto-2022-01-20-um-16.12.10-1024x785.png 1024w, https:\/\/nordwind.info\/wp-content\/uploads\/2022\/01\/Bildschirmfoto-2022-01-20-um-16.12.10-300x230.png 300w, https:\/\/nordwind.info\/wp-content\/uploads\/2022\/01\/Bildschirmfoto-2022-01-20-um-16.12.10-768x588.png 768w, https:\/\/nordwind.info\/wp-content\/uploads\/2022\/01\/Bildschirmfoto-2022-01-20-um-16.12.10.png 1078w\" sizes=\"auto, (max-width: 640px) 100vw, 640px\" \/>Hier ist noch mal eine Zustimmung erforderlich<\/p>\n<p><img loading=\"lazy\" decoding=\"async\" class=\"alignnone wp-image-10787 size-large\" src=\"http:\/\/nordwind.info\/wp-content\/uploads\/2022\/01\/Bildschirmfoto-2022-01-20-um-16.12.49-1024x845.png\" alt=\"\" width=\"640\" height=\"528\" srcset=\"https:\/\/nordwind.info\/wp-content\/uploads\/2022\/01\/Bildschirmfoto-2022-01-20-um-16.12.49-1024x845.png 1024w, https:\/\/nordwind.info\/wp-content\/uploads\/2022\/01\/Bildschirmfoto-2022-01-20-um-16.12.49-300x247.png 300w, https:\/\/nordwind.info\/wp-content\/uploads\/2022\/01\/Bildschirmfoto-2022-01-20-um-16.12.49-768x634.png 768w, https:\/\/nordwind.info\/wp-content\/uploads\/2022\/01\/Bildschirmfoto-2022-01-20-um-16.12.49.png 1074w\" sizes=\"auto, (max-width: 640px) 100vw, 640px\" \/>Somit ist iCaching startklar und Ihr findet folgende Arbeitsfl\u00e4che:<\/p>\n<p><a href=\"http:\/\/nordwind.info\/wp-content\/uploads\/2022\/12\/Icaching-Bildschirm.png\"><img loading=\"lazy\" decoding=\"async\" class=\"alignleft size-full wp-image-10998\" src=\"http:\/\/nordwind.info\/wp-content\/uploads\/2022\/12\/Icaching-Bildschirm.png\" alt=\"\" width=\"2118\" height=\"1436\" srcset=\"https:\/\/nordwind.info\/wp-content\/uploads\/2022\/12\/Icaching-Bildschirm.png 2118w, https:\/\/nordwind.info\/wp-content\/uploads\/2022\/12\/Icaching-Bildschirm-300x203.png 300w, https:\/\/nordwind.info\/wp-content\/uploads\/2022\/12\/Icaching-Bildschirm-1024x694.png 1024w, https:\/\/nordwind.info\/wp-content\/uploads\/2022\/12\/Icaching-Bildschirm-768x521.png 768w, https:\/\/nordwind.info\/wp-content\/uploads\/2022\/12\/Icaching-Bildschirm-1536x1041.png 1536w, https:\/\/nordwind.info\/wp-content\/uploads\/2022\/12\/Icaching-Bildschirm-2048x1389.png 2048w\" sizes=\"auto, (max-width: 2118px) 100vw, 2118px\" \/><\/a>Obwohl die Arbeitsfl\u00e4che selbsterkl\u00e4rend ist, hier einige Erl\u00e4uterungen:<\/p>\n<p>Men\u00fcleiste (oben): Hier findet Ihr alle Tools zum arbeiten mit iCaching<\/p>\n<p style=\"text-align: justify;\">In der linken Spalte findet Ihr findet Ihr eine voreingestellte Bibliothek, sowie alle \u00a0erstellten Ordner. Eingebaute Filter machen es zudem einfach, die Geocaches abzufragen.<\/p>\n<p><b>Bibliothek<\/b><\/p>\n<p style=\"text-align: justify;\">Eingebaute Filter machen es einfach, die Geocaches abzufragen. In der Bibliothek befinden sich Ordner f\u00fcr \u201eMeine Funde\u201c, \u201eK\u00fcrzlich importierte Caches\u201c usw.<\/p>\n<p><b>Ordner<\/b><\/p>\n<p style=\"text-align: justify;\">Ihr k\u00f6nnt eigene Ordner erstellen, um eine Sammlung von Caches zu gruppieren, z.B. f\u00fcr eine Cache-Reise. Ziehen Sie Caches per Drag-and-Drop in und aus Ordnern. Jeder Cache existiert nur einmal in der Datenbank.<\/p>\n<p><b>Intelligente Ordner<\/b><\/p>\n<p style=\"text-align: justify;\">Ihr k\u00f6nnt intelligente Ordner erstellen. Dies sind Ordner, die anhand von Filterkriterien mit Geocaches gef\u00fcllt werden. Auf diese Weise k\u00f6nnt Ihr einen Ordner erstellen, der alle Caches enth\u00e4lt, z. B. aktuelle Caches, nicht gefunden und einfacher als 3 Sterne.<\/p>\n<p><b>Lesezeichenlisten<\/b><\/p>\n<p><span style=\"text-align: justify;\">Wenn Ihr Lesezeichenlisten auf der Website Geocaching.com habt, werden diese auto-matisch im linken Bereich von iCaching angezeigt. \u00c4nderungen, die Sie an der Liste in iCaching vornehmen, werden mit Geocaching.com synchronisiert und umgekehrt. Diese Lesezeichenordner funktionieren wie die normalen Ordner in iCaching.\u00a0<\/span><\/p>\n<p>&nbsp;<\/p>\n<p>Cacheliste (rechts):<\/p>\n<p>Cacheinfo (rechts):<\/p>\n<p>&nbsp;<\/p>\n<p>03\u00a0Datei &gt; Inport<\/p>\n<ul type=\"disc\">\n<li>GPX =\u00a0 aus Downloadordner<\/li>\n<li>Pocketqueries = aus GC.com<\/li>\n<li>Geocaches = direkt aus Geocaching.com herunterladen<\/li>\n<\/ul>\n<p>03 Ordnerstrukturen<\/p>\n<p>3.1 Bibliothek<\/p>\n<p>Selbsterkl\u00e4rend<\/p>\n<p>3.2 Ordner<\/p>\n<p>Individuell anzulegende Ordner, zu f\u00fcllen mit Dra&amp;Drop<\/p>\n<p>&nbsp;<\/p>\n<p>3.3 Intelligente Ordner<\/p>\n<p>Unz\u00e4hlige Suchparameter = Artus-Recherche<\/p>\n<p>&nbsp;<\/p>\n<p>3.4 Lesezeichenlisten<\/p>\n<p>Der Clou: Vorhandene Lesezeichen im GC-com werden automatisch \u00fcbernommen (nat\u00fcrlich mit Inhalt)<\/p>\n<p><strong>04 Ordner l\u00f6schen<\/strong><\/p>\n<p>Wird oft gebraucht<\/p>\n<p>Immer Abfrage: L\u00f6sche\u00a0 nur Ordner oder L\u00f6sche Ordner und Caches<\/p>\n<p>API Limit<\/p>\n<p>&nbsp;<\/p>\n<p>&nbsp;<\/p>\n<p style=\"text-align: justify;\">Groundspeak hat einige Einschr\u00e4nkungen in die API eingebaut. Einige Funktionen, wie Pocketqueries und Favoritepoints, stehen nur Premium-Benutzern zur Verf\u00fcgung.<\/p>\n<p style=\"text-align: justify;\">Sie k\u00f6nnen bis zu 3.000 &#8218;vollst\u00e4ndige&#8216; Cache-Beschreibungen pro Tag \u00fcber die API herunterladen.<\/p>\n<p style=\"text-align: justify;\">Vollst\u00e4ndige Cache-Beschreibungen beinhalten zus\u00e4tzliche Wegpunkte, Logs und Attribute. Vollst\u00e4ndige Beschreibungen sind nur f\u00fcr Premium-Mitglieder verf\u00fcgbar. Pocketqueries werden nicht auf dieses Limit angerechnet. Sie k\u00f6nnen t\u00e4glich bis zu 10.000 &#8218;lite&#8216; Cache-Beschreibungen herunterladen.<\/p>\n<p>&nbsp;<\/p>\n<p>&nbsp;<\/p>\n","protected":false},"excerpt":{"rendered":"<p>Das Programm iCaching ist f\u00fcr Mac-User ein unentbehrliches Tool wenn es darum geht, Geocaches zu verwalten. Die Palette der dort integrierten M\u00f6glichkeiten umfa\u00dft ein sprichw\u00f6rtliches &#8222;Rundum Sorglos-Paket&#8220;, dass das einfache importieren von Geocaches, deren Bearbeitung, sowie die Bereitstellung f\u00fcr den &hellip; <a href=\"https:\/\/nordwind.info\/?page_id=10764\">Weiterlesen <span class=\"meta-nav\">&rarr;<\/span><\/a><\/p>\n","protected":false},"author":1,"featured_media":0,"parent":6,"menu_order":0,"comment_status":"closed","ping_status":"closed","template":"","meta":{"footnotes":""},"class_list":["post-10764","page","type-page","status-publish","hentry"],"_links":{"self":[{"href":"https:\/\/nordwind.info\/index.php?rest_route=\/wp\/v2\/pages\/10764","targetHints":{"allow":["GET"]}}],"collection":[{"href":"https:\/\/nordwind.info\/index.php?rest_route=\/wp\/v2\/pages"}],"about":[{"href":"https:\/\/nordwind.info\/index.php?rest_route=\/wp\/v2\/types\/page"}],"author":[{"embeddable":true,"href":"https:\/\/nordwind.info\/index.php?rest_route=\/wp\/v2\/users\/1"}],"replies":[{"embeddable":true,"href":"https:\/\/nordwind.info\/index.php?rest_route=%2Fwp%2Fv2%2Fcomments&post=10764"}],"version-history":[{"count":24,"href":"https:\/\/nordwind.info\/index.php?rest_route=\/wp\/v2\/pages\/10764\/revisions"}],"predecessor-version":[{"id":11170,"href":"https:\/\/nordwind.info\/index.php?rest_route=\/wp\/v2\/pages\/10764\/revisions\/11170"}],"up":[{"embeddable":true,"href":"https:\/\/nordwind.info\/index.php?rest_route=\/wp\/v2\/pages\/6"}],"wp:attachment":[{"href":"https:\/\/nordwind.info\/index.php?rest_route=%2Fwp%2Fv2%2Fmedia&parent=10764"}],"curies":[{"name":"wp","href":"https:\/\/api.w.org\/{rel}","templated":true}]}}