{"id":7173,"date":"2019-11-07T15:54:26","date_gmt":"2019-11-07T15:54:26","guid":{"rendered":"http:\/\/nordwind.info\/?page_id=7173"},"modified":"2019-11-07T15:54:34","modified_gmt":"2019-11-07T15:54:34","slug":"19400-hp-harrienstaedt","status":"publish","type":"page","link":"http:\/\/nordwind.info\/?page_id=7173","title":{"rendered":"19,400 &#8211; Hp Harrienstedt"},"content":{"rendered":"<p>&nbsp;<\/p>\n<p>Auszug OSM<\/p>\n<p>&nbsp;<\/p>\n<p>Kartenauszug TK 1:25000 (Reichsamt f\u00fcr Landesvermessung 1945)<\/p>\n<p>Lageplan<\/p>\n<p>&nbsp;<\/p>\n<p>Gleisseite<\/p>\n<p>&nbsp;<\/p>\n<p>Stra\u00dfenseite<\/p>\n<ul>\n<li>&lt;&lt;&lt; <a href=\"http:\/\/nordwind.info\/?page_id=6058\">Wietze-Steinf\u00f6rde<\/a><\/li>\n<li>&gt;&gt;&gt; <a href=\"http:\/\/nordwind.info\/?page_id=6054\">Marklendorf<\/a><\/li>\n<\/ul>\n<p><a href=\"#\">Seitenanfang<\/a><\/p>\n<p><a href=\"http:\/\/nordwind.info\/wp-content\/uploads\/2018\/03\/sh2schluss.gif\"><img loading=\"lazy\" decoding=\"async\" class=\"aligncenter size-full wp-image-2750\" src=\"http:\/\/nordwind.info\/wp-content\/uploads\/2018\/03\/sh2schluss.gif\" alt=\"\" width=\"45\" height=\"66\" \/><\/a><\/p>\n","protected":false},"excerpt":{"rendered":"<p>&nbsp; Auszug OSM &nbsp; Kartenauszug TK 1:25000 (Reichsamt f\u00fcr Landesvermessung 1945) Lageplan &nbsp; Gleisseite &nbsp; Stra\u00dfenseite &lt;&lt;&lt; Wietze-Steinf\u00f6rde &gt;&gt;&gt; Marklendorf Seitenanfang<\/p>\n","protected":false},"author":1,"featured_media":0,"parent":7122,"menu_order":0,"comment_status":"closed","ping_status":"closed","template":"","meta":{"footnotes":""},"class_list":["post-7173","page","type-page","status-publish","hentry"],"_links":{"self":[{"href":"http:\/\/nordwind.info\/index.php?rest_route=\/wp\/v2\/pages\/7173","targetHints":{"allow":["GET"]}}],"collection":[{"href":"http:\/\/nordwind.info\/index.php?rest_route=\/wp\/v2\/pages"}],"about":[{"href":"http:\/\/nordwind.info\/index.php?rest_route=\/wp\/v2\/types\/page"}],"author":[{"embeddable":true,"href":"http:\/\/nordwind.info\/index.php?rest_route=\/wp\/v2\/users\/1"}],"replies":[{"embeddable":true,"href":"http:\/\/nordwind.info\/index.php?rest_route=%2Fwp%2Fv2%2Fcomments&post=7173"}],"version-history":[{"count":2,"href":"http:\/\/nordwind.info\/index.php?rest_route=\/wp\/v2\/pages\/7173\/revisions"}],"predecessor-version":[{"id":7175,"href":"http:\/\/nordwind.info\/index.php?rest_route=\/wp\/v2\/pages\/7173\/revisions\/7175"}],"up":[{"embeddable":true,"href":"http:\/\/nordwind.info\/index.php?rest_route=\/wp\/v2\/pages\/7122"}],"wp:attachment":[{"href":"http:\/\/nordwind.info\/index.php?rest_route=%2Fwp%2Fv2%2Fmedia&parent=7173"}],"curies":[{"name":"wp","href":"https:\/\/api.w.org\/{rel}","templated":true}]}}