

{"id":6114,"date":"2019-10-22T11:39:54","date_gmt":"2019-10-22T11:39:54","guid":{"rendered":"http:\/\/nordwind.info\/?page_id=6114"},"modified":"2025-01-06T09:01:20","modified_gmt":"2025-01-06T09:01:20","slug":"04450-bf-langendamm","status":"publish","type":"page","link":"http:\/\/nordwind.info\/?page_id=6114","title":{"rendered":"04,450 &#8211; Bf Langendamm"},"content":{"rendered":"\n\n\t\t\t\t<div id=\"map_ol3js_1\" class=\"map undefined\" data-map_name=\"undefined\" data-map=\"map_ol3js_1\" style=\"width:100%; max-width:100%; height:450px; display:block; overflow:hidden;border:thin solid;\" >\n\t\t\t\t  <div id=\"map_ol3js_1_popup\" class=\"ol-popup\" >\n\t\t\t\t\t<a href=\"#\" id=\"map_ol3js_1_popup-closer\" class=\"ol-popup-closer\"><\/a>\n\t\t\t\t\t<div id=\"map_ol3js_1_popup-content\" ><\/div>\n\t\t\t\t  <\/div>\n\t\t\t\t<\/div>\n\t\t\t\n\n\t\t\t\t<script type=\"text\/javascript\">\n\t\t\t\t\ttranslations['openlayer'] = \"open layer\";\n\t\t\t\t\ttranslations['openlayerAtStartup'] = \"open layer at startup\";\n\t\t\t\t\ttranslations['generateLink'] = \"Der Link zur Karte mit ausgew\u00e4hlten Overlays und angezeigtem Ausschnitt\";\n\t\t\t\t\ttranslations['shortDescription'] = \"Kurzbeschreibung\";\n\t\t\t\t\ttranslations['generatedShortCode'] = \"to get a text control link paste this code in your wordpress editor\";\n\t\t\t\t\ttranslations['closeLayer'] = \"close layer\";\n\t\t\t\t\ttranslations['cantGenerateLink'] = \"put this string in the existing map short code to control this map\";\n\t\t\t  <\/script>\n\n\n\t\t\t  <script type=\"text\/javascript\">\n\t\t\t  vectorM['map_ol3js_1'] = [];\n\t        \n        var raster = getTileLayer(\"\",\"NoKey\");\t\t\t\n\n\t\t\t  var map_ol3js_1 = new ol.Map({\n\t\t\t\tinteractions: ol.interaction.defaults.defaults({mouseWheelZoom:false}),\n\t\t\t\tlayers: [raster],\n\t\t\t\ttarget: \"map_ol3js_1\",\n\t\t\t\tview: new ol.View({\n\t\t\t\t  center: ol.proj.transform([9.2370,52.6212], \"EPSG:4326\", \"EPSG:3857\"),\n\t\t\t\t  zoom: 13\n\t\t\t\t})\n\t\t\t  });\n\t\t\t  osm_addMarkerLayer(map_ol3js_1,9.2370,52.6212,\"http:\/\/nordwind.info\/wp-content\/plugins\/osm\/icons\/mic_red_pinother_02.png\",-16,-41,\"<p><\/p>\") ; \naddControls2Map(map_ol3js_1,0,0,3,0,5,6,7,0,1);\nosm_addPopupClickhandler(map_ol3js_1,  \"map_ol3js_1\"); \nosm_addMouseHover(map_ol3js_1); <\/script>\n<p>Auszug OSM<\/p>\n<p><a href=\"http:\/\/nordwind.info\/wp-content\/uploads\/2017\/11\/Nienburg-Weser-3321.jpg\"><img loading=\"lazy\" decoding=\"async\" class=\"alignleft size-large wp-image-1815\" src=\"http:\/\/nordwind.info\/wp-content\/uploads\/2017\/11\/Nienburg-Weser-3321-1004x1024.jpg\" alt=\"\" width=\"640\" height=\"653\" srcset=\"http:\/\/nordwind.info\/wp-content\/uploads\/2017\/11\/Nienburg-Weser-3321-1004x1024.jpg 1004w, http:\/\/nordwind.info\/wp-content\/uploads\/2017\/11\/Nienburg-Weser-3321-294x300.jpg 294w, http:\/\/nordwind.info\/wp-content\/uploads\/2017\/11\/Nienburg-Weser-3321-768x783.jpg 768w\" sizes=\"auto, (max-width: 640px) 100vw, 640px\" \/><\/a><\/p>\n<p>Kartenauszug TK 1:25000 (Reichsamt f\u00fcr Landesvermessung 1945)<\/p>\n<p>Zum Fahrplanwechsel 1987\/88 wurde der Bahnhof als Tarifstelle f\u00fcr den Personenverkehr aufgel\u00f6st, das Bahnhofsgeb\u00e4ude wurde einige Jahre sp\u00e4ter abgerissen.<\/p>\n<p><a href=\"http:\/\/nordwind.info\/wp-content\/uploads\/2018\/10\/04400-Bf-Langendamm-Lageplan.jpg\"><img loading=\"lazy\" decoding=\"async\" class=\"alignleft size-large wp-image-4071\" src=\"http:\/\/nordwind.info\/wp-content\/uploads\/2018\/10\/04400-Bf-Langendamm-Lageplan-1024x724.jpg\" alt=\"\" width=\"640\" height=\"453\" srcset=\"http:\/\/nordwind.info\/wp-content\/uploads\/2018\/10\/04400-Bf-Langendamm-Lageplan-1024x724.jpg 1024w, http:\/\/nordwind.info\/wp-content\/uploads\/2018\/10\/04400-Bf-Langendamm-Lageplan-300x212.jpg 300w, http:\/\/nordwind.info\/wp-content\/uploads\/2018\/10\/04400-Bf-Langendamm-Lageplan-768x543.jpg 768w\" sizes=\"auto, (max-width: 640px) 100vw, 640px\" \/><\/a><\/p>\n<p>Lageplan<\/p>\n<p><a href=\"http:\/\/nordwind.info\/wp-content\/uploads\/2019\/10\/1741_04000_Posten_g.jpg\"><img loading=\"lazy\" decoding=\"async\" class=\"alignleft size-full wp-image-6696\" src=\"http:\/\/nordwind.info\/wp-content\/uploads\/2019\/10\/1741_04000_Posten_g.jpg\" alt=\"\" width=\"1000\" height=\"781\" srcset=\"http:\/\/nordwind.info\/wp-content\/uploads\/2019\/10\/1741_04000_Posten_g.jpg 1000w, http:\/\/nordwind.info\/wp-content\/uploads\/2019\/10\/1741_04000_Posten_g-300x234.jpg 300w, http:\/\/nordwind.info\/wp-content\/uploads\/2019\/10\/1741_04000_Posten_g-768x600.jpg 768w\" sizes=\"auto, (max-width: 1000px) 100vw, 1000px\" \/><\/a><\/p>\n<p>Posten 1 (Die Harke, Nienburger Tageszeitung)<\/p>\n<p><a href=\"http:\/\/nordwind.info\/wp-content\/uploads\/2025\/01\/03978-STBR-Ortsumgehung-B-6-S-N.jpg\"><img loading=\"lazy\" decoding=\"async\" class=\"alignleft size-large wp-image-12766\" src=\"http:\/\/nordwind.info\/wp-content\/uploads\/2025\/01\/03978-STBR-Ortsumgehung-B-6-S-N-1024x576.jpg\" alt=\"\" width=\"640\" height=\"360\" srcset=\"http:\/\/nordwind.info\/wp-content\/uploads\/2025\/01\/03978-STBR-Ortsumgehung-B-6-S-N-1024x576.jpg 1024w, http:\/\/nordwind.info\/wp-content\/uploads\/2025\/01\/03978-STBR-Ortsumgehung-B-6-S-N-300x169.jpg 300w, http:\/\/nordwind.info\/wp-content\/uploads\/2025\/01\/03978-STBR-Ortsumgehung-B-6-S-N-768x432.jpg 768w, http:\/\/nordwind.info\/wp-content\/uploads\/2025\/01\/03978-STBR-Ortsumgehung-B-6-S-N.jpg 1280w\" sizes=\"auto, (max-width: 640px) 100vw, 640px\" \/><\/a><\/p>\n<p>03,500 \u2013 EBR Umgehungsstra\u00dfe B6<\/p>\n<p><a href=\"http:\/\/nordwind.info\/wp-content\/uploads\/2025\/01\/04292-STBR-Gleise-Richtung-Sueden.jpg\"><img loading=\"lazy\" decoding=\"async\" class=\"alignleft size-large wp-image-12767\" src=\"http:\/\/nordwind.info\/wp-content\/uploads\/2025\/01\/04292-STBR-Gleise-Richtung-Sueden-1024x578.jpg\" alt=\"\" width=\"640\" height=\"361\" srcset=\"http:\/\/nordwind.info\/wp-content\/uploads\/2025\/01\/04292-STBR-Gleise-Richtung-Sueden-1024x578.jpg 1024w, http:\/\/nordwind.info\/wp-content\/uploads\/2025\/01\/04292-STBR-Gleise-Richtung-Sueden-300x169.jpg 300w, http:\/\/nordwind.info\/wp-content\/uploads\/2025\/01\/04292-STBR-Gleise-Richtung-Sueden-768x433.jpg 768w, http:\/\/nordwind.info\/wp-content\/uploads\/2025\/01\/04292-STBR-Gleise-Richtung-Sueden.jpg 1276w\" sizes=\"auto, (max-width: 640px) 100vw, 640px\" \/><\/a><\/p>\n<p>03,500 &#8211; Bahnsteigreste Bf Langendamm<\/p>\n<p><a href=\"http:\/\/nordwind.info\/wp-content\/uploads\/2019\/10\/04450-Bf-Langendamm-EG-2.jpg\"><img loading=\"lazy\" decoding=\"async\" class=\"alignleft size-large wp-image-6695\" src=\"http:\/\/nordwind.info\/wp-content\/uploads\/2019\/10\/04450-Bf-Langendamm-EG-2-1024x726.jpg\" alt=\"\" width=\"640\" height=\"454\" srcset=\"http:\/\/nordwind.info\/wp-content\/uploads\/2019\/10\/04450-Bf-Langendamm-EG-2-1024x726.jpg 1024w, http:\/\/nordwind.info\/wp-content\/uploads\/2019\/10\/04450-Bf-Langendamm-EG-2-300x213.jpg 300w, http:\/\/nordwind.info\/wp-content\/uploads\/2019\/10\/04450-Bf-Langendamm-EG-2-768x545.jpg 768w, http:\/\/nordwind.info\/wp-content\/uploads\/2019\/10\/04450-Bf-Langendamm-EG-2.jpg 1280w\" sizes=\"auto, (max-width: 640px) 100vw, 640px\" \/><\/a><\/p>\n<p>Gleisseite aus Richtung Nienburg<\/p>\n<p><a href=\"http:\/\/nordwind.info\/wp-content\/uploads\/2019\/10\/04450-Bf-Langendamm-EG-1.jpg\"><img loading=\"lazy\" decoding=\"async\" class=\"alignleft size-large wp-image-6693\" src=\"http:\/\/nordwind.info\/wp-content\/uploads\/2019\/10\/04450-Bf-Langendamm-EG-1-1024x726.jpg\" alt=\"\" width=\"640\" height=\"454\" srcset=\"http:\/\/nordwind.info\/wp-content\/uploads\/2019\/10\/04450-Bf-Langendamm-EG-1-1024x726.jpg 1024w, http:\/\/nordwind.info\/wp-content\/uploads\/2019\/10\/04450-Bf-Langendamm-EG-1-300x213.jpg 300w, http:\/\/nordwind.info\/wp-content\/uploads\/2019\/10\/04450-Bf-Langendamm-EG-1-768x545.jpg 768w, http:\/\/nordwind.info\/wp-content\/uploads\/2019\/10\/04450-Bf-Langendamm-EG-1.jpg 1280w\" sizes=\"auto, (max-width: 640px) 100vw, 640px\" \/><\/a><\/p>\n<p>Gleisseite<\/p>\n<p><a href=\"http:\/\/nordwind.info\/wp-content\/uploads\/2019\/10\/04450-Bf-Langendamm-EG-3.jpg\"><img loading=\"lazy\" decoding=\"async\" class=\"alignleft size-large wp-image-6694\" src=\"http:\/\/nordwind.info\/wp-content\/uploads\/2019\/10\/04450-Bf-Langendamm-EG-3-1024x726.jpg\" alt=\"\" width=\"640\" height=\"454\" srcset=\"http:\/\/nordwind.info\/wp-content\/uploads\/2019\/10\/04450-Bf-Langendamm-EG-3-1024x726.jpg 1024w, http:\/\/nordwind.info\/wp-content\/uploads\/2019\/10\/04450-Bf-Langendamm-EG-3-300x213.jpg 300w, http:\/\/nordwind.info\/wp-content\/uploads\/2019\/10\/04450-Bf-Langendamm-EG-3-768x545.jpg 768w, http:\/\/nordwind.info\/wp-content\/uploads\/2019\/10\/04450-Bf-Langendamm-EG-3.jpg 1280w\" sizes=\"auto, (max-width: 640px) 100vw, 640px\" \/><\/a><\/p>\n<p>Stra\u00dfenseite<\/p>\n<ul>\n<li>&lt;&lt;&lt; <a href=\"http:\/\/nordwind.info\/?page_id=3861\" target=\"_blank\" rel=\"noopener noreferrer\">Nienburg (Weser)<\/a><\/li>\n<li>&gt;&gt;&gt; <a href=\"http:\/\/nordwind.info\/?page_id=6116\" target=\"_blank\" rel=\"noopener noreferrer\">Sch\u00e4ferhof<\/a><\/li>\n<\/ul>\n<p><a href=\"#\">Seitenanfang<\/a><\/p>\n<p><a href=\"http:\/\/nordwind.info\/wp-content\/uploads\/2018\/03\/sh2schluss.gif\"><img loading=\"lazy\" decoding=\"async\" class=\"aligncenter size-full wp-image-2750\" src=\"http:\/\/nordwind.info\/wp-content\/uploads\/2018\/03\/sh2schluss.gif\" alt=\"\" width=\"45\" height=\"66\" \/><\/a><\/p>\n","protected":false},"excerpt":{"rendered":"<p>Auszug OSM Kartenauszug TK 1:25000 (Reichsamt f\u00fcr Landesvermessung 1945) Zum Fahrplanwechsel 1987\/88 wurde der Bahnhof als Tarifstelle f\u00fcr den Personenverkehr aufgel\u00f6st, das Bahnhofsgeb\u00e4ude wurde einige Jahre sp\u00e4ter abgerissen. Lageplan Posten 1 (Die Harke, Nienburger Tageszeitung) 03,500 \u2013 EBR Umgehungsstra\u00dfe B6 &hellip; <a href=\"http:\/\/nordwind.info\/?page_id=6114\">Weiterlesen <span class=\"meta-nav\">&rarr;<\/span><\/a><\/p>\n","protected":false},"author":1,"featured_media":0,"parent":3854,"menu_order":0,"comment_status":"closed","ping_status":"closed","template":"","meta":{"footnotes":""},"class_list":["post-6114","page","type-page","status-publish","hentry"],"_links":{"self":[{"href":"http:\/\/nordwind.info\/index.php?rest_route=\/wp\/v2\/pages\/6114","targetHints":{"allow":["GET"]}}],"collection":[{"href":"http:\/\/nordwind.info\/index.php?rest_route=\/wp\/v2\/pages"}],"about":[{"href":"http:\/\/nordwind.info\/index.php?rest_route=\/wp\/v2\/types\/page"}],"author":[{"embeddable":true,"href":"http:\/\/nordwind.info\/index.php?rest_route=\/wp\/v2\/users\/1"}],"replies":[{"embeddable":true,"href":"http:\/\/nordwind.info\/index.php?rest_route=%2Fwp%2Fv2%2Fcomments&post=6114"}],"version-history":[{"count":10,"href":"http:\/\/nordwind.info\/index.php?rest_route=\/wp\/v2\/pages\/6114\/revisions"}],"predecessor-version":[{"id":12769,"href":"http:\/\/nordwind.info\/index.php?rest_route=\/wp\/v2\/pages\/6114\/revisions\/12769"}],"up":[{"embeddable":true,"href":"http:\/\/nordwind.info\/index.php?rest_route=\/wp\/v2\/pages\/3854"}],"wp:attachment":[{"href":"http:\/\/nordwind.info\/index.php?rest_route=%2Fwp%2Fv2%2Fmedia&parent=6114"}],"curies":[{"name":"wp","href":"https:\/\/api.w.org\/{rel}","templated":true}]}}