

{"id":6026,"date":"2019-10-22T05:35:17","date_gmt":"2019-10-22T05:35:17","guid":{"rendered":"http:\/\/nordwind.info\/?page_id=6026"},"modified":"2020-08-05T06:46:48","modified_gmt":"2020-08-05T06:46:48","slug":"68800-bf-westen","status":"publish","type":"page","link":"http:\/\/nordwind.info\/?page_id=6026","title":{"rendered":"68,800 &#8211; Bf Westen"},"content":{"rendered":"\n\n\t\t\t\t<div id=\"map_ol3js_1\" class=\"map undefined\" data-map_name=\"undefined\" data-map=\"map_ol3js_1\" style=\"width:100%; max-width:100%; height:450px; display:block; overflow:hidden;border:thin solid;\" >\n\t\t\t\t  <div id=\"map_ol3js_1_popup\" class=\"ol-popup\" >\n\t\t\t\t\t<a href=\"#\" id=\"map_ol3js_1_popup-closer\" class=\"ol-popup-closer\"><\/a>\n\t\t\t\t\t<div id=\"map_ol3js_1_popup-content\" ><\/div>\n\t\t\t\t  <\/div>\n\t\t\t\t<\/div>\n\t\t\t\n\n\t\t\t\t<script type=\"text\/javascript\">\n\t\t\t\t\ttranslations['openlayer'] = \"open layer\";\n\t\t\t\t\ttranslations['openlayerAtStartup'] = \"open layer at startup\";\n\t\t\t\t\ttranslations['generateLink'] = \"Der Link zur Karte mit ausgew\u00e4hlten Overlays und angezeigtem Ausschnitt\";\n\t\t\t\t\ttranslations['shortDescription'] = \"Kurzbeschreibung\";\n\t\t\t\t\ttranslations['generatedShortCode'] = \"to get a text control link paste this code in your wordpress editor\";\n\t\t\t\t\ttranslations['closeLayer'] = \"close layer\";\n\t\t\t\t\ttranslations['cantGenerateLink'] = \"put this string in the existing map short code to control this map\";\n\t\t\t  <\/script>\n\n\n\t\t\t  <script type=\"text\/javascript\">\n\t\t\t  vectorM['map_ol3js_1'] = [];\n\t        \n        var raster = getTileLayer(\"\",\"NoKey\");\t\t\t\n\n\t\t\t  var map_ol3js_1 = new ol.Map({\n\t\t\t\tinteractions: ol.interaction.defaults.defaults({mouseWheelZoom:false}),\n\t\t\t\tlayers: [raster],\n\t\t\t\ttarget: \"map_ol3js_1\",\n\t\t\t\tview: new ol.View({\n\t\t\t\t  center: ol.proj.transform([9.2969,52.8383], \"EPSG:4326\", \"EPSG:3857\"),\n\t\t\t\t  zoom: 13\n\t\t\t\t})\n\t\t\t  });\n\t\t\t  osm_addMarkerLayer(map_ol3js_1,9.2969,52.8383,\"http:\/\/nordwind.info\/wp-content\/plugins\/osm\/icons\/mic_red_pinother_02.png\",-16,-41,\"<p><\/p>\") ; \naddControls2Map(map_ol3js_1,0,0,3,0,5,6,7,0,1);\nosm_addPopupClickhandler(map_ol3js_1,  \"map_ol3js_1\"); \nosm_addMouseHover(map_ol3js_1); <\/script>\n<p>Auszug OSM<\/p>\n<p><a href=\"http:\/\/nordwind.info\/wp-content\/uploads\/2017\/11\/D\u00f6rverden-3121.jpg\"><img loading=\"lazy\" decoding=\"async\" class=\"aligncenter size-large wp-image-1813\" src=\"http:\/\/nordwind.info\/wp-content\/uploads\/2017\/11\/D\u00f6rverden-3121-981x1024.jpg\" alt=\"\" width=\"640\" height=\"668\" srcset=\"http:\/\/nordwind.info\/wp-content\/uploads\/2017\/11\/D\u00f6rverden-3121-981x1024.jpg 981w, http:\/\/nordwind.info\/wp-content\/uploads\/2017\/11\/D\u00f6rverden-3121-287x300.jpg 287w, http:\/\/nordwind.info\/wp-content\/uploads\/2017\/11\/D\u00f6rverden-3121-768x802.jpg 768w\" sizes=\"auto, (max-width: 640px) 100vw, 640px\" \/><\/a><\/p>\n<p>Kartenauszug TK 1:25000 (Reichsamt f\u00fcr Landesvermessung 1945)<\/p>\n<p><a href=\"http:\/\/nordwind.info\/wp-content\/uploads\/2020\/08\/Westen-Bf-1600.jpg\"><img loading=\"lazy\" decoding=\"async\" class=\"aligncenter size-large wp-image-9823\" src=\"http:\/\/nordwind.info\/wp-content\/uploads\/2020\/08\/Westen-Bf-1600-1024x724.jpg\" alt=\"\" width=\"640\" height=\"453\" srcset=\"http:\/\/nordwind.info\/wp-content\/uploads\/2020\/08\/Westen-Bf-1600-1024x724.jpg 1024w, http:\/\/nordwind.info\/wp-content\/uploads\/2020\/08\/Westen-Bf-1600-300x212.jpg 300w, http:\/\/nordwind.info\/wp-content\/uploads\/2020\/08\/Westen-Bf-1600-768x543.jpg 768w, http:\/\/nordwind.info\/wp-content\/uploads\/2020\/08\/Westen-Bf-1600-1536x1086.jpg 1536w, http:\/\/nordwind.info\/wp-content\/uploads\/2020\/08\/Westen-Bf-1600.jpg 1600w\" sizes=\"auto, (max-width: 640px) 100vw, 640px\" \/><\/a><\/p>\n<p>Lageplan<\/p>\n<p><a href=\"http:\/\/nordwind.info\/wp-content\/uploads\/2019\/11\/67800-Bf-Westen03.jpg\"><img loading=\"lazy\" decoding=\"async\" class=\"alignleft size-large wp-image-7282\" src=\"http:\/\/nordwind.info\/wp-content\/uploads\/2019\/11\/67800-Bf-Westen03-1024x576.jpg\" alt=\"\" width=\"640\" height=\"360\" srcset=\"http:\/\/nordwind.info\/wp-content\/uploads\/2019\/11\/67800-Bf-Westen03-1024x576.jpg 1024w, http:\/\/nordwind.info\/wp-content\/uploads\/2019\/11\/67800-Bf-Westen03-300x169.jpg 300w, http:\/\/nordwind.info\/wp-content\/uploads\/2019\/11\/67800-Bf-Westen03-768x432.jpg 768w, http:\/\/nordwind.info\/wp-content\/uploads\/2019\/11\/67800-Bf-Westen03.jpg 1920w\" sizes=\"auto, (max-width: 640px) 100vw, 640px\" \/><\/a><\/p>\n<p>Gleisseite<\/p>\n<p><a href=\"http:\/\/nordwind.info\/wp-content\/uploads\/2019\/11\/67800-Bf-Westen05.jpg\"><img loading=\"lazy\" decoding=\"async\" class=\"alignleft size-large wp-image-7283\" src=\"http:\/\/nordwind.info\/wp-content\/uploads\/2019\/11\/67800-Bf-Westen05-1024x576.jpg\" alt=\"\" width=\"640\" height=\"360\" srcset=\"http:\/\/nordwind.info\/wp-content\/uploads\/2019\/11\/67800-Bf-Westen05-1024x576.jpg 1024w, http:\/\/nordwind.info\/wp-content\/uploads\/2019\/11\/67800-Bf-Westen05-300x169.jpg 300w, http:\/\/nordwind.info\/wp-content\/uploads\/2019\/11\/67800-Bf-Westen05-768x432.jpg 768w, http:\/\/nordwind.info\/wp-content\/uploads\/2019\/11\/67800-Bf-Westen05.jpg 1920w\" sizes=\"auto, (max-width: 640px) 100vw, 640px\" \/><\/a><\/p>\n<p>Stra\u00dfenseite<\/p>\n<ul>\n<li>&lt;&lt;&lt; <a href=\"http:\/\/nordwind.info\/?page_id=6028\">H\u00fclsen Nord<\/a><\/li>\n<li>&gt;&gt;&gt; <a href=\"http:\/\/nordwind.info\/?page_id=6024\">Hiddinghausen (Aller)<\/a><\/li>\n<\/ul>\n<p><a href=\"#\">Seitenanfang<\/a><\/p>\n<p><a href=\"http:\/\/nordwind.info\/wp-content\/uploads\/2018\/03\/sh2schluss.gif\"><img loading=\"lazy\" decoding=\"async\" class=\"aligncenter size-full wp-image-2750\" src=\"http:\/\/nordwind.info\/wp-content\/uploads\/2018\/03\/sh2schluss.gif\" alt=\"\" width=\"45\" height=\"66\" \/><\/a><\/p>\n","protected":false},"excerpt":{"rendered":"<p>Auszug OSM Kartenauszug TK 1:25000 (Reichsamt f\u00fcr Landesvermessung 1945) Lageplan Gleisseite Stra\u00dfenseite &lt;&lt;&lt; H\u00fclsen Nord &gt;&gt;&gt; Hiddinghausen (Aller) Seitenanfang<\/p>\n","protected":false},"author":1,"featured_media":0,"parent":4476,"menu_order":0,"comment_status":"closed","ping_status":"closed","template":"","meta":{"footnotes":""},"class_list":["post-6026","page","type-page","status-publish","hentry"],"_links":{"self":[{"href":"http:\/\/nordwind.info\/index.php?rest_route=\/wp\/v2\/pages\/6026","targetHints":{"allow":["GET"]}}],"collection":[{"href":"http:\/\/nordwind.info\/index.php?rest_route=\/wp\/v2\/pages"}],"about":[{"href":"http:\/\/nordwind.info\/index.php?rest_route=\/wp\/v2\/types\/page"}],"author":[{"embeddable":true,"href":"http:\/\/nordwind.info\/index.php?rest_route=\/wp\/v2\/users\/1"}],"replies":[{"embeddable":true,"href":"http:\/\/nordwind.info\/index.php?rest_route=%2Fwp%2Fv2%2Fcomments&post=6026"}],"version-history":[{"count":6,"href":"http:\/\/nordwind.info\/index.php?rest_route=\/wp\/v2\/pages\/6026\/revisions"}],"predecessor-version":[{"id":9824,"href":"http:\/\/nordwind.info\/index.php?rest_route=\/wp\/v2\/pages\/6026\/revisions\/9824"}],"up":[{"embeddable":true,"href":"http:\/\/nordwind.info\/index.php?rest_route=\/wp\/v2\/pages\/4476"}],"wp:attachment":[{"href":"http:\/\/nordwind.info\/index.php?rest_route=%2Fwp%2Fv2%2Fmedia&parent=6026"}],"curies":[{"name":"wp","href":"https:\/\/api.w.org\/{rel}","templated":true}]}}