{"id":49,"date":"2017-08-10T04:50:31","date_gmt":"2017-08-10T04:50:31","guid":{"rendered":"http:\/\/nordwind.info\/?page_id=49"},"modified":"2018-06-14T10:03:19","modified_gmt":"2018-06-14T10:03:19","slug":"49-2","status":"publish","type":"page","link":"http:\/\/nordwind.info\/?page_id=49","title":{"rendered":"Wald und Landschaft"},"content":{"rendered":"<p style=\"text-align: justify;\"><a href=\"http:\/\/nordwind.info\/wp-content\/uploads\/2017\/08\/450px-Nsg_almehaenge-225x300.jpg\"><img loading=\"lazy\" decoding=\"async\" class=\"alignright size-full wp-image-50\" src=\"http:\/\/nordwind.info\/wp-content\/uploads\/2017\/08\/450px-Nsg_almehaenge-225x300.jpg\" alt=\"\" width=\"225\" height=\"300\" \/><\/a>Das Betreten von W\u00e4ldern und der \u00fcbrigen freien Landschaft wird im Nieders\u00e4chsischen Gesetz \u00fcber den Wald und die Landschaftsordnung (NWaldLG) geregelt.\u00a0Das Verhalten in <a href=\"https:\/\/de.wikipedia.org\/wiki\/Naturschutzgebiet_(Deutschland)\">Naturschutzgebieten<\/a> ist im Bundesnaturschutzgestez geregelt.\u00a0Das Nieder-s\u00e4chsische Ausf\u00fchrungsgesetz zum Bundesnatur-schutzgesetz enth\u00e4lt Vorschriften, die dieses Gesetz\u00a0<i>erg\u00e4nzen<\/i> oder von diesem <i>abweichen<\/i>. Hier gilt: Im Naturschutzgebiet sind alle Handlungen verboten, die das Naturschutzgebiet oder einzelne seiner Bestandteile zerst\u00f6ren, besch\u00e4digen oder ver\u00e4ndern. Das Naturschutzgebiet darf au\u00dferhalb der Wege nicht betreten werden.<\/p>\n<p style=\"text-align: justify;\"><a href=\"http:\/\/www.nds-voris.de\/jportal\/portal\/t\/1kgg\/page\/bsvorisprod.psml\/action\/portlets.jw.MainAction?p1=v&amp;eventSubmit_doNavigate=searchInSubtreeTOC&amp;showdoccase=1&amp;doc.hl=0&amp;doc.id=jlr-WaldLGNDV4P23&amp;doc.part=S&amp;toc.poskey=#focuspoint\">Nieders\u00e4chsisches Gesetz \u00fcber den Wald und die Landschaftsordnung (NWaldLG)<\/a><\/p>\n<p style=\"text-align: justify;\">\u00a7 2 Wald und \u00fcbrige freie Landschaft<\/p>\n<p style=\"text-align: justify;\">(1)\u00a0Die freie Landschaft besteht aus den Fl\u00e4chen des Waldes und der \u00fcbrigen freien Landschaft, auch wenn die Fl\u00e4chen innerhalb der im Zusammenhang bebauten Ortsteile liegen.\u00a0Bestandteile dieser Fl\u00e4chen sind auch die zugeh\u00f6rigen Wege und Gew\u00e4sser.<\/p>\n<p style=\"text-align: justify;\">\u00a723 Recht zum Betreten<\/p>\n<p style=\"text-align: justify;\">(1) Jeder Mensch darf die freie Landschaft (\u00a7 2 Abs. 1) betreten und sich dort erholen.\u00a0Dieses Recht findet seine Grenze in einer f\u00fcr die Grundbesitzenden unzumutbaren Nutzung, insbesondere durch \u00f6ffentliche Veranstaltungen oder eine gewerbsm\u00e4\u00dfige Nutzung.<\/p>\n<p style=\"text-align: justify;\">(2) Nicht betreten werden d\u00fcrfen<\/p>\n<ol style=\"text-align: justify;\">\n<li>Waldkulturen, Walddickungen, Waldbaumschulen sowie Fl\u00e4chen, auf denen Holz eingeschlagen wird,<\/li>\n<li>\u00c4cker in der Zeit vom Beginn ihrer Bestellung bis zum Ende der Ernte und<\/li>\n<li>Wiesen w\u00e4hrend der Aufwuchszeit und Weiden w\u00e4hrend der Aufwuchs- oder Weidezeit.<\/li>\n<\/ol>\n<p style=\"text-align: justify;\">(3) Betreten im Sinne dieses Gesetzes ist das Begehen, das Fahren in den F\u00e4llen des \u00a7 25 Abs. 1 und das Reiten.<\/p>\n<p style=\"text-align: justify;\">\u00a724 Begehen<br \/>\nDas Begehen schlie\u00dft das Skilaufen, das nicht durch Motorkraft oder Zugtiere bewirkte Schlittenfahren und das Benutzen von Krankenfahrst\u00fchlen ohne Motorkraft ein.<\/p>\n<p style=\"text-align: justify;\">\u00a725 Fahren<\/p>\n<p style=\"text-align: justify;\">(1) Das Fahren mit Fahrr\u00e4dern ohne Motorkraft und mit Krankenfahrst\u00fchlen mit Motorkraft ist auf tats\u00e4chlich \u00f6ffentlichen Wegen gestattet. Tats\u00e4chlich \u00f6ffentliche Wege sind private Stra\u00dfen und Wege, die mit Zustimmung oder Duldung der Grundeigent\u00fcmerin, des Grundeigent\u00fcmers oder der sonstigen berechtigten Person tats\u00e4chlich f\u00fcr den \u00f6ffentlichen Verkehr genutzt werden; dazu geh\u00f6ren Wanderwege, Radwege, Fahrwege (Absatz 2 Satz 2), Reitwege und Freizeitwege (\u00a7 37).<\/p>\n<p style=\"text-align: justify;\">(2) Au\u00dferhalb von Fahrwegen ist das Fahren mit Kraftfahrzeugen sowie mit von Zugtieren gezogenen Fuhrwerken oder Schlitten nicht gestattet. Fahrwege sind befestigte oder naturfeste Wirtschaftswege, die von zweispurigen nicht gel\u00e4ndeg\u00e4ngigen Kraftfahrzeugen ganzj\u00e4hrig befahren werden k\u00f6nnen. Das Fahren mit den in Satz 1 genannten Fahrzeugen auf Fahrwegen wird durch dieses Gesetz nicht geregelt.<\/p>\n<p style=\"text-align: justify;\"><strong>Naturschutzgebiete<\/strong><\/p>\n<p style=\"text-align: justify;\"><a href=\"http:\/\/www.naturschutzrecht-online.de\/datenbanken\/gesetze\/Gesetze\/showLawVersion?title=BNatSchG#23\">Gesetz \u00fcber Naturschutz und Landschaftspflege (Bundesnaturschutzgesetz \u2013 BNatSchG)<\/a><\/p>\n<p class=\"Paragrafenueberschrift\" style=\"text-align: justify;\">\u00a7 23 Naturschutzgebiete<\/p>\n<div style=\"text-align: justify;\">\n<p class=\"Paragraf\">(1) Naturschutzgebiete sind rechtsverbindlich festgesetzte Gebiete, in denen ein besonderer Schutz von Natur und Landschaft in ihrer Ganzheit oder in einzelnen Teilen<\/p>\n<ol>\n<li class=\"Paragraf\">zur Erhaltung, Entwicklung oder Wiederherstellung von Biotopen oder Lebensgemeinschaften bestimmter wild lebender Tier- und Pflanzenarten,<\/li>\n<\/ol>\n<p class=\"ParagrafEinzug1\">2. \u00a0 aus wissenschaftlichen, naturgeschichtlichen oder landeskundlichen Gr\u00fcnden oder<\/p>\n<p class=\"ParagrafEinzug1\">3. \u00a0 wegen ihrer Seltenheit, besonderen Eigenart oder hervorragenden Sch\u00f6nheit<\/p>\n<p class=\"Paragraf\">erforderlich ist.<\/p>\n<p class=\"Paragraf\">(2) Alle Handlungen, die zu einer <strong>Zerst\u00f6rung<\/strong>, <strong>Besch\u00e4digung<\/strong> oder <strong>Ver\u00e4nderung<\/strong> des Naturschutzgebiets oder seiner Bestandteile oder zu einer nachhaltigen St\u00f6rung f\u00fchren k\u00f6nnen, sind nach Ma\u00dfgabe n\u00e4herer <a href=\"http:\/\/www.naturschutzrecht-online.de\/naturschutzrecht\/schutzgebiete\/5-2-naturschutzgebiete-a7-23-bnatschg\/5-2-3-verbote\">Bestimmungen<\/a> verboten. Soweit es der Schutzzweck erlaubt, k\u00f6nnen Naturschutzgebiete der Allgemeinheit zug\u00e4nglich gemacht werden.<\/p>\n<\/div>\n<p class=\"Paragraf\" style=\"text-align: justify;\"><a href=\"http:\/\/www.voris.niedersachsen.de\/jportal\/portal\/t\/1erx\/page\/bsvorisprod.psml\/action\/portlets.jw.MainAction?p1=m&amp;eventSubmit_doNavigate=searchInSubtreeTOC&amp;showdoccase=1&amp;doc.hl=0&amp;doc.id=jlr-BNatSchGAGNDpP16&amp;doc.part=S&amp;toc.poskey=#focuspoint\">Nieders\u00e4chsisches Ausf\u00fchrungsgesetz zum Bundesnaturschutzgesetz\u00a0(NAGBNatSchG)<\/a><\/p>\n<p style=\"text-align: justify;\">Das\u00a0Gesetz\u00a0enth\u00e4lt Vorschriften, die das Bundesnaturschutzgesetz\u00a0<i>erg\u00e4nzen<\/i> oder von diesem <i>abweichen<\/i>.<\/p>\n<p style=\"text-align: justify;\">\u00a7 16 Naturschutzgebiete<\/p>\n<p style=\"text-align: justify;\">(1) Die Naturschutzbeh\u00f6rde kann Gebiete im Sinne von \u00a7 23 Abs. 1 BNatSchG durch Verordnung als Naturschutzgebiet festsetzen.\u00a0Das Naturschutzgebiet darf au\u00dferhalb der Wege nicht betreten werden.\u00a0Soweit der Schutzzweck es erfordert oder erlaubt, kann die Verordnung Ausnahmen von Satz 1 zulassen.<\/p>\n<div style=\"text-align: justify;\">\n<p class=\"Paragraf\"><a href=\"http:\/\/www.nlwkn.niedersachsen.de\/naturschutz\/schutzgebiete\/einzelnen_naturschutzgebiete\/die-naturschutzgebiete-niedersachsens-45299.html\">Naturschutzgebiete in Niedersachsen<\/a><\/p>\n<\/div>\n<p style=\"text-align: justify;\"><a href=\"#\">Nach oben<\/a><\/p>\n","protected":false},"excerpt":{"rendered":"<p>Das Betreten von W\u00e4ldern und der \u00fcbrigen freien Landschaft wird im Nieders\u00e4chsischen Gesetz \u00fcber den Wald und die Landschaftsordnung (NWaldLG) geregelt.\u00a0Das Verhalten in Naturschutzgebieten ist im Bundesnaturschutzgestez geregelt.\u00a0Das Nieder-s\u00e4chsische Ausf\u00fchrungsgesetz zum Bundesnatur-schutzgesetz enth\u00e4lt Vorschriften, die dieses Gesetz\u00a0erg\u00e4nzen oder von diesem &hellip; <a href=\"http:\/\/nordwind.info\/?page_id=49\">Weiterlesen <span class=\"meta-nav\">&rarr;<\/span><\/a><\/p>\n","protected":false},"author":1,"featured_media":0,"parent":6,"menu_order":1,"comment_status":"closed","ping_status":"closed","template":"","meta":{"footnotes":""},"class_list":["post-49","page","type-page","status-publish","hentry"],"_links":{"self":[{"href":"http:\/\/nordwind.info\/index.php?rest_route=\/wp\/v2\/pages\/49","targetHints":{"allow":["GET"]}}],"collection":[{"href":"http:\/\/nordwind.info\/index.php?rest_route=\/wp\/v2\/pages"}],"about":[{"href":"http:\/\/nordwind.info\/index.php?rest_route=\/wp\/v2\/types\/page"}],"author":[{"embeddable":true,"href":"http:\/\/nordwind.info\/index.php?rest_route=\/wp\/v2\/users\/1"}],"replies":[{"embeddable":true,"href":"http:\/\/nordwind.info\/index.php?rest_route=%2Fwp%2Fv2%2Fcomments&post=49"}],"version-history":[{"count":11,"href":"http:\/\/nordwind.info\/index.php?rest_route=\/wp\/v2\/pages\/49\/revisions"}],"predecessor-version":[{"id":3873,"href":"http:\/\/nordwind.info\/index.php?rest_route=\/wp\/v2\/pages\/49\/revisions\/3873"}],"up":[{"embeddable":true,"href":"http:\/\/nordwind.info\/index.php?rest_route=\/wp\/v2\/pages\/6"}],"wp:attachment":[{"href":"http:\/\/nordwind.info\/index.php?rest_route=%2Fwp%2Fv2%2Fmedia&parent=49"}],"curies":[{"name":"wp","href":"https:\/\/api.w.org\/{rel}","templated":true}]}}