{"id":4728,"date":"2019-04-30T04:43:54","date_gmt":"2019-04-30T04:43:54","guid":{"rendered":"http:\/\/nordwind.info\/?page_id=4728"},"modified":"2025-03-18T06:47:58","modified_gmt":"2025-03-18T06:47:58","slug":"peenemuende-werkbahn","status":"publish","type":"page","link":"http:\/\/nordwind.info\/?page_id=4728","title":{"rendered":"Peenem\u00fcnde, Werkbahn"},"content":{"rendered":"<ul>\n<li>Bezeichnung:\u00a0Werkbahn Heeresversuchsanstalt Peenem\u00fcnde<\/li>\n<li>L\u00e4nge: \u00a0 \u00a0 \u00a0 \u00a0 \u00a0 \u00a0 106,0 km, davon 71,6 km elektrisch betrieben\n<ul>\n<li style=\"list-style-type: none;\">\n<ul>\n<li style=\"list-style-type: none;\">\n<ul>\n<li style=\"list-style-type: none;\">\n<ul>\n<li>12 Bahnh\u00f6fe \/ Haltepunkte<\/li>\n<\/ul>\n<\/li>\n<\/ul>\n<\/li>\n<\/ul>\n<\/li>\n<\/ul>\n<\/li>\n<li>Spurweite: \u00a0 \u00a0 \u00a01435 mm (Normalspur), 40 km\/h H\u00f6chstgeschwindigkeit<\/li>\n<li>Fahrzeuge: \u00a0 \u00a0 15 Trieb- und Steuerwagen der Baureihe 167 der Berliner S-Bahn<\/li>\n<li>Betrieb: \u00a0 \u00a0 \u00a0 \u00a0 \u00a0 Zugabst\u00e4nde von 20 bis 60 Minuten (05:00 Uhr bis 23:00 Uhr)<\/li>\n<li>Nutzung: \u00a0 \u00a0 \u00a0 \u00a0Deutsche Reichsbahn \/ Wehrmacht\n<ul>\n<li style=\"list-style-type: none;\">\n<ul>\n<li style=\"list-style-type: none;\">\n<ul>\n<li style=\"list-style-type: none;\">\n<ul>\n<li><a title=\"13,400 \u2013 Bf Peenem\u00fcnde Versuchsanstalt\" href=\"http:\/\/location-x.info\/?page_id=15723\">Peenem\u00fcnde Heeresversuchsanstalt<\/a><\/li>\n<\/ul>\n<\/li>\n<\/ul>\n<\/li>\n<\/ul>\n<\/li>\n<\/ul>\n<\/li>\n<li>Er\u00f6ffnung: \u00a0 \u00a0 15. April 1943<\/li>\n<li>Schlie\u00dfung: \u00a0 \u00a0entf\u00e4llt<\/li>\n<li>Fahrplan: \u00a0 \u00a0 \u00a0 <a title=\"Fahrplan Werkbahn Peenem\u00fcnde\" href=\"http:\/\/location-x.info\/?page_id=15304\">Sonderfahrplan<\/a><\/li>\n<li>Fundstelle: \u00a0 \u00a0<a href=\"http:\/\/de.wikipedia.org\/wiki\/Bahnstrecke_Zinnowitz%E2%80%93Peenem%C3%BCnde\" target=\"_blank\" rel=\"noopener noreferrer\">Wikipedia<\/a><\/li>\n<\/ul>\n<p style=\"text-align: justify;\">Die Strecke entstand Mitte der 1930er Jahre zusammen mit der Heeresversuchsanstalt, als die Wehrmacht einen geeigneten Standort f\u00fcr ihre Raketenteste suchte. Da der so genannte \u201ePeenem\u00fcnder Zipfel\u201c kaum besiedelt und zu drei Seiten von Wasser umgeben war, wurde das Gel\u00e4nde f\u00fcr geeignet befunden und der Bau veranlasst. Als Werksanschluss sollte die neu zu errichtende Bahn vor allem dem Transport von G\u00fctern sowie von Milit\u00e4rangeh\u00f6rigen dienen. Nach rund einj\u00e4hriger Bauzeit konnte diese am 28. Juli 1937 in Betrieb gehen, die Fahrt war f\u00fcr Zivilisten jedoch untersagt, f\u00fchrte die Bahn doch in milit\u00e4risches Sperrgel\u00e4nde.<\/p>\n<p style=\"text-align: justify;\"><a href=\"http:\/\/nordwind.info\/wp-content\/uploads\/2019\/04\/Peenemuende-S-Bahn1.jpg\"><img loading=\"lazy\" decoding=\"async\" class=\"alignright size-medium wp-image-4739\" src=\"http:\/\/nordwind.info\/wp-content\/uploads\/2019\/04\/Peenemuende-S-Bahn1-300x206.jpg\" alt=\"\" width=\"300\" height=\"206\" srcset=\"http:\/\/nordwind.info\/wp-content\/uploads\/2019\/04\/Peenemuende-S-Bahn1-300x206.jpg 300w, http:\/\/nordwind.info\/wp-content\/uploads\/2019\/04\/Peenemuende-S-Bahn1-768x528.jpg 768w, http:\/\/nordwind.info\/wp-content\/uploads\/2019\/04\/Peenemuende-S-Bahn1.jpg 968w\" sizes=\"auto, (max-width: 300px) 100vw, 300px\" \/><\/a>1941 wurde die Bahn mit 1200 Volt Gleichspannung und Oberleitung elektrifiziert. Der elektrische Betrieb beschr\u00e4nkte sich allerdings wie der Personenverkehr auf die Stammstrecke und wurde nicht in die Versuchsanstalt durchgebunden. Zum Einsatz kamen 15 Triebz\u00fcge, die der Baureihe ET 167 der Berliner S-Bahn\u00a0\u00e4hnelten.<\/p>\n<p><strong>Streckenband<\/strong><\/p>\n<ul>\n<li style=\"list-style-type: none;\">\n<ul>\n<li style=\"list-style-type: none;\">\n<ul>\n<li style=\"list-style-type: none;\">\n<ul>\n<li>Abzw\u00a0<a title=\"6773 Heringsdorf \u2013 Wolgaster F\u00e4hre\" href=\"http:\/\/location-x.info\/?page_id=14443\">Strecke 6773<\/a>\u00a0Heringsdorf \u2013 Wolgaster F\u00e4hre<\/li>\n<\/ul>\n<\/li>\n<\/ul>\n<\/li>\n<\/ul>\n<\/li>\n<li>00,000 \u2013 Bf Zinnowitz<\/li>\n<li>02,800 \u2013 Hpu Trassenheide Dorf<\/li>\n<li>04,600 \u2013\u00a0Hpu Trassenmoor Lager<\/li>\n<li>06,600 \u2013 Hpu Karlshagen<\/li>\n<li>07,300 \u2013\u00a0Hpu Karlshagen Siedlung\n<ul>\n<li style=\"list-style-type: none;\">\n<ul>\n<li style=\"list-style-type: none;\">\n<ul>\n<li>08,500 \u2013 Hpu Hauptverwaltung<\/li>\n<li>09,600 \u2013 Hpu Holzwerkstatt<\/li>\n<li>10,800 \u2013 Hauptwache Nord<\/li>\n<li>12,900 \u2013\u00a0<a title=\"12,000 \u2013 Bf Peenem\u00fcnde Dorf\" href=\"http:\/\/location-x.info\/?page_id=15715\">Bf Peenem\u00fcnde Dorf<\/a><\/li>\n<li>13,600 \u2013 Peenem\u00fcnde Kraftwerk<\/li>\n<\/ul>\n<\/li>\n<\/ul>\n<\/li>\n<\/ul>\n<\/li>\n<li>11,200 \u2013<em>\u00a0<\/em><a title=\"11,000 \u2013 Hpu Werk Ost\" href=\"http:\/\/location-x.info\/?page_id=15707\">Hpu Peenem\u00fcnde Werk Ost<\/a><\/li>\n<li>12,800 \u2013 Hpu Peenem\u00fcnde West<\/li>\n<\/ul>\n<p><strong>\u00dcbersichtskarte<\/strong><\/p>\n<p><a href=\"http:\/\/nordwind.info\/wp-content\/uploads\/2019\/04\/Bahnstrecke_Peenemuende.png\"><img loading=\"lazy\" decoding=\"async\" class=\"alignleft size-full wp-image-4732\" src=\"http:\/\/nordwind.info\/wp-content\/uploads\/2019\/04\/Bahnstrecke_Peenemuende.png\" alt=\"\" width=\"900\" height=\"611\" srcset=\"http:\/\/nordwind.info\/wp-content\/uploads\/2019\/04\/Bahnstrecke_Peenemuende.png 900w, http:\/\/nordwind.info\/wp-content\/uploads\/2019\/04\/Bahnstrecke_Peenemuende-300x204.png 300w, http:\/\/nordwind.info\/wp-content\/uploads\/2019\/04\/Bahnstrecke_Peenemuende-768x521.png 768w\" sizes=\"auto, (max-width: 900px) 100vw, 900px\" \/><\/a><\/p>\n<p>Strecke Zinnowitz \u2013 Peenem\u00fcnde by Begw, Wikipedia<\/p>\n<p><a href=\"http:\/\/nordwind.info\/wp-content\/uploads\/2019\/04\/Peenem\u00fcnde-Werkbahn-Streckenplan-e1519643699331.jpg\"><img loading=\"lazy\" decoding=\"async\" class=\"alignleft size-full wp-image-4731\" src=\"http:\/\/nordwind.info\/wp-content\/uploads\/2019\/04\/Peenem\u00fcnde-Werkbahn-Streckenplan-e1519643699331.jpg\" alt=\"\" width=\"1824\" height=\"1080\" srcset=\"http:\/\/nordwind.info\/wp-content\/uploads\/2019\/04\/Peenem\u00fcnde-Werkbahn-Streckenplan-e1519643699331.jpg 1824w, http:\/\/nordwind.info\/wp-content\/uploads\/2019\/04\/Peenem\u00fcnde-Werkbahn-Streckenplan-e1519643699331-300x178.jpg 300w, http:\/\/nordwind.info\/wp-content\/uploads\/2019\/04\/Peenem\u00fcnde-Werkbahn-Streckenplan-e1519643699331-768x455.jpg 768w, http:\/\/nordwind.info\/wp-content\/uploads\/2019\/04\/Peenem\u00fcnde-Werkbahn-Streckenplan-e1519643699331-1024x606.jpg 1024w\" sizes=\"auto, (max-width: 1824px) 100vw, 1824px\" \/><\/a><\/p>\n<p>Streckenplan der Werkbahn Peenem\u00fcnde<\/p>\n<p><a href=\"http:\/\/nordwind.info\/wp-content\/uploads\/2019\/04\/1280Fahrplan-Werkbahn-Peenemuende-Titel.jpg\"><img loading=\"lazy\" decoding=\"async\" class=\"alignleft size-full wp-image-4734\" src=\"http:\/\/nordwind.info\/wp-content\/uploads\/2019\/04\/1280Fahrplan-Werkbahn-Peenemuende-Titel.jpg\" alt=\"\" width=\"1280\" height=\"421\" srcset=\"http:\/\/nordwind.info\/wp-content\/uploads\/2019\/04\/1280Fahrplan-Werkbahn-Peenemuende-Titel.jpg 1280w, http:\/\/nordwind.info\/wp-content\/uploads\/2019\/04\/1280Fahrplan-Werkbahn-Peenemuende-Titel-300x99.jpg 300w, http:\/\/nordwind.info\/wp-content\/uploads\/2019\/04\/1280Fahrplan-Werkbahn-Peenemuende-Titel-768x253.jpg 768w, http:\/\/nordwind.info\/wp-content\/uploads\/2019\/04\/1280Fahrplan-Werkbahn-Peenemuende-Titel-1024x337.jpg 1024w\" sizes=\"auto, (max-width: 1280px) 100vw, 1280px\" \/><\/a><\/p>\n<p>Fahrplanheft 1943<\/p>\n<p><a href=\"http:\/\/nordwind.info\/wp-content\/uploads\/2019\/04\/Peenemuende-Fahrplan-neu.jpg\"><img loading=\"lazy\" decoding=\"async\" class=\"alignleft size-full wp-image-4735\" src=\"http:\/\/nordwind.info\/wp-content\/uploads\/2019\/04\/Peenemuende-Fahrplan-neu.jpg\" alt=\"\" width=\"1280\" height=\"422\" srcset=\"http:\/\/nordwind.info\/wp-content\/uploads\/2019\/04\/Peenemuende-Fahrplan-neu.jpg 1280w, http:\/\/nordwind.info\/wp-content\/uploads\/2019\/04\/Peenemuende-Fahrplan-neu-300x99.jpg 300w, http:\/\/nordwind.info\/wp-content\/uploads\/2019\/04\/Peenemuende-Fahrplan-neu-768x253.jpg 768w, http:\/\/nordwind.info\/wp-content\/uploads\/2019\/04\/Peenemuende-Fahrplan-neu-1024x338.jpg 1024w\" sizes=\"auto, (max-width: 1280px) 100vw, 1280px\" \/><\/a><\/p>\n<p>Fahrplan 1944<\/p>\n<p><a href=\"http:\/\/nordwind.info\/wp-content\/uploads\/2019\/04\/122b.jpg\"><img loading=\"lazy\" decoding=\"async\" class=\"alignleft size-full wp-image-4736\" src=\"http:\/\/nordwind.info\/wp-content\/uploads\/2019\/04\/122b.jpg\" alt=\"\" width=\"758\" height=\"140\" srcset=\"http:\/\/nordwind.info\/wp-content\/uploads\/2019\/04\/122b.jpg 758w, http:\/\/nordwind.info\/wp-content\/uploads\/2019\/04\/122b-300x55.jpg 300w\" sizes=\"auto, (max-width: 758px) 100vw, 758px\" \/><\/a><\/p>\n<p>Fahplan Kursbuch DR 1955<\/p>\n<p><a href=\"#\">Seitenanfang<\/a><\/p>\n<p><a href=\"http:\/\/nordwind.info\/wp-content\/uploads\/2018\/03\/sh2schluss.gif\"><img loading=\"lazy\" decoding=\"async\" class=\"size-full wp-image-2750 aligncenter\" src=\"http:\/\/nordwind.info\/wp-content\/uploads\/2018\/03\/sh2schluss.gif\" alt=\"\" width=\"45\" height=\"66\" \/><\/a><\/p>\n","protected":false},"excerpt":{"rendered":"<p>Bezeichnung:\u00a0Werkbahn Heeresversuchsanstalt Peenem\u00fcnde L\u00e4nge: \u00a0 \u00a0 \u00a0 \u00a0 \u00a0 \u00a0 106,0 km, davon 71,6 km elektrisch betrieben 12 Bahnh\u00f6fe \/ Haltepunkte Spurweite: \u00a0 \u00a0 \u00a01435 mm (Normalspur), 40 km\/h H\u00f6chstgeschwindigkeit Fahrzeuge: \u00a0 \u00a0 15 Trieb- und Steuerwagen der Baureihe 167 &hellip; <a href=\"http:\/\/nordwind.info\/?page_id=4728\">Weiterlesen <span class=\"meta-nav\">&rarr;<\/span><\/a><\/p>\n","protected":false},"author":1,"featured_media":0,"parent":14039,"menu_order":0,"comment_status":"closed","ping_status":"closed","template":"","meta":{"footnotes":""},"class_list":["post-4728","page","type-page","status-publish","hentry"],"_links":{"self":[{"href":"http:\/\/nordwind.info\/index.php?rest_route=\/wp\/v2\/pages\/4728","targetHints":{"allow":["GET"]}}],"collection":[{"href":"http:\/\/nordwind.info\/index.php?rest_route=\/wp\/v2\/pages"}],"about":[{"href":"http:\/\/nordwind.info\/index.php?rest_route=\/wp\/v2\/types\/page"}],"author":[{"embeddable":true,"href":"http:\/\/nordwind.info\/index.php?rest_route=\/wp\/v2\/users\/1"}],"replies":[{"embeddable":true,"href":"http:\/\/nordwind.info\/index.php?rest_route=%2Fwp%2Fv2%2Fcomments&post=4728"}],"version-history":[{"count":8,"href":"http:\/\/nordwind.info\/index.php?rest_route=\/wp\/v2\/pages\/4728\/revisions"}],"predecessor-version":[{"id":14047,"href":"http:\/\/nordwind.info\/index.php?rest_route=\/wp\/v2\/pages\/4728\/revisions\/14047"}],"up":[{"embeddable":true,"href":"http:\/\/nordwind.info\/index.php?rest_route=\/wp\/v2\/pages\/14039"}],"wp:attachment":[{"href":"http:\/\/nordwind.info\/index.php?rest_route=%2Fwp%2Fv2%2Fmedia&parent=4728"}],"curies":[{"name":"wp","href":"https:\/\/api.w.org\/{rel}","templated":true}]}}