{"id":4673,"date":"2019-04-30T02:54:52","date_gmt":"2019-04-30T02:54:52","guid":{"rendered":"http:\/\/nordwind.info\/?page_id=4673"},"modified":"2025-03-19T03:36:42","modified_gmt":"2025-03-19T03:36:42","slug":"4673-2","status":"publish","type":"page","link":"http:\/\/nordwind.info\/?page_id=4673","title":{"rendered":"H\u00fclsen, Agl Kaliwerk"},"content":{"rendered":"<p><a href=\"http:\/\/nordwind.info\/wp-content\/uploads\/2019\/04\/H\u00fclsen.png\"><img loading=\"lazy\" decoding=\"async\" class=\"alignleft size-full wp-image-4674\" src=\"http:\/\/nordwind.info\/wp-content\/uploads\/2019\/04\/H\u00fclsen.png\" alt=\"\" width=\"839\" height=\"578\" srcset=\"http:\/\/nordwind.info\/wp-content\/uploads\/2019\/04\/H\u00fclsen.png 839w, http:\/\/nordwind.info\/wp-content\/uploads\/2019\/04\/H\u00fclsen-300x207.png 300w, http:\/\/nordwind.info\/wp-content\/uploads\/2019\/04\/H\u00fclsen-768x529.png 768w\" sizes=\"auto, (max-width: 839px) 100vw, 839px\" \/><\/a><\/p>\n<p style=\"text-align: justify;\">Im Jahre 1911 begannen die Arbeiten f\u00fcr einen Schacht der bis in die Steinsalzvorkommen (Tiefe 630 m) abgeteuft wird. Der Betrieb des Kaliwerks dauerte von 1912 bis 1924 und hatte bis zu 650 Besch\u00e4ftigten.<\/p>\n<p style=\"text-align: justify;\">Auf dem Betriebsgel\u00e4nde der NORKA stehen noch einige Geb\u00e4ude als Zeugen aus der Kalizeit. Seit 1934 bis Kriegsende war dort dann eine Motorsportschule sowie ein Munititonsdepot untergebracht. Die Kalisch\u00e4chte wurden um viele kleine Kavernen erweitert, um dort beispielsweise Torpedos zu lagern.<\/p>\n<p style=\"text-align: justify;\">Nach dem Krieg wird auf dem \u201cKaligel\u00e4nde\u201d ein Kreisfl\u00fcchtlingslager\u00a0 eingerichtet. F\u00fcr die Bewohner werden sp\u00e4ter Wohnh\u00e4user in H\u00fclsen gebaut.<\/p>\n<p><a href=\"http:\/\/nordwind.info\/wp-content\/uploads\/2019\/04\/Huelsen-Anschlussgleis.jpg\"><img loading=\"lazy\" decoding=\"async\" class=\"alignleft size-full wp-image-4675\" src=\"http:\/\/nordwind.info\/wp-content\/uploads\/2019\/04\/Huelsen-Anschlussgleis.jpg\" alt=\"\" width=\"640\" height=\"760\" srcset=\"http:\/\/nordwind.info\/wp-content\/uploads\/2019\/04\/Huelsen-Anschlussgleis.jpg 640w, http:\/\/nordwind.info\/wp-content\/uploads\/2019\/04\/Huelsen-Anschlussgleis-253x300.jpg 253w\" sizes=\"auto, (max-width: 640px) 100vw, 640px\" \/><\/a><\/p>\n<p>Kartenauszug TK 1:25000 (Reichsamt f\u00fcr Landesvermessung 1945)<\/p>\n<p><a href=\"#\">Seitenanfang<\/a><\/p>\n","protected":false},"excerpt":{"rendered":"<p>Im Jahre 1911 begannen die Arbeiten f\u00fcr einen Schacht der bis in die Steinsalzvorkommen (Tiefe 630 m) abgeteuft wird. Der Betrieb des Kaliwerks dauerte von 1912 bis 1924 und hatte bis zu 650 Besch\u00e4ftigten. Auf dem Betriebsgel\u00e4nde der NORKA stehen &hellip; <a href=\"http:\/\/nordwind.info\/?page_id=4673\">Weiterlesen <span class=\"meta-nav\">&rarr;<\/span><\/a><\/p>\n","protected":false},"author":1,"featured_media":0,"parent":14039,"menu_order":0,"comment_status":"closed","ping_status":"closed","template":"","meta":{"footnotes":""},"class_list":["post-4673","page","type-page","status-publish","hentry"],"_links":{"self":[{"href":"http:\/\/nordwind.info\/index.php?rest_route=\/wp\/v2\/pages\/4673","targetHints":{"allow":["GET"]}}],"collection":[{"href":"http:\/\/nordwind.info\/index.php?rest_route=\/wp\/v2\/pages"}],"about":[{"href":"http:\/\/nordwind.info\/index.php?rest_route=\/wp\/v2\/types\/page"}],"author":[{"embeddable":true,"href":"http:\/\/nordwind.info\/index.php?rest_route=\/wp\/v2\/users\/1"}],"replies":[{"embeddable":true,"href":"http:\/\/nordwind.info\/index.php?rest_route=%2Fwp%2Fv2%2Fcomments&post=4673"}],"version-history":[{"count":7,"href":"http:\/\/nordwind.info\/index.php?rest_route=\/wp\/v2\/pages\/4673\/revisions"}],"predecessor-version":[{"id":14054,"href":"http:\/\/nordwind.info\/index.php?rest_route=\/wp\/v2\/pages\/4673\/revisions\/14054"}],"up":[{"embeddable":true,"href":"http:\/\/nordwind.info\/index.php?rest_route=\/wp\/v2\/pages\/14039"}],"wp:attachment":[{"href":"http:\/\/nordwind.info\/index.php?rest_route=%2Fwp%2Fv2%2Fmedia&parent=4673"}],"curies":[{"name":"wp","href":"https:\/\/api.w.org\/{rel}","templated":true}]}}