{"id":4535,"date":"2018-11-26T04:40:17","date_gmt":"2018-11-26T04:40:17","guid":{"rendered":"http:\/\/nordwind.info\/?page_id=4535"},"modified":"2025-02-14T04:39:03","modified_gmt":"2025-02-14T04:39:03","slug":"bassum-fm-anlage-gross-hollwedel","status":"publish","type":"page","link":"http:\/\/nordwind.info\/?page_id=4535","title":{"rendered":"Bassum, Fm-Anlage Gro\u00df Hollwedel"},"content":{"rendered":"<p>In der Schweinsheide zwischen Bassum und Harpstedt sollte w\u00e4hrend des 2. Weltkriegs im Auftrag der Deutschen Reichspost eine Fernmeldeanlage f\u00fcr die milit\u00e4rische Kommunikation der Wehrmacht entstehen.<\/p>\n<p style=\"text-align: justify;\">Da die drei geplanten T\u00fcrme nie vollendet wurden, legten die Alliierten auch keinen Wert auf die Beseitigung der Anlagen.\u00a0Die \u00dcberreste befinden sich in einem Naherholungsgebiet und sind somit frei zug\u00e4nglich.<\/p>\n<p>Fundstelle: <a href=\"https:\/\/www.relikte.com\/hollwedel\/\">Relikte.com<\/a><\/p>\n<div id=\"mapp0_layout\" class=\"mapp-layout\" style=\"width: 640px; \"><div id=\"mapp0_links\" class=\"mapp-map-links\"><\/div><div id=\"mapp0_dialog\" class=\"mapp-dialog\"><\/div><div id=\"mapp0\" class=\"mapp-canvas\" style=\"width: 100%; height: 480px; \"><\/div><div id=\"mapp0_directions\" class=\"mapp-directions\" style=\"width:100%\"><\/div><div id=\"mapp0_poi_list\" class=\"mapp-poi-list\" style=\"width:100%\"><\/div><\/div>\n<p>Kartenauszug OSM<\/p>\n<p><a href=\"http:\/\/nordwind.info\/wp-content\/uploads\/2018\/11\/IMG_0573.jpeg\"><img loading=\"lazy\" decoding=\"async\" class=\"aligncenter size-large wp-image-4532\" src=\"http:\/\/nordwind.info\/wp-content\/uploads\/2018\/11\/IMG_0573-1024x768.jpeg\" alt=\"\" width=\"640\" height=\"480\" srcset=\"http:\/\/nordwind.info\/wp-content\/uploads\/2018\/11\/IMG_0573-1024x768.jpeg 1024w, http:\/\/nordwind.info\/wp-content\/uploads\/2018\/11\/IMG_0573-300x225.jpeg 300w, http:\/\/nordwind.info\/wp-content\/uploads\/2018\/11\/IMG_0573-768x576.jpeg 768w, http:\/\/nordwind.info\/wp-content\/uploads\/2018\/11\/IMG_0573.jpeg 1280w\" sizes=\"auto, (max-width: 640px) 100vw, 640px\" \/><\/a>Turm<\/p>\n<p><a href=\"http:\/\/nordwind.info\/wp-content\/uploads\/2018\/11\/IMG_0572.jpeg\"><img loading=\"lazy\" decoding=\"async\" class=\"aligncenter size-large wp-image-4533\" src=\"http:\/\/nordwind.info\/wp-content\/uploads\/2018\/11\/IMG_0572-1024x768.jpeg\" alt=\"\" width=\"640\" height=\"480\" srcset=\"http:\/\/nordwind.info\/wp-content\/uploads\/2018\/11\/IMG_0572-1024x768.jpeg 1024w, http:\/\/nordwind.info\/wp-content\/uploads\/2018\/11\/IMG_0572-300x225.jpeg 300w, http:\/\/nordwind.info\/wp-content\/uploads\/2018\/11\/IMG_0572-768x576.jpeg 768w, http:\/\/nordwind.info\/wp-content\/uploads\/2018\/11\/IMG_0572.jpeg 1280w\" sizes=\"auto, (max-width: 640px) 100vw, 640px\" \/><\/a><\/p>\n<p>.<\/p>\n<p>&nbsp;<\/p>\n<p>.<\/p>\n<p>&nbsp;<\/p>\n<p>.<\/p>\n<p>&nbsp;<\/p>\n<p>.<\/p>\n<p>&nbsp;<\/p>\n<p><a href=\"#\">Mach oben<\/a><\/p>\n<p><a href=\"http:\/\/nordwind.info\/wp-content\/uploads\/2018\/03\/sh2schluss.gif\"><img loading=\"lazy\" decoding=\"async\" class=\"aligncenter size-full wp-image-2750\" src=\"http:\/\/nordwind.info\/wp-content\/uploads\/2018\/03\/sh2schluss.gif\" alt=\"\" width=\"45\" height=\"66\" \/><\/a><\/p>\n","protected":false},"excerpt":{"rendered":"<p>In der Schweinsheide zwischen Bassum und Harpstedt sollte w\u00e4hrend des 2. Weltkriegs im Auftrag der Deutschen Reichspost eine Fernmeldeanlage f\u00fcr die milit\u00e4rische Kommunikation der Wehrmacht entstehen. Da die drei geplanten T\u00fcrme nie vollendet wurden, legten die Alliierten auch keinen Wert &hellip; <a href=\"http:\/\/nordwind.info\/?page_id=4535\">Weiterlesen <span class=\"meta-nav\">&rarr;<\/span><\/a><\/p>\n","protected":false},"author":1,"featured_media":0,"parent":2400,"menu_order":0,"comment_status":"closed","ping_status":"closed","template":"","meta":{"footnotes":""},"class_list":["post-4535","page","type-page","status-publish","hentry"],"_links":{"self":[{"href":"http:\/\/nordwind.info\/index.php?rest_route=\/wp\/v2\/pages\/4535","targetHints":{"allow":["GET"]}}],"collection":[{"href":"http:\/\/nordwind.info\/index.php?rest_route=\/wp\/v2\/pages"}],"about":[{"href":"http:\/\/nordwind.info\/index.php?rest_route=\/wp\/v2\/types\/page"}],"author":[{"embeddable":true,"href":"http:\/\/nordwind.info\/index.php?rest_route=\/wp\/v2\/users\/1"}],"replies":[{"embeddable":true,"href":"http:\/\/nordwind.info\/index.php?rest_route=%2Fwp%2Fv2%2Fcomments&post=4535"}],"version-history":[{"count":6,"href":"http:\/\/nordwind.info\/index.php?rest_route=\/wp\/v2\/pages\/4535\/revisions"}],"predecessor-version":[{"id":13119,"href":"http:\/\/nordwind.info\/index.php?rest_route=\/wp\/v2\/pages\/4535\/revisions\/13119"}],"up":[{"embeddable":true,"href":"http:\/\/nordwind.info\/index.php?rest_route=\/wp\/v2\/pages\/2400"}],"wp:attachment":[{"href":"http:\/\/nordwind.info\/index.php?rest_route=%2Fwp%2Fv2%2Fmedia&parent=4535"}],"curies":[{"name":"wp","href":"https:\/\/api.w.org\/{rel}","templated":true}]}}