

{"id":4434,"date":"2018-11-11T04:46:54","date_gmt":"2018-11-11T04:46:54","guid":{"rendered":"http:\/\/nordwind.info\/?page_id=4434"},"modified":"2019-10-24T13:38:49","modified_gmt":"2019-10-24T13:38:49","slug":"70200-bf-visselhoevede","status":"publish","type":"page","link":"http:\/\/nordwind.info\/?page_id=4434","title":{"rendered":"70,200 &#8211; Bf Visselh\u00f6vede"},"content":{"rendered":"<div id=\"ShortCode_Div\">\n\n\t\t\t\t<div id=\"map_ol3js_1\" class=\"map undefined\" data-map_name=\"undefined\" data-map=\"map_ol3js_1\" style=\"width:100%; max-width:100%; height:450px; display:block; overflow:hidden;border:2px solid grey;\" >\n\t\t\t\t  <div id=\"map_ol3js_1_popup\" class=\"ol-popup\" >\n\t\t\t\t\t<a href=\"#\" id=\"map_ol3js_1_popup-closer\" class=\"ol-popup-closer\"><\/a>\n\t\t\t\t\t<div id=\"map_ol3js_1_popup-content\" ><\/div>\n\t\t\t\t  <\/div>\n\t\t\t\t<\/div>\n\t\t\t\n\n\t\t\t\t<script type=\"text\/javascript\">\n\t\t\t\t\ttranslations['openlayer'] = \"open layer\";\n\t\t\t\t\ttranslations['openlayerAtStartup'] = \"open layer at startup\";\n\t\t\t\t\ttranslations['generateLink'] = \"Der Link zur Karte mit ausgew\u00e4hlten Overlays und angezeigtem Ausschnitt\";\n\t\t\t\t\ttranslations['shortDescription'] = \"Kurzbeschreibung\";\n\t\t\t\t\ttranslations['generatedShortCode'] = \"to get a text control link paste this code in your wordpress editor\";\n\t\t\t\t\ttranslations['closeLayer'] = \"close layer\";\n\t\t\t\t\ttranslations['cantGenerateLink'] = \"put this string in the existing map short code to control this map\";\n\t\t\t  <\/script>\n\n\n\t\t\t  <script type=\"text\/javascript\">\n\t\t\t  vectorM['map_ol3js_1'] = [];\n\t        \n        var raster = getTileLayer(\"osm\",\"NoKey\");\t\t\t\n\n\t\t\t  var map_ol3js_1 = new ol.Map({\n\t\t\t\tinteractions: ol.interaction.defaults.defaults({mouseWheelZoom:false}),\n\t\t\t\tlayers: [raster],\n\t\t\t\ttarget: \"map_ol3js_1\",\n\t\t\t\tview: new ol.View({\n\t\t\t\t  center: ol.proj.transform([9.5786,52.9794], \"EPSG:4326\", \"EPSG:3857\"),\n\t\t\t\t  zoom: 14\n\t\t\t\t})\n\t\t\t  });\n\t\t\t  addControls2Map(map_ol3js_1,0,0,3,0,5,6,7,0,1);\nosm_addPopupClickhandler(map_ol3js_1,  \"map_ol3js_1\"); \nosm_addMouseHover(map_ol3js_1); <\/script><\/div>\n<p>Auszug OSM<\/p>\n<p><a href=\"http:\/\/nordwind.info\/wp-content\/uploads\/2018\/11\/Bildschirmfoto-2017-04-18-um-07.15.31.png\"><img loading=\"lazy\" decoding=\"async\" class=\"aligncenter size-large wp-image-4436\" src=\"http:\/\/nordwind.info\/wp-content\/uploads\/2018\/11\/Bildschirmfoto-2017-04-18-um-07.15.31-1024x637.png\" alt=\"\" width=\"640\" height=\"398\" srcset=\"http:\/\/nordwind.info\/wp-content\/uploads\/2018\/11\/Bildschirmfoto-2017-04-18-um-07.15.31-1024x637.png 1024w, http:\/\/nordwind.info\/wp-content\/uploads\/2018\/11\/Bildschirmfoto-2017-04-18-um-07.15.31-300x187.png 300w, http:\/\/nordwind.info\/wp-content\/uploads\/2018\/11\/Bildschirmfoto-2017-04-18-um-07.15.31-768x478.png 768w, http:\/\/nordwind.info\/wp-content\/uploads\/2018\/11\/Bildschirmfoto-2017-04-18-um-07.15.31.png 1121w\" sizes=\"auto, (max-width: 640px) 100vw, 640px\" \/><\/a><\/p>\n<p>Kartenauszug\u00a0<a href=\"http:\/\/www.openrailwaymap.org\/mobile.php?searchquery=&amp;lang=de\" target=\"_blank\" rel=\"noopener noreferrer\">OpenRailwayMap<\/a><\/p>\n<p><a href=\"http:\/\/nordwind.info\/wp-content\/uploads\/2019\/10\/Visselhoevede-3023.jpg\"><img loading=\"lazy\" decoding=\"async\" class=\"alignleft size-large wp-image-6554\" src=\"http:\/\/nordwind.info\/wp-content\/uploads\/2019\/10\/Visselhoevede-3023-1014x1024.jpg\" alt=\"\" width=\"640\" height=\"646\" srcset=\"http:\/\/nordwind.info\/wp-content\/uploads\/2019\/10\/Visselhoevede-3023-1014x1024.jpg 1014w, http:\/\/nordwind.info\/wp-content\/uploads\/2019\/10\/Visselhoevede-3023-146x146.jpg 146w, http:\/\/nordwind.info\/wp-content\/uploads\/2019\/10\/Visselhoevede-3023-297x300.jpg 297w, http:\/\/nordwind.info\/wp-content\/uploads\/2019\/10\/Visselhoevede-3023-768x776.jpg 768w, http:\/\/nordwind.info\/wp-content\/uploads\/2019\/10\/Visselhoevede-3023-109x109.jpg 109w, http:\/\/nordwind.info\/wp-content\/uploads\/2019\/10\/Visselhoevede-3023-100x100.jpg 100w\" sizes=\"auto, (max-width: 640px) 100vw, 640px\" \/><\/a>Kartenauszug TK 1:25000 (Reichsamt f\u00fcr Landesvermessung 1945)<\/p>\n<p><a href=\"http:\/\/nordwind.info\/wp-content\/uploads\/2019\/10\/Visselh\u00f6vede.jpg\"><img loading=\"lazy\" decoding=\"async\" class=\"alignleft size-large wp-image-5771\" src=\"http:\/\/nordwind.info\/wp-content\/uploads\/2019\/10\/Visselh\u00f6vede-1024x398.jpg\" alt=\"\" width=\"640\" height=\"249\" srcset=\"http:\/\/nordwind.info\/wp-content\/uploads\/2019\/10\/Visselh\u00f6vede-1024x398.jpg 1024w, http:\/\/nordwind.info\/wp-content\/uploads\/2019\/10\/Visselh\u00f6vede-300x117.jpg 300w, http:\/\/nordwind.info\/wp-content\/uploads\/2019\/10\/Visselh\u00f6vede-768x299.jpg 768w, http:\/\/nordwind.info\/wp-content\/uploads\/2019\/10\/Visselh\u00f6vede.jpg 1280w\" sizes=\"auto, (max-width: 640px) 100vw, 640px\" \/><\/a><\/p>\n<p><a href=\"http:\/\/nordwind.info\/wp-content\/uploads\/2018\/11\/0-Vissel\u00f6vede-Bf-Lageplan-Bahn-Kopie.jpg\"><img loading=\"lazy\" decoding=\"async\" class=\"aligncenter size-large wp-image-4438\" src=\"http:\/\/nordwind.info\/wp-content\/uploads\/2018\/11\/0-Vissel\u00f6vede-Bf-Lageplan-Bahn-Kopie-1024x661.jpg\" alt=\"\" width=\"640\" height=\"413\" srcset=\"http:\/\/nordwind.info\/wp-content\/uploads\/2018\/11\/0-Vissel\u00f6vede-Bf-Lageplan-Bahn-Kopie-1024x661.jpg 1024w, http:\/\/nordwind.info\/wp-content\/uploads\/2018\/11\/0-Vissel\u00f6vede-Bf-Lageplan-Bahn-Kopie-300x194.jpg 300w, http:\/\/nordwind.info\/wp-content\/uploads\/2018\/11\/0-Vissel\u00f6vede-Bf-Lageplan-Bahn-Kopie-768x495.jpg 768w, http:\/\/nordwind.info\/wp-content\/uploads\/2018\/11\/0-Vissel\u00f6vede-Bf-Lageplan-Bahn-Kopie.jpg 1806w\" sizes=\"auto, (max-width: 640px) 100vw, 640px\" \/><\/a><\/p>\n<p>Lageplan, Zustand 1954 (Rekonstruktion)<\/p>\n<table>\n<tbody>\n<tr>\n<td><a href=\"http:\/\/nordwind.info\/wp-content\/uploads\/2018\/11\/68372-B\u00dc-N-S-B440-Celler-Stra\u00dfe.jpg\"><img loading=\"lazy\" decoding=\"async\" class=\"alignleft size-full wp-image-5846\" src=\"http:\/\/nordwind.info\/wp-content\/uploads\/2018\/11\/68372-B\u00dc-N-S-B440-Celler-Stra\u00dfe.jpg\" alt=\"\" width=\"1280\" height=\"720\" \/><\/a><\/td>\n<td><a href=\"http:\/\/nordwind.info\/wp-content\/uploads\/2018\/11\/68372-B\u00dc-S-N-B440-Celler-Stra\u00dfe.jpg\"><img loading=\"lazy\" decoding=\"async\" class=\"alignleft size-full wp-image-5847\" src=\"http:\/\/nordwind.info\/wp-content\/uploads\/2018\/11\/68372-B\u00dc-S-N-B440-Celler-Stra\u00dfe.jpg\" alt=\"\" width=\"1280\" height=\"720\" \/><\/a><\/td>\n<\/tr>\n<\/tbody>\n<\/table>\n<p>68,372 &#8211; B\u00dc Celler Stra\u00dfe N-S \/ S-N<\/p>\n<table>\n<tbody>\n<tr>\n<td><a href=\"http:\/\/nordwind.info\/wp-content\/uploads\/2018\/11\/69112-EBR-N-S-L161-Walsroder-Stra\u00dfe.jpg\"><img loading=\"lazy\" decoding=\"async\" class=\"alignleft size-full wp-image-5849\" src=\"http:\/\/nordwind.info\/wp-content\/uploads\/2018\/11\/69112-EBR-N-S-L161-Walsroder-Stra\u00dfe.jpg\" alt=\"\" width=\"1280\" height=\"720\" \/><\/a><\/td>\n<td><a href=\"http:\/\/nordwind.info\/wp-content\/uploads\/2018\/11\/69112-EBR-S-N-L161-Walsroder-Stra\u00dfe.jpg\"><img loading=\"lazy\" decoding=\"async\" class=\"alignleft size-full wp-image-5850\" src=\"http:\/\/nordwind.info\/wp-content\/uploads\/2018\/11\/69112-EBR-S-N-L161-Walsroder-Stra\u00dfe.jpg\" alt=\"\" width=\"1280\" height=\"720\" \/><\/a><\/td>\n<\/tr>\n<\/tbody>\n<\/table>\n<p>69,112 &#8211; EBR Walsroder Stra\u00dfe N-S \/ S-N<\/p>\n<p><a href=\"http:\/\/nordwind.info\/wp-content\/uploads\/2018\/11\/Visselhoevede-Stw-Vo.jpg\"><img loading=\"lazy\" decoding=\"async\" class=\"aligncenter size-large wp-image-4423\" src=\"http:\/\/nordwind.info\/wp-content\/uploads\/2018\/11\/Visselhoevede-Stw-Vo-1024x768.jpg\" alt=\"\" width=\"640\" height=\"480\" srcset=\"http:\/\/nordwind.info\/wp-content\/uploads\/2018\/11\/Visselhoevede-Stw-Vo-1024x768.jpg 1024w, http:\/\/nordwind.info\/wp-content\/uploads\/2018\/11\/Visselhoevede-Stw-Vo-300x225.jpg 300w, http:\/\/nordwind.info\/wp-content\/uploads\/2018\/11\/Visselhoevede-Stw-Vo-768x576.jpg 768w, http:\/\/nordwind.info\/wp-content\/uploads\/2018\/11\/Visselhoevede-Stw-Vo.jpg 1280w\" sizes=\"auto, (max-width: 640px) 100vw, 640px\" \/><\/a><br \/>\n70,059 &#8211; Stw Vo<\/p>\n<table>\n<tbody>\n<tr>\n<td><a href=\"http:\/\/nordwind.info\/wp-content\/uploads\/2018\/11\/70060-B\u00dc-N-S-Zur-Rosenstra\u00dfe.jpg\"><img loading=\"lazy\" decoding=\"async\" class=\"alignleft size-full wp-image-5843\" src=\"http:\/\/nordwind.info\/wp-content\/uploads\/2018\/11\/70060-B\u00dc-N-S-Zur-Rosenstra\u00dfe.jpg\" alt=\"\" width=\"1280\" height=\"718\" \/><\/a><\/td>\n<td><a href=\"http:\/\/nordwind.info\/wp-content\/uploads\/2018\/11\/70060-B\u00dc-S-N-Zur-Rosenstra\u00dfe.jpg\"><img loading=\"lazy\" decoding=\"async\" class=\"alignleft size-full wp-image-5844\" src=\"http:\/\/nordwind.info\/wp-content\/uploads\/2018\/11\/70060-B\u00dc-S-N-Zur-Rosenstra\u00dfe.jpg\" alt=\"\" width=\"1280\" height=\"720\" \/><\/a><\/td>\n<\/tr>\n<\/tbody>\n<\/table>\n<p>70,060 &#8211; B\u00dc zur Rosenstra\u00dfe<\/p>\n<p><a href=\"http:\/\/nordwind.info\/wp-content\/uploads\/2018\/11\/Visselhoevede-EG-.jpg\"><img loading=\"lazy\" decoding=\"async\" class=\"aligncenter size-large wp-image-4422\" src=\"http:\/\/nordwind.info\/wp-content\/uploads\/2018\/11\/Visselhoevede-EG--1024x768.jpg\" alt=\"\" width=\"640\" height=\"480\" srcset=\"http:\/\/nordwind.info\/wp-content\/uploads\/2018\/11\/Visselhoevede-EG--1024x768.jpg 1024w, http:\/\/nordwind.info\/wp-content\/uploads\/2018\/11\/Visselhoevede-EG--300x225.jpg 300w, http:\/\/nordwind.info\/wp-content\/uploads\/2018\/11\/Visselhoevede-EG--768x576.jpg 768w, http:\/\/nordwind.info\/wp-content\/uploads\/2018\/11\/Visselhoevede-EG-.jpg 1280w\" sizes=\"auto, (max-width: 640px) 100vw, 640px\" \/><\/a><br \/>\n70,210 &#8211; Bf Visselh\u00f6vede &#8211; EG Gleisseite<\/p>\n<table>\n<tbody>\n<tr>\n<td><a href=\"http:\/\/nordwind.info\/wp-content\/uploads\/2018\/11\/70215-Bf-Visselh\u00f6vede-W-O-Bahnsteig.jpg\"><img loading=\"lazy\" decoding=\"async\" class=\"alignleft size-full wp-image-5854\" src=\"http:\/\/nordwind.info\/wp-content\/uploads\/2018\/11\/70215-Bf-Visselh\u00f6vede-W-O-Bahnsteig.jpg\" alt=\"\" width=\"1280\" height=\"720\" \/><\/a><\/td>\n<td><a href=\"http:\/\/nordwind.info\/wp-content\/uploads\/2018\/11\/70215-Bf-Visselh\u00f6vede-O-W-Bahnsteig.jpg\"><img loading=\"lazy\" decoding=\"async\" class=\"alignleft size-full wp-image-5855\" src=\"http:\/\/nordwind.info\/wp-content\/uploads\/2018\/11\/70215-Bf-Visselh\u00f6vede-O-W-Bahnsteig.jpg\" alt=\"\" width=\"1280\" height=\"720\" \/><\/a><\/td>\n<\/tr>\n<\/tbody>\n<\/table>\n<p>70,210 &#8211; Gleise Richtung Uelzen \/ Gleise Richtung Langedel<br \/>\n<a href=\"http:\/\/nordwind.info\/wp-content\/uploads\/2018\/11\/Visselhoevede-Stw-Vwf.jpg\"><img loading=\"lazy\" decoding=\"async\" class=\"aligncenter size-large wp-image-4424\" src=\"http:\/\/nordwind.info\/wp-content\/uploads\/2018\/11\/Visselhoevede-Stw-Vwf-1024x768.jpg\" alt=\"\" width=\"640\" height=\"480\" srcset=\"http:\/\/nordwind.info\/wp-content\/uploads\/2018\/11\/Visselhoevede-Stw-Vwf-1024x768.jpg 1024w, http:\/\/nordwind.info\/wp-content\/uploads\/2018\/11\/Visselhoevede-Stw-Vwf-300x225.jpg 300w, http:\/\/nordwind.info\/wp-content\/uploads\/2018\/11\/Visselhoevede-Stw-Vwf-768x576.jpg 768w, http:\/\/nordwind.info\/wp-content\/uploads\/2018\/11\/Visselhoevede-Stw-Vwf.jpg 1280w\" sizes=\"auto, (max-width: 640px) 100vw, 640px\" \/><\/a><br \/>\n70,800 &#8211; St Vf<\/p>\n<table>\n<tbody>\n<tr>\n<td><a href=\"http:\/\/nordwind.info\/wp-content\/uploads\/2018\/11\/71460-B\u00dc-N-S-Im-Heidfeld.jpg\"><img loading=\"lazy\" decoding=\"async\" class=\"alignleft size-full wp-image-5857\" src=\"http:\/\/nordwind.info\/wp-content\/uploads\/2018\/11\/71460-B\u00dc-N-S-Im-Heidfeld.jpg\" alt=\"\" width=\"1280\" height=\"720\" \/><\/a><\/td>\n<td><a href=\"http:\/\/nordwind.info\/wp-content\/uploads\/2018\/11\/71460-B\u00dc-S-N-Im-Heidfeld.jpg\"><img loading=\"lazy\" decoding=\"async\" class=\"alignleft size-full wp-image-5858\" src=\"http:\/\/nordwind.info\/wp-content\/uploads\/2018\/11\/71460-B\u00dc-S-N-Im-Heidfeld.jpg\" alt=\"\" width=\"1280\" height=\"720\" \/><\/a><\/td>\n<\/tr>\n<\/tbody>\n<\/table>\n<p>71,460 &#8211; B\u00dc Im Heidfeld N-S \/ S-N<\/p>\n<p>.<\/p>\n<ul>\n<li>&lt;&lt;&lt; <a href=\"http:\/\/nordwind.info\/?page_id=5842\" target=\"_blank\" rel=\"noopener noreferrer\">Jeddingen<\/a><\/li>\n<li>&gt;&gt;&gt; <a href=\"http:\/\/nordwind.info\/?page_id=5952\" target=\"_blank\" rel=\"noopener noreferrer\">Riepholm<\/a><\/li>\n<\/ul>\n<p><a href=\"#\">Nach oben<\/a><\/p>\n<p><a href=\"http:\/\/nordwind.info\/wp-content\/uploads\/2018\/03\/sh2schluss.gif\"><img loading=\"lazy\" decoding=\"async\" class=\"aligncenter size-full wp-image-2750\" src=\"http:\/\/nordwind.info\/wp-content\/uploads\/2018\/03\/sh2schluss.gif\" alt=\"\" width=\"45\" height=\"66\" \/><\/a><\/p>\n","protected":false},"excerpt":{"rendered":"<p>Auszug OSM Kartenauszug\u00a0OpenRailwayMap Kartenauszug TK 1:25000 (Reichsamt f\u00fcr Landesvermessung 1945) Lageplan, Zustand 1954 (Rekonstruktion) 68,372 &#8211; B\u00dc Celler Stra\u00dfe N-S \/ S-N 69,112 &#8211; EBR Walsroder Stra\u00dfe N-S \/ S-N 70,059 &#8211; Stw Vo 70,060 &#8211; B\u00dc zur Rosenstra\u00dfe 70,210 &hellip; <a href=\"http:\/\/nordwind.info\/?page_id=4434\">Weiterlesen <span class=\"meta-nav\">&rarr;<\/span><\/a><\/p>\n","protected":false},"author":1,"featured_media":0,"parent":4406,"menu_order":0,"comment_status":"closed","ping_status":"closed","template":"","meta":{"footnotes":""},"class_list":["post-4434","page","type-page","status-publish","hentry"],"_links":{"self":[{"href":"http:\/\/nordwind.info\/index.php?rest_route=\/wp\/v2\/pages\/4434","targetHints":{"allow":["GET"]}}],"collection":[{"href":"http:\/\/nordwind.info\/index.php?rest_route=\/wp\/v2\/pages"}],"about":[{"href":"http:\/\/nordwind.info\/index.php?rest_route=\/wp\/v2\/types\/page"}],"author":[{"embeddable":true,"href":"http:\/\/nordwind.info\/index.php?rest_route=\/wp\/v2\/users\/1"}],"replies":[{"embeddable":true,"href":"http:\/\/nordwind.info\/index.php?rest_route=%2Fwp%2Fv2%2Fcomments&post=4434"}],"version-history":[{"count":15,"href":"http:\/\/nordwind.info\/index.php?rest_route=\/wp\/v2\/pages\/4434\/revisions"}],"predecessor-version":[{"id":6557,"href":"http:\/\/nordwind.info\/index.php?rest_route=\/wp\/v2\/pages\/4434\/revisions\/6557"}],"up":[{"embeddable":true,"href":"http:\/\/nordwind.info\/index.php?rest_route=\/wp\/v2\/pages\/4406"}],"wp:attachment":[{"href":"http:\/\/nordwind.info\/index.php?rest_route=%2Fwp%2Fv2%2Fmedia&parent=4434"}],"curies":[{"name":"wp","href":"https:\/\/api.w.org\/{rel}","templated":true}]}}