{"id":42,"date":"2017-08-10T04:46:24","date_gmt":"2017-08-10T04:46:24","guid":{"rendered":"http:\/\/nordwind.info\/?page_id=42"},"modified":"2025-03-19T06:09:27","modified_gmt":"2025-03-19T06:09:27","slug":"42-2","status":"publish","type":"page","link":"http:\/\/nordwind.info\/?page_id=42","title":{"rendered":"Wieviel Werkzeug darf es sein?"},"content":{"rendered":"<p style=\"text-align: justify;\"><a href=\"http:\/\/nordwind.info\/wp-content\/uploads\/2017\/08\/Pampa.jpg\"><img loading=\"lazy\" decoding=\"async\" class=\"alignright size-medium wp-image-43\" src=\"http:\/\/nordwind.info\/wp-content\/uploads\/2017\/08\/Pampa-300x225.jpg\" alt=\"\" width=\"300\" height=\"225\" srcset=\"http:\/\/nordwind.info\/wp-content\/uploads\/2017\/08\/Pampa-300x225.jpg 300w, http:\/\/nordwind.info\/wp-content\/uploads\/2017\/08\/Pampa-768x576.jpg 768w, http:\/\/nordwind.info\/wp-content\/uploads\/2017\/08\/Pampa-1024x768.jpg 1024w, http:\/\/nordwind.info\/wp-content\/uploads\/2017\/08\/Pampa.jpg 1280w\" sizes=\"auto, (max-width: 300px) 100vw, 300px\" \/><\/a>Als wir 2006 in der toskanischen Pampa wegen einer Panne\u00a0mit unserem Motorroller liegen blieben, war das Multitool, das wir zuf\u00e4llig dabei hatten, unsere Rettung. Mit dem Zangenteil konnten wir die notwendige Reparatur vornehmen, wodurch die Weiterfahrt gesichert war. Dies war bestimmt das\u00a0Schl\u00fcsselerlebnis, doch ein besonderes Augenmerk auf die mitzu-f\u00fchrende Ausr\u00fcstung zu lenken.<\/p>\n<p style=\"text-align: justify;\"><a href=\"http:\/\/nordwind.info\/wp-content\/uploads\/2017\/08\/03-Kollektion.jpg\"><img loading=\"lazy\" decoding=\"async\" class=\"alignleft size-medium wp-image-139\" src=\"http:\/\/nordwind.info\/wp-content\/uploads\/2017\/08\/03-Kollektion-300x204.jpg\" alt=\"\" width=\"300\" height=\"204\" srcset=\"http:\/\/nordwind.info\/wp-content\/uploads\/2017\/08\/03-Kollektion-300x204.jpg 300w, http:\/\/nordwind.info\/wp-content\/uploads\/2017\/08\/03-Kollektion-768x523.jpg 768w, http:\/\/nordwind.info\/wp-content\/uploads\/2017\/08\/03-Kollektion-1024x697.jpg 1024w, http:\/\/nordwind.info\/wp-content\/uploads\/2017\/08\/03-Kollektion.jpg 1611w\" sizes=\"auto, (max-width: 300px) 100vw, 300px\" \/><\/a>In Sachen Ausr\u00fcstung hat mit Sicherheit jeder seine pers\u00f6nlichen Erfahrungen. Es gilt auch hier Murphy`s Gesetz: Das Tool, das ben\u00f6tigt wird liegt zu Hause, was nicht ben\u00f6tigt wird schleppt man mit sich rum. Obwohl es doch wenig benutzt wird, haben wir\u00a0ein kleines Werkzeugtool immer mit dabei. Nachfolgend mal einiges, was man bei einer Anschaffung beachten sollte.<\/p>\n<p style=\"text-align: justify;\"><strong>Taschenmesser<\/strong><\/p>\n<p style=\"text-align: justify;\">Ein Taschenmesser ist ein Messer, dessen Klinge zum gefahrlosen Transport in eine Fuge des Heftes geklappt werden kann. Das popul\u00e4rste Taschenmesser ist das Schweizer Taschenmesser mit mehreren Klingen und weiteren Werkzeugen. Hergestellt wird es von den\u00a0Schweizer Firmen\u00a0<a title=\"Victorinox\" href=\"https:\/\/de.m.wikipedia.org\/wiki\/Victorinox\">Victorinox<\/a>\u00a0aus Ibach, und Wenger aus Del\u00e9mont.<\/p>\n<p style=\"text-align: justify;\"><strong>Multifunktionswerkzeug<\/strong><\/p>\n<p style=\"text-align: justify;\">Das\u00a0Multifunktionswerkzeug, umgangssprachlich Multitool genannt, ist ein Werkzeug, das viele verschiedene Einzelwerkzeuge in sich vereint. Bekannteste Beispiele sind Zangenwerkzeuge mit zus\u00e4tzlich ausklappbaren Werkzeugen wie Schraubendreher, Dosen\u00f6ffner und Messer. Die popul\u00e4rste Bauart des Multitools, mit einer Zange als zentralem Element und weiteren Werkzeugen im Griff, wurde 1978 von Timothy S. Leatherman zum Patent angemeldet und wird seitdem \u00fcber die US-amerikanische Firma <a title=\"Leatherman\" href=\"https:\/\/de.m.wikipedia.org\/wiki\/Leatherman\">Leatherman<\/a> vertrieben.\u00a0Weitere bekannte Hersteller solcher Werkzeuge sind <a title=\"Victorinox\" href=\"https:\/\/de.m.wikipedia.org\/wiki\/Victorinox\">Victorinox<\/a>(Schweiz), <a title=\"Gerber Legendary Blades\" href=\"https:\/\/de.m.wikipedia.org\/wiki\/Gerber_Legendary_Blades\">Gerber<\/a> (USA) und <a class=\"new\" title=\"SOG Specialty Knives &amp; Tools (Seite nicht vorhanden)\" href=\"https:\/\/de.m.wikipedia.org\/w\/index.php?title=SOG_Specialty_Knives_%26_Tools&amp;action=edit&amp;redlink=1\">SOG<\/a> (USA).<\/p>\n<p style=\"text-align: justify;\"><strong>Weniger ist mehr<\/strong><\/p>\n<p style=\"text-align: justify;\">Diese Weisheit gilt auch bei der Wahl des Multitools f\u00fcr unser Hobby. Bevor ihr einfach drauf loskauft schaut Euch die kleinen Tools und Messer von\u00a0<a title=\"Victorinox\" href=\"https:\/\/de.m.wikipedia.org\/wiki\/Victorinox\">Victorinox<\/a>\u00a0und\u00a0<a title=\"Leatherman\" href=\"https:\/\/de.m.wikipedia.org\/wiki\/Leatherman\">Leatherman<\/a>\u00a0an. Diese Teile enthalten alles, was man ben\u00f6tigt: Zange, Pinzette, Messer, Schraubendreher und sogar einen Kugelschreiber. Das Ganze mit einer kleinen Taschenlampe und einem Inka-Kugelschreiber mittels Schl\u00fcsselring am GPS-Ger\u00e4t oder um den Hals ist man bestens ger\u00fcstet f\u00fcr das n\u00e4chste Abenteuer.<\/p>\n<p><a href=\"http:\/\/nordwind.info\/wp-content\/uploads\/2021\/07\/Tool-EDC.jpg\"><img loading=\"lazy\" decoding=\"async\" class=\"alignnone size-large wp-image-10544\" src=\"http:\/\/nordwind.info\/wp-content\/uploads\/2021\/07\/Tool-EDC-1024x768.jpg\" alt=\"\" width=\"640\" height=\"480\" srcset=\"http:\/\/nordwind.info\/wp-content\/uploads\/2021\/07\/Tool-EDC-1024x768.jpg 1024w, http:\/\/nordwind.info\/wp-content\/uploads\/2021\/07\/Tool-EDC-300x225.jpg 300w, http:\/\/nordwind.info\/wp-content\/uploads\/2021\/07\/Tool-EDC-768x576.jpg 768w, http:\/\/nordwind.info\/wp-content\/uploads\/2021\/07\/Tool-EDC.jpg 1280w\" sizes=\"auto, (max-width: 640px) 100vw, 640px\" \/><\/a><\/p>\n<p style=\"text-align: justify;\">Im Bild: Garmin ETrex 30, LED-Lenser A2, NoName Mini-Tool, Inka-Pen, Victorinox \u201eManager\u201c<\/p>\n<p style=\"text-align: justify;\"><strong>Gr\u00f6\u00dfer, teurer und schwerer<\/strong><\/p>\n<p style=\"text-align: justify;\">Es spricht selbstverst\u00e4ndlich nichts dagegen, auch ein Taschenmesser oder Multitool in normaler Gr\u00f6\u00dfe st\u00e4ndig mit sich zu f\u00fchren. Hier sollte man sich vor einer Anschaffung \u00fcberlegen, was an integrierten Zusatzwerkzeugen ben\u00f6tigt wird und wieviel Geld man ausgeben m\u00f6chte. Einfache Tools mit den Grundwerkzeugen (Zange, Messer, Schraubendreher Kreuz\/Schlitz, Dosen\u00f6ffner) sind bereits ab etwa 10,00 Euro erh\u00e4ltlich.<\/p>\n<p style=\"text-align: justify;\">F\u00fcr den Radsport gibt es bereits Multitools, in denen alle f\u00fcr eine Notreparatur ben\u00f6tigten Wekzeuge enthalten sind. Neben zwei Montierhebel f\u00fcr die Radreifen als Griffschalen wurde sogar an einen Nietenschieber f\u00fcr die gerissene Fahradkette gedacht.<\/p>\n<p style=\"text-align: justify;\">Qualit\u00e4t hat selbstverst\u00e4ndlich seinen Preis und m\u00f6chte man darauf nicht verzichten, mu\u00df tiefer in die Geldb\u00f6rse gegriffen werden. Die Angebote der oben genannten Hersteller reichen von\u00a0etwa 30,00 Euro bis hin zu 200,00 Euro, wobei der Preis von der Gr\u00f6\u00dfe bzw. die Werkzeugausstattung des jeweiligen Tools bestimmt wird.<\/p>\n<p style=\"text-align: justify;\">Zugegeben, so ein Tool mit vielen Werkzeugen ist schon ein echter Hingucker, aber jedes zus\u00e4tzliche Werkzeug hat neben dem Preis auch sein Gewicht. Da wir keine Bombe entsch\u00e4rfen, oder Geldschrank knacken wollen, sollte gepr\u00fcft werden, was genau ben\u00f6tigt wird. Irgendwann ist man es leid, ein Tool mit unendlich vielen und f\u00fcr uns unn\u00fctze Werkzeugen mit sich herumzuschleppen und es wandert in die Werkzeugkiste.<\/p>\n<p style=\"text-align: justify;\">Mit den n\u00fctzlichsten Grundwerkzeugen best\u00fcckt, bringen\u00a0die Modelle\u00a0Wave und Surge der Fa. Latherman etwa 340 Gramm, das Modell Swisstool der Firma Viktorinox sogar\u00a0460 Gramm auf die Waage. Verzichten wir auf einige Werkzeuge, r\u00fcckt\u00a0das Letherman Skletool in den Fokus, das mit 140 Gramm ein echtes Leichtgewicht ist. Diese Unterschiede machen sich auch im Preis bemerkbar; die Modelle Wave, Surge und Swisstool liegen etwa bei 90 bis 120 Euro, das Skeletool ist bereits f\u00fcr etwa 60 Euro erh\u00e4ltlich. Das Skeletool verf\u00fcgt \u00fcber die obligatorische Zange, eine Messerklinge (Einhandmodus!), einen Schraubendreher (Bithalter)\u00a0sowie einen Kapselheber f\u00fcr`s Kaltgetr\u00e4nk, der gleichzeitig als Karabinerhaken zum Einh\u00e4ngen\u00a0genutzt werden kann.<\/p>\n<p style=\"text-align: justify;\">Gleichwohl mu\u00df jeder f\u00fcr sich entscheiden, was f\u00fcr ein\u00a0Multitool f\u00fcr welche Gelegenheit und Aufgabe ben\u00f6tigt wird. Unl\u00e4ngst bekam ich zur Verabschiedung aus dem Berufsleben von meinen Mitstreitern das Leatherman Wave II als Geschenk, wof\u00fcr ich mich an dieser Stelle noch einmal herzlich bedanken mu\u00df. Das Tool ist gut am G\u00fcrtel zu tragen, war\u00a0schon mehrmals wirklich n\u00fctzlich und ist\u00a0zur\u00a0EDC (Every Day Carry) so selbstverst\u00e4ndlich wie Brille, Geldb\u00f6rse,\u00a0Schl\u00fcsselbund und Handy.<\/p>\n<p style=\"text-align: justify;\"><strong>Ausstattung und Zubeh\u00f6r<\/strong><\/p>\n<p style=\"text-align: justify;\">Die Taschenmesser und Multitools werden im Regelfall mit einer Tasche bzw. einem G\u00fcrtelholster ausgeliefert. Je nach den Herstellern und ihren Modellen \u00a0gibt es auf dem Zubeh\u00f6rmarkt zus\u00e4tzlich Funktions-taschen aus unterschiedlichsten Materialien. unterschiedlichen\u00a0Materialien.\u00a0<span id=\"productTitle\" class=\"a-size-large\">Victorinox bringt z. B. sein SwissTool C mit\u00a0einer Bitratsche und 10 Biteins\u00e4tzen, verstaut in einem aufwendigen Lederetui heraus. <\/span><\/p>\n<p style=\"text-align: justify;\">Bei vielen Leatherman-Modellen besteht der Schraubendreher aus einem Bithalter, der mit einem Bit Kreuz\/Schlitz best\u00fcckt ist. Ein\u00a024-teiliges <a href=\"https:\/\/www.amazon.de\/Leatherman-931014-Bit-Kit\/dp\/B003E1QPZG\/ref=sr_1_5?s=sports&amp;ie=UTF8&amp;qid=1494388327&amp;sr=1-5&amp;keywords=leatherman+wave\">Bit-Set<\/a> (flach) wird als Zubeh\u00f6r angeboten. F\u00fcr die Nutzung von\u00a0Sechskant-Bits gibt es\u00a0zus\u00e4tzlich\u00a0eine Bithalter-Verl\u00e4ngerung. Wer es aber billiger haben m\u00f6chte, der feilt sich einen vorhandenen Bithalter so zurecht, dass er in die Halterung des Tools pa\u00dft.<\/p>\n<p style=\"text-align: justify;\"><strong>Alles was Recht ist<\/strong><\/p>\n<p style=\"text-align: justify;\">Einige Multitools besitzen die Einhandmesserfunktion (\u00d6ffnen der Messerklinge durch Hochschieben mit dem Daumen). Der Gesetzgeber verbietet durch das Waffengesetz Messer mit einh\u00e4ndig feststellbarer Klinge (Einhandmesser) zu <em>f\u00fchren<\/em>. Multitools fallen in ihrer Zweckbestimmung unter Werkzeuge und nicht unter Messer.\u00a0Daher findet der \u00a7 42a (1) Nr. 3 hier keine Anwendung.<\/p>\n<p style=\"text-align: justify;\">Das Waffengesetz l\u00e4sst aber bei Messer eine entscheidende Ausnahme im Sinne des legalen F\u00fchrens \u00a0zu. Bei einem berechtigten Interesse greift das Verbot nicht. Das Waffengesetz nennt hierf\u00fcr beispielhaft: Berufsaus\u00fcbung, Brauchtumspflege, Sport oder einen allgemein anerkannten Zweck. Die Aufz\u00e4hlung ist nicht abschlie\u00dfend, so dass jeder sozialad\u00e4quate Gebrauch von Messern weiter m\u00f6glich ist.<\/p>\n<p style=\"text-align: justify;\">Gleichwohl erf\u00fcllen wir durch unser Hobby ein\u00a0berechtigtes Interesse gem. \u00a7 42a (2) Nr. 3 wodurch\u00a0allgemeine anerkannte Zwecke wie Wandern, Fahrradwandern, Campen, Bergsteigen oder Klettern vorliegen. Will man ganz sicher gehen, dann wird das Tool nicht am G\u00fcrtel oder in der Hosentasche <em>gef\u00fchrt<\/em>, sondern\u00a0in der Umh\u00e4ngetasche oder\u00a0im Rucksack <em>transportiert<\/em>.<\/p>\n<p style=\"text-align: justify;\">Auch wenn das Waffengesetz nicht greift, kann die\u00a0Polizei gefahrenabwehrende Ma\u00dfnahmen nach dem Polizeirecht des jeweiligen Landes ergreifen. Zudem k\u00f6nnen noch Bestimmungen des Straf-, oder\u00a0Versammlungsrechts, sowie\u00a0Sicherheitsbestimmungen in gef\u00e4hrdeten Objekten hinzu kommen. Daher lassen wir beim Betreten von ausgewiesenen Waffenverbotszonen der St\u00e4dte, sowie beim Besuch von Gro\u00dfveranstaltungen oder Volksfesten unser Taschenmesser oder das Multitool zu Hause.<\/p>\n<p style=\"text-align: justify;\"><strong>Auf Reisen<\/strong><\/p>\n<p style=\"text-align: justify;\">Bei Flugreisen geh\u00f6ren Taschenmesser oder Multitool \u2013 egal welche Gr\u00f6\u00dfe \u2013\u00a0nicht ins Handgep\u00e4ck, sondern in das aufzugebende Reisegep\u00e4ck. Informiert Euch bei Auslandsreisen rechtzeitig \u00fcber die jeweilige Gesetzeslage des zu besuchenden Landes \u00fcber das Mitf\u00fchren und den Gebrauch von Taschenmessern oder Multitools. Sollten hier\u00fcber keine eindeutigen Informationen \u00fcber das betreffende Land\u00a0vorhanden sein, dann la\u00dft im Zweifelsfalle diese Gegenst\u00e4nde zu Hause. Unter dem Thema\u00a0Messer im Urlaub\u00a0findet ihr im <a href=\"http:\/\/knife-blog.com\/2017\/06\/messer-im-urlaub-2017\/\" target=\"_blank\" rel=\"noopener\">Knife-Blog<\/a> zahlreiche \u00dcbersichten zur\u00a0Rechtslage in Europa.<\/p>\n<p style=\"text-align: justify;\"><strong>Bezugsquellen und Herstellerinformationen<\/strong><\/p>\n<ul style=\"text-align: justify;\">\n<li><a href=\"http:\/\/shop.leatherman.de\/\" target=\"_blank\" rel=\"noopener\">Leatherman<\/a>, USA<\/li>\n<li><a href=\"https:\/\/www.victorinox.com\/de\/de\" target=\"_blank\" rel=\"noopener\">Viktorinox<\/a>, Schweiz<\/li>\n<li><a href=\"http:\/\/messer-gerber.de\/Gerber_Multitools\" target=\"_blank\" rel=\"noopener\">Gerber Legendary Blades<\/a>, USA<\/li>\n<li><a href=\"http:\/\/knife-blog.com\/2017\/06\/messer-im-urlaub-2017\/\" target=\"_blank\" rel=\"noopener\">Knife-Blog<\/a>, Messer im Urlaub \u2013 Rechtslage in Europa 2017<\/li>\n<\/ul>\n<p style=\"text-align: justify;\"><a href=\"#\">Nach oben<\/a><\/p>\n","protected":false},"excerpt":{"rendered":"<p>Als wir 2006 in der toskanischen Pampa wegen einer Panne\u00a0mit unserem Motorroller liegen blieben, war das Multitool, das wir zuf\u00e4llig dabei hatten, unsere Rettung. Mit dem Zangenteil konnten wir die notwendige Reparatur vornehmen, wodurch die Weiterfahrt gesichert war. Dies war &hellip; <a href=\"http:\/\/nordwind.info\/?page_id=42\">Weiterlesen <span class=\"meta-nav\">&rarr;<\/span><\/a><\/p>\n","protected":false},"author":1,"featured_media":0,"parent":6,"menu_order":0,"comment_status":"closed","ping_status":"closed","template":"","meta":{"footnotes":""},"class_list":["post-42","page","type-page","status-publish","hentry"],"_links":{"self":[{"href":"http:\/\/nordwind.info\/index.php?rest_route=\/wp\/v2\/pages\/42","targetHints":{"allow":["GET"]}}],"collection":[{"href":"http:\/\/nordwind.info\/index.php?rest_route=\/wp\/v2\/pages"}],"about":[{"href":"http:\/\/nordwind.info\/index.php?rest_route=\/wp\/v2\/types\/page"}],"author":[{"embeddable":true,"href":"http:\/\/nordwind.info\/index.php?rest_route=\/wp\/v2\/users\/1"}],"replies":[{"embeddable":true,"href":"http:\/\/nordwind.info\/index.php?rest_route=%2Fwp%2Fv2%2Fcomments&post=42"}],"version-history":[{"count":15,"href":"http:\/\/nordwind.info\/index.php?rest_route=\/wp\/v2\/pages\/42\/revisions"}],"predecessor-version":[{"id":14081,"href":"http:\/\/nordwind.info\/index.php?rest_route=\/wp\/v2\/pages\/42\/revisions\/14081"}],"up":[{"embeddable":true,"href":"http:\/\/nordwind.info\/index.php?rest_route=\/wp\/v2\/pages\/6"}],"wp:attachment":[{"href":"http:\/\/nordwind.info\/index.php?rest_route=%2Fwp%2Fv2%2Fmedia&parent=42"}],"curies":[{"name":"wp","href":"https:\/\/api.w.org\/{rel}","templated":true}]}}