{"id":39,"date":"2017-08-10T04:42:38","date_gmt":"2017-08-10T04:42:38","guid":{"rendered":"http:\/\/nordwind.info\/?page_id=39"},"modified":"2019-01-29T06:53:20","modified_gmt":"2019-01-29T06:53:20","slug":"steighilfen-und-teleskopleitern","status":"publish","type":"page","link":"http:\/\/nordwind.info\/?page_id=39","title":{"rendered":"Steighilfen und Teleskopleitern"},"content":{"rendered":"<p style=\"text-align: justify;\">Viele von uns haben f\u00fcr den schnellen T 5 eine Aufstiegshilfe oder auch Leiter st\u00e4ndig im Cachemobil. Einfache Stufentritte mit 2-3 Stufen sind die einfachste Variante und helfen einem schon oft aus der Patsche. Die Teleskopleitern aus Aluminium gibt es in den unterschiedlichsten Preisklassen. \u00dcberpr\u00fcft vor einer Anschaffung die Verarbeitung und das vorhandenen T\u00dcV-Pr\u00fcfsiegel.<\/p>\n<p style=\"text-align: justify;\">Im Einsatz an B\u00e4umen kann die Teleskopleiter leicht seitlich wegrutschen! Dies kann auch der Helfer durch Festhalten nicht verhindern. Hilfreich sind hier zwei kleine bis mittlere Schraubzwingen aus dem Baumarkt Eures Vertrauens, die an der obersten Sprosse befestigt werden und ein wegrutschen der Leiter verhindert. Beachtet bitte auch, dass die letzten drei Sprossen der Teleskopleiter nicht betreten werden d\u00fcrfen.<\/p>\n<p style=\"text-align: justify;\"><a href=\"http:\/\/nordwind.info\/wp-content\/uploads\/2018\/01\/Spanngurte.jpg\"><img loading=\"lazy\" decoding=\"async\" class=\"alignleft size-medium wp-image-2255\" src=\"http:\/\/nordwind.info\/wp-content\/uploads\/2018\/01\/Spanngurte-300x225.jpg\" alt=\"\" width=\"300\" height=\"225\" srcset=\"http:\/\/nordwind.info\/wp-content\/uploads\/2018\/01\/Spanngurte-300x225.jpg 300w, http:\/\/nordwind.info\/wp-content\/uploads\/2018\/01\/Spanngurte-768x576.jpg 768w, http:\/\/nordwind.info\/wp-content\/uploads\/2018\/01\/Spanngurte-1024x768.jpg 1024w, http:\/\/nordwind.info\/wp-content\/uploads\/2018\/01\/Spanngurte.jpg 1280w\" sizes=\"auto, (max-width: 300px) 100vw, 300px\" \/><\/a>Auch wenn der Baum zu dick und f\u00fcr die \u201eSchraubzwingensicherung\u201c ungeeignet ist, k\u00f6nnen wir dennoch eine Sicherung an-bringen. Hilfreich sind elastische Gep\u00e4ck-spanner, die f\u00fcr wenig Geld erh\u00e4ltlich sind. In ausreichender H\u00f6he wird die Leiter mit einem Spanngurt an einem oder mehrere \u00c4ste, durch mehrmaliges umwickeln festgebunden. Bereits bei einer Befestigung h\u00e4lt die Leiter bombenfest.<\/p>\n<p style=\"text-align: justify;\"><a href=\"http:\/\/nordwind.info\/wp-content\/uploads\/2018\/09\/Pi-Karre.jpg\"><img loading=\"lazy\" decoding=\"async\" class=\"alignright size-medium wp-image-4034\" src=\"http:\/\/nordwind.info\/wp-content\/uploads\/2018\/09\/Pi-Karre-300x220.jpg\" alt=\"\" width=\"300\" height=\"220\" srcset=\"http:\/\/nordwind.info\/wp-content\/uploads\/2018\/09\/Pi-Karre-300x220.jpg 300w, http:\/\/nordwind.info\/wp-content\/uploads\/2018\/09\/Pi-Karre-768x564.jpg 768w, http:\/\/nordwind.info\/wp-content\/uploads\/2018\/09\/Pi-Karre-1024x752.jpg 1024w, http:\/\/nordwind.info\/wp-content\/uploads\/2018\/09\/Pi-Karre.jpg 1280w\" sizes=\"auto, (max-width: 300px) 100vw, 300px\" \/><\/a>Vermehrt findet man auch Trails, wo zum Bergen der Caches eine Leiter erforderlich ist. Nachdem wir im S\u00fcntel bei einer solchen Runde das Aludingsda etwa 4 km durch den Wald geschleppt hatten, war die Idee einer kleinen Karre geboren. Der Chinamann hat im Angelzubeh\u00f6r etwas im Angebot, es wird aber in den Bewertungen wegen der penetrant stinkenden Gummireifen zu einer Anschaffung abgeraten.<\/p>\n<p style=\"text-align: justify;\">Kleine Handwagen scheiden wegen eines zu tiefen Achsstandes aus. F\u00fcr etwa 50,00 gibt es Golfcaddys, die neben der Leiter auch noch den Rucksack mit Ausr\u00fcstung und der Brotzeit aufnehmen k\u00f6nnen. An Heimarbeit sind nur die vorhandenen und zu kurzen Packb\u00e4nder durch etwas l\u00e4ngere B\u00e4nder zu ersetzen.<\/p>\n<p><a href=\"#\">Nach oben<\/a><\/p>\n","protected":false},"excerpt":{"rendered":"<p>Viele von uns haben f\u00fcr den schnellen T 5 eine Aufstiegshilfe oder auch Leiter st\u00e4ndig im Cachemobil. Einfache Stufentritte mit 2-3 Stufen sind die einfachste Variante und helfen einem schon oft aus der Patsche. Die Teleskopleitern aus Aluminium gibt es &hellip; <a href=\"http:\/\/nordwind.info\/?page_id=39\">Weiterlesen <span class=\"meta-nav\">&rarr;<\/span><\/a><\/p>\n","protected":false},"author":1,"featured_media":0,"parent":6,"menu_order":0,"comment_status":"closed","ping_status":"closed","template":"","meta":{"footnotes":""},"class_list":["post-39","page","type-page","status-publish","hentry"],"_links":{"self":[{"href":"http:\/\/nordwind.info\/index.php?rest_route=\/wp\/v2\/pages\/39","targetHints":{"allow":["GET"]}}],"collection":[{"href":"http:\/\/nordwind.info\/index.php?rest_route=\/wp\/v2\/pages"}],"about":[{"href":"http:\/\/nordwind.info\/index.php?rest_route=\/wp\/v2\/types\/page"}],"author":[{"embeddable":true,"href":"http:\/\/nordwind.info\/index.php?rest_route=\/wp\/v2\/users\/1"}],"replies":[{"embeddable":true,"href":"http:\/\/nordwind.info\/index.php?rest_route=%2Fwp%2Fv2%2Fcomments&post=39"}],"version-history":[{"count":8,"href":"http:\/\/nordwind.info\/index.php?rest_route=\/wp\/v2\/pages\/39\/revisions"}],"predecessor-version":[{"id":4559,"href":"http:\/\/nordwind.info\/index.php?rest_route=\/wp\/v2\/pages\/39\/revisions\/4559"}],"up":[{"embeddable":true,"href":"http:\/\/nordwind.info\/index.php?rest_route=\/wp\/v2\/pages\/6"}],"wp:attachment":[{"href":"http:\/\/nordwind.info\/index.php?rest_route=%2Fwp%2Fv2%2Fmedia&parent=39"}],"curies":[{"name":"wp","href":"https:\/\/api.w.org\/{rel}","templated":true}]}}