

{"id":3055,"date":"2018-03-16T04:19:20","date_gmt":"2018-03-16T04:19:20","guid":{"rendered":"http:\/\/nordwind.info\/?page_id=3055"},"modified":"2019-10-26T04:46:10","modified_gmt":"2019-10-26T04:46:10","slug":"08700-hpu-oyle","status":"publish","type":"page","link":"http:\/\/nordwind.info\/?page_id=3055","title":{"rendered":"08,700 &#8211; Hpu Oyle"},"content":{"rendered":"\n\n\t\t\t\t<div id=\"map_ol3js_1\" class=\"map undefined\" data-map_name=\"undefined\" data-map=\"map_ol3js_1\" style=\"width:100%; max-width:100%; height:450px; display:block; overflow:hidden;border:2px solid grey;\" >\n\t\t\t\t  <div id=\"map_ol3js_1_popup\" class=\"ol-popup\" >\n\t\t\t\t\t<a href=\"#\" id=\"map_ol3js_1_popup-closer\" class=\"ol-popup-closer\"><\/a>\n\t\t\t\t\t<div id=\"map_ol3js_1_popup-content\" ><\/div>\n\t\t\t\t  <\/div>\n\t\t\t\t<\/div>\n\t\t\t\n\n\t\t\t\t<script type=\"text\/javascript\">\n\t\t\t\t\ttranslations['openlayer'] = \"open layer\";\n\t\t\t\t\ttranslations['openlayerAtStartup'] = \"open layer at startup\";\n\t\t\t\t\ttranslations['generateLink'] = \"Der Link zur Karte mit ausgew\u00e4hlten Overlays und angezeigtem Ausschnitt\";\n\t\t\t\t\ttranslations['shortDescription'] = \"Kurzbeschreibung\";\n\t\t\t\t\ttranslations['generatedShortCode'] = \"to get a text control link paste this code in your wordpress editor\";\n\t\t\t\t\ttranslations['closeLayer'] = \"close layer\";\n\t\t\t\t\ttranslations['cantGenerateLink'] = \"put this string in the existing map short code to control this map\";\n\t\t\t  <\/script>\n\n\n\t\t\t  <script type=\"text\/javascript\">\n\t\t\t  vectorM['map_ol3js_1'] = [];\n\t        \n        var raster = getTileLayer(\"osm\",\"NoKey\");\t\t\t\n\n\t\t\t  var map_ol3js_1 = new ol.Map({\n\t\t\t\tinteractions: ol.interaction.defaults.defaults({mouseWheelZoom:false}),\n\t\t\t\tlayers: [raster],\n\t\t\t\ttarget: \"map_ol3js_1\",\n\t\t\t\tview: new ol.View({\n\t\t\t\t  center: ol.proj.transform([9.1487,52.6420], \"EPSG:4326\", \"EPSG:3857\"),\n\t\t\t\t  zoom: 15\n\t\t\t\t})\n\t\t\t  });\n\t\t\t  addControls2Map(map_ol3js_1,0,0,3,0,5,6,7,0,1);\nosm_addPopupClickhandler(map_ol3js_1,  \"map_ol3js_1\"); \nosm_addMouseHover(map_ol3js_1); <\/script>\n<p>Kartenauszug\u00a0<a href=\"http:\/\/www.openrailwaymap.org\/mobile.php?searchquery=&amp;lang=de\" target=\"_blank\" rel=\"noopener noreferrer\">OpenRailwayMap<\/a>\u00a0&#8211;\u00a0\u00dcbersicht <a href=\"http:\/\/nordwind.info\/?page_id=2760\">Strecke 1743<\/a><\/p>\n<p><a href=\"http:\/\/nordwind.info\/wp-content\/uploads\/2017\/11\/Liebenau-Han-3320.jpg\"><img loading=\"lazy\" decoding=\"async\" class=\"alignleft size-large wp-image-1825\" src=\"http:\/\/nordwind.info\/wp-content\/uploads\/2017\/11\/Liebenau-Han-3320-1003x1024.jpg\" alt=\"\" width=\"640\" height=\"653\" srcset=\"http:\/\/nordwind.info\/wp-content\/uploads\/2017\/11\/Liebenau-Han-3320-1003x1024.jpg 1003w, http:\/\/nordwind.info\/wp-content\/uploads\/2017\/11\/Liebenau-Han-3320-294x300.jpg 294w, http:\/\/nordwind.info\/wp-content\/uploads\/2017\/11\/Liebenau-Han-3320-768x784.jpg 768w\" sizes=\"auto, (max-width: 640px) 100vw, 640px\" \/><\/a><\/p>\n<p>Kartenauszug TK 1:25000 (Reichsamt f\u00fcr Landesvermessung 1945)<a href=\"http:\/\/nordwind.info\/wp-content\/uploads\/2018\/03\/Oyle-Hpu-Lageplan-1.jpg\"><img loading=\"lazy\" decoding=\"async\" class=\"aligncenter size-large wp-image-3164\" src=\"http:\/\/nordwind.info\/wp-content\/uploads\/2018\/03\/Oyle-Hpu-Lageplan-1-1024x522.jpg\" alt=\"\" width=\"640\" height=\"326\" srcset=\"http:\/\/nordwind.info\/wp-content\/uploads\/2018\/03\/Oyle-Hpu-Lageplan-1-1024x522.jpg 1024w, http:\/\/nordwind.info\/wp-content\/uploads\/2018\/03\/Oyle-Hpu-Lageplan-1-300x153.jpg 300w, http:\/\/nordwind.info\/wp-content\/uploads\/2018\/03\/Oyle-Hpu-Lageplan-1-768x391.jpg 768w, http:\/\/nordwind.info\/wp-content\/uploads\/2018\/03\/Oyle-Hpu-Lageplan-1.jpg 1280w\" sizes=\"auto, (max-width: 640px) 100vw, 640px\" \/><\/a>Lageplan, Zustand 1954<\/p>\n<p><a href=\"http:\/\/nordwind.info\/wp-content\/uploads\/2018\/03\/08246-Gleis-Richtung-Nienburg-1024x576.jpg\"><img loading=\"lazy\" decoding=\"async\" class=\"aligncenter size-large wp-image-3227\" src=\"http:\/\/nordwind.info\/wp-content\/uploads\/2018\/03\/08246-Gleis-Richtung-Nienburg-1024x576-1024x576.jpg\" alt=\"\" width=\"640\" height=\"360\" srcset=\"http:\/\/nordwind.info\/wp-content\/uploads\/2018\/03\/08246-Gleis-Richtung-Nienburg-1024x576.jpg 1024w, http:\/\/nordwind.info\/wp-content\/uploads\/2018\/03\/08246-Gleis-Richtung-Nienburg-1024x576-300x169.jpg 300w, http:\/\/nordwind.info\/wp-content\/uploads\/2018\/03\/08246-Gleis-Richtung-Nienburg-1024x576-768x432.jpg 768w\" sizes=\"auto, (max-width: 640px) 100vw, 640px\" \/><\/a>o8,200 &#8211; Gleis Richtung Lemke<\/p>\n<table>\n<tbody>\n<tr>\n<td><a href=\"http:\/\/nordwind.info\/wp-content\/uploads\/2018\/03\/08247-B\u00dc-Kroger-Stra\u00dfe-W-O-1.jpg\"><img loading=\"lazy\" decoding=\"async\" class=\"aligncenter size-large wp-image-3230\" src=\"http:\/\/nordwind.info\/wp-content\/uploads\/2018\/03\/08247-B\u00dc-Kroger-Stra\u00dfe-W-O-1-1024x576.jpg\" alt=\"\" width=\"640\" height=\"360\" srcset=\"http:\/\/nordwind.info\/wp-content\/uploads\/2018\/03\/08247-B\u00dc-Kroger-Stra\u00dfe-W-O-1-1024x576.jpg 1024w, http:\/\/nordwind.info\/wp-content\/uploads\/2018\/03\/08247-B\u00dc-Kroger-Stra\u00dfe-W-O-1-300x169.jpg 300w, http:\/\/nordwind.info\/wp-content\/uploads\/2018\/03\/08247-B\u00dc-Kroger-Stra\u00dfe-W-O-1-768x432.jpg 768w, http:\/\/nordwind.info\/wp-content\/uploads\/2018\/03\/08247-B\u00dc-Kroger-Stra\u00dfe-W-O-1.jpg 1280w\" sizes=\"auto, (max-width: 640px) 100vw, 640px\" \/><\/a><\/td>\n<td><a href=\"http:\/\/nordwind.info\/wp-content\/uploads\/2018\/03\/08247-B\u00dc-Kroger-Stra\u00dfe-O-W-1.jpg\"><img loading=\"lazy\" decoding=\"async\" class=\"aligncenter size-large wp-image-3231\" src=\"http:\/\/nordwind.info\/wp-content\/uploads\/2018\/03\/08247-B\u00dc-Kroger-Stra\u00dfe-O-W-1-1024x576.jpg\" alt=\"\" width=\"640\" height=\"360\" srcset=\"http:\/\/nordwind.info\/wp-content\/uploads\/2018\/03\/08247-B\u00dc-Kroger-Stra\u00dfe-O-W-1-1024x576.jpg 1024w, http:\/\/nordwind.info\/wp-content\/uploads\/2018\/03\/08247-B\u00dc-Kroger-Stra\u00dfe-O-W-1-300x169.jpg 300w, http:\/\/nordwind.info\/wp-content\/uploads\/2018\/03\/08247-B\u00dc-Kroger-Stra\u00dfe-O-W-1-768x432.jpg 768w, http:\/\/nordwind.info\/wp-content\/uploads\/2018\/03\/08247-B\u00dc-Kroger-Stra\u00dfe-O-W-1.jpg 1280w\" sizes=\"auto, (max-width: 640px) 100vw, 640px\" \/><\/a><\/td>\n<\/tr>\n<\/tbody>\n<\/table>\n<p>08,247 &#8211; B\u00dc Kroger Stra\u00dfe<\/p>\n<p><a href=\"http:\/\/nordwind.info\/wp-content\/uploads\/2018\/03\/08248-Gleis-Richtung-Liebenau-1.jpg\"><img loading=\"lazy\" decoding=\"async\" class=\"aligncenter size-large wp-image-3228\" src=\"http:\/\/nordwind.info\/wp-content\/uploads\/2018\/03\/08248-Gleis-Richtung-Liebenau-1-1024x576.jpg\" alt=\"\" width=\"640\" height=\"360\" srcset=\"http:\/\/nordwind.info\/wp-content\/uploads\/2018\/03\/08248-Gleis-Richtung-Liebenau-1-1024x576.jpg 1024w, http:\/\/nordwind.info\/wp-content\/uploads\/2018\/03\/08248-Gleis-Richtung-Liebenau-1-300x169.jpg 300w, http:\/\/nordwind.info\/wp-content\/uploads\/2018\/03\/08248-Gleis-Richtung-Liebenau-1-768x432.jpg 768w, http:\/\/nordwind.info\/wp-content\/uploads\/2018\/03\/08248-Gleis-Richtung-Liebenau-1.jpg 1280w\" sizes=\"auto, (max-width: 640px) 100vw, 640px\" \/><\/a>08,260 &#8211; Gleis Richtung Liebenau<\/p>\n<p><a href=\"http:\/\/dg3of.de\/wp-content\/uploads\/2017\/03\/08800-ex-Hpu-Oyle-Gleis-Richtung-Lemke-768x576-1.jpg\"><img loading=\"lazy\" decoding=\"async\" class=\"alignleft size-large wp-image-5345\" src=\"http:\/\/dg3of.de\/wp-content\/uploads\/2017\/03\/08800-ex-Hpu-Oyle-Gleis-Richtung-Lemke-768x576-1-1024x576.jpg\" alt=\"\" width=\"640\" height=\"360\" \/><\/a>08,600 &#8211; ex Hpu Oyle &#8211; Gleis Richtung Lemke<\/p>\n<table>\n<tbody>\n<tr>\n<td><a href=\"http:\/\/nordwind.info\/wp-content\/uploads\/2018\/03\/08622-B\u00dc-Oyle-W-O-1.jpg\"><img loading=\"lazy\" decoding=\"async\" class=\"aligncenter size-large wp-image-3234\" src=\"http:\/\/nordwind.info\/wp-content\/uploads\/2018\/03\/08622-B\u00dc-Oyle-W-O-1-1024x576.jpg\" alt=\"\" width=\"640\" height=\"360\" srcset=\"http:\/\/nordwind.info\/wp-content\/uploads\/2018\/03\/08622-B\u00dc-Oyle-W-O-1-1024x576.jpg 1024w, http:\/\/nordwind.info\/wp-content\/uploads\/2018\/03\/08622-B\u00dc-Oyle-W-O-1-300x169.jpg 300w, http:\/\/nordwind.info\/wp-content\/uploads\/2018\/03\/08622-B\u00dc-Oyle-W-O-1-768x432.jpg 768w, http:\/\/nordwind.info\/wp-content\/uploads\/2018\/03\/08622-B\u00dc-Oyle-W-O-1.jpg 1280w\" sizes=\"auto, (max-width: 640px) 100vw, 640px\" \/><\/a><\/td>\n<td><a href=\"http:\/\/nordwind.info\/wp-content\/uploads\/2018\/03\/08622-B\u00dc-Oyle-O-W-1.jpg\"><img loading=\"lazy\" decoding=\"async\" class=\"aligncenter size-large wp-image-3235\" src=\"http:\/\/nordwind.info\/wp-content\/uploads\/2018\/03\/08622-B\u00dc-Oyle-O-W-1-1024x576.jpg\" alt=\"\" width=\"640\" height=\"360\" srcset=\"http:\/\/nordwind.info\/wp-content\/uploads\/2018\/03\/08622-B\u00dc-Oyle-O-W-1-1024x576.jpg 1024w, http:\/\/nordwind.info\/wp-content\/uploads\/2018\/03\/08622-B\u00dc-Oyle-O-W-1-300x169.jpg 300w, http:\/\/nordwind.info\/wp-content\/uploads\/2018\/03\/08622-B\u00dc-Oyle-O-W-1-768x432.jpg 768w, http:\/\/nordwind.info\/wp-content\/uploads\/2018\/03\/08622-B\u00dc-Oyle-O-W-1.jpg 1280w\" sizes=\"auto, (max-width: 640px) 100vw, 640px\" \/><\/a><\/td>\n<\/tr>\n<\/tbody>\n<\/table>\n<p>08,618 &#8211; B\u00dc Am Blanken Ende W-O \/ O-W<\/p>\n<p><a href=\"http:\/\/nordwind.info\/wp-content\/uploads\/2018\/03\/08800-ex-Hpu-Oyle-Gleis-Richtung-Liebenau-1.jpg\"><img loading=\"lazy\" decoding=\"async\" class=\"aligncenter size-large wp-image-3229\" src=\"http:\/\/nordwind.info\/wp-content\/uploads\/2018\/03\/08800-ex-Hpu-Oyle-Gleis-Richtung-Liebenau-1-1024x579.jpg\" alt=\"\" width=\"640\" height=\"362\" srcset=\"http:\/\/nordwind.info\/wp-content\/uploads\/2018\/03\/08800-ex-Hpu-Oyle-Gleis-Richtung-Liebenau-1-1024x579.jpg 1024w, http:\/\/nordwind.info\/wp-content\/uploads\/2018\/03\/08800-ex-Hpu-Oyle-Gleis-Richtung-Liebenau-1-300x170.jpg 300w, http:\/\/nordwind.info\/wp-content\/uploads\/2018\/03\/08800-ex-Hpu-Oyle-Gleis-Richtung-Liebenau-1-768x434.jpg 768w, http:\/\/nordwind.info\/wp-content\/uploads\/2018\/03\/08800-ex-Hpu-Oyle-Gleis-Richtung-Liebenau-1.jpg 1274w\" sizes=\"auto, (max-width: 640px) 100vw, 640px\" \/><\/a>08,700 &#8211; ex Hpu Oyle<\/p>\n<ul>\n<li>&lt;&lt;&lt; <a href=\"http:\/\/nordwind.info\/?page_id=3051\">Lemke<\/a><\/li>\n<li>&gt;&gt;&gt; <a href=\"http:\/\/nordwind.info\/?page_id=3095\">Binnen-B\u00fchren<\/a><\/li>\n<\/ul>\n<p><a href=\"#\">Nach oben<\/a><\/p>\n<p><a href=\"http:\/\/nordwind.info\/wp-content\/uploads\/2018\/03\/sh2schluss.gif\"><img loading=\"lazy\" decoding=\"async\" class=\"aligncenter size-full wp-image-2750\" src=\"http:\/\/nordwind.info\/wp-content\/uploads\/2018\/03\/sh2schluss.gif\" alt=\"\" width=\"45\" height=\"66\" \/><\/a><\/p>\n","protected":false},"excerpt":{"rendered":"<p>Kartenauszug\u00a0OpenRailwayMap\u00a0&#8211;\u00a0\u00dcbersicht Strecke 1743 Kartenauszug TK 1:25000 (Reichsamt f\u00fcr Landesvermessung 1945)Lageplan, Zustand 1954 o8,200 &#8211; Gleis Richtung Lemke 08,247 &#8211; B\u00dc Kroger Stra\u00dfe 08,260 &#8211; Gleis Richtung Liebenau 08,600 &#8211; ex Hpu Oyle &#8211; Gleis Richtung Lemke 08,618 &#8211; B\u00dc Am &hellip; <a href=\"http:\/\/nordwind.info\/?page_id=3055\">Weiterlesen <span class=\"meta-nav\">&rarr;<\/span><\/a><\/p>\n","protected":false},"author":1,"featured_media":0,"parent":2760,"menu_order":0,"comment_status":"closed","ping_status":"closed","template":"","meta":{"footnotes":""},"class_list":["post-3055","page","type-page","status-publish","hentry"],"_links":{"self":[{"href":"http:\/\/nordwind.info\/index.php?rest_route=\/wp\/v2\/pages\/3055","targetHints":{"allow":["GET"]}}],"collection":[{"href":"http:\/\/nordwind.info\/index.php?rest_route=\/wp\/v2\/pages"}],"about":[{"href":"http:\/\/nordwind.info\/index.php?rest_route=\/wp\/v2\/types\/page"}],"author":[{"embeddable":true,"href":"http:\/\/nordwind.info\/index.php?rest_route=\/wp\/v2\/users\/1"}],"replies":[{"embeddable":true,"href":"http:\/\/nordwind.info\/index.php?rest_route=%2Fwp%2Fv2%2Fcomments&post=3055"}],"version-history":[{"count":15,"href":"http:\/\/nordwind.info\/index.php?rest_route=\/wp\/v2\/pages\/3055\/revisions"}],"predecessor-version":[{"id":6726,"href":"http:\/\/nordwind.info\/index.php?rest_route=\/wp\/v2\/pages\/3055\/revisions\/6726"}],"up":[{"embeddable":true,"href":"http:\/\/nordwind.info\/index.php?rest_route=\/wp\/v2\/pages\/2760"}],"wp:attachment":[{"href":"http:\/\/nordwind.info\/index.php?rest_route=%2Fwp%2Fv2%2Fmedia&parent=3055"}],"curies":[{"name":"wp","href":"https:\/\/api.w.org\/{rel}","templated":true}]}}