

{"id":3039,"date":"2018-03-16T03:56:16","date_gmt":"2018-03-16T03:56:16","guid":{"rendered":"http:\/\/nordwind.info\/?page_id=3039"},"modified":"2018-03-17T05:16:58","modified_gmt":"2018-03-17T05:16:58","slug":"020-40-ebr-holtorfer-marsch","status":"publish","type":"page","link":"http:\/\/nordwind.info\/?page_id=3039","title":{"rendered":"03,000 &#8211; EBR Holtorfer Marsch"},"content":{"rendered":"\n\n\t\t\t\t<div id=\"map_ol3js_1\" class=\"map undefined\" data-map_name=\"undefined\" data-map=\"map_ol3js_1\" style=\"width:100%; max-width:100%; height:450px; display:block; overflow:hidden;border:2px solid grey;\" >\n\t\t\t\t  <div id=\"map_ol3js_1_popup\" class=\"ol-popup\" >\n\t\t\t\t\t<a href=\"#\" id=\"map_ol3js_1_popup-closer\" class=\"ol-popup-closer\"><\/a>\n\t\t\t\t\t<div id=\"map_ol3js_1_popup-content\" ><\/div>\n\t\t\t\t  <\/div>\n\t\t\t\t<\/div>\n\t\t\t\n\n\t\t\t\t<script type=\"text\/javascript\">\n\t\t\t\t\ttranslations['openlayer'] = \"open layer\";\n\t\t\t\t\ttranslations['openlayerAtStartup'] = \"open layer at startup\";\n\t\t\t\t\ttranslations['generateLink'] = \"Der Link zur Karte mit ausgew\u00e4hlten Overlays und angezeigtem Ausschnitt\";\n\t\t\t\t\ttranslations['shortDescription'] = \"Kurzbeschreibung\";\n\t\t\t\t\ttranslations['generatedShortCode'] = \"to get a text control link paste this code in your wordpress editor\";\n\t\t\t\t\ttranslations['closeLayer'] = \"close layer\";\n\t\t\t\t\ttranslations['cantGenerateLink'] = \"put this string in the existing map short code to control this map\";\n\t\t\t  <\/script>\n\n\n\t\t\t  <script type=\"text\/javascript\">\n\t\t\t  vectorM['map_ol3js_1'] = [];\n\t        \n        var raster = getTileLayer(\"osm\",\"NoKey\");\t\t\t\n\n\t\t\t  var map_ol3js_1 = new ol.Map({\n\t\t\t\tinteractions: ol.interaction.defaults.defaults({mouseWheelZoom:false}),\n\t\t\t\tlayers: [raster],\n\t\t\t\ttarget: \"map_ol3js_1\",\n\t\t\t\tview: new ol.View({\n\t\t\t\t  center: ol.proj.transform([9.1896,52.6625], \"EPSG:4326\", \"EPSG:3857\"),\n\t\t\t\t  zoom: 14\n\t\t\t\t})\n\t\t\t  });\n\t\t\t  addControls2Map(map_ol3js_1,0,0,3,0,5,6,7,0,1);\nosm_addPopupClickhandler(map_ol3js_1,  \"map_ol3js_1\"); \nosm_addMouseHover(map_ol3js_1); <\/script>\n<p>Auszug OSM<\/p>\n<p><a href=\"http:\/\/nordwind.info\/wp-content\/uploads\/2018\/03\/01-NI-Lohe-OSM.png\"><img loading=\"lazy\" decoding=\"async\" class=\"aligncenter size-full wp-image-3128\" src=\"http:\/\/nordwind.info\/wp-content\/uploads\/2018\/03\/01-NI-Lohe-OSM.png\" alt=\"\" width=\"1002\" height=\"695\" srcset=\"http:\/\/nordwind.info\/wp-content\/uploads\/2018\/03\/01-NI-Lohe-OSM.png 1002w, http:\/\/nordwind.info\/wp-content\/uploads\/2018\/03\/01-NI-Lohe-OSM-300x208.png 300w, http:\/\/nordwind.info\/wp-content\/uploads\/2018\/03\/01-NI-Lohe-OSM-768x533.png 768w\" sizes=\"auto, (max-width: 1002px) 100vw, 1002px\" \/><\/a><\/p>\n<p>Kartenauszug\u00a0<a href=\"http:\/\/www.openrailwaymap.org\/mobile.php?searchquery=&amp;lang=de\" target=\"_blank\" rel=\"noopener\">OpenRailwayMap<\/a>\u00a0&#8211;\u00a0\u00dcbersicht <a href=\"http:\/\/nordwind.info\/?page_id=2760\">Strecke 1743<\/a><\/p>\n<p><a href=\"http:\/\/nordwind.info\/wp-content\/uploads\/2018\/03\/01-Nienburg-Lohe.jpg\"><img loading=\"lazy\" decoding=\"async\" class=\"aligncenter size-large wp-image-3129\" src=\"http:\/\/nordwind.info\/wp-content\/uploads\/2018\/03\/01-Nienburg-Lohe-1024x696.jpg\" alt=\"\" width=\"640\" height=\"435\" srcset=\"http:\/\/nordwind.info\/wp-content\/uploads\/2018\/03\/01-Nienburg-Lohe-1024x696.jpg 1024w, http:\/\/nordwind.info\/wp-content\/uploads\/2018\/03\/01-Nienburg-Lohe-300x204.jpg 300w, http:\/\/nordwind.info\/wp-content\/uploads\/2018\/03\/01-Nienburg-Lohe-768x522.jpg 768w, http:\/\/nordwind.info\/wp-content\/uploads\/2018\/03\/01-Nienburg-Lohe.jpg 1588w\" sizes=\"auto, (max-width: 640px) 100vw, 640px\" \/><\/a>Kartenauszug TK 1:25000 (Reichsamt f\u00fcr Landesvermessung 1945)<\/p>\n<p><a href=\"http:\/\/nordwind.info\/wp-content\/uploads\/2018\/03\/Strecke-1743-Nienburg-Weser-Abzw-Lohe-Streckenband.jpg\"><img loading=\"lazy\" decoding=\"async\" class=\"aligncenter size-large wp-image-3130\" src=\"http:\/\/nordwind.info\/wp-content\/uploads\/2018\/03\/Strecke-1743-Nienburg-Weser-Abzw-Lohe-Streckenband-1024x734.jpg\" alt=\"\" width=\"640\" height=\"459\" srcset=\"http:\/\/nordwind.info\/wp-content\/uploads\/2018\/03\/Strecke-1743-Nienburg-Weser-Abzw-Lohe-Streckenband-1024x734.jpg 1024w, http:\/\/nordwind.info\/wp-content\/uploads\/2018\/03\/Strecke-1743-Nienburg-Weser-Abzw-Lohe-Streckenband-300x215.jpg 300w, http:\/\/nordwind.info\/wp-content\/uploads\/2018\/03\/Strecke-1743-Nienburg-Weser-Abzw-Lohe-Streckenband-768x551.jpg 768w\" sizes=\"auto, (max-width: 640px) 100vw, 640px\" \/><\/a>Streckenband Nienburg (Weser) &#8211; Abzw Lohe<\/p>\n<p><a href=\"http:\/\/nordwind.info\/wp-content\/uploads\/2018\/03\/1743_000600.jpg-Nienburg-Bf-Nord-Franzosenbergstra\u00dfe-1024x571.jpg\"><img loading=\"lazy\" decoding=\"async\" class=\"aligncenter size-large wp-image-3131\" src=\"http:\/\/nordwind.info\/wp-content\/uploads\/2018\/03\/1743_000600.jpg-Nienburg-Bf-Nord-Franzosenbergstra\u00dfe-1024x571-1024x571.jpg\" alt=\"\" width=\"640\" height=\"357\" srcset=\"http:\/\/nordwind.info\/wp-content\/uploads\/2018\/03\/1743_000600.jpg-Nienburg-Bf-Nord-Franzosenbergstra\u00dfe-1024x571.jpg 1024w, http:\/\/nordwind.info\/wp-content\/uploads\/2018\/03\/1743_000600.jpg-Nienburg-Bf-Nord-Franzosenbergstra\u00dfe-1024x571-300x167.jpg 300w, http:\/\/nordwind.info\/wp-content\/uploads\/2018\/03\/1743_000600.jpg-Nienburg-Bf-Nord-Franzosenbergstra\u00dfe-1024x571-768x428.jpg 768w\" sizes=\"auto, (max-width: 640px) 100vw, 640px\" \/><\/a>Industriegebiet Nienburg<\/p>\n<table>\n<tbody>\n<tr>\n<td><a href=\"http:\/\/dg3of.de\/wp-content\/uploads\/2017\/10\/1743_000200-EBR-B-215-Verdener-Landstra\u00dfe-N-S.jpg\"><img loading=\"lazy\" decoding=\"async\" class=\"alignleft size-large wp-image-5081\" src=\"http:\/\/dg3of.de\/wp-content\/uploads\/2017\/10\/1743_000200-EBR-B-215-Verdener-Landstra\u00dfe-N-S-1024x576.jpg\" alt=\"\" width=\"640\" height=\"360\" \/><\/a><\/td>\n<td><a href=\"http:\/\/dg3of.de\/wp-content\/uploads\/2017\/10\/1743_000200-EBR-B-215-Verdener-Landstra\u00dfe-S-N.jpg\"><img loading=\"lazy\" decoding=\"async\" class=\"alignleft size-large wp-image-5082\" src=\"http:\/\/dg3of.de\/wp-content\/uploads\/2017\/10\/1743_000200-EBR-B-215-Verdener-Landstra\u00dfe-S-N-1024x576.jpg\" alt=\"\" width=\"640\" height=\"360\" \/><\/a><\/td>\n<\/tr>\n<\/tbody>\n<\/table>\n<p>00,200 &#8211; EBR Verdener Landstra\u00dfe N-S \/ S-N<\/p>\n<p><a href=\"http:\/\/nordwind.info\/wp-content\/uploads\/2018\/03\/1743_000300-1024x576.jpg\"><img loading=\"lazy\" decoding=\"async\" class=\"aligncenter size-large wp-image-3134\" src=\"http:\/\/nordwind.info\/wp-content\/uploads\/2018\/03\/1743_000300-1024x576-1024x576.jpg\" alt=\"\" width=\"640\" height=\"360\" srcset=\"http:\/\/nordwind.info\/wp-content\/uploads\/2018\/03\/1743_000300-1024x576.jpg 1024w, http:\/\/nordwind.info\/wp-content\/uploads\/2018\/03\/1743_000300-1024x576-300x169.jpg 300w, http:\/\/nordwind.info\/wp-content\/uploads\/2018\/03\/1743_000300-1024x576-768x432.jpg 768w\" sizes=\"auto, (max-width: 640px) 100vw, 640px\" \/><\/a>00,300 &#8211; Stellwerk Nf, Bahnhof Nienburg (Weser)<\/p>\n<table>\n<tbody>\n<tr>\n<td><a href=\"http:\/\/dg3of.de\/wp-content\/uploads\/2017\/10\/1743_000300-EBR-K\u00f6nigsstra\u00dfe-O-W.jpg\"><img loading=\"lazy\" decoding=\"async\" class=\"alignleft size-large wp-image-5083\" src=\"http:\/\/dg3of.de\/wp-content\/uploads\/2017\/10\/1743_000300-EBR-K\u00f6nigsstra\u00dfe-O-W-1024x576.jpg\" alt=\"\" width=\"640\" height=\"360\" \/><\/a><\/td>\n<td><a href=\"http:\/\/dg3of.de\/wp-content\/uploads\/2017\/10\/1743_000300-EBR-K\u00f6nigsstra\u00dfe-W-O.jpg\"><img loading=\"lazy\" decoding=\"async\" class=\"alignleft size-large wp-image-5084\" src=\"http:\/\/dg3of.de\/wp-content\/uploads\/2017\/10\/1743_000300-EBR-K\u00f6nigsstra\u00dfe-W-O-1024x576.jpg\" alt=\"\" width=\"640\" height=\"360\" \/><\/a><\/td>\n<\/tr>\n<\/tbody>\n<\/table>\n<p>00,300 &#8211; EBR K\u00f6nigsstra\u00dfe O-W \/ W-O<\/p>\n<table>\n<tbody>\n<tr>\n<td><a href=\"http:\/\/dg3of.de\/wp-content\/uploads\/2017\/10\/1743_001600-STBR-Carlotastra\u00dfe-Fu\u00dfg\u00e4ngerbr\u00fccke-Nienburg.jpg\"><img loading=\"lazy\" decoding=\"async\" class=\"alignleft size-large wp-image-5085\" src=\"http:\/\/dg3of.de\/wp-content\/uploads\/2017\/10\/1743_001600-STBR-Carlotastra\u00dfe-Fu\u00dfg\u00e4ngerbr\u00fccke-Nienburg-1024x576.jpg\" alt=\"\" width=\"640\" height=\"360\" \/><\/a><\/td>\n<td><a href=\"http:\/\/dg3of.de\/wp-content\/uploads\/2017\/10\/1743_001610-Glash\u00fctte-Nienburg-Abzw.-nach-Liebenau.jpg\"><img loading=\"lazy\" decoding=\"async\" class=\"alignleft size-large wp-image-5086\" src=\"http:\/\/dg3of.de\/wp-content\/uploads\/2017\/10\/1743_001610-Glash\u00fctte-Nienburg-Abzw.-nach-Liebenau-1024x576.jpg\" alt=\"\" width=\"640\" height=\"360\" \/><\/a><\/td>\n<\/tr>\n<\/tbody>\n<\/table>\n<p>01,600 &#8211; STBR F\u00fc\u00dfg\u00e4ngerbr\u00fccke Carlotastra\u00dfe<\/p>\n<table>\n<tbody>\n<tr>\n<td><a href=\"http:\/\/dg3of.de\/wp-content\/uploads\/2017\/10\/1743_002160-B\u00dc-Drakenburger-Stra\u00dfe-N-S.jpg\"><img loading=\"lazy\" decoding=\"async\" class=\"alignleft size-large wp-image-5073\" src=\"http:\/\/dg3of.de\/wp-content\/uploads\/2017\/10\/1743_002160-B\u00dc-Drakenburger-Stra\u00dfe-N-S-1024x576.jpg\" alt=\"\" width=\"640\" height=\"360\" \/><\/a><\/td>\n<td><a href=\"http:\/\/dg3of.de\/wp-content\/uploads\/2017\/10\/1743_002161-B\u00dc-Drakenburger-Stra\u00dfe.jpg\"><img loading=\"lazy\" decoding=\"async\" class=\"alignleft size-large wp-image-5075\" src=\"http:\/\/dg3of.de\/wp-content\/uploads\/2017\/10\/1743_002161-B\u00dc-Drakenburger-Stra\u00dfe-1024x576.jpg\" alt=\"\" width=\"640\" height=\"360\" \/><\/a><\/td>\n<\/tr>\n<\/tbody>\n<\/table>\n<p>02,160 &#8211; B\u00dc Drakenburger Stra\u00dfe N-S \/ S-N<\/p>\n<table>\n<tbody>\n<tr>\n<td><a href=\"http:\/\/dg3of.de\/wp-content\/uploads\/2017\/10\/1743_002201-Richtung-Nienburg.jpg\"><img loading=\"lazy\" decoding=\"async\" class=\"alignleft size-large wp-image-5130\" src=\"http:\/\/dg3of.de\/wp-content\/uploads\/2017\/10\/1743_002201-Richtung-Nienburg-1024x576.jpg\" alt=\"\" width=\"640\" height=\"360\" \/><\/a><\/td>\n<td><a href=\"http:\/\/dg3of.de\/wp-content\/uploads\/2017\/10\/1743_002200-Kilometerstein.jpg\"><img loading=\"lazy\" decoding=\"async\" class=\"alignleft size-large wp-image-5131\" src=\"http:\/\/dg3of.de\/wp-content\/uploads\/2017\/10\/1743_002200-Kilometerstein-1024x576.jpg\" alt=\"\" width=\"640\" height=\"360\" \/><\/a><\/td>\n<\/tr>\n<\/tbody>\n<\/table>\n<p>02,200 &#8211; Gleis Richtung Nienburg<\/p>\n<table>\n<tbody>\n<tr>\n<td><a href=\"http:\/\/dg3of.de\/wp-content\/uploads\/2017\/10\/1743_002564-EBR-Feldweg-N-S.jpg\"><img loading=\"lazy\" decoding=\"async\" class=\"alignleft size-large wp-image-5077\" src=\"http:\/\/dg3of.de\/wp-content\/uploads\/2017\/10\/1743_002564-EBR-Feldweg-N-S-1024x576.jpg\" alt=\"\" width=\"640\" height=\"360\" \/><\/a><\/td>\n<td><a href=\"http:\/\/dg3of.de\/wp-content\/uploads\/2017\/10\/1743_002564-EBR-Feldweg-S-N.jpg\"><img loading=\"lazy\" decoding=\"async\" class=\"alignleft size-large wp-image-5078\" src=\"http:\/\/dg3of.de\/wp-content\/uploads\/2017\/10\/1743_002564-EBR-Feldweg-S-N-1024x576.jpg\" alt=\"\" width=\"640\" height=\"360\" \/><\/a><\/td>\n<\/tr>\n<\/tbody>\n<\/table>\n<p>02,564 &#8211; EBR Feldweg N-S \/ S-N<\/p>\n<table>\n<tbody>\n<tr>\n<td><a href=\"http:\/\/dg3of.de\/wp-content\/uploads\/2017\/10\/02793.jpg\"><img loading=\"lazy\" decoding=\"async\" class=\"alignleft size-large wp-image-5260\" src=\"http:\/\/dg3of.de\/wp-content\/uploads\/2017\/10\/02793-1024x576.jpg\" alt=\"\" width=\"640\" height=\"360\" \/><\/a><\/td>\n<td><a href=\"http:\/\/dg3of.de\/wp-content\/uploads\/2017\/10\/03161-EBR-Feldweg-N-S-2.jpg\"><img loading=\"lazy\" decoding=\"async\" class=\"alignleft size-large wp-image-5261\" src=\"http:\/\/dg3of.de\/wp-content\/uploads\/2017\/10\/03161-EBR-Feldweg-N-S-2-1024x576.jpg\" alt=\"\" width=\"640\" height=\"360\" \/><\/a><\/td>\n<\/tr>\n<\/tbody>\n<\/table>\n<p>02,800 &#8211; 03,200<\/p>\n<table>\n<tbody>\n<tr>\n<td><a href=\"http:\/\/dg3of.de\/wp-content\/uploads\/2017\/10\/03670-S\u00fcd-Nord.jpg\"><img loading=\"lazy\" decoding=\"async\" class=\"alignleft wp-image-5262 size-large\" src=\"http:\/\/dg3of.de\/wp-content\/uploads\/2017\/10\/03670-S\u00fcd-Nord-1024x576.jpg\" alt=\"\" width=\"640\" height=\"360\" \/><\/a><\/td>\n<td><a href=\"http:\/\/dg3of.de\/wp-content\/uploads\/2017\/10\/03678.jpg\"><img loading=\"lazy\" decoding=\"async\" class=\"alignleft size-large wp-image-5263\" src=\"http:\/\/dg3of.de\/wp-content\/uploads\/2017\/10\/03678-1024x576.jpg\" alt=\"\" width=\"640\" height=\"360\" \/><\/a><\/td>\n<\/tr>\n<\/tbody>\n<\/table>\n<p>03,700<\/p>\n<table>\n<tbody>\n<tr>\n<td><a href=\"http:\/\/dg3of.de\/wp-content\/uploads\/2017\/10\/03671-Nord-S\u00fcd.jpg\"><img loading=\"lazy\" decoding=\"async\" class=\"alignleft size-large wp-image-5265\" src=\"http:\/\/dg3of.de\/wp-content\/uploads\/2017\/10\/03671-Nord-S\u00fcd-1024x576.jpg\" alt=\"\" width=\"640\" height=\"360\" \/><\/a><\/td>\n<td><a href=\"http:\/\/dg3of.de\/wp-content\/uploads\/2017\/10\/04506-Weserbr\u00fccke.jpg\"><img loading=\"lazy\" decoding=\"async\" class=\"alignleft size-large wp-image-5266\" src=\"http:\/\/dg3of.de\/wp-content\/uploads\/2017\/10\/04506-Weserbr\u00fccke-1024x576.jpg\" alt=\"\" width=\"640\" height=\"360\" \/><\/a><\/td>\n<\/tr>\n<\/tbody>\n<\/table>\n<p>04,000<\/p>\n<ul>\n<li>&lt;&lt;&lt; <a href=\"http:\/\/nordwind.info\/?page_id=3041\">Nienburg Weser<\/a><\/li>\n<li>&gt;&gt;&gt; <a href=\"http:\/\/nordwind.info\/?page_id=3043\">EBR Weser<\/a><\/li>\n<\/ul>\n<p><a href=\"#\">Nach oben<\/a><\/p>\n","protected":false},"excerpt":{"rendered":"<p>Auszug OSM Kartenauszug\u00a0OpenRailwayMap\u00a0&#8211;\u00a0\u00dcbersicht Strecke 1743 Kartenauszug TK 1:25000 (Reichsamt f\u00fcr Landesvermessung 1945) Streckenband Nienburg (Weser) &#8211; Abzw Lohe Industriegebiet Nienburg 00,200 &#8211; EBR Verdener Landstra\u00dfe N-S \/ S-N 00,300 &#8211; Stellwerk Nf, Bahnhof Nienburg (Weser) 00,300 &#8211; EBR K\u00f6nigsstra\u00dfe O-W &hellip; <a href=\"http:\/\/nordwind.info\/?page_id=3039\">Weiterlesen <span class=\"meta-nav\">&rarr;<\/span><\/a><\/p>\n","protected":false},"author":1,"featured_media":0,"parent":2760,"menu_order":0,"comment_status":"closed","ping_status":"closed","template":"","meta":{"footnotes":""},"class_list":["post-3039","page","type-page","status-publish","hentry"],"_links":{"self":[{"href":"http:\/\/nordwind.info\/index.php?rest_route=\/wp\/v2\/pages\/3039","targetHints":{"allow":["GET"]}}],"collection":[{"href":"http:\/\/nordwind.info\/index.php?rest_route=\/wp\/v2\/pages"}],"about":[{"href":"http:\/\/nordwind.info\/index.php?rest_route=\/wp\/v2\/types\/page"}],"author":[{"embeddable":true,"href":"http:\/\/nordwind.info\/index.php?rest_route=\/wp\/v2\/users\/1"}],"replies":[{"embeddable":true,"href":"http:\/\/nordwind.info\/index.php?rest_route=%2Fwp%2Fv2%2Fcomments&post=3039"}],"version-history":[{"count":9,"href":"http:\/\/nordwind.info\/index.php?rest_route=\/wp\/v2\/pages\/3039\/revisions"}],"predecessor-version":[{"id":3264,"href":"http:\/\/nordwind.info\/index.php?rest_route=\/wp\/v2\/pages\/3039\/revisions\/3264"}],"up":[{"embeddable":true,"href":"http:\/\/nordwind.info\/index.php?rest_route=\/wp\/v2\/pages\/2760"}],"wp:attachment":[{"href":"http:\/\/nordwind.info\/index.php?rest_route=%2Fwp%2Fv2%2Fmedia&parent=3039"}],"curies":[{"name":"wp","href":"https:\/\/api.w.org\/{rel}","templated":true}]}}