

{"id":2676,"date":"2018-03-06T16:10:24","date_gmt":"2018-03-06T16:10:24","guid":{"rendered":"http:\/\/nordwind.info\/?page_id=2676"},"modified":"2024-12-27T04:46:03","modified_gmt":"2024-12-27T04:46:03","slug":"wiedensahl-bahnhof","status":"publish","type":"page","link":"http:\/\/nordwind.info\/?page_id=2676","title":{"rendered":"18,150 &#8211; Bf Wiedensahl"},"content":{"rendered":"\n\n\t\t\t\t<div id=\"map_ol3js_1\" class=\"map undefined\" data-map_name=\"undefined\" data-map=\"map_ol3js_1\" style=\"width:100%; max-width:100%; height:450px; display:block; overflow:hidden;border:2px solid grey;\" >\n\t\t\t\t  <div id=\"map_ol3js_1_popup\" class=\"ol-popup\" >\n\t\t\t\t\t<a href=\"#\" id=\"map_ol3js_1_popup-closer\" class=\"ol-popup-closer\"><\/a>\n\t\t\t\t\t<div id=\"map_ol3js_1_popup-content\" ><\/div>\n\t\t\t\t  <\/div>\n\t\t\t\t<\/div>\n\t\t\t\n\n\t\t\t\t<script type=\"text\/javascript\">\n\t\t\t\t\ttranslations['openlayer'] = \"open layer\";\n\t\t\t\t\ttranslations['openlayerAtStartup'] = \"open layer at startup\";\n\t\t\t\t\ttranslations['generateLink'] = \"Der Link zur Karte mit ausgew\u00e4hlten Overlays und angezeigtem Ausschnitt\";\n\t\t\t\t\ttranslations['shortDescription'] = \"Kurzbeschreibung\";\n\t\t\t\t\ttranslations['generatedShortCode'] = \"to get a text control link paste this code in your wordpress editor\";\n\t\t\t\t\ttranslations['closeLayer'] = \"close layer\";\n\t\t\t\t\ttranslations['cantGenerateLink'] = \"put this string in the existing map short code to control this map\";\n\t\t\t  <\/script>\n\n\n\t\t\t  <script type=\"text\/javascript\">\n\t\t\t  vectorM['map_ol3js_1'] = [];\n\t        \n        var raster = getTileLayer(\"osm\",\"NoKey\");\t\t\t\n\n\t\t\t  var map_ol3js_1 = new ol.Map({\n\t\t\t\tinteractions: ol.interaction.defaults.defaults({mouseWheelZoom:false}),\n\t\t\t\tlayers: [raster],\n\t\t\t\ttarget: \"map_ol3js_1\",\n\t\t\t\tview: new ol.View({\n\t\t\t\t  center: ol.proj.transform([9.1286,52.3806], \"EPSG:4326\", \"EPSG:3857\"),\n\t\t\t\t  zoom: 14\n\t\t\t\t})\n\t\t\t  });\n\t\t\t  addControls2Map(map_ol3js_1,0,0,3,0,5,6,7,0,1);\nosm_addPopupClickhandler(map_ol3js_1,  \"map_ol3js_1\"); \nosm_addMouseHover(map_ol3js_1); <\/script>\n<p>Kartenauszug OSM<\/p>\n<p><a href=\"http:\/\/nordwind.info\/wp-content\/uploads\/2018\/03\/Wiedensahl.png\"><img loading=\"lazy\" decoding=\"async\" class=\"aligncenter size-full wp-image-2987\" src=\"http:\/\/nordwind.info\/wp-content\/uploads\/2018\/03\/Wiedensahl.png\" alt=\"\" width=\"716\" height=\"540\" srcset=\"http:\/\/nordwind.info\/wp-content\/uploads\/2018\/03\/Wiedensahl.png 716w, http:\/\/nordwind.info\/wp-content\/uploads\/2018\/03\/Wiedensahl-300x226.png 300w\" sizes=\"auto, (max-width: 716px) 100vw, 716px\" \/><\/a><\/p>\n<p>Kartenauszug\u00a0<a href=\"http:\/\/www.openrailwaymap.org\/mobile.php?searchquery=&amp;lang=de\" target=\"_blank\" rel=\"noopener noreferrer\">OpenRailwayMap<\/a>\u00a0&#8211;\u00a0\u00dcbersicht\u00a0<a href=\"http:\/\/nordwind.info\/?page_id=2722\">Strecke 1742<\/a><\/p>\n<p><a href=\"http:\/\/nordwind.info\/wp-content\/uploads\/2018\/03\/01-Wiedensahl-3620.jpg\"><img loading=\"lazy\" decoding=\"async\" class=\"aligncenter size-large wp-image-2988\" src=\"http:\/\/nordwind.info\/wp-content\/uploads\/2018\/03\/01-Wiedensahl-3620-1024x786.jpg\" alt=\"\" width=\"640\" height=\"491\" srcset=\"http:\/\/nordwind.info\/wp-content\/uploads\/2018\/03\/01-Wiedensahl-3620-1024x786.jpg 1024w, http:\/\/nordwind.info\/wp-content\/uploads\/2018\/03\/01-Wiedensahl-3620-300x230.jpg 300w, http:\/\/nordwind.info\/wp-content\/uploads\/2018\/03\/01-Wiedensahl-3620-768x589.jpg 768w, http:\/\/nordwind.info\/wp-content\/uploads\/2018\/03\/01-Wiedensahl-3620.jpg 1237w\" sizes=\"auto, (max-width: 640px) 100vw, 640px\" \/><\/a>Kartenauszug TK 1:25000 (Reichsamt f\u00fcr Landesvermessung 1945)<\/p>\n<p><a href=\"http:\/\/nordwind.info\/wp-content\/uploads\/2018\/03\/Wiedensahl-Bf-Lageplan-Bahn-1.jpg\"><img loading=\"lazy\" decoding=\"async\" class=\"aligncenter size-large wp-image-2989\" src=\"http:\/\/nordwind.info\/wp-content\/uploads\/2018\/03\/Wiedensahl-Bf-Lageplan-Bahn-1-1024x611.jpg\" alt=\"\" width=\"640\" height=\"382\" srcset=\"http:\/\/nordwind.info\/wp-content\/uploads\/2018\/03\/Wiedensahl-Bf-Lageplan-Bahn-1-1024x611.jpg 1024w, http:\/\/nordwind.info\/wp-content\/uploads\/2018\/03\/Wiedensahl-Bf-Lageplan-Bahn-1-300x179.jpg 300w, http:\/\/nordwind.info\/wp-content\/uploads\/2018\/03\/Wiedensahl-Bf-Lageplan-Bahn-1-768x458.jpg 768w, http:\/\/nordwind.info\/wp-content\/uploads\/2018\/03\/Wiedensahl-Bf-Lageplan-Bahn-1.jpg 1280w\" sizes=\"auto, (max-width: 640px) 100vw, 640px\" \/><\/a>Lageplan, Zustand 1954<\/p>\n<p><a href=\"http:\/\/nordwind.info\/wp-content\/uploads\/2024\/12\/Wiedensahl-Bahndamm.jpeg\"><img loading=\"lazy\" decoding=\"async\" class=\"alignleft size-large wp-image-12720\" src=\"http:\/\/nordwind.info\/wp-content\/uploads\/2024\/12\/Wiedensahl-Bahndamm-1024x768.jpeg\" alt=\"\" width=\"640\" height=\"480\" srcset=\"http:\/\/nordwind.info\/wp-content\/uploads\/2024\/12\/Wiedensahl-Bahndamm-1024x768.jpeg 1024w, http:\/\/nordwind.info\/wp-content\/uploads\/2024\/12\/Wiedensahl-Bahndamm-300x225.jpeg 300w, http:\/\/nordwind.info\/wp-content\/uploads\/2024\/12\/Wiedensahl-Bahndamm-768x576.jpeg 768w, http:\/\/nordwind.info\/wp-content\/uploads\/2024\/12\/Wiedensahl-Bahndamm.jpeg 1280w\" sizes=\"auto, (max-width: 640px) 100vw, 640px\" \/><\/a><\/p>\n<p>17,050 &#8211; Bahndamm<\/p>\n<p><a href=\"http:\/\/nordwind.info\/wp-content\/uploads\/2024\/12\/Wiedensahl-Rampe.jpeg\"><img loading=\"lazy\" decoding=\"async\" class=\"alignleft size-large wp-image-12718\" src=\"http:\/\/nordwind.info\/wp-content\/uploads\/2024\/12\/Wiedensahl-Rampe-1024x768.jpeg\" alt=\"\" width=\"640\" height=\"480\" srcset=\"http:\/\/nordwind.info\/wp-content\/uploads\/2024\/12\/Wiedensahl-Rampe-1024x768.jpeg 1024w, http:\/\/nordwind.info\/wp-content\/uploads\/2024\/12\/Wiedensahl-Rampe-300x225.jpeg 300w, http:\/\/nordwind.info\/wp-content\/uploads\/2024\/12\/Wiedensahl-Rampe-768x576.jpeg 768w, http:\/\/nordwind.info\/wp-content\/uploads\/2024\/12\/Wiedensahl-Rampe.jpeg 1280w\" sizes=\"auto, (max-width: 640px) 100vw, 640px\" \/><\/a><\/p>\n<p>18,000 &#8211; ehemalige Rampe<\/p>\n<p><a href=\"http:\/\/nordwind.info\/wp-content\/uploads\/2024\/12\/18031-Wiedensahl-Zufahrt-1.jpg\"><img loading=\"lazy\" decoding=\"async\" class=\"alignleft wp-image-12719 size-large\" src=\"http:\/\/nordwind.info\/wp-content\/uploads\/2024\/12\/18031-Wiedensahl-Zufahrt-1-1024x768.jpg\" alt=\"\" width=\"640\" height=\"480\" srcset=\"http:\/\/nordwind.info\/wp-content\/uploads\/2024\/12\/18031-Wiedensahl-Zufahrt-1-1024x768.jpg 1024w, http:\/\/nordwind.info\/wp-content\/uploads\/2024\/12\/18031-Wiedensahl-Zufahrt-1-300x225.jpg 300w, http:\/\/nordwind.info\/wp-content\/uploads\/2024\/12\/18031-Wiedensahl-Zufahrt-1-768x576.jpg 768w, http:\/\/nordwind.info\/wp-content\/uploads\/2024\/12\/18031-Wiedensahl-Zufahrt-1-1536x1152.jpg 1536w, http:\/\/nordwind.info\/wp-content\/uploads\/2024\/12\/18031-Wiedensahl-Zufahrt-1.jpg 1600w\" sizes=\"auto, (max-width: 640px) 100vw, 640px\" \/><\/a><\/p>\n<p>18,050 &#8211; Zufahrt Bahnhof<a href=\"http:\/\/nordwind.info\/wp-content\/uploads\/2018\/03\/18131-ehm-EG-Bf-Wiedensahl.jpg\"><br \/>\n<img loading=\"lazy\" decoding=\"async\" class=\"aligncenter wp-image-2991 size-large\" src=\"http:\/\/nordwind.info\/wp-content\/uploads\/2018\/03\/18131-ehm-EG-Bf-Wiedensahl-1024x576.jpg\" alt=\"\" width=\"640\" height=\"360\" srcset=\"http:\/\/nordwind.info\/wp-content\/uploads\/2018\/03\/18131-ehm-EG-Bf-Wiedensahl-1024x576.jpg 1024w, http:\/\/nordwind.info\/wp-content\/uploads\/2018\/03\/18131-ehm-EG-Bf-Wiedensahl-300x169.jpg 300w, http:\/\/nordwind.info\/wp-content\/uploads\/2018\/03\/18131-ehm-EG-Bf-Wiedensahl-768x432.jpg 768w, http:\/\/nordwind.info\/wp-content\/uploads\/2018\/03\/18131-ehm-EG-Bf-Wiedensahl.jpg 1280w\" sizes=\"auto, (max-width: 640px) 100vw, 640px\" \/><\/a>18,150 &#8211; Bf Wiedensahl, Stra\u00dfenseite<\/p>\n<ul>\n<li>&lt;&lt;&lt; <a href=\"http:\/\/nordwind.info\/?page_id=2968\">M\u00fcnchehagen<\/a><\/li>\n<li>&gt;&gt;&gt; <a href=\"http:\/\/nordwind.info\/?page_id=2973\">Niedernw\u00f6hren<\/a><\/li>\n<\/ul>\n<p><a href=\"#\">Nach oben<\/a><\/p>\n<p><a href=\"http:\/\/nordwind.info\/wp-content\/uploads\/2018\/03\/sh2schluss.gif\"><img loading=\"lazy\" decoding=\"async\" class=\"aligncenter size-full wp-image-2750\" src=\"http:\/\/nordwind.info\/wp-content\/uploads\/2018\/03\/sh2schluss.gif\" alt=\"\" width=\"45\" height=\"66\" \/><\/a><\/p>\n","protected":false},"excerpt":{"rendered":"<p>Kartenauszug OSM Kartenauszug\u00a0OpenRailwayMap\u00a0&#8211;\u00a0\u00dcbersicht\u00a0Strecke 1742 Kartenauszug TK 1:25000 (Reichsamt f\u00fcr Landesvermessung 1945) Lageplan, Zustand 1954 17,050 &#8211; Bahndamm 18,000 &#8211; ehemalige Rampe 18,050 &#8211; Zufahrt Bahnhof 18,150 &#8211; Bf Wiedensahl, Stra\u00dfenseite &lt;&lt;&lt; M\u00fcnchehagen &gt;&gt;&gt; Niedernw\u00f6hren Nach oben<\/p>\n","protected":false},"author":1,"featured_media":0,"parent":2722,"menu_order":0,"comment_status":"closed","ping_status":"closed","template":"","meta":{"footnotes":""},"class_list":["post-2676","page","type-page","status-publish","hentry"],"_links":{"self":[{"href":"http:\/\/nordwind.info\/index.php?rest_route=\/wp\/v2\/pages\/2676","targetHints":{"allow":["GET"]}}],"collection":[{"href":"http:\/\/nordwind.info\/index.php?rest_route=\/wp\/v2\/pages"}],"about":[{"href":"http:\/\/nordwind.info\/index.php?rest_route=\/wp\/v2\/types\/page"}],"author":[{"embeddable":true,"href":"http:\/\/nordwind.info\/index.php?rest_route=\/wp\/v2\/users\/1"}],"replies":[{"embeddable":true,"href":"http:\/\/nordwind.info\/index.php?rest_route=%2Fwp%2Fv2%2Fcomments&post=2676"}],"version-history":[{"count":10,"href":"http:\/\/nordwind.info\/index.php?rest_route=\/wp\/v2\/pages\/2676\/revisions"}],"predecessor-version":[{"id":12721,"href":"http:\/\/nordwind.info\/index.php?rest_route=\/wp\/v2\/pages\/2676\/revisions\/12721"}],"up":[{"embeddable":true,"href":"http:\/\/nordwind.info\/index.php?rest_route=\/wp\/v2\/pages\/2722"}],"wp:attachment":[{"href":"http:\/\/nordwind.info\/index.php?rest_route=%2Fwp%2Fv2%2Fmedia&parent=2676"}],"curies":[{"name":"wp","href":"https:\/\/api.w.org\/{rel}","templated":true}]}}