

{"id":2508,"date":"2018-02-20T04:39:44","date_gmt":"2018-02-20T04:39:44","guid":{"rendered":"http:\/\/nordwind.info\/?page_id=2508"},"modified":"2025-04-11T06:39:33","modified_gmt":"2025-04-11T06:39:33","slug":"heemsen-brunsburg","status":"publish","type":"page","link":"http:\/\/nordwind.info\/?page_id=2508","title":{"rendered":"Heemsen, Brunsburg"},"content":{"rendered":"<ul>\n<li>Objektname: Brunsburg Heemsen<\/li>\n<li>Ortslage\/LK: S\u00fcndern, Heemsen, SG Heemsen, LK Nienburg, Niedersachsen<\/li>\n<li>Koordinaten: N\u00a052.6938 E 5,9.27475<\/li>\n<li>Nutzung: \u00a0 \u00a0 \u00a0 \u00a0ca. 9. Jahrhundert\n<ul>\n<li>\n<ul>\n<li>\n<ul>\n<li>\n<ul>\n<li>Schutzburg der Bev\u00f6lkerung gegen R\u00e4uber, Diebesgesindel<\/li>\n<\/ul>\n<\/li>\n<\/ul>\n<\/li>\n<\/ul>\n<\/li>\n<\/ul>\n<\/li>\n<li>Ausr\u00fcstung: Ringwallanlage, vmtl. mit Schutzzaun<\/li>\n<li>Ist-Zustand: Reste der Ringwallanlage\n<ul>\n<li>\n<ul>\n<li>\n<ul>\n<li>\n<ul>\n<li>Die Ringwallanlage kann frei betreten werden<\/li>\n<\/ul>\n<\/li>\n<\/ul>\n<\/li>\n<\/ul>\n<\/li>\n<\/ul>\n<\/li>\n<li>Recherchen: 2014 \u00a0 \u00a0 \u00a0 \u00a0 \u00a0 \u00a0 \u00a0 \u00a0 \u00a0\u00a0Exkursion: 2014<\/li>\n<li>Fundstellen:\u00a0<a href=\"http:\/\/de.wikipedia.org\/wiki\/Brunsburg\" target=\"_blank\" rel=\"noopener\">Brunsburg<\/a>\u00a0\u2013 Wikipedia<\/li>\n<\/ul>\n<p><strong>Lage<\/strong><\/p>\n<div id=\"mapp0_layout\" class=\"mapp-layout\">\n<div id=\"mapp0\" class=\"mapp-canvas\">\n<div class=\"gm-style\">\n<div tabindex=\"0\">\n<div id=\"ShortCode_Div\">\n\n\t\t\t\t<div id=\"map_ol3js_1\" class=\"map undefined\" data-map_name=\"undefined\" data-map=\"map_ol3js_1\" style=\"width:100%; max-width:100%; height:450px; display:block; overflow:hidden;border:thin solid red;\" >\n\t\t\t\t  <div id=\"map_ol3js_1_popup\" class=\"ol-popup\" >\n\t\t\t\t\t<a href=\"#\" id=\"map_ol3js_1_popup-closer\" class=\"ol-popup-closer\"><\/a>\n\t\t\t\t\t<div id=\"map_ol3js_1_popup-content\" ><\/div>\n\t\t\t\t  <\/div>\n\t\t\t\t<\/div>\n\t\t\t\n\n\t\t\t\t<script type=\"text\/javascript\">\n\t\t\t\t\ttranslations['openlayer'] = \"open layer\";\n\t\t\t\t\ttranslations['openlayerAtStartup'] = \"open layer at startup\";\n\t\t\t\t\ttranslations['generateLink'] = \"Der Link zur Karte mit ausgew\u00e4hlten Overlays und angezeigtem Ausschnitt\";\n\t\t\t\t\ttranslations['shortDescription'] = \"Kurzbeschreibung\";\n\t\t\t\t\ttranslations['generatedShortCode'] = \"to get a text control link paste this code in your wordpress editor\";\n\t\t\t\t\ttranslations['closeLayer'] = \"close layer\";\n\t\t\t\t\ttranslations['cantGenerateLink'] = \"put this string in the existing map short code to control this map\";\n\t\t\t  <\/script>\n\n\n\t\t\t  <script type=\"text\/javascript\">\n\t\t\t  vectorM['map_ol3js_1'] = [];\n\t        \n        var raster = getTileLayer(\"osm\",\"NoKey\");\t\t\t\n\n\t\t\t  var map_ol3js_1 = new ol.Map({\n\t\t\t\tinteractions: ol.interaction.defaults.defaults({mouseWheelZoom:false}),\n\t\t\t\tlayers: [raster],\n\t\t\t\ttarget: \"map_ol3js_1\",\n\t\t\t\tview: new ol.View({\n\t\t\t\t  center: ol.proj.transform([9.2788,52.6946], \"EPSG:4326\", \"EPSG:3857\"),\n\t\t\t\t  zoom: 14\n\t\t\t\t})\n\t\t\t  });\n\t\t\t  osm_addMarkerLayer(map_ol3js_1,9.2794,52.6958,\"http:\/\/nordwind.info\/wp-content\/plugins\/osm\/icons\/mic_red_pinother_02.png\",-16,-41,\"<p>Brunsburg<\/p>\") ; \naddControls2Map(map_ol3js_1,0,0,3,0,5,6,7,0,1);\nosm_addPopupClickhandler(map_ol3js_1,  \"map_ol3js_1\"); \nosm_addMouseHover(map_ol3js_1); <\/script><\/div>\n<\/div>\n<\/div>\n<\/div>\n<\/div>\n<p>Kartenauszug OSM<\/p>\n<p style=\"text-align: justify;\">Die Brunsburg ist eine Wallburg etwa 1 km s\u00fcd\u00f6stlich von Heemsen im Landkreis Nienburg im Waldgebiet \u201eS\u00fcndern\u201c. Ihre Entstehung wird im Fr\u00fchmittelalter um das 9. Jahrhundert vermutet. Die fr\u00fchere Befestigungsanlage in Form einer kleineren Hauptburg und einem gr\u00f6\u00dferen Vorburgbereich lag strategisch g\u00fcnstig zwischen zwei B\u00e4chen in einem Niederungsgebiet. Ihren Erdw\u00e4llen waren wahrscheinlich senkrechte H\u00f6lzst\u00e4mme vorgesetzt, die ein Eindringen verhinderten.<\/p>\n<p><a href=\"http:\/\/nordwind.info\/wp-content\/uploads\/2017\/09\/Brunsburg_Rekonstruktion.jpg\"><img loading=\"lazy\" decoding=\"async\" class=\"alignleft size-full wp-image-1174\" src=\"http:\/\/nordwind.info\/wp-content\/uploads\/2017\/09\/Brunsburg_Rekonstruktion.jpg\" alt=\"\" width=\"788\" height=\"582\" srcset=\"http:\/\/nordwind.info\/wp-content\/uploads\/2017\/09\/Brunsburg_Rekonstruktion.jpg 788w, http:\/\/nordwind.info\/wp-content\/uploads\/2017\/09\/Brunsburg_Rekonstruktion-300x222.jpg 300w, http:\/\/nordwind.info\/wp-content\/uploads\/2017\/09\/Brunsburg_Rekonstruktion-768x567.jpg 768w\" sizes=\"auto, (max-width: 788px) 100vw, 788px\" \/><\/a><\/p>\n<div style=\"text-align: justify;\">\n<p>Die Erbauer errichteten die Wallanlage strategisch g\u00fcnstig auf einem langgestreckten Sandr\u00fccken, der halbinselartig in das sumpfige Gel\u00e4nde hinein ragt. Der feste Sandgrund lag im Winkel zwischen der W\u00f6lpe und einem weiteren Bach. Lagebedingt war dadurch nur eine ungesch\u00fctzte Seite im S\u00fcdwesten vorhanden. Diese wurde durch einen 175 Meter langen, 20 Meter breiten und 3 Meter hohen Vorwall abgesichert, der den trockenen Halbinselbereich in gesamter Breite sperrte. Der Vorwall liegt rund 300 Meter s\u00fcdwestlich der Hauptburg. Mit seinen vermutlich abgetragenen Flanken und den beiden Bachl\u00e4ufen ergab sich der Bereich einer weitl\u00e4ufigen Vorburg in der Gr\u00f6\u00dfe von etwa 4,5 Hektar. Sie ist bisher noch nicht arch\u00e4ologisch untersucht. Von der kleineren, nur etwa 1 Hektar gro\u00dfen Hauptburg sind heute noch zwei W\u00e4lle vorhanden, die fr\u00fchere Existenz eines dritten wird vermutet. Die W\u00e4lle bildeten ein unregelm\u00e4\u00dfiges Dreieck mit Seitenl\u00e4ngen von etwa 100 Metern und 150 Metern. Sie weisen heute noch eine H\u00f6he von 1 bis 2 Metern auf, d\u00fcrften aber fr\u00fcher bedeutend h\u00f6her gewesen sein.<\/p>\n<p><a href=\"http:\/\/nordwind.info\/wp-content\/uploads\/2017\/09\/Brunsburg_Plan.jpg\"><img loading=\"lazy\" decoding=\"async\" class=\"alignleft size-full wp-image-1173\" src=\"http:\/\/nordwind.info\/wp-content\/uploads\/2017\/09\/Brunsburg_Plan.jpg\" alt=\"\" width=\"1024\" height=\"727\" srcset=\"http:\/\/nordwind.info\/wp-content\/uploads\/2017\/09\/Brunsburg_Plan.jpg 1024w, http:\/\/nordwind.info\/wp-content\/uploads\/2017\/09\/Brunsburg_Plan-300x213.jpg 300w, http:\/\/nordwind.info\/wp-content\/uploads\/2017\/09\/Brunsburg_Plan-768x545.jpg 768w\" sizes=\"auto, (max-width: 1024px) 100vw, 1024px\" \/><\/a><\/p>\n<\/div>\n<p style=\"text-align: justify;\">1905 f\u00fchrte der Nienburger Lehrer Heller f\u00fcr den Nienburger Altertumsverein im Bereich der kleineren Hauptburg arch\u00e4ologische Untersuchungen durch. Die Ausgrabung ergab nur wenige Hinweise auf die Entstehungszeit der Anlage. Die Befunde deuteten darauf hin, dass der Wall aus einer Holz\/Erde-Konstruktion bestand. Bei dieser Bauweise wurde der Wallk\u00f6rper aus Erde und Plaggen errichtet und mit Holzeinbauten versehen, um ihm die erforderliche Festigkeit zu verleihen. Wahrscheinlich war dem Wall eine senkrechte Mauer aus Holzst\u00e4mmen vorgesetzt, um das Eindringen von Angreifern zu verhindern. Im Inneren der Hauptburg wurden die Grundrisse mehrerer Geb\u00e4ude freigelegt, deren Fu\u00dfb\u00f6den aus Kieselsteinen bestanden.<\/p>\n<p style=\"text-align: justify;\">Die sp\u00e4rlichen Tonscherbenfunde lie\u00dfen darauf schlie\u00dfen, das die Wehranlage im fr\u00fchen Mittelalter des 9. Jahrhunderts entstanden ist. Von der Lage her befand sie sich in einem siedlungsfernen Gebiet inmitten eines Niederungssgebietes, wie es auch bei vielen anderen Anlagen dieser Zeit der Fall ist. M\u00f6glicherweise war die Burg nur zeitweise bewohnt und diente in Kriegszeiten der Bev\u00f6lkerung als Fliehburg. Einer Theorie zufolge habe es sich um eine Fluchtburg einer Grundherrschaft der Mindener Bisch\u00f6fe an der Grenze zum Bistum Bremen gehandelt.<\/p>\n<p style=\"text-align: justify;\">Nach m\u00fcndlicher \u00dcberlieferung sa\u00df ein Graf Bruno auf der Burg, der sich nicht halten konnte und nach Brunswick (Braunschweig) fortzog. Einer weiteren Sage nach habe sich auf die Burg ein Hauptmann Bruns zur\u00fcckgezogen und dort seine Kriegskasse vergraben.<\/p>\n<p><a href=\"#\">Nach oben<\/a><\/p>\n","protected":false},"excerpt":{"rendered":"<p>Objektname: Brunsburg Heemsen Ortslage\/LK: S\u00fcndern, Heemsen, SG Heemsen, LK Nienburg, Niedersachsen Koordinaten: N\u00a052.6938 E 5,9.27475 Nutzung: \u00a0 \u00a0 \u00a0 \u00a0ca. 9. Jahrhundert Schutzburg der Bev\u00f6lkerung gegen R\u00e4uber, Diebesgesindel Ausr\u00fcstung: Ringwallanlage, vmtl. mit Schutzzaun Ist-Zustand: Reste der Ringwallanlage Die Ringwallanlage kann &hellip; <a href=\"http:\/\/nordwind.info\/?page_id=2508\">Weiterlesen <span class=\"meta-nav\">&rarr;<\/span><\/a><\/p>\n","protected":false},"author":1,"featured_media":0,"parent":14136,"menu_order":0,"comment_status":"closed","ping_status":"closed","template":"","meta":{"footnotes":""},"class_list":["post-2508","page","type-page","status-publish","hentry"],"_links":{"self":[{"href":"http:\/\/nordwind.info\/index.php?rest_route=\/wp\/v2\/pages\/2508","targetHints":{"allow":["GET"]}}],"collection":[{"href":"http:\/\/nordwind.info\/index.php?rest_route=\/wp\/v2\/pages"}],"about":[{"href":"http:\/\/nordwind.info\/index.php?rest_route=\/wp\/v2\/types\/page"}],"author":[{"embeddable":true,"href":"http:\/\/nordwind.info\/index.php?rest_route=\/wp\/v2\/users\/1"}],"replies":[{"embeddable":true,"href":"http:\/\/nordwind.info\/index.php?rest_route=%2Fwp%2Fv2%2Fcomments&post=2508"}],"version-history":[{"count":4,"href":"http:\/\/nordwind.info\/index.php?rest_route=\/wp\/v2\/pages\/2508\/revisions"}],"predecessor-version":[{"id":2512,"href":"http:\/\/nordwind.info\/index.php?rest_route=\/wp\/v2\/pages\/2508\/revisions\/2512"}],"up":[{"embeddable":true,"href":"http:\/\/nordwind.info\/index.php?rest_route=\/wp\/v2\/pages\/14136"}],"wp:attachment":[{"href":"http:\/\/nordwind.info\/index.php?rest_route=%2Fwp%2Fv2%2Fmedia&parent=2508"}],"curies":[{"name":"wp","href":"https:\/\/api.w.org\/{rel}","templated":true}]}}