{"id":2314,"date":"2018-01-31T08:21:16","date_gmt":"2018-01-31T08:21:16","guid":{"rendered":"http:\/\/nordwind.info\/?page_id=2314"},"modified":"2019-12-08T04:00:42","modified_gmt":"2019-12-08T04:00:42","slug":"localbahn-mori-arco-riva","status":"publish","type":"page","link":"http:\/\/nordwind.info\/?page_id=2314","title":{"rendered":"Localbahn Mori &#8211; Arco &#8211; Riva (Italien)"},"content":{"rendered":"<p style=\"text-align: justify;\"><a href=\"http:\/\/nordwind.info\/wp-content\/uploads\/2018\/01\/Bahnhof-Riva-2012.jpg\"><img loading=\"lazy\" decoding=\"async\" class=\"alignright size-medium wp-image-2325\" src=\"http:\/\/nordwind.info\/wp-content\/uploads\/2018\/01\/Bahnhof-Riva-2012-300x169.jpg\" alt=\"\" width=\"300\" height=\"169\" srcset=\"http:\/\/nordwind.info\/wp-content\/uploads\/2018\/01\/Bahnhof-Riva-2012-300x169.jpg 300w, http:\/\/nordwind.info\/wp-content\/uploads\/2018\/01\/Bahnhof-Riva-2012.jpg 640w\" sizes=\"auto, (max-width: 300px) 100vw, 300px\" \/><\/a>Die Eisenbahnstrecke von Mori \u00fcber Arco nach Riva wurde nach nur 11 Monaten Arbeit am 28. Januar 1891 er\u00f6ffnet. Diese Localbahn hatte eine L\u00e4nge von 24 Kilometern, die in etwa 90 Minuten bew\u00e4ltigt wurde. Diese Eisenbahnstrecke wurde zur F\u00f6rderung der Wirtschaft im n\u00f6rdlichen Gardaseegebiet errichtet, sie war aber auch f\u00fcr die logistischen Bed\u00fcrfnisse der strategisch befestigten Stadt Riva del Garda und deren Festungsanlagen in den Jahren vor dem Ersten Weltkrieg besonders wichtig.<\/p>\n<p><a href=\"http:\/\/nordwind.info\/wp-content\/uploads\/2018\/01\/Rive-ehem-EBR-1.jpg\"><img loading=\"lazy\" decoding=\"async\" class=\"alignleft wp-image-2327 size-medium\" src=\"http:\/\/nordwind.info\/wp-content\/uploads\/2018\/01\/Rive-ehem-EBR-1-300x169.jpg\" alt=\"\" width=\"300\" height=\"169\" srcset=\"http:\/\/nordwind.info\/wp-content\/uploads\/2018\/01\/Rive-ehem-EBR-1-300x169.jpg 300w, http:\/\/nordwind.info\/wp-content\/uploads\/2018\/01\/Rive-ehem-EBR-1.jpg 640w\" sizes=\"auto, (max-width: 300px) 100vw, 300px\" \/><\/a><\/p>\n<p style=\"text-align: justify;\">Die Strecke wurde im Jahre 1936 geschlossen und durch eine Autobusverbindung ersetzt. Auf der ehemaligen Trasse finden sich heute Wirtschafts- oder Fahrradwege. Einige Br\u00fcckenbauwerke, sowie die Bahnhofsgeb\u00e4ude in Riva und Arco sind auch heute noch erhalten und als soche erkennbar. Neben einer kleinen Geschichtsgalerie im ehemaligen Bahnhof Riva findet Ihr Orginaldokumente und Gegenst\u00e4nde in der Rocca, dem Stadtmuseum von Riva del Garda.<\/p>\n<p><a href=\"http:\/\/nordwind.info\/wp-content\/uploads\/2018\/01\/Lokalbahn_Mori\u2013Arco\u2013Riva.png\"><img loading=\"lazy\" decoding=\"async\" class=\"alignleft size-large wp-image-2340\" src=\"http:\/\/nordwind.info\/wp-content\/uploads\/2018\/01\/Lokalbahn_Mori\u2013Arco\u2013Riva-1024x657.png\" alt=\"\" width=\"640\" height=\"411\" srcset=\"http:\/\/nordwind.info\/wp-content\/uploads\/2018\/01\/Lokalbahn_Mori\u2013Arco\u2013Riva-1024x657.png 1024w, http:\/\/nordwind.info\/wp-content\/uploads\/2018\/01\/Lokalbahn_Mori\u2013Arco\u2013Riva-300x192.png 300w, http:\/\/nordwind.info\/wp-content\/uploads\/2018\/01\/Lokalbahn_Mori\u2013Arco\u2013Riva-768x493.png 768w, http:\/\/nordwind.info\/wp-content\/uploads\/2018\/01\/Lokalbahn_Mori\u2013Arco\u2013Riva.png 2048w\" sizes=\"auto, (max-width: 640px) 100vw, 640px\" \/><\/a><br \/>\nStreckenf\u00fchrung der Localbahn Mori &#8211; Riva by Pechristener, Wikimedia Commons<\/p>\n<p>Spurensuche: Localbahn Mori &#8211; Riva<\/p>\n<p style=\"text-align: justify;\">Von 1891 bis 1936 verkehrte mit einer Spurweite von 760 mm (Bosnische Spurweite), auf einer Strecke von etwa 25 Kilometern die Localbahn von Mori (Provinz Trient, Italien) nach Riva (Gardasee). Die Bahnhofsgeb\u00e4ude in Arco und Riva sind erhalten geblieben und dienen als Verkehrsb\u00fcros, Busbahnh\u00f6fe und Gastst\u00e4tten. Au\u00dferdem erkennt das Auge des Eisenbahners noch einige vorhandene Br\u00fcckenbauwerke, sowie Teile der ehmaligen Bahntrasse. Erhalten ist auch die Lok 2 (Riva, No. 2360), die nach dem 1. Weltkrieg an Polen abgegeben wurde. \u00dcber diverse Zwischenstationen gelangte sie \u00fcber Ungarn nach den USA, wo sie im Vergn\u00fcgungspark Orlando-Zoo noch heute im Einsatz ist.<\/p>\n<ul>\n<li><a href=\"https:\/\/de.wikipedia.org\/wiki\/Lokalbahn_Mori\u2013Arco\u2013Riva\" target=\"_blank\" rel=\"noopener noreferrer\">Wikipedia<\/a><\/li>\n<li><a href=\"http:\/\/www.tmb.at\/railways\/index.php?lang=de&amp;siteid=6&amp;site=showrailway&amp;id=26\" target=\"_blank\" rel=\"noopener noreferrer\">Localbahnen Tirols<\/a><\/li>\n<\/ul>\n<p><a href=\"#\">Nach oben<\/a><\/p>\n","protected":false},"excerpt":{"rendered":"<p>Die Eisenbahnstrecke von Mori \u00fcber Arco nach Riva wurde nach nur 11 Monaten Arbeit am 28. Januar 1891 er\u00f6ffnet. Diese Localbahn hatte eine L\u00e4nge von 24 Kilometern, die in etwa 90 Minuten bew\u00e4ltigt wurde. Diese Eisenbahnstrecke wurde zur F\u00f6rderung der &hellip; <a href=\"http:\/\/nordwind.info\/?page_id=2314\">Weiterlesen <span class=\"meta-nav\">&rarr;<\/span><\/a><\/p>\n","protected":false},"author":1,"featured_media":0,"parent":7997,"menu_order":0,"comment_status":"closed","ping_status":"closed","template":"","meta":{"footnotes":""},"class_list":["post-2314","page","type-page","status-publish","hentry"],"_links":{"self":[{"href":"http:\/\/nordwind.info\/index.php?rest_route=\/wp\/v2\/pages\/2314","targetHints":{"allow":["GET"]}}],"collection":[{"href":"http:\/\/nordwind.info\/index.php?rest_route=\/wp\/v2\/pages"}],"about":[{"href":"http:\/\/nordwind.info\/index.php?rest_route=\/wp\/v2\/types\/page"}],"author":[{"embeddable":true,"href":"http:\/\/nordwind.info\/index.php?rest_route=\/wp\/v2\/users\/1"}],"replies":[{"embeddable":true,"href":"http:\/\/nordwind.info\/index.php?rest_route=%2Fwp%2Fv2%2Fcomments&post=2314"}],"version-history":[{"count":14,"href":"http:\/\/nordwind.info\/index.php?rest_route=\/wp\/v2\/pages\/2314\/revisions"}],"predecessor-version":[{"id":9175,"href":"http:\/\/nordwind.info\/index.php?rest_route=\/wp\/v2\/pages\/2314\/revisions\/9175"}],"up":[{"embeddable":true,"href":"http:\/\/nordwind.info\/index.php?rest_route=\/wp\/v2\/pages\/7997"}],"wp:attachment":[{"href":"http:\/\/nordwind.info\/index.php?rest_route=%2Fwp%2Fv2%2Fmedia&parent=2314"}],"curies":[{"name":"wp","href":"https:\/\/api.w.org\/{rel}","templated":true}]}}